{"id":82,"date":"2025-05-07T23:21:19","date_gmt":"2025-05-07T23:21:19","guid":{"rendered":"https:\/\/www.dattamagazine.com\/?page_id=82"},"modified":"2025-05-19T19:09:50","modified_gmt":"2025-05-19T19:09:50","slug":"en-el-2016-habra-1600-millones-de-cosas-conectadas","status":"publish","type":"page","link":"https:\/\/www.dattamagazine.com\/en-el-2016-habra-1600-millones-de-cosas-conectadas\/","title":{"rendered":"En el 2016 habr\u00e1 1600 millones de cosas conectadas"},"content":{"rendered":"\n<div class=\"wp-block-cover alignfull is-light\" style=\"min-height:600px;aspect-ratio:unset;\"><span aria-hidden=\"true\" class=\"wp-block-cover__background has-nv-light-bg-background-color has-background-dim-0 has-background-dim\"><\/span><div class=\"wp-block-cover__inner-container is-layout-flow wp-block-cover-is-layout-flow\">\n<div class=\"wp-block-group\"><div class=\"wp-block-group__inner-container is-layout-flow wp-block-group-is-layout-flow\">\n<div style=\"height:80px\" aria-hidden=\"true\" class=\"wp-block-spacer\"><\/div>\n\n\n\n<div class=\"wp-block-columns is-layout-flex wp-container-core-columns-is-layout-9d6595d7 wp-block-columns-is-layout-flex\">\n<div class=\"wp-block-column is-vertically-aligned-top has-neve-text-color-color has-text-color has-link-color wp-elements-c03b74973afeb8c245b3ab30308a558b is-layout-flow wp-block-column-is-layout-flow\" style=\"padding-right:var(--wp--preset--spacing--30);padding-left:var(--wp--preset--spacing--30);letter-spacing:0px;flex-basis:100%\">\n<div class=\"wp-block-cover has-custom-content-position is-position-bottom-left has-border-color\" style=\"border-color:#333333;border-width:15px;min-height:430px;aspect-ratio:unset;\"><img loading=\"lazy\" decoding=\"async\" width=\"870\" height=\"370\" class=\"wp-block-cover__image-background wp-image-84 size-full\" alt=\"CES 2016\" src=\"https:\/\/www.dattamagazine.com\/wp-content\/uploads\/2025\/05\/mapa-1.jpg\" data-object-fit=\"cover\" srcset=\"https:\/\/www.dattamagazine.com\/wp-content\/uploads\/2025\/05\/mapa-1.jpg 870w, https:\/\/www.dattamagazine.com\/wp-content\/uploads\/2025\/05\/mapa-1-300x128.jpg 300w, https:\/\/www.dattamagazine.com\/wp-content\/uploads\/2025\/05\/mapa-1-768x327.jpg 768w\" sizes=\"auto, (max-width: 870px) 100vw, 870px\" \/><span aria-hidden=\"true\" class=\"wp-block-cover__background has-background-dim-0 has-background-dim\" style=\"background-color:#271b11\"><\/span><div class=\"wp-block-cover__inner-container is-layout-flow wp-block-cover-is-layout-flow\">\n<p class=\"has-text-align-center has-large-font-size\"><\/p>\n<\/div><\/div>\n\n\n\n<p><\/p>\n\n\n\n<h1 class=\"wp-block-heading has-neve-link-color-color has-text-color has-link-color has-large-font-size wp-elements-9d6ecf847905f245be7ca72b56797fc2\" style=\"font-style:normal;font-weight:100\">En el 2016 habr\u00e1 1600 millones de cosas conectadas<\/h1>\n\n\n\n<p><strong>As\u00ed lo revel\u00f3 un informe de Gartner con el cual deja entrever la proliferaci\u00f3n de cada vez m\u00e1s smart cities. Para la consultora, este n\u00famero representa un aumento del 39% de cosas conectadas respecto al ciclo anterior.<\/strong><\/p>\n\n\n\n<p>Tel\u00e9fonos celulares, tabletas, computadoras, notebooks, todo tipo de weareables, gafas, ropa, juguetes, drones, calzado, televisores, heladeras, cocinas, cafeteras, autos, bicicletas, monopatines, aviones, helic\u00f3pteros, animales y hasta seres humanos, todos conectados entre s\u00ed por medio de la famosa Internet de las cosas.<\/p>\n\n\n\n<p>As\u00ed es el panorama actual, nada de lo mencionado pertenece a una pel\u00edcula de ciencia ficci\u00f3n ni es una enumeraci\u00f3n de lo que se viene. Por el contrario, el 2015 termin\u00f3 con todo este desarrollo tecnol\u00f3gico instalado y con la promesa de que lo que se viene ya est\u00e1 en gestaci\u00f3n: las ciudades inteligentes.<\/p>\n\n\n\n<p>Quienes no se sienten muy apegados a la tecnolog\u00eda esgrimen que se vienen eras en la que el ser humano dejar\u00e1 de desarrollar sus capacidades agraciado por los beneficios de que una m\u00e1quina lo haga todo por \u00e9l. Sin embargo, no es esto lo que est\u00e1 sucediendo, el avance la tecnolog\u00eda inteligente se pone a la par de los seres humanos generando m\u00e1s beneficios y no s\u00f3lo en la comodidad de su cotidianidad sino en otros \u00e1mbitos como los de la ciencia, la medicina y hasta el cuidado mental.<\/p>\n\n\n\n<h3 class=\"wp-block-heading has-neve-link-color-color has-text-color has-link-color wp-elements-0f7e677744f3a5e3da61ae12b59581d1\">\u00bfQu\u00e9 falta para ser inteligentes?<\/h3>\n\n\n\n<p>La consutlora Gartner realiz\u00f3 un estudio minusiosa de la cantidad de objetos conectados que en la actualidad est\u00e1n funcionando y otros tantos que est\u00e1n en desarrollo. Por medio de tal an\u00e1lisis pudieron emitir un informe que les permite asegurar que la formaci\u00f3n de ciudades inteligentes ya es un hecho y cu\u00e1ntas cosas tendran conectadas para que estan funcionen como tales.<\/p>\n\n\n\n<p>Seg\u00fan la consultora, en el 2016 aumentar\u00e1 un 39% la cantidad de cosas conectadas lo que se traduce en un total de mil seiscientos millones de cosas que conformen las \u201cSmart Cities\u201d. Para Gartner el mayor impulso hacia ese crecimiento lo dar\u00e1n las c\u00e1maras web, c\u00e1maras de seguridad y LED`s en interiores. Inlcuso aseguran que no s\u00f3lo se desplegar\u00e1 un gran n\u00famero de aplicaciones para el mantenimiento de la Internet de las cosas, sino que los edificios comerciales ser\u00e1n donde m\u00e1s se concentren estas utilidades.<\/p>\n\n\n\n<p>El mismo estudio interpreta que hacia el 2018 proliferaran las cosas dom\u00f3ticas con m\u00e1s de mil millones de cosas conectadas, como por ejemplo: televisores, decodificadores, bombillas, herramientas de automatizaci\u00f3n del hogar, electrodom\u00e9sticos, termostatos, sistemas de seguridad, etc.<\/p>\n\n\n\n<p>En este sentido, las casas inteligentes no ser\u00e1n los \u00fanicos espacios que concentren la vor\u00e1gine Smart, sino que para que una ciudad se convierta en una Smart Cities se deber\u00edan lograr conexiones tanto en sitios cerrados como abiertos. \u00bfAcaso no has escuchado hablar de la instalaci\u00f3n de redes m\u00f3viles en autopistas, subtes, plazas y centros comerciales?<\/p>\n\n\n\n<p>S\u00f3lo en Latinoam\u00e9rica existen miles de lugares p\u00fablicos, abiertos y al aire libre que ofrecen la posiblilidad de que aquellos usuarios que tengan dispositivos puedan mantenerse conectados todo el tiempo. Suficiente se\u00f1al de un futuro m\u00e1s parecido al presente.<\/p>\n\n\n\n<h3 class=\"wp-block-heading has-neve-link-color-color has-text-color has-link-color wp-elements-329c472cb093ddb423f691f19136a20d\">El mapa de las ciudades super eficientes<\/h3>\n\n\n\n<p>La denominaci\u00f3n de ciudad inteligente refiere tambi\u00e9n a una cualidad que las define como sitios eficientes o super eficientes seg\u00fan cu\u00e1ntas de las caracter\u00edsticas \u201csmart\u201d ofrezca a sus ciudadanos.<\/p>\n\n\n\n<p>Seg\u00fan el sitio digital \u201cEconomie-GrandLyon\u201d el concepto de ciudad inteligente se apoya en \u201cLas cuestiones ambientales y las restricciones energ\u00e9ticas; La comunicaci\u00f3n fluida de los actores entre s\u00ed: colectividades, ciudadanos, empresas, instituciones; El uso compartido de bienes y servicios, con una activa participaci\u00f3n de los usuarios en la concepci\u00f3n de productos, servicios, y modalidades operativas, y renunciando en algunos casos a la propiedad y uso individual.<\/p>\n\n\n\n<p>La integraci\u00f3n de las nuevas tecnolog\u00edas de la informaci\u00f3n y de la comunicaci\u00f3n, la rob\u00f3tica y los sistemas inteligentes de transporte, que potencian el funcionamiento en red; la modificaci\u00f3n de la matriz energ\u00e9tica a favor de las energ\u00edas renovables, y el cambio de comportamiento y usos por parte de los ciudadanos.\u201d Como vemos entonces no s\u00f3lo se trata de alcanzar un m\u00e1ximo de convivencia tecnol\u00f3gica-humana.<\/p>\n\n\n\n<p>Si bien el mapa de este tipo de sitios todav\u00eda no podr\u00eda dibujarse por completo s\u00ed se pueden observar los cientos de proyectos que en pocos a\u00f1os m\u00e1s dar\u00e1n vida a una nueva cartograf\u00eda. Conozcamos algunos:<\/p>\n\n\n\n<p>En el desierto de Abou Dabi nace Masdar una smart city que adem\u00e1s se autodefine como ecociudad. En Francia se est\u00e1n apoyando las pol\u00edticas de desarrollo econ\u00f3mico que tienen como fin acompa\u00f1ar la gesti\u00f3n de las empresas con estrategias afines, mientras tanto proyectos como el Camps de la Universit\u00e9 de Lille\/Villenueve d\u2019Ascq est\u00e1 asociado desde el 2013 con una Red Urbana Inteligente, mientras que se desarrollan pilotos como el de Angoul\u00eame,Besan\u00e7on,Vigo, y Carros, adem\u00e1s de proyecto IssyGrid, en Issy-les-Moulineaux.<\/p>\n\n\n\n<p>En Egipto est\u00e1 en desarrollo la creaci\u00f3n de Cairo Smart Village, mientras que en Dubai se gesta un parque tecnol\u00f3gico creado por el Gobierno destinado a los mercados emergentes locales, sitios que se llamaron Dubai Smart City y Dubai Internet City.<\/p>\n\n\n\n<p>En la India se lleva adelante un proyecto similar llamado Kochi Smart City que es tambi\u00e9n un parque tecnol\u00f3gico. En Latinoam\u00e9rica este proyecto se lleva adelante en Chile desde los incios de 2014 con Gran Concepci\u00f3n, el sitio en donde se desea implementar soluciones tecnol\u00f3gicas para los servicios municipales.<\/p>\n\n\n\n<p>La apuesta por la conformaci\u00f3n de las Smart Cities viene desde el sector p\u00fablico y el privado, tanto empresas como gobiernos y universidades de distintas partes del mundo tienen como meta ofrecer la infraestructura necesaria como para que la calidad de vida de los seres humanos sea m\u00e1s eficiente.<\/p>\n<\/div>\n<\/div>\n<\/div><\/div>\n<\/div><\/div>\n\n\n\n<div class=\"wp-block-cover alignfull\" style=\"min-height:300px;aspect-ratio:unset;\"><span aria-hidden=\"true\" class=\"wp-block-cover__background has-neve-text-color-background-color has-background-dim-100 has-background-dim\"><\/span><div class=\"wp-block-cover__inner-container is-layout-flow wp-block-cover-is-layout-flow\">\n<div style=\"height:40px\" aria-hidden=\"true\" class=\"wp-block-spacer\"><\/div>\n\n\n\n<figure class=\"wp-block-image size-full\"><img loading=\"lazy\" decoding=\"async\" width=\"522\" height=\"38\" src=\"https:\/\/www.dattamagazine.com\/wp-content\/uploads\/2025\/05\/logo-1.png\" alt=\"logo\" class=\"wp-image-70\" srcset=\"https:\/\/www.dattamagazine.com\/wp-content\/uploads\/2025\/05\/logo-1.png 522w, https:\/\/www.dattamagazine.com\/wp-content\/uploads\/2025\/05\/logo-1-300x22.png 300w\" sizes=\"auto, (max-width: 522px) 100vw, 522px\" \/><\/figure>\n\n\n\n<p>HERRAMIENTAS PARA USUARIOS E INSPIRACI\u00d3N PARA CREADORES<\/p>\n\n\n\n<p class=\"has-text-align-center\">Copyright \u00a92025 DattaMagazine.  All Rights Reserved.<\/p>\n\n\n\n<div aria-hidden=\"true\" class=\"wp-block-spacer\"><\/div>\n<\/div><\/div>\n","protected":false},"excerpt":{"rendered":"","protected":false},"author":1,"featured_media":0,"parent":0,"menu_order":0,"comment_status":"closed","ping_status":"closed","template":"","meta":{"neve_meta_sidebar":"","neve_meta_container":"default","neve_meta_enable_content_width":"on","neve_meta_content_width":100,"neve_meta_title_alignment":"","neve_meta_author_avatar":"","neve_post_elements_order":"","neve_meta_disable_header":"","neve_meta_disable_footer":"on","neve_meta_disable_title":"on","footnotes":""},"class_list":["post-82","page","type-page","status-publish","hentry"],"yoast_head":"<!-- This site is optimized with the Yoast SEO plugin v25.0 - https:\/\/yoast.com\/wordpress\/plugins\/seo\/ -->\n<title>En el 2016 habr\u00e1 1600 millones de cosas conectadas | DattaMagazineDattaMagazine<\/title>\n<meta name=\"description\" content=\"Tel\u00e9fonos celulares, tabletas, computadoras, notebooks, todo tipo de weareables, gafas, ropa, juguetes, drones, calzado, televisores\" \/>\n<meta name=\"robots\" content=\"index, follow, max-snippet:-1, max-image-preview:large, max-video-preview:-1\" \/>\n<link rel=\"canonical\" href=\"https:\/\/www.dattamagazine.com\/en-el-2016-habra-1600-millones-de-cosas-conectadas\/\" \/>\n<meta property=\"og:locale\" content=\"en_US\" \/>\n<meta property=\"og:type\" content=\"article\" \/>\n<meta property=\"og:title\" content=\"En el 2016 habr\u00e1 1600 millones de cosas conectadas | DattaMagazineDattaMagazine\" \/>\n<meta property=\"og:description\" content=\"Tel\u00e9fonos celulares, tabletas, computadoras, notebooks, todo tipo de weareables, gafas, ropa, juguetes, drones, calzado, televisores\" \/>\n<meta property=\"og:url\" content=\"https:\/\/www.dattamagazine.com\/en-el-2016-habra-1600-millones-de-cosas-conectadas\/\" \/>\n<meta property=\"og:site_name\" content=\"Marketing Agency\" \/>\n<meta property=\"article:modified_time\" content=\"2025-05-19T19:09:50+00:00\" \/>\n<meta property=\"og:image\" content=\"https:\/\/www.dattamagazine.com\/wp-content\/uploads\/2025\/05\/mapa-1.jpg\" \/>\n<meta name=\"twitter:card\" content=\"summary_large_image\" \/>\n<meta name=\"twitter:label1\" content=\"Est. reading time\" \/>\n\t<meta name=\"twitter:data1\" content=\"5 minutes\" \/>\n<script type=\"application\/ld+json\" class=\"yoast-schema-graph\">{\"@context\":\"https:\/\/schema.org\",\"@graph\":[{\"@type\":\"WebPage\",\"@id\":\"https:\/\/www.dattamagazine.com\/en-el-2016-habra-1600-millones-de-cosas-conectadas\/\",\"url\":\"https:\/\/www.dattamagazine.com\/en-el-2016-habra-1600-millones-de-cosas-conectadas\/\",\"name\":\"En el 2016 habr\u00e1 1600 millones de cosas conectadas | DattaMagazineDattaMagazine\",\"isPartOf\":{\"@id\":\"https:\/\/www.dattamagazine.com\/#website\"},\"primaryImageOfPage\":{\"@id\":\"https:\/\/www.dattamagazine.com\/en-el-2016-habra-1600-millones-de-cosas-conectadas\/#primaryimage\"},\"image\":{\"@id\":\"https:\/\/www.dattamagazine.com\/en-el-2016-habra-1600-millones-de-cosas-conectadas\/#primaryimage\"},\"thumbnailUrl\":\"https:\/\/www.dattamagazine.com\/wp-content\/uploads\/2025\/05\/mapa-1.jpg\",\"datePublished\":\"2025-05-07T23:21:19+00:00\",\"dateModified\":\"2025-05-19T19:09:50+00:00\",\"description\":\"Tel\u00e9fonos celulares, tabletas, computadoras, notebooks, todo tipo de weareables, gafas, ropa, juguetes, drones, calzado, televisores\",\"breadcrumb\":{\"@id\":\"https:\/\/www.dattamagazine.com\/en-el-2016-habra-1600-millones-de-cosas-conectadas\/#breadcrumb\"},\"inLanguage\":\"en-US\",\"potentialAction\":[{\"@type\":\"ReadAction\",\"target\":[\"https:\/\/www.dattamagazine.com\/en-el-2016-habra-1600-millones-de-cosas-conectadas\/\"]}]},{\"@type\":\"ImageObject\",\"inLanguage\":\"en-US\",\"@id\":\"https:\/\/www.dattamagazine.com\/en-el-2016-habra-1600-millones-de-cosas-conectadas\/#primaryimage\",\"url\":\"https:\/\/www.dattamagazine.com\/wp-content\/uploads\/2025\/05\/mapa-1.jpg\",\"contentUrl\":\"https:\/\/www.dattamagazine.com\/wp-content\/uploads\/2025\/05\/mapa-1.jpg\",\"width\":870,\"height\":370},{\"@type\":\"BreadcrumbList\",\"@id\":\"https:\/\/www.dattamagazine.com\/en-el-2016-habra-1600-millones-de-cosas-conectadas\/#breadcrumb\",\"itemListElement\":[{\"@type\":\"ListItem\",\"position\":1,\"name\":\"Home\",\"item\":\"https:\/\/www.dattamagazine.com\/\"},{\"@type\":\"ListItem\",\"position\":2,\"name\":\"En el 2016 habr\u00e1 1600 millones de cosas conectadas\"}]},{\"@type\":\"WebSite\",\"@id\":\"https:\/\/www.dattamagazine.com\/#website\",\"url\":\"https:\/\/www.dattamagazine.com\/\",\"name\":\"Marketing Agency\",\"description\":\"\",\"publisher\":{\"@id\":\"https:\/\/www.dattamagazine.com\/#organization\"},\"potentialAction\":[{\"@type\":\"SearchAction\",\"target\":{\"@type\":\"EntryPoint\",\"urlTemplate\":\"https:\/\/www.dattamagazine.com\/?s={search_term_string}\"},\"query-input\":{\"@type\":\"PropertyValueSpecification\",\"valueRequired\":true,\"valueName\":\"search_term_string\"}}],\"inLanguage\":\"en-US\"},{\"@type\":\"Organization\",\"@id\":\"https:\/\/www.dattamagazine.com\/#organization\",\"name\":\"Marketing Agency\",\"url\":\"https:\/\/www.dattamagazine.com\/\",\"logo\":{\"@type\":\"ImageObject\",\"inLanguage\":\"en-US\",\"@id\":\"https:\/\/www.dattamagazine.com\/#\/schema\/logo\/image\/\",\"url\":\"https:\/\/www.dattamagazine.com\/wp-content\/uploads\/2025\/05\/logo-agency.png\",\"contentUrl\":\"https:\/\/www.dattamagazine.com\/wp-content\/uploads\/2025\/05\/logo-agency.png\",\"width\":200,\"height\":200,\"caption\":\"Marketing Agency\"},\"image\":{\"@id\":\"https:\/\/www.dattamagazine.com\/#\/schema\/logo\/image\/\"}}]}<\/script>\n<!-- \/ Yoast SEO plugin. -->","yoast_head_json":{"title":"En el 2016 habr\u00e1 1600 millones de cosas conectadas | DattaMagazineDattaMagazine","description":"Tel\u00e9fonos celulares, tabletas, computadoras, notebooks, todo tipo de weareables, gafas, ropa, juguetes, drones, calzado, televisores","robots":{"index":"index","follow":"follow","max-snippet":"max-snippet:-1","max-image-preview":"max-image-preview:large","max-video-preview":"max-video-preview:-1"},"canonical":"https:\/\/www.dattamagazine.com\/en-el-2016-habra-1600-millones-de-cosas-conectadas\/","og_locale":"en_US","og_type":"article","og_title":"En el 2016 habr\u00e1 1600 millones de cosas conectadas | DattaMagazineDattaMagazine","og_description":"Tel\u00e9fonos celulares, tabletas, computadoras, notebooks, todo tipo de weareables, gafas, ropa, juguetes, drones, calzado, televisores","og_url":"https:\/\/www.dattamagazine.com\/en-el-2016-habra-1600-millones-de-cosas-conectadas\/","og_site_name":"Marketing Agency","article_modified_time":"2025-05-19T19:09:50+00:00","og_image":[{"url":"https:\/\/www.dattamagazine.com\/wp-content\/uploads\/2025\/05\/mapa-1.jpg","type":"","width":"","height":""}],"twitter_card":"summary_large_image","twitter_misc":{"Est. reading time":"5 minutes"},"schema":{"@context":"https:\/\/schema.org","@graph":[{"@type":"WebPage","@id":"https:\/\/www.dattamagazine.com\/en-el-2016-habra-1600-millones-de-cosas-conectadas\/","url":"https:\/\/www.dattamagazine.com\/en-el-2016-habra-1600-millones-de-cosas-conectadas\/","name":"En el 2016 habr\u00e1 1600 millones de cosas conectadas | DattaMagazineDattaMagazine","isPartOf":{"@id":"https:\/\/www.dattamagazine.com\/#website"},"primaryImageOfPage":{"@id":"https:\/\/www.dattamagazine.com\/en-el-2016-habra-1600-millones-de-cosas-conectadas\/#primaryimage"},"image":{"@id":"https:\/\/www.dattamagazine.com\/en-el-2016-habra-1600-millones-de-cosas-conectadas\/#primaryimage"},"thumbnailUrl":"https:\/\/www.dattamagazine.com\/wp-content\/uploads\/2025\/05\/mapa-1.jpg","datePublished":"2025-05-07T23:21:19+00:00","dateModified":"2025-05-19T19:09:50+00:00","description":"Tel\u00e9fonos celulares, tabletas, computadoras, notebooks, todo tipo de weareables, gafas, ropa, juguetes, drones, calzado, televisores","breadcrumb":{"@id":"https:\/\/www.dattamagazine.com\/en-el-2016-habra-1600-millones-de-cosas-conectadas\/#breadcrumb"},"inLanguage":"en-US","potentialAction":[{"@type":"ReadAction","target":["https:\/\/www.dattamagazine.com\/en-el-2016-habra-1600-millones-de-cosas-conectadas\/"]}]},{"@type":"ImageObject","inLanguage":"en-US","@id":"https:\/\/www.dattamagazine.com\/en-el-2016-habra-1600-millones-de-cosas-conectadas\/#primaryimage","url":"https:\/\/www.dattamagazine.com\/wp-content\/uploads\/2025\/05\/mapa-1.jpg","contentUrl":"https:\/\/www.dattamagazine.com\/wp-content\/uploads\/2025\/05\/mapa-1.jpg","width":870,"height":370},{"@type":"BreadcrumbList","@id":"https:\/\/www.dattamagazine.com\/en-el-2016-habra-1600-millones-de-cosas-conectadas\/#breadcrumb","itemListElement":[{"@type":"ListItem","position":1,"name":"Home","item":"https:\/\/www.dattamagazine.com\/"},{"@type":"ListItem","position":2,"name":"En el 2016 habr\u00e1 1600 millones de cosas conectadas"}]},{"@type":"WebSite","@id":"https:\/\/www.dattamagazine.com\/#website","url":"https:\/\/www.dattamagazine.com\/","name":"Marketing Agency","description":"","publisher":{"@id":"https:\/\/www.dattamagazine.com\/#organization"},"potentialAction":[{"@type":"SearchAction","target":{"@type":"EntryPoint","urlTemplate":"https:\/\/www.dattamagazine.com\/?s={search_term_string}"},"query-input":{"@type":"PropertyValueSpecification","valueRequired":true,"valueName":"search_term_string"}}],"inLanguage":"en-US"},{"@type":"Organization","@id":"https:\/\/www.dattamagazine.com\/#organization","name":"Marketing Agency","url":"https:\/\/www.dattamagazine.com\/","logo":{"@type":"ImageObject","inLanguage":"en-US","@id":"https:\/\/www.dattamagazine.com\/#\/schema\/logo\/image\/","url":"https:\/\/www.dattamagazine.com\/wp-content\/uploads\/2025\/05\/logo-agency.png","contentUrl":"https:\/\/www.dattamagazine.com\/wp-content\/uploads\/2025\/05\/logo-agency.png","width":200,"height":200,"caption":"Marketing Agency"},"image":{"@id":"https:\/\/www.dattamagazine.com\/#\/schema\/logo\/image\/"}}]}},"_links":{"self":[{"href":"https:\/\/www.dattamagazine.com\/index.php\/wp-json\/wp\/v2\/pages\/82","targetHints":{"allow":["GET"]}}],"collection":[{"href":"https:\/\/www.dattamagazine.com\/index.php\/wp-json\/wp\/v2\/pages"}],"about":[{"href":"https:\/\/www.dattamagazine.com\/index.php\/wp-json\/wp\/v2\/types\/page"}],"author":[{"embeddable":true,"href":"https:\/\/www.dattamagazine.com\/index.php\/wp-json\/wp\/v2\/users\/1"}],"replies":[{"embeddable":true,"href":"https:\/\/www.dattamagazine.com\/index.php\/wp-json\/wp\/v2\/comments?post=82"}],"version-history":[{"count":5,"href":"https:\/\/www.dattamagazine.com\/index.php\/wp-json\/wp\/v2\/pages\/82\/revisions"}],"predecessor-version":[{"id":265,"href":"https:\/\/www.dattamagazine.com\/index.php\/wp-json\/wp\/v2\/pages\/82\/revisions\/265"}],"wp:attachment":[{"href":"https:\/\/www.dattamagazine.com\/index.php\/wp-json\/wp\/v2\/media?parent=82"}],"curies":[{"name":"wp","href":"https:\/\/api.w.org\/{rel}","templated":true}]}}