{"id":80,"date":"2025-05-07T23:59:59","date_gmt":"2025-05-07T23:59:59","guid":{"rendered":"https:\/\/www.dattamagazine.com\/?page_id=80"},"modified":"2025-05-19T19:07:47","modified_gmt":"2025-05-19T19:07:47","slug":"star-wars","status":"publish","type":"page","link":"https:\/\/www.dattamagazine.com\/star-wars-el-latir-de-la-fuerza\/","title":{"rendered":"Star Wars"},"content":{"rendered":"\n<div class=\"wp-block-cover alignfull is-light\" style=\"min-height:600px;aspect-ratio:unset;\"><span aria-hidden=\"true\" class=\"wp-block-cover__background has-nv-light-bg-background-color has-background-dim-0 has-background-dim\"><\/span><div class=\"wp-block-cover__inner-container is-layout-flow wp-block-cover-is-layout-flow\">\n<div class=\"wp-block-group\"><div class=\"wp-block-group__inner-container is-layout-flow wp-block-group-is-layout-flow\">\n<div style=\"height:80px\" aria-hidden=\"true\" class=\"wp-block-spacer\"><\/div>\n\n\n\n<div class=\"wp-block-columns is-layout-flex wp-container-core-columns-is-layout-9d6595d7 wp-block-columns-is-layout-flex\">\n<div class=\"wp-block-column is-vertically-aligned-top has-neve-text-color-color has-text-color has-link-color wp-elements-7ac208684d960fad72d791d18c356984 is-layout-flow wp-block-column-is-layout-flow\" style=\"padding-right:var(--wp--preset--spacing--30);padding-left:var(--wp--preset--spacing--30);flex-basis:100%\">\n<div class=\"wp-block-cover is-light has-custom-content-position is-position-bottom-left has-border-color\" style=\"border-color:#333333;border-width:15px;min-height:430px;aspect-ratio:unset;\"><img loading=\"lazy\" decoding=\"async\" width=\"1024\" height=\"435\" class=\"wp-block-cover__image-background wp-image-145 size-large\" alt=\"Star Wars\" src=\"https:\/\/www.dattamagazine.com\/wp-content\/uploads\/2025\/05\/wp13751808-1-1024x435.jpg\" data-object-fit=\"cover\" srcset=\"https:\/\/www.dattamagazine.com\/wp-content\/uploads\/2025\/05\/wp13751808-1-1024x435.jpg 1024w, https:\/\/www.dattamagazine.com\/wp-content\/uploads\/2025\/05\/wp13751808-1-300x128.jpg 300w, https:\/\/www.dattamagazine.com\/wp-content\/uploads\/2025\/05\/wp13751808-1-768x326.jpg 768w, https:\/\/www.dattamagazine.com\/wp-content\/uploads\/2025\/05\/wp13751808-1-1536x653.jpg 1536w, https:\/\/www.dattamagazine.com\/wp-content\/uploads\/2025\/05\/wp13751808-1.jpg 2000w\" sizes=\"auto, (max-width: 1024px) 100vw, 1024px\" \/><span aria-hidden=\"true\" class=\"wp-block-cover__background has-background-dim-0 has-background-dim\" style=\"background-color:#7c828f\"><\/span><div class=\"wp-block-cover__inner-container is-layout-flow wp-block-cover-is-layout-flow\">\n<p class=\"has-text-align-center has-large-font-size\"><\/p>\n<\/div><\/div>\n\n\n\n<p><\/p>\n\n\n\n<h1 class=\"wp-block-heading has-neve-link-color-color has-text-color has-link-color has-large-font-size wp-elements-01a06787a675c1996f9d1ec273c1ff8a\" style=\"font-style:normal;font-weight:100\">Star Wars, el despertar de la fuerza<\/h1>\n\n\n\n<p><strong>Se estrena un nuevo cap\u00edtulo de la opera espacial m\u00e1s importante de la historia del cine que marcara el inicio de una nueva trilog\u00eda. Que hay detr\u00e1s y m\u00e1s all\u00e1 de este Blockbuster que est\u00e1 a punto de marcar un hito.<\/strong><\/p>\n\n\n\n<p>A pocos d\u00edas de su lanzamiento mundial, &nbsp;la franquicia de Star Wars est\u00e1 a punto de renacer de sus cenizas, esta vez de la mano de Disney y con J. J. Abrams como conductor de dicha orquesta.<\/p>\n\n\n\n<p>La movida comenz\u00f3 con la adquisici\u00f3n de Lucas Films, la compa\u00f1\u00eda de George Lucas, hacedora de otras recordadas franquicias como Indiana Jones y exitosos juegos de computadora por parte de Disney. La jugosa transacci\u00f3n de m\u00e1s de 4000 millones de d\u00f3lares tuvo lugar en 2012 cuando todos los activos y departamentos pasaron a manos del estudio Disney que ten\u00eda como meta el relanzamiento de las sagas m\u00e1s emblem\u00e1ticas de Lucas quien, haciendo alusi\u00f3n a su avanzada edad, dejo en manos experimentadas en materia de entretenimiento a sus hijos m\u00e1s queridos.<\/p>\n\n\n\n<h2 class=\"wp-block-heading has-neve-link-color-color has-text-color has-link-color wp-elements-fc20c7377d1e8ff98cdec51bf55f9d46\">El despertar de la fuerza<\/h2>\n\n\n\n<p>La punta de lanza de esta movida ha sido Star Wars Episodio VII titulada El Despertar de la Fuerza, una apuesta que busca abrir nuevos arcos argumentales y exprimir al m\u00e1ximo la franquicia.<\/p>\n\n\n\n<p>Episodio VII es una \u201cpel\u00edcula bisagra\u201d que une, 30 a\u00f1os despu\u00e9s, dos generaciones de h\u00e9roes y anti h\u00e9roes. Por un lado marcara a fuego el regreso de los ic\u00f3nicos Han Solo, Luke Skywalker, Leia Organa Skywalker, Chewbacca y los queribles droids C3PO y R2-D2. Ellos deber\u00e1n convivir con toda una nueva generaci\u00f3n de protagonistas en la que se destacan los hijos de la fuerza (Rey y Finn), un nuevo antagonista del lado oscuro Kylo Ren y el simp\u00e1tico BB-8 quien disputara protagonismo con R2-D2. Este peque\u00f1o robot puede girar como si fuera una pelota manteniendo erguida su cabeza, al parecer cuenta con una serie de giroscopio interno que le permite moverse en posici\u00f3n vertical.<\/p>\n\n\n\n<p>Star Wars no ser\u00eda nada sin sus efectos especiales. El CGI (im\u00e1genes generadas por computadora) siempre fue el soporte esencial de la saga gal\u00e1ctica. Ya la trilog\u00eda original pas\u00f3 por varios liftings digitales a\u00f1adiendo contenido extra frente a los cuales, los fan\u00e1ticos no terminaron demasiados contentos.<\/p>\n\n\n\n<h2 class=\"wp-block-heading has-neve-link-color-color has-text-color has-link-color wp-elements-f4c2fa77ecd5971d2d6a6a9b09a0e60d\">Negocios paralelos<\/h2>\n\n\n\n<p>Episodio VII tuvo un presupuesto de U$S 200.000.000. La pel\u00edcula no solo tendr\u00e1 un recupero asegurado del dinero invertido por el film en s\u00ed mismo, sino que Disney, al igual que Lucas, cuenta con una infinidad de negocios alternativos gracias al merchandising. Quiz\u00e1s el gadget m\u00e1s atractivo del mercado alternativo sea el peque\u00f1o BB-8, un modelo a escala que puede ser controlado mediante una app instalada en un Smartphone.<\/p>\n\n\n\n<p>Lejos de ser un juguete, el BB-8 es un completo robot con una base de carga de bater\u00eda que funciona igual (con giroscopios) a su alter ego de la pantalla grande. Adem\u00e1s de ser comandado a distancia, el robot puede patrullar una habitaci\u00f3n por su cuenta respondiendo a movimientos predefinidos. Tambi\u00e9n puede responder a \u00f3rdenes por voz y brinda una autonom\u00eda de m\u00e1s de 3 horas con una sola carga. Para tener el BB-8 en casa habr\u00e1 que desembolsar U$150.<\/p>\n\n\n\n<h2 class=\"wp-block-heading has-neve-link-color-color has-text-color has-link-color wp-elements-30d43600c5766382f393c5430e7bcd7a\">Juegos<\/h2>\n\n\n\n<p>Otro punto fuerte del merchandising son los videojuegos. Aprovechando el empuje de El Despertar de la Fuerza, EA lanz\u00f3 el 17 de noviembre su juego Battlefront basado en el universo Star Wars, solo que remiti\u00e9ndose a la trilog\u00eda original.<\/p>\n\n\n\n<p>Battlefront es un juego de nueva generaci\u00f3n disponible para las nuevas consolas (PS4 y Xbox One) y PC. El juego fue desarrollado por el estudio DICE y se apoya, principalmente, en sus diversos modos multijugador online entre los que se destaca supremac\u00eda, walker assault y batalla de h\u00e9roes, entre otras.<\/p>\n\n\n\n<p>La primera impresi\u00f3n (probamos Battlefront desde su lanzamiento) es que se trata de un juego bastante simple pero que apela a la nostalgia de quienes disfrutaron de la saga original. Todo est\u00e1 aqu\u00ed, las fanfarrias de John Williams, la alianza rebelde, el imperio y las naves que podemos comandar que van desde Tie Fighter y X-Wing pasando por los A-Wings y el Tie Interceptor hasta los gigantes de acero conocidos como AT-AT Walkers.<\/p>\n\n\n\n<p>Donde el Battlefront se saca un diez es su apartado t\u00e9cnico. Tanto los gr\u00e1ficos como los sonidos est\u00e1n perfectamente recreados, mientras que la construcci\u00f3n de los escenarios (aunque son pocos) hace posible recrear las \u00e9picas batallas de Hoth, Endor y Tatooine.<\/p>\n\n\n\n<h2 class=\"wp-block-heading has-neve-link-color-color has-text-color has-link-color wp-elements-519222c533ed3a7579b20d269689c5e5\">Futuro promisorio<\/h2>\n\n\n\n<p>Lo dec\u00edamos al principio del art\u00edculo, El Despertar de la Fuerza es la responsable de relanzar toda una franquicia y tambi\u00e9n la de llevar el poder de la fuerza a toda una nueva generaci\u00f3n de consumidores.<\/p>\n\n\n\n<p>El a\u00f1o que viene la aventura seguir\u00e1 con Rogue One, un spin off que servir\u00e1 como antesala para esperar episodio VIII en 2017. Todo planeado y nada librado al azar.<\/p>\n\n\n\n<p>Por otra parte EA ya anuncio que Battelfront es el primero de una seguidilla de t\u00edtulos basada en esta redituable saga. Claro que primero llegaran los diversos contenidos descargables que exprimir\u00e1n al m\u00e1ximo el nuevo t\u00edtulo, para luego si apabullar a los fan\u00e1ticos con mas t\u00edtulos para consolas y PC.<\/p>\n\n\n\n<p>Star Wars parece no tener techo, al menos a mediano plazo. Disney tiene un jugoso negocio y planea sacar el m\u00e1ximo provecho de la inversi\u00f3n realizada. Los destinatarios de dicha maquinaria f\u00edlmica tiene como objetivo al espectador, cautivos fan\u00e1ticos esperando ver sables l\u00e1ser, escuchar fanfarrias de orquestas y quedar cautivados por la espectacular apertura que ya es un cl\u00e1sico.<\/p>\n<\/div>\n<\/div>\n<\/div><\/div>\n<\/div><\/div>\n\n\n\n<div class=\"wp-block-cover alignfull\" style=\"min-height:300px;aspect-ratio:unset;\"><span aria-hidden=\"true\" class=\"wp-block-cover__background has-neve-text-color-background-color has-background-dim-100 has-background-dim\"><\/span><div class=\"wp-block-cover__inner-container is-layout-flow wp-block-cover-is-layout-flow\">\n<div style=\"height:40px\" aria-hidden=\"true\" class=\"wp-block-spacer\"><\/div>\n\n\n\n<figure class=\"wp-block-image size-full\"><img loading=\"lazy\" decoding=\"async\" width=\"522\" height=\"38\" src=\"https:\/\/www.dattamagazine.com\/wp-content\/uploads\/2025\/05\/logo-1.png\" alt=\"logo\" class=\"wp-image-70\" srcset=\"https:\/\/www.dattamagazine.com\/wp-content\/uploads\/2025\/05\/logo-1.png 522w, https:\/\/www.dattamagazine.com\/wp-content\/uploads\/2025\/05\/logo-1-300x22.png 300w\" sizes=\"auto, (max-width: 522px) 100vw, 522px\" \/><\/figure>\n\n\n\n<p>HERRAMIENTAS PARA USUARIOS E INSPIRACI\u00d3N PARA CREADORES<\/p>\n\n\n\n<p class=\"has-text-align-center\">Copyright \u00a92025 DattaMagazine.  All Rights Reserved.<\/p>\n<\/div><\/div>\n","protected":false},"excerpt":{"rendered":"","protected":false},"author":1,"featured_media":0,"parent":0,"menu_order":0,"comment_status":"closed","ping_status":"closed","template":"","meta":{"neve_meta_sidebar":"","neve_meta_container":"default","neve_meta_enable_content_width":"on","neve_meta_content_width":100,"neve_meta_title_alignment":"","neve_meta_author_avatar":"","neve_post_elements_order":"","neve_meta_disable_header":"","neve_meta_disable_footer":"on","neve_meta_disable_title":"on","footnotes":""},"class_list":["post-80","page","type-page","status-publish","hentry"],"yoast_head":"<!-- This site is optimized with the Yoast SEO plugin v25.0 - https:\/\/yoast.com\/wordpress\/plugins\/seo\/ -->\n<title>Star Wars, el despertar de la fuerza | DattaMagazine<\/title>\n<meta name=\"description\" content=\"A pocos d\u00edas de su lanzamiento mundial, \u00a0la franquicia de Star Wars est\u00e1 a punto de renacer de sus cenizas, esta vez de la mano de Disney\" \/>\n<meta name=\"robots\" content=\"index, follow, max-snippet:-1, max-image-preview:large, max-video-preview:-1\" \/>\n<link rel=\"canonical\" href=\"https:\/\/www.dattamagazine.com\/star-wars-el-latir-de-la-fuerza\/\" \/>\n<meta property=\"og:locale\" content=\"en_US\" \/>\n<meta property=\"og:type\" content=\"article\" \/>\n<meta property=\"og:title\" content=\"Star Wars, el despertar de la fuerza | DattaMagazine\" \/>\n<meta property=\"og:description\" content=\"A pocos d\u00edas de su lanzamiento mundial, \u00a0la franquicia de Star Wars est\u00e1 a punto de renacer de sus cenizas, esta vez de la mano de Disney\" \/>\n<meta property=\"og:url\" content=\"https:\/\/www.dattamagazine.com\/star-wars-el-latir-de-la-fuerza\/\" \/>\n<meta property=\"og:site_name\" content=\"Marketing Agency\" \/>\n<meta property=\"article:modified_time\" content=\"2025-05-19T19:07:47+00:00\" \/>\n<meta property=\"og:image\" content=\"https:\/\/www.dattamagazine.com\/wp-content\/uploads\/2025\/05\/wp13751808-1-1024x435.jpg\" \/>\n<meta name=\"twitter:card\" content=\"summary_large_image\" \/>\n<meta name=\"twitter:label1\" content=\"Est. reading time\" \/>\n\t<meta name=\"twitter:data1\" content=\"5 minutes\" \/>\n<script type=\"application\/ld+json\" class=\"yoast-schema-graph\">{\"@context\":\"https:\/\/schema.org\",\"@graph\":[{\"@type\":\"WebPage\",\"@id\":\"https:\/\/www.dattamagazine.com\/star-wars-el-latir-de-la-fuerza\/\",\"url\":\"https:\/\/www.dattamagazine.com\/star-wars-el-latir-de-la-fuerza\/\",\"name\":\"Star Wars, el despertar de la fuerza | DattaMagazine\",\"isPartOf\":{\"@id\":\"https:\/\/www.dattamagazine.com\/#website\"},\"primaryImageOfPage\":{\"@id\":\"https:\/\/www.dattamagazine.com\/star-wars-el-latir-de-la-fuerza\/#primaryimage\"},\"image\":{\"@id\":\"https:\/\/www.dattamagazine.com\/star-wars-el-latir-de-la-fuerza\/#primaryimage\"},\"thumbnailUrl\":\"https:\/\/www.dattamagazine.com\/wp-content\/uploads\/2025\/05\/wp13751808-1-1024x435.jpg\",\"datePublished\":\"2025-05-07T23:59:59+00:00\",\"dateModified\":\"2025-05-19T19:07:47+00:00\",\"description\":\"A pocos d\u00edas de su lanzamiento mundial, \u00a0la franquicia de Star Wars est\u00e1 a punto de renacer de sus cenizas, esta vez de la mano de Disney\",\"breadcrumb\":{\"@id\":\"https:\/\/www.dattamagazine.com\/star-wars-el-latir-de-la-fuerza\/#breadcrumb\"},\"inLanguage\":\"en-US\",\"potentialAction\":[{\"@type\":\"ReadAction\",\"target\":[\"https:\/\/www.dattamagazine.com\/star-wars-el-latir-de-la-fuerza\/\"]}]},{\"@type\":\"ImageObject\",\"inLanguage\":\"en-US\",\"@id\":\"https:\/\/www.dattamagazine.com\/star-wars-el-latir-de-la-fuerza\/#primaryimage\",\"url\":\"https:\/\/www.dattamagazine.com\/wp-content\/uploads\/2025\/05\/wp13751808-1.jpg\",\"contentUrl\":\"https:\/\/www.dattamagazine.com\/wp-content\/uploads\/2025\/05\/wp13751808-1.jpg\",\"width\":2000,\"height\":850},{\"@type\":\"BreadcrumbList\",\"@id\":\"https:\/\/www.dattamagazine.com\/star-wars-el-latir-de-la-fuerza\/#breadcrumb\",\"itemListElement\":[{\"@type\":\"ListItem\",\"position\":1,\"name\":\"Home\",\"item\":\"https:\/\/www.dattamagazine.com\/\"},{\"@type\":\"ListItem\",\"position\":2,\"name\":\"Star Wars\"}]},{\"@type\":\"WebSite\",\"@id\":\"https:\/\/www.dattamagazine.com\/#website\",\"url\":\"https:\/\/www.dattamagazine.com\/\",\"name\":\"Marketing Agency\",\"description\":\"\",\"publisher\":{\"@id\":\"https:\/\/www.dattamagazine.com\/#organization\"},\"potentialAction\":[{\"@type\":\"SearchAction\",\"target\":{\"@type\":\"EntryPoint\",\"urlTemplate\":\"https:\/\/www.dattamagazine.com\/?s={search_term_string}\"},\"query-input\":{\"@type\":\"PropertyValueSpecification\",\"valueRequired\":true,\"valueName\":\"search_term_string\"}}],\"inLanguage\":\"en-US\"},{\"@type\":\"Organization\",\"@id\":\"https:\/\/www.dattamagazine.com\/#organization\",\"name\":\"Marketing Agency\",\"url\":\"https:\/\/www.dattamagazine.com\/\",\"logo\":{\"@type\":\"ImageObject\",\"inLanguage\":\"en-US\",\"@id\":\"https:\/\/www.dattamagazine.com\/#\/schema\/logo\/image\/\",\"url\":\"https:\/\/www.dattamagazine.com\/wp-content\/uploads\/2025\/05\/logo-agency.png\",\"contentUrl\":\"https:\/\/www.dattamagazine.com\/wp-content\/uploads\/2025\/05\/logo-agency.png\",\"width\":200,\"height\":200,\"caption\":\"Marketing Agency\"},\"image\":{\"@id\":\"https:\/\/www.dattamagazine.com\/#\/schema\/logo\/image\/\"}}]}<\/script>\n<!-- \/ Yoast SEO plugin. -->","yoast_head_json":{"title":"Star Wars, el despertar de la fuerza | DattaMagazine","description":"A pocos d\u00edas de su lanzamiento mundial, \u00a0la franquicia de Star Wars est\u00e1 a punto de renacer de sus cenizas, esta vez de la mano de Disney","robots":{"index":"index","follow":"follow","max-snippet":"max-snippet:-1","max-image-preview":"max-image-preview:large","max-video-preview":"max-video-preview:-1"},"canonical":"https:\/\/www.dattamagazine.com\/star-wars-el-latir-de-la-fuerza\/","og_locale":"en_US","og_type":"article","og_title":"Star Wars, el despertar de la fuerza | DattaMagazine","og_description":"A pocos d\u00edas de su lanzamiento mundial, \u00a0la franquicia de Star Wars est\u00e1 a punto de renacer de sus cenizas, esta vez de la mano de Disney","og_url":"https:\/\/www.dattamagazine.com\/star-wars-el-latir-de-la-fuerza\/","og_site_name":"Marketing Agency","article_modified_time":"2025-05-19T19:07:47+00:00","og_image":[{"url":"https:\/\/www.dattamagazine.com\/wp-content\/uploads\/2025\/05\/wp13751808-1-1024x435.jpg","type":"","width":"","height":""}],"twitter_card":"summary_large_image","twitter_misc":{"Est. reading time":"5 minutes"},"schema":{"@context":"https:\/\/schema.org","@graph":[{"@type":"WebPage","@id":"https:\/\/www.dattamagazine.com\/star-wars-el-latir-de-la-fuerza\/","url":"https:\/\/www.dattamagazine.com\/star-wars-el-latir-de-la-fuerza\/","name":"Star Wars, el despertar de la fuerza | DattaMagazine","isPartOf":{"@id":"https:\/\/www.dattamagazine.com\/#website"},"primaryImageOfPage":{"@id":"https:\/\/www.dattamagazine.com\/star-wars-el-latir-de-la-fuerza\/#primaryimage"},"image":{"@id":"https:\/\/www.dattamagazine.com\/star-wars-el-latir-de-la-fuerza\/#primaryimage"},"thumbnailUrl":"https:\/\/www.dattamagazine.com\/wp-content\/uploads\/2025\/05\/wp13751808-1-1024x435.jpg","datePublished":"2025-05-07T23:59:59+00:00","dateModified":"2025-05-19T19:07:47+00:00","description":"A pocos d\u00edas de su lanzamiento mundial, \u00a0la franquicia de Star Wars est\u00e1 a punto de renacer de sus cenizas, esta vez de la mano de Disney","breadcrumb":{"@id":"https:\/\/www.dattamagazine.com\/star-wars-el-latir-de-la-fuerza\/#breadcrumb"},"inLanguage":"en-US","potentialAction":[{"@type":"ReadAction","target":["https:\/\/www.dattamagazine.com\/star-wars-el-latir-de-la-fuerza\/"]}]},{"@type":"ImageObject","inLanguage":"en-US","@id":"https:\/\/www.dattamagazine.com\/star-wars-el-latir-de-la-fuerza\/#primaryimage","url":"https:\/\/www.dattamagazine.com\/wp-content\/uploads\/2025\/05\/wp13751808-1.jpg","contentUrl":"https:\/\/www.dattamagazine.com\/wp-content\/uploads\/2025\/05\/wp13751808-1.jpg","width":2000,"height":850},{"@type":"BreadcrumbList","@id":"https:\/\/www.dattamagazine.com\/star-wars-el-latir-de-la-fuerza\/#breadcrumb","itemListElement":[{"@type":"ListItem","position":1,"name":"Home","item":"https:\/\/www.dattamagazine.com\/"},{"@type":"ListItem","position":2,"name":"Star Wars"}]},{"@type":"WebSite","@id":"https:\/\/www.dattamagazine.com\/#website","url":"https:\/\/www.dattamagazine.com\/","name":"Marketing Agency","description":"","publisher":{"@id":"https:\/\/www.dattamagazine.com\/#organization"},"potentialAction":[{"@type":"SearchAction","target":{"@type":"EntryPoint","urlTemplate":"https:\/\/www.dattamagazine.com\/?s={search_term_string}"},"query-input":{"@type":"PropertyValueSpecification","valueRequired":true,"valueName":"search_term_string"}}],"inLanguage":"en-US"},{"@type":"Organization","@id":"https:\/\/www.dattamagazine.com\/#organization","name":"Marketing Agency","url":"https:\/\/www.dattamagazine.com\/","logo":{"@type":"ImageObject","inLanguage":"en-US","@id":"https:\/\/www.dattamagazine.com\/#\/schema\/logo\/image\/","url":"https:\/\/www.dattamagazine.com\/wp-content\/uploads\/2025\/05\/logo-agency.png","contentUrl":"https:\/\/www.dattamagazine.com\/wp-content\/uploads\/2025\/05\/logo-agency.png","width":200,"height":200,"caption":"Marketing Agency"},"image":{"@id":"https:\/\/www.dattamagazine.com\/#\/schema\/logo\/image\/"}}]}},"_links":{"self":[{"href":"https:\/\/www.dattamagazine.com\/index.php\/wp-json\/wp\/v2\/pages\/80","targetHints":{"allow":["GET"]}}],"collection":[{"href":"https:\/\/www.dattamagazine.com\/index.php\/wp-json\/wp\/v2\/pages"}],"about":[{"href":"https:\/\/www.dattamagazine.com\/index.php\/wp-json\/wp\/v2\/types\/page"}],"author":[{"embeddable":true,"href":"https:\/\/www.dattamagazine.com\/index.php\/wp-json\/wp\/v2\/users\/1"}],"replies":[{"embeddable":true,"href":"https:\/\/www.dattamagazine.com\/index.php\/wp-json\/wp\/v2\/comments?post=80"}],"version-history":[{"count":4,"href":"https:\/\/www.dattamagazine.com\/index.php\/wp-json\/wp\/v2\/pages\/80\/revisions"}],"predecessor-version":[{"id":148,"href":"https:\/\/www.dattamagazine.com\/index.php\/wp-json\/wp\/v2\/pages\/80\/revisions\/148"}],"wp:attachment":[{"href":"https:\/\/www.dattamagazine.com\/index.php\/wp-json\/wp\/v2\/media?parent=80"}],"curies":[{"name":"wp","href":"https:\/\/api.w.org\/{rel}","templated":true}]}}