{"id":79,"date":"2025-05-07T23:42:53","date_gmt":"2025-05-07T23:42:53","guid":{"rendered":"https:\/\/www.dattamagazine.com\/?page_id=79"},"modified":"2025-05-19T19:07:38","modified_gmt":"2025-05-19T19:07:38","slug":"segway","status":"publish","type":"page","link":"https:\/\/www.dattamagazine.com\/segway-historia-y-presente-del-transporte-tan-revolucionario-como-maldito\/","title":{"rendered":"Segway"},"content":{"rendered":"\n<div class=\"wp-block-cover alignfull is-light\" style=\"min-height:600px;aspect-ratio:unset;\"><span aria-hidden=\"true\" class=\"wp-block-cover__background has-nv-light-bg-background-color has-background-dim-0 has-background-dim\"><\/span><div class=\"wp-block-cover__inner-container is-layout-flow wp-block-cover-is-layout-flow\">\n<div class=\"wp-block-group\"><div class=\"wp-block-group__inner-container is-layout-flow wp-block-group-is-layout-flow\">\n<div style=\"height:80px\" aria-hidden=\"true\" class=\"wp-block-spacer\"><\/div>\n\n\n\n<div class=\"wp-block-columns is-layout-flex wp-container-core-columns-is-layout-9d6595d7 wp-block-columns-is-layout-flex\">\n<div class=\"wp-block-column is-vertically-aligned-top has-neve-text-color-color has-text-color has-link-color wp-elements-08488ab81fbfab98a1fe9b4b2752ac4b is-layout-flow wp-block-column-is-layout-flow\" style=\"padding-right:var(--wp--preset--spacing--30);padding-left:var(--wp--preset--spacing--30);flex-basis:100%\">\n<div class=\"wp-block-cover has-custom-content-position is-position-bottom-left has-border-color\" style=\"border-color:#333333;border-width:15px;min-height:430px;aspect-ratio:unset;\"><img loading=\"lazy\" decoding=\"async\" width=\"870\" height=\"370\" class=\"wp-block-cover__image-background wp-image-118 size-full\" alt=\"Segway\" src=\"https:\/\/www.dattamagazine.com\/wp-content\/uploads\/2025\/05\/movil-1.jpg\" data-object-fit=\"cover\" srcset=\"https:\/\/www.dattamagazine.com\/wp-content\/uploads\/2025\/05\/movil-1.jpg 870w, https:\/\/www.dattamagazine.com\/wp-content\/uploads\/2025\/05\/movil-1-300x128.jpg 300w, https:\/\/www.dattamagazine.com\/wp-content\/uploads\/2025\/05\/movil-1-768x327.jpg 768w\" sizes=\"auto, (max-width: 870px) 100vw, 870px\" \/><span aria-hidden=\"true\" class=\"wp-block-cover__background has-background-dim-0 has-background-dim\" style=\"background-color:#616040\"><\/span><div class=\"wp-block-cover__inner-container is-layout-flow wp-block-cover-is-layout-flow\">\n<p class=\"has-text-align-center has-large-font-size\"><\/p>\n<\/div><\/div>\n\n\n\n<p><\/p>\n\n\n\n<h1 class=\"wp-block-heading has-neve-link-color-color has-text-color has-link-color has-large-font-size wp-elements-668d9913f5949ac0ae23efee47aa6513\" style=\"font-style:normal;font-weight:100\">Segway: Historia y presente del transporte tan revolucionario como maldito<\/h1>\n\n\n\n<p><strong>Este veh\u00edculo de dos ruedas hab\u00eda sido erigido como la gran revoluci\u00f3n mundial del transporte. Sin embargo, pronto cay\u00f3 en desgracia: su alto costo alej\u00f3 al producto de la fama y aceptaci\u00f3n del p\u00fablico, y uno de los due\u00f1os de la compa\u00f1\u00eda falleci\u00f3 en un accidente\u2026 mientras conduc\u00eda un Segway. Ahora en manos de la compa\u00f1\u00eda china Xiaomi, poderoso participante del sector m\u00f3vil, Segway procura levantar cabeza de la mano de Ninebot mini, un modelo que propone una evoluci\u00f3n en funcionamiento, que es m\u00e1s econ\u00f3mico y que se vincula con el smartphone.<\/strong><\/p>\n\n\n\n<p>La de Segway es una historia que encaja al dedillo en el poco reputado casillero del vaporware, una referencia a productos (generalmente softwares o hardwares) que se anuncian con bombos y platillos y que chocan contra un pared\u00f3n apenas se afrontan a las primeras pruebas en manos de los usuarios. La entrada que define al vaporware en Wikipedia habla de un t\u00e9rmino que \u201cimplica enga\u00f1o, o al menos un exceso de optimismo\u201d.<\/p>\n\n\n\n<p>La compa\u00f1\u00eda Segway fue muy optimista, acaso demasiado, cuando en diciembre de 2001 present\u00f3 al mundo su veh\u00edculo de dos ruedas, impulsado el\u00e9ctricamente y con un funcionamiento regido por el balance del cuerpo del \u00fanico pasajero que transporta. Seg\u00fan los reportes de aquellos a\u00f1os, la firma de origen sueco encargada de este desarrollo pretend\u00eda vender 50 mil unidades en el primer a\u00f1o de disponibilidad de su flamante chiche, promocion\u00e1ndolo como la gran revoluci\u00f3n del transporte. Sin embargo, la realidad fue muy diferente a las proyecciones: en los dos primeros a\u00f1os se vendieron apenas 6 mil unidades.<\/p>\n\n\n\n<p>Diversos factores explican el breve \u00e9xito temprano de un veh\u00edculo que ahora, en 2015, procura reflotar de la mano del fabricante de smartphones Xiaomi. En 2003, el por entonces presidente de Estados Unidos, George W. Bush, sufri\u00f3 un accidente montando un Segway. Reportando el incidente, BBC anot\u00f3 un insoslayable \u00edtem que aparec\u00eda en el manual de aquel veh\u00edculo: \u201cEn las primeras pruebas con el Segway es necesario hacerlo junto a un auxiliar que te acompa\u00f1e\u201d, se indicaba. Bush no sali\u00f3 herido, aunque s\u00ed el Segway: la noticia (y el desprestigio) se desparramaba por el mundo manchando el nombre de este veh\u00edculo.<\/p>\n\n\n\n<p>Hacia el a\u00f1o 2005 la compa\u00f1\u00eda pas\u00f3 de manos e intento maquillar su suerte, aunque cinco a\u00f1os m\u00e1s tarde tuvo lugar un hecho tr\u00e1gico. Jimi Heselden, un hombre de origen brit\u00e1nico que hab\u00eda comprado la firma Segway en 2009, falleci\u00f3 mientras avanzaba en uno de los veh\u00edculos fabricados por su propia empresa, tras caer en un acantilado. As\u00ed lo contaba la prensa del Reino Unido.<\/p>\n\n\n\n<p>Adem\u00e1s de estos hechos, existe otra variable que explic\u00f3 (y a\u00fan sigue explicando) la poca penetraci\u00f3n de estos veh\u00edculos entre los compradores: su valor de venta es en verdad elevado y, en este sentido, muchos no dudan en tildarlo de \u201cun juguete costoso\u201d. \u00a1Adem\u00e1s inseguro!<\/p>\n\n\n\n<p>A pesar de los reiterados malos pasos, la industria no cesa en su intenci\u00f3n de instalar este tipo de veh\u00edculos de un \u00fanico pasajero, autobalanceado. Entre los ejemplos aparece el modelo conceptual E4U que Hyundai present\u00f3 en el Se\u00fal Motor Show del a\u00f1o 2013. En este video es posible conocer m\u00e1s detalles sobre su aspecto y funcionamiento. Y, tal como anticipamos, de la mano de Xiaomi, uno de los mayores vendedores de smartphones a nivel mundial, Segway procura renacer y seducir a compradores.<\/p>\n\n\n\n<p>Vale recordar que a comienzos de 2015 Xiaomi compr\u00f3 Segway, seg\u00fan cont\u00f3 The Wall Street Journal. Y ahora ha mostrado al mundo el veh\u00edculo que lleva por nombre Ninebot mini. Se trata de un medio de transporte que exhibe muchas de las caracter\u00edsticas propias de Segway, aunque prometiendo dos mejoras fundamentales: mayor seguridad y un precio accesible para el p\u00fablico.<\/p>\n\n\n\n<p>Sobre este \u00faltimo punto, comenzar\u00e1 a venderse en el mercado chino a un valor de aproximadamente 300 d\u00f3lares, mientras que el Segway m\u00e1s econ\u00f3mico cuesta m\u00e1s de 6 mil d\u00f3lares. Una gran diferencia.<\/p>\n\n\n\n<p><strong>Antes de continuar, veamos a Ninebot mini en acci\u00f3n<\/strong>.<\/p>\n\n\n\n<p>En el comunicado que presenta el flamante veh\u00edculo, Xiaomi explica que el mismo ha sido fabricado en una aleaci\u00f3n de magnesio que se emplea en la industria aeroespacial. A\u00fan siendo muy robusto, su peso no va en desmedro de la portabilidad: arroja 13 kilogramos en la b\u00e1scula. Algunos datos adicionales: Ninebot mini es capaz de acelerar hasta los 16 kil\u00f3metros por hora, puede trepar pendientes de hasta 15 grados y ofrece una autonom\u00eda de 22 kil\u00f3metros. Naturalmente, se trata de un veh\u00edculo el\u00e9ctrico.<\/p>\n\n\n\n<p>Otro dato interesante es la vinculaci\u00f3n del nuevo Segway con los smartphones. En rigor, es posible vincular veh\u00edculo y m\u00f3vil mediante una aplicaci\u00f3n instalada en este \u00faltimo, la cual permite conocer la ubicaci\u00f3n y saber si alguien lo ha accionado mientras el usuario no tiene su Ninebot a la vista.<\/p>\n\n\n\n<p>En este enlace oficial es posible acceder a m\u00e1s detalles sobre este desarrollo que procura abrir un nuevo cap\u00edtulo en la historia de un veh\u00edculo tan revolucionario como bastardo.<\/p>\n<\/div>\n<\/div>\n<\/div><\/div>\n<\/div><\/div>\n\n\n\n<div class=\"wp-block-cover alignfull\" style=\"min-height:300px;aspect-ratio:unset;\"><span aria-hidden=\"true\" class=\"wp-block-cover__background has-neve-text-color-background-color has-background-dim-100 has-background-dim\"><\/span><div class=\"wp-block-cover__inner-container is-layout-flow wp-block-cover-is-layout-flow\">\n<div style=\"height:40px\" aria-hidden=\"true\" class=\"wp-block-spacer\"><\/div>\n\n\n\n<figure class=\"wp-block-image size-full\"><img loading=\"lazy\" decoding=\"async\" width=\"522\" height=\"38\" src=\"https:\/\/www.dattamagazine.com\/wp-content\/uploads\/2025\/05\/logo-1.png\" alt=\"logo\" class=\"wp-image-70\" srcset=\"https:\/\/www.dattamagazine.com\/wp-content\/uploads\/2025\/05\/logo-1.png 522w, https:\/\/www.dattamagazine.com\/wp-content\/uploads\/2025\/05\/logo-1-300x22.png 300w\" sizes=\"auto, (max-width: 522px) 100vw, 522px\" \/><\/figure>\n\n\n\n<p>HERRAMIENTAS PARA USUARIOS E INSPIRACI\u00d3N PARA CREADORES<\/p>\n\n\n\n<p class=\"has-text-align-center\">Copyright \u00a92025 DattaMagazine.  All Rights Reserved.<\/p>\n\n\n\n<div aria-hidden=\"true\" class=\"wp-block-spacer\"><\/div>\n<\/div><\/div>\n","protected":false},"excerpt":{"rendered":"","protected":false},"author":1,"featured_media":0,"parent":0,"menu_order":0,"comment_status":"closed","ping_status":"closed","template":"","meta":{"neve_meta_sidebar":"","neve_meta_container":"default","neve_meta_enable_content_width":"on","neve_meta_content_width":100,"neve_meta_title_alignment":"","neve_meta_author_avatar":"","neve_post_elements_order":"","neve_meta_disable_header":"","neve_meta_disable_footer":"on","neve_meta_disable_title":"on","footnotes":""},"class_list":["post-79","page","type-page","status-publish","hentry"],"yoast_head":"<!-- This site is optimized with the Yoast SEO plugin v25.0 - https:\/\/yoast.com\/wordpress\/plugins\/seo\/ -->\n<title>Segway: Historia y presente del transporte tan revolucionario como maldito | DattaMagazine<\/title>\n<meta name=\"description\" content=\"La de Segway es una historia que encaja al dedillo en el poco reputado casillero del vaporware, una referencia a productos\" \/>\n<meta name=\"robots\" content=\"index, follow, max-snippet:-1, max-image-preview:large, max-video-preview:-1\" \/>\n<link rel=\"canonical\" href=\"https:\/\/www.dattamagazine.com\/segway-historia-y-presente-del-transporte-tan-revolucionario-como-maldito\/\" \/>\n<meta property=\"og:locale\" content=\"en_US\" \/>\n<meta property=\"og:type\" content=\"article\" \/>\n<meta property=\"og:title\" content=\"Segway: Historia y presente del transporte tan revolucionario como maldito | DattaMagazine\" \/>\n<meta property=\"og:description\" content=\"La de Segway es una historia que encaja al dedillo en el poco reputado casillero del vaporware, una referencia a productos\" \/>\n<meta property=\"og:url\" content=\"https:\/\/www.dattamagazine.com\/segway-historia-y-presente-del-transporte-tan-revolucionario-como-maldito\/\" \/>\n<meta property=\"og:site_name\" content=\"Marketing Agency\" \/>\n<meta property=\"article:modified_time\" content=\"2025-05-19T19:07:38+00:00\" \/>\n<meta property=\"og:image\" content=\"https:\/\/www.dattamagazine.com\/wp-content\/uploads\/2025\/05\/movil-1.jpg\" \/>\n<meta name=\"twitter:card\" content=\"summary_large_image\" \/>\n<meta name=\"twitter:label1\" content=\"Est. reading time\" \/>\n\t<meta name=\"twitter:data1\" content=\"5 minutes\" \/>\n<script type=\"application\/ld+json\" class=\"yoast-schema-graph\">{\"@context\":\"https:\/\/schema.org\",\"@graph\":[{\"@type\":\"WebPage\",\"@id\":\"https:\/\/www.dattamagazine.com\/segway-historia-y-presente-del-transporte-tan-revolucionario-como-maldito\/\",\"url\":\"https:\/\/www.dattamagazine.com\/segway-historia-y-presente-del-transporte-tan-revolucionario-como-maldito\/\",\"name\":\"Segway: Historia y presente del transporte tan revolucionario como maldito | DattaMagazine\",\"isPartOf\":{\"@id\":\"https:\/\/www.dattamagazine.com\/#website\"},\"primaryImageOfPage\":{\"@id\":\"https:\/\/www.dattamagazine.com\/segway-historia-y-presente-del-transporte-tan-revolucionario-como-maldito\/#primaryimage\"},\"image\":{\"@id\":\"https:\/\/www.dattamagazine.com\/segway-historia-y-presente-del-transporte-tan-revolucionario-como-maldito\/#primaryimage\"},\"thumbnailUrl\":\"https:\/\/www.dattamagazine.com\/wp-content\/uploads\/2025\/05\/movil-1.jpg\",\"datePublished\":\"2025-05-07T23:42:53+00:00\",\"dateModified\":\"2025-05-19T19:07:38+00:00\",\"description\":\"La de Segway es una historia que encaja al dedillo en el poco reputado casillero del vaporware, una referencia a productos\",\"breadcrumb\":{\"@id\":\"https:\/\/www.dattamagazine.com\/segway-historia-y-presente-del-transporte-tan-revolucionario-como-maldito\/#breadcrumb\"},\"inLanguage\":\"en-US\",\"potentialAction\":[{\"@type\":\"ReadAction\",\"target\":[\"https:\/\/www.dattamagazine.com\/segway-historia-y-presente-del-transporte-tan-revolucionario-como-maldito\/\"]}]},{\"@type\":\"ImageObject\",\"inLanguage\":\"en-US\",\"@id\":\"https:\/\/www.dattamagazine.com\/segway-historia-y-presente-del-transporte-tan-revolucionario-como-maldito\/#primaryimage\",\"url\":\"https:\/\/www.dattamagazine.com\/wp-content\/uploads\/2025\/05\/movil-1.jpg\",\"contentUrl\":\"https:\/\/www.dattamagazine.com\/wp-content\/uploads\/2025\/05\/movil-1.jpg\",\"width\":870,\"height\":370},{\"@type\":\"BreadcrumbList\",\"@id\":\"https:\/\/www.dattamagazine.com\/segway-historia-y-presente-del-transporte-tan-revolucionario-como-maldito\/#breadcrumb\",\"itemListElement\":[{\"@type\":\"ListItem\",\"position\":1,\"name\":\"Home\",\"item\":\"https:\/\/www.dattamagazine.com\/\"},{\"@type\":\"ListItem\",\"position\":2,\"name\":\"Segway\"}]},{\"@type\":\"WebSite\",\"@id\":\"https:\/\/www.dattamagazine.com\/#website\",\"url\":\"https:\/\/www.dattamagazine.com\/\",\"name\":\"Marketing Agency\",\"description\":\"\",\"publisher\":{\"@id\":\"https:\/\/www.dattamagazine.com\/#organization\"},\"potentialAction\":[{\"@type\":\"SearchAction\",\"target\":{\"@type\":\"EntryPoint\",\"urlTemplate\":\"https:\/\/www.dattamagazine.com\/?s={search_term_string}\"},\"query-input\":{\"@type\":\"PropertyValueSpecification\",\"valueRequired\":true,\"valueName\":\"search_term_string\"}}],\"inLanguage\":\"en-US\"},{\"@type\":\"Organization\",\"@id\":\"https:\/\/www.dattamagazine.com\/#organization\",\"name\":\"Marketing Agency\",\"url\":\"https:\/\/www.dattamagazine.com\/\",\"logo\":{\"@type\":\"ImageObject\",\"inLanguage\":\"en-US\",\"@id\":\"https:\/\/www.dattamagazine.com\/#\/schema\/logo\/image\/\",\"url\":\"https:\/\/www.dattamagazine.com\/wp-content\/uploads\/2025\/05\/logo-agency.png\",\"contentUrl\":\"https:\/\/www.dattamagazine.com\/wp-content\/uploads\/2025\/05\/logo-agency.png\",\"width\":200,\"height\":200,\"caption\":\"Marketing Agency\"},\"image\":{\"@id\":\"https:\/\/www.dattamagazine.com\/#\/schema\/logo\/image\/\"}}]}<\/script>\n<!-- \/ Yoast SEO plugin. -->","yoast_head_json":{"title":"Segway: Historia y presente del transporte tan revolucionario como maldito | DattaMagazine","description":"La de Segway es una historia que encaja al dedillo en el poco reputado casillero del vaporware, una referencia a productos","robots":{"index":"index","follow":"follow","max-snippet":"max-snippet:-1","max-image-preview":"max-image-preview:large","max-video-preview":"max-video-preview:-1"},"canonical":"https:\/\/www.dattamagazine.com\/segway-historia-y-presente-del-transporte-tan-revolucionario-como-maldito\/","og_locale":"en_US","og_type":"article","og_title":"Segway: Historia y presente del transporte tan revolucionario como maldito | DattaMagazine","og_description":"La de Segway es una historia que encaja al dedillo en el poco reputado casillero del vaporware, una referencia a productos","og_url":"https:\/\/www.dattamagazine.com\/segway-historia-y-presente-del-transporte-tan-revolucionario-como-maldito\/","og_site_name":"Marketing Agency","article_modified_time":"2025-05-19T19:07:38+00:00","og_image":[{"url":"https:\/\/www.dattamagazine.com\/wp-content\/uploads\/2025\/05\/movil-1.jpg","type":"","width":"","height":""}],"twitter_card":"summary_large_image","twitter_misc":{"Est. reading time":"5 minutes"},"schema":{"@context":"https:\/\/schema.org","@graph":[{"@type":"WebPage","@id":"https:\/\/www.dattamagazine.com\/segway-historia-y-presente-del-transporte-tan-revolucionario-como-maldito\/","url":"https:\/\/www.dattamagazine.com\/segway-historia-y-presente-del-transporte-tan-revolucionario-como-maldito\/","name":"Segway: Historia y presente del transporte tan revolucionario como maldito | DattaMagazine","isPartOf":{"@id":"https:\/\/www.dattamagazine.com\/#website"},"primaryImageOfPage":{"@id":"https:\/\/www.dattamagazine.com\/segway-historia-y-presente-del-transporte-tan-revolucionario-como-maldito\/#primaryimage"},"image":{"@id":"https:\/\/www.dattamagazine.com\/segway-historia-y-presente-del-transporte-tan-revolucionario-como-maldito\/#primaryimage"},"thumbnailUrl":"https:\/\/www.dattamagazine.com\/wp-content\/uploads\/2025\/05\/movil-1.jpg","datePublished":"2025-05-07T23:42:53+00:00","dateModified":"2025-05-19T19:07:38+00:00","description":"La de Segway es una historia que encaja al dedillo en el poco reputado casillero del vaporware, una referencia a productos","breadcrumb":{"@id":"https:\/\/www.dattamagazine.com\/segway-historia-y-presente-del-transporte-tan-revolucionario-como-maldito\/#breadcrumb"},"inLanguage":"en-US","potentialAction":[{"@type":"ReadAction","target":["https:\/\/www.dattamagazine.com\/segway-historia-y-presente-del-transporte-tan-revolucionario-como-maldito\/"]}]},{"@type":"ImageObject","inLanguage":"en-US","@id":"https:\/\/www.dattamagazine.com\/segway-historia-y-presente-del-transporte-tan-revolucionario-como-maldito\/#primaryimage","url":"https:\/\/www.dattamagazine.com\/wp-content\/uploads\/2025\/05\/movil-1.jpg","contentUrl":"https:\/\/www.dattamagazine.com\/wp-content\/uploads\/2025\/05\/movil-1.jpg","width":870,"height":370},{"@type":"BreadcrumbList","@id":"https:\/\/www.dattamagazine.com\/segway-historia-y-presente-del-transporte-tan-revolucionario-como-maldito\/#breadcrumb","itemListElement":[{"@type":"ListItem","position":1,"name":"Home","item":"https:\/\/www.dattamagazine.com\/"},{"@type":"ListItem","position":2,"name":"Segway"}]},{"@type":"WebSite","@id":"https:\/\/www.dattamagazine.com\/#website","url":"https:\/\/www.dattamagazine.com\/","name":"Marketing Agency","description":"","publisher":{"@id":"https:\/\/www.dattamagazine.com\/#organization"},"potentialAction":[{"@type":"SearchAction","target":{"@type":"EntryPoint","urlTemplate":"https:\/\/www.dattamagazine.com\/?s={search_term_string}"},"query-input":{"@type":"PropertyValueSpecification","valueRequired":true,"valueName":"search_term_string"}}],"inLanguage":"en-US"},{"@type":"Organization","@id":"https:\/\/www.dattamagazine.com\/#organization","name":"Marketing Agency","url":"https:\/\/www.dattamagazine.com\/","logo":{"@type":"ImageObject","inLanguage":"en-US","@id":"https:\/\/www.dattamagazine.com\/#\/schema\/logo\/image\/","url":"https:\/\/www.dattamagazine.com\/wp-content\/uploads\/2025\/05\/logo-agency.png","contentUrl":"https:\/\/www.dattamagazine.com\/wp-content\/uploads\/2025\/05\/logo-agency.png","width":200,"height":200,"caption":"Marketing Agency"},"image":{"@id":"https:\/\/www.dattamagazine.com\/#\/schema\/logo\/image\/"}}]}},"_links":{"self":[{"href":"https:\/\/www.dattamagazine.com\/index.php\/wp-json\/wp\/v2\/pages\/79","targetHints":{"allow":["GET"]}}],"collection":[{"href":"https:\/\/www.dattamagazine.com\/index.php\/wp-json\/wp\/v2\/pages"}],"about":[{"href":"https:\/\/www.dattamagazine.com\/index.php\/wp-json\/wp\/v2\/types\/page"}],"author":[{"embeddable":true,"href":"https:\/\/www.dattamagazine.com\/index.php\/wp-json\/wp\/v2\/users\/1"}],"replies":[{"embeddable":true,"href":"https:\/\/www.dattamagazine.com\/index.php\/wp-json\/wp\/v2\/comments?post=79"}],"version-history":[{"count":2,"href":"https:\/\/www.dattamagazine.com\/index.php\/wp-json\/wp\/v2\/pages\/79\/revisions"}],"predecessor-version":[{"id":120,"href":"https:\/\/www.dattamagazine.com\/index.php\/wp-json\/wp\/v2\/pages\/79\/revisions\/120"}],"wp:attachment":[{"href":"https:\/\/www.dattamagazine.com\/index.php\/wp-json\/wp\/v2\/media?parent=79"}],"curies":[{"name":"wp","href":"https:\/\/api.w.org\/{rel}","templated":true}]}}