{"id":78,"date":"2025-05-07T23:41:25","date_gmt":"2025-05-07T23:41:25","guid":{"rendered":"https:\/\/www.dattamagazine.com\/?page_id=78"},"modified":"2025-05-19T19:06:16","modified_gmt":"2025-05-19T19:06:16","slug":"asi-es-pylos","status":"publish","type":"page","link":"https:\/\/www.dattamagazine.com\/asi-es-pylos-la-impresora-3d-que-utiliza-tierra-y-se-postula-como-una-solucion-para-los-sin-techo\/","title":{"rendered":"As\u00ed es Pylos"},"content":{"rendered":"\n<div class=\"wp-block-cover alignfull is-light\" style=\"min-height:600px;aspect-ratio:unset;\"><span aria-hidden=\"true\" class=\"wp-block-cover__background has-nv-light-bg-background-color has-background-dim-0 has-background-dim\"><\/span><div class=\"wp-block-cover__inner-container is-layout-flow wp-block-cover-is-layout-flow\">\n<div class=\"wp-block-group\"><div class=\"wp-block-group__inner-container is-layout-flow wp-block-group-is-layout-flow\">\n<div style=\"height:80px\" aria-hidden=\"true\" class=\"wp-block-spacer\"><\/div>\n\n\n\n<div class=\"wp-block-columns is-layout-flex wp-container-core-columns-is-layout-9d6595d7 wp-block-columns-is-layout-flex\">\n<div class=\"wp-block-column is-vertically-aligned-top has-neve-text-color-color has-text-color has-link-color wp-elements-6b82b4e31747c08cff0cb6de69634eb2 is-layout-flow wp-block-column-is-layout-flow\" style=\"padding-right:var(--wp--preset--spacing--30);padding-left:var(--wp--preset--spacing--30);flex-basis:100%\">\n<div class=\"wp-block-cover has-custom-content-position is-position-bottom-left has-border-color\" style=\"border-color:#333333;border-width:15px;min-height:430px;aspect-ratio:unset;\"><img loading=\"lazy\" decoding=\"async\" width=\"870\" height=\"370\" class=\"wp-block-cover__image-background wp-image-114 size-full\" alt=\"As\u00ed es Pylos\" src=\"https:\/\/www.dattamagazine.com\/wp-content\/uploads\/2025\/05\/impre-1.jpg\" data-object-fit=\"cover\" srcset=\"https:\/\/www.dattamagazine.com\/wp-content\/uploads\/2025\/05\/impre-1.jpg 870w, https:\/\/www.dattamagazine.com\/wp-content\/uploads\/2025\/05\/impre-1-300x128.jpg 300w, https:\/\/www.dattamagazine.com\/wp-content\/uploads\/2025\/05\/impre-1-768x327.jpg 768w\" sizes=\"auto, (max-width: 870px) 100vw, 870px\" \/><span aria-hidden=\"true\" class=\"wp-block-cover__background has-background-dim-0 has-background-dim\" style=\"background-color:#685b53\"><\/span><div class=\"wp-block-cover__inner-container is-layout-flow wp-block-cover-is-layout-flow\">\n<p class=\"has-text-align-center has-large-font-size\"><\/p>\n<\/div><\/div>\n\n\n\n<p><\/p>\n\n\n\n<h1 class=\"wp-block-heading has-neve-link-color-color has-text-color has-link-color has-large-font-size wp-elements-74dbb6a20fc76148bcff733f0054a0e9\" style=\"font-style:normal;font-weight:100\">As\u00ed es Pylos, la impresora 3D que utiliza tierra y se postula como una soluci\u00f3n para los \u201csin techo\u201d<\/h1>\n\n\n\n<p><strong>Se trata de un proyecto surgido del Instituto de Arquitectura Avanzada de Catalu\u00f1a; procura introducir a gran escala un modelo de impresi\u00f3n de baj\u00edsimo costo y biodegradable. Su mayor promesa: la construcci\u00f3n de casas, primordialmente para los que no cuentan con una vivienda.<\/strong><\/p>\n\n\n\n<p>Tal como se\u00f1ala NeoTeo en su repaso sobre la noticia, las impresoras 3D usualmente trabajan con derivaciones del pl\u00e1stico y con tipos especiales de tintas, aunque tambi\u00e9n existen modelos capaces de imprimir empleando metales, cristales, textiles e incluso vali\u00e9ndose de ingredientes culinarios que resultan en alimentos.<\/p>\n\n\n\n<p>Hemos visto, tambi\u00e9n, desarrollos que permiten crear estructuras que reemplazar huesos en el ser humano. En tal sentido, este sector atraviesa una etapa germinal, de pura exploraci\u00f3n y promesa a futuro. Es, en tanto, un verdadero work in progress, un terreno de suyo abierto a la innovaci\u00f3n.<\/p>\n\n\n\n<p>Desde el Instituto de Arquitectura Avanzada de Catalu\u00f1a, emplazado a unos 17 kil\u00f3metros de Barcelona, llega una noticia de profundo inter\u00e9s para los interesados en los alcances de la impresi\u00f3n 3D. Un investigador de aquella instituci\u00f3n, Sofoklis Giannakopoulos, present\u00f3 Pylos, un modelo que imprime utilizando una materia hasta ahora in\u00e9dita para este tipo de desarrollos: la tierra.<\/p>\n\n\n\n<p>Este elemento supone una serie de beneficios, como su condici\u00f3n biodegradable y reciclable al cien por ciento, y tambi\u00e9n su bajo costo. Por mencionar un ejemplo, el costo total de una columna de 200 cent\u00edmetros de alto es de 5 euros. Es as\u00ed que el proyecto persigue un objetivo primario: el \u00e1nimo de brindar soluciones de vivienda.<\/p>\n\n\n\n<p>En el sitio web en el cual se detalla el proyecto se explican otras ventajas propias de la tierra en la construcci\u00f3n de viviendas. Se menciona la aislaci\u00f3n t\u00e9rmica natural, la protecci\u00f3n contra incendios, la buena circulaci\u00f3n de aire que propicia y regulaci\u00f3n del clima, la baja emisi\u00f3n de CO2 y, a pesar de lo que muchos pueden creer, se indica que resulta en estructuras r\u00edgidas y fuertes.<\/p>\n\n\n\n<p>En rigor, en los ensayos realizados con esta impresora se utiliz\u00f3 96 por ciento de tierra y un 4 por ciento de aditivos y, seg\u00fan afirma el investigador detr\u00e1s del proyecto, el material resultante es tres veces m\u00e1s resistente a la tracci\u00f3n que la arcilla industrial\u201d. Como se afirma en Computer Hoy, estos beneficios de la tierra no son una primicia y se conocen desde el Neol\u00edtico. Aqu\u00ed la innovaci\u00f3n radica en el uso y la metodolog\u00eda de su utilizaci\u00f3n.<\/p>\n\n\n\n<p>Giannakopoulos agrega que \u201cla tierra puede ser reciclada un indefinido n\u00famero de veces a lo largo de un per\u00edodo extremadamente largo\u201d y que \u201clos residuos secos pueden ser reutilizados luego de su inmersi\u00f3n en agua, por lo cual nunca llega a ser un material de desecho que da\u00f1e el medio ambiente\u201d.<\/p>\n\n\n\n<p>No es secreto que las construcciones de tierra \u201chan cargado con conceptos negativos asociados al subdesarrollo\u201d, siguiendo lo afirmado en el sitio Plataforma Arquitectura. Sin embargo, Pylos propone un nuevo paradigma en este terreno. La mencionada fuente se\u00f1ala que entre los desaf\u00edos de la construcci\u00f3n con tierra aparece el escalamiento productivo y la posibilidad de reforzar las viviendas construidas en adobe que se encuentran en zonas s\u00edsmicas.<\/p>\n\n\n\n<p>El objetivo es implementar un sistema a gran escala, que no se aparte de los beneficios antes repasados. Adem\u00e1s, que sea capaz de optimizar los tiempos de producci\u00f3n. Por caso, la columna de 200 cent\u00edmetros que tiene un costo final de 5 euros insumi\u00f3 s\u00f3lo 180 minutos de trabajo para Pylos.<\/p>\n\n\n\n<p>En el siguiente video es posible ver a Pylos en acci\u00f3n y las distintas pruebas realizadas con diversos modelos de columnas. Un punto interesante: una de las \u00faltimas secuencias del video da cuenta del car\u00e1cter a\u00fan experimental de la iniciativa, cuando la columna impresa con tierra simplemente se desmorona.<\/p>\n\n\n\n<p>El mencionado sitio web que nuclea el proyecto (dentro del cual recomiendo revisar con detenimiento las im\u00e1genes de los distintos tipos de impresiones), recibe al visitante con una l\u00facida sentencia de Hassan Fathy, un arquitecto egipcio pionero en la implementaci\u00f3n de tecnolog\u00eda para la construcciones e impulsor de la recuperaci\u00f3n del uso del ladrillo de barro.<\/p>\n\n\n\n<p>Dice Fathy: \u201cIr\u00f3nicamente, la mayor\u00eda de las casas en el mundo de hoy se realizan sin la cooperaci\u00f3n de los arquitectos y la sociedad. Son (el resultado) de decisiones burocr\u00e1ticas por parte de contratistas (\u2026) Es tal vez la mayor iron\u00eda de nuestra era. Cuesta m\u00e1s producir esta forma de fealdad, que avanzar hacia una vivienda mejor y m\u00e1s bella\u201d.<\/p>\n<\/div>\n<\/div>\n<\/div><\/div>\n<\/div><\/div>\n\n\n\n<div class=\"wp-block-cover alignfull\" style=\"min-height:300px;aspect-ratio:unset;\"><span aria-hidden=\"true\" class=\"wp-block-cover__background has-neve-text-color-background-color has-background-dim-100 has-background-dim\"><\/span><div class=\"wp-block-cover__inner-container is-layout-flow wp-block-cover-is-layout-flow\">\n<div style=\"height:40px\" aria-hidden=\"true\" class=\"wp-block-spacer\"><\/div>\n\n\n\n<figure class=\"wp-block-image size-full\"><img loading=\"lazy\" decoding=\"async\" width=\"522\" height=\"38\" src=\"https:\/\/www.dattamagazine.com\/wp-content\/uploads\/2025\/05\/logo-1.png\" alt=\"logo\" class=\"wp-image-70\" srcset=\"https:\/\/www.dattamagazine.com\/wp-content\/uploads\/2025\/05\/logo-1.png 522w, https:\/\/www.dattamagazine.com\/wp-content\/uploads\/2025\/05\/logo-1-300x22.png 300w\" sizes=\"auto, (max-width: 522px) 100vw, 522px\" \/><\/figure>\n\n\n\n<p>HERRAMIENTAS PARA USUARIOS E INSPIRACI\u00d3N PARA CREADORES<\/p>\n\n\n\n<p class=\"has-text-align-center\">Copyright \u00a92025 DattaMagazine.  All Rights Reserved.<\/p>\n\n\n\n<div aria-hidden=\"true\" class=\"wp-block-spacer\"><\/div>\n<\/div><\/div>\n","protected":false},"excerpt":{"rendered":"","protected":false},"author":1,"featured_media":0,"parent":0,"menu_order":0,"comment_status":"closed","ping_status":"closed","template":"","meta":{"neve_meta_sidebar":"","neve_meta_container":"default","neve_meta_enable_content_width":"on","neve_meta_content_width":100,"neve_meta_title_alignment":"","neve_meta_author_avatar":"","neve_post_elements_order":"","neve_meta_disable_header":"","neve_meta_disable_footer":"on","neve_meta_disable_title":"on","footnotes":""},"class_list":["post-78","page","type-page","status-publish","hentry"],"yoast_head":"<!-- This site is optimized with the Yoast SEO plugin v25.0 - https:\/\/yoast.com\/wordpress\/plugins\/seo\/ -->\n<title>As\u00ed es Pylos, la impresora 3D que utiliza tierra y se postula como una soluci\u00f3n para los \u201csin techo\u201d | DattaMagazine<\/title>\n<meta name=\"description\" content=\"Se trata de un proyecto surgido del Instituto de Arquitectura Avanzada de Catalu\u00f1a; procura introducir a gran escala un modelo\" \/>\n<meta name=\"robots\" content=\"index, follow, max-snippet:-1, max-image-preview:large, max-video-preview:-1\" \/>\n<link rel=\"canonical\" href=\"https:\/\/www.dattamagazine.com\/asi-es-pylos-la-impresora-3d-que-utiliza-tierra-y-se-postula-como-una-solucion-para-los-sin-techo\/\" \/>\n<meta property=\"og:locale\" content=\"en_US\" \/>\n<meta property=\"og:type\" content=\"article\" \/>\n<meta property=\"og:title\" content=\"As\u00ed es Pylos, la impresora 3D que utiliza tierra y se postula como una soluci\u00f3n para los \u201csin techo\u201d | DattaMagazine\" \/>\n<meta property=\"og:description\" content=\"Se trata de un proyecto surgido del Instituto de Arquitectura Avanzada de Catalu\u00f1a; procura introducir a gran escala un modelo\" \/>\n<meta property=\"og:url\" content=\"https:\/\/www.dattamagazine.com\/asi-es-pylos-la-impresora-3d-que-utiliza-tierra-y-se-postula-como-una-solucion-para-los-sin-techo\/\" \/>\n<meta property=\"og:site_name\" content=\"Marketing Agency\" \/>\n<meta property=\"article:modified_time\" content=\"2025-05-19T19:06:16+00:00\" \/>\n<meta property=\"og:image\" content=\"https:\/\/www.dattamagazine.com\/wp-content\/uploads\/2025\/05\/impre-1.jpg\" \/>\n<meta name=\"twitter:card\" content=\"summary_large_image\" \/>\n<meta name=\"twitter:label1\" content=\"Est. reading time\" \/>\n\t<meta name=\"twitter:data1\" content=\"4 minutes\" \/>\n<script type=\"application\/ld+json\" class=\"yoast-schema-graph\">{\"@context\":\"https:\/\/schema.org\",\"@graph\":[{\"@type\":\"WebPage\",\"@id\":\"https:\/\/www.dattamagazine.com\/asi-es-pylos-la-impresora-3d-que-utiliza-tierra-y-se-postula-como-una-solucion-para-los-sin-techo\/\",\"url\":\"https:\/\/www.dattamagazine.com\/asi-es-pylos-la-impresora-3d-que-utiliza-tierra-y-se-postula-como-una-solucion-para-los-sin-techo\/\",\"name\":\"As\u00ed es Pylos, la impresora 3D que utiliza tierra y se postula como una soluci\u00f3n para los \u201csin techo\u201d | DattaMagazine\",\"isPartOf\":{\"@id\":\"https:\/\/www.dattamagazine.com\/#website\"},\"primaryImageOfPage\":{\"@id\":\"https:\/\/www.dattamagazine.com\/asi-es-pylos-la-impresora-3d-que-utiliza-tierra-y-se-postula-como-una-solucion-para-los-sin-techo\/#primaryimage\"},\"image\":{\"@id\":\"https:\/\/www.dattamagazine.com\/asi-es-pylos-la-impresora-3d-que-utiliza-tierra-y-se-postula-como-una-solucion-para-los-sin-techo\/#primaryimage\"},\"thumbnailUrl\":\"https:\/\/www.dattamagazine.com\/wp-content\/uploads\/2025\/05\/impre-1.jpg\",\"datePublished\":\"2025-05-07T23:41:25+00:00\",\"dateModified\":\"2025-05-19T19:06:16+00:00\",\"description\":\"Se trata de un proyecto surgido del Instituto de Arquitectura Avanzada de Catalu\u00f1a; procura introducir a gran escala un modelo\",\"breadcrumb\":{\"@id\":\"https:\/\/www.dattamagazine.com\/asi-es-pylos-la-impresora-3d-que-utiliza-tierra-y-se-postula-como-una-solucion-para-los-sin-techo\/#breadcrumb\"},\"inLanguage\":\"en-US\",\"potentialAction\":[{\"@type\":\"ReadAction\",\"target\":[\"https:\/\/www.dattamagazine.com\/asi-es-pylos-la-impresora-3d-que-utiliza-tierra-y-se-postula-como-una-solucion-para-los-sin-techo\/\"]}]},{\"@type\":\"ImageObject\",\"inLanguage\":\"en-US\",\"@id\":\"https:\/\/www.dattamagazine.com\/asi-es-pylos-la-impresora-3d-que-utiliza-tierra-y-se-postula-como-una-solucion-para-los-sin-techo\/#primaryimage\",\"url\":\"https:\/\/www.dattamagazine.com\/wp-content\/uploads\/2025\/05\/impre-1.jpg\",\"contentUrl\":\"https:\/\/www.dattamagazine.com\/wp-content\/uploads\/2025\/05\/impre-1.jpg\",\"width\":870,\"height\":370},{\"@type\":\"BreadcrumbList\",\"@id\":\"https:\/\/www.dattamagazine.com\/asi-es-pylos-la-impresora-3d-que-utiliza-tierra-y-se-postula-como-una-solucion-para-los-sin-techo\/#breadcrumb\",\"itemListElement\":[{\"@type\":\"ListItem\",\"position\":1,\"name\":\"Home\",\"item\":\"https:\/\/www.dattamagazine.com\/\"},{\"@type\":\"ListItem\",\"position\":2,\"name\":\"As\u00ed es Pylos\"}]},{\"@type\":\"WebSite\",\"@id\":\"https:\/\/www.dattamagazine.com\/#website\",\"url\":\"https:\/\/www.dattamagazine.com\/\",\"name\":\"Marketing Agency\",\"description\":\"\",\"publisher\":{\"@id\":\"https:\/\/www.dattamagazine.com\/#organization\"},\"potentialAction\":[{\"@type\":\"SearchAction\",\"target\":{\"@type\":\"EntryPoint\",\"urlTemplate\":\"https:\/\/www.dattamagazine.com\/?s={search_term_string}\"},\"query-input\":{\"@type\":\"PropertyValueSpecification\",\"valueRequired\":true,\"valueName\":\"search_term_string\"}}],\"inLanguage\":\"en-US\"},{\"@type\":\"Organization\",\"@id\":\"https:\/\/www.dattamagazine.com\/#organization\",\"name\":\"Marketing Agency\",\"url\":\"https:\/\/www.dattamagazine.com\/\",\"logo\":{\"@type\":\"ImageObject\",\"inLanguage\":\"en-US\",\"@id\":\"https:\/\/www.dattamagazine.com\/#\/schema\/logo\/image\/\",\"url\":\"https:\/\/www.dattamagazine.com\/wp-content\/uploads\/2025\/05\/logo-agency.png\",\"contentUrl\":\"https:\/\/www.dattamagazine.com\/wp-content\/uploads\/2025\/05\/logo-agency.png\",\"width\":200,\"height\":200,\"caption\":\"Marketing Agency\"},\"image\":{\"@id\":\"https:\/\/www.dattamagazine.com\/#\/schema\/logo\/image\/\"}}]}<\/script>\n<!-- \/ Yoast SEO plugin. -->","yoast_head_json":{"title":"As\u00ed es Pylos, la impresora 3D que utiliza tierra y se postula como una soluci\u00f3n para los \u201csin techo\u201d | DattaMagazine","description":"Se trata de un proyecto surgido del Instituto de Arquitectura Avanzada de Catalu\u00f1a; procura introducir a gran escala un modelo","robots":{"index":"index","follow":"follow","max-snippet":"max-snippet:-1","max-image-preview":"max-image-preview:large","max-video-preview":"max-video-preview:-1"},"canonical":"https:\/\/www.dattamagazine.com\/asi-es-pylos-la-impresora-3d-que-utiliza-tierra-y-se-postula-como-una-solucion-para-los-sin-techo\/","og_locale":"en_US","og_type":"article","og_title":"As\u00ed es Pylos, la impresora 3D que utiliza tierra y se postula como una soluci\u00f3n para los \u201csin techo\u201d | DattaMagazine","og_description":"Se trata de un proyecto surgido del Instituto de Arquitectura Avanzada de Catalu\u00f1a; procura introducir a gran escala un modelo","og_url":"https:\/\/www.dattamagazine.com\/asi-es-pylos-la-impresora-3d-que-utiliza-tierra-y-se-postula-como-una-solucion-para-los-sin-techo\/","og_site_name":"Marketing Agency","article_modified_time":"2025-05-19T19:06:16+00:00","og_image":[{"url":"https:\/\/www.dattamagazine.com\/wp-content\/uploads\/2025\/05\/impre-1.jpg","type":"","width":"","height":""}],"twitter_card":"summary_large_image","twitter_misc":{"Est. reading time":"4 minutes"},"schema":{"@context":"https:\/\/schema.org","@graph":[{"@type":"WebPage","@id":"https:\/\/www.dattamagazine.com\/asi-es-pylos-la-impresora-3d-que-utiliza-tierra-y-se-postula-como-una-solucion-para-los-sin-techo\/","url":"https:\/\/www.dattamagazine.com\/asi-es-pylos-la-impresora-3d-que-utiliza-tierra-y-se-postula-como-una-solucion-para-los-sin-techo\/","name":"As\u00ed es Pylos, la impresora 3D que utiliza tierra y se postula como una soluci\u00f3n para los \u201csin techo\u201d | DattaMagazine","isPartOf":{"@id":"https:\/\/www.dattamagazine.com\/#website"},"primaryImageOfPage":{"@id":"https:\/\/www.dattamagazine.com\/asi-es-pylos-la-impresora-3d-que-utiliza-tierra-y-se-postula-como-una-solucion-para-los-sin-techo\/#primaryimage"},"image":{"@id":"https:\/\/www.dattamagazine.com\/asi-es-pylos-la-impresora-3d-que-utiliza-tierra-y-se-postula-como-una-solucion-para-los-sin-techo\/#primaryimage"},"thumbnailUrl":"https:\/\/www.dattamagazine.com\/wp-content\/uploads\/2025\/05\/impre-1.jpg","datePublished":"2025-05-07T23:41:25+00:00","dateModified":"2025-05-19T19:06:16+00:00","description":"Se trata de un proyecto surgido del Instituto de Arquitectura Avanzada de Catalu\u00f1a; procura introducir a gran escala un modelo","breadcrumb":{"@id":"https:\/\/www.dattamagazine.com\/asi-es-pylos-la-impresora-3d-que-utiliza-tierra-y-se-postula-como-una-solucion-para-los-sin-techo\/#breadcrumb"},"inLanguage":"en-US","potentialAction":[{"@type":"ReadAction","target":["https:\/\/www.dattamagazine.com\/asi-es-pylos-la-impresora-3d-que-utiliza-tierra-y-se-postula-como-una-solucion-para-los-sin-techo\/"]}]},{"@type":"ImageObject","inLanguage":"en-US","@id":"https:\/\/www.dattamagazine.com\/asi-es-pylos-la-impresora-3d-que-utiliza-tierra-y-se-postula-como-una-solucion-para-los-sin-techo\/#primaryimage","url":"https:\/\/www.dattamagazine.com\/wp-content\/uploads\/2025\/05\/impre-1.jpg","contentUrl":"https:\/\/www.dattamagazine.com\/wp-content\/uploads\/2025\/05\/impre-1.jpg","width":870,"height":370},{"@type":"BreadcrumbList","@id":"https:\/\/www.dattamagazine.com\/asi-es-pylos-la-impresora-3d-que-utiliza-tierra-y-se-postula-como-una-solucion-para-los-sin-techo\/#breadcrumb","itemListElement":[{"@type":"ListItem","position":1,"name":"Home","item":"https:\/\/www.dattamagazine.com\/"},{"@type":"ListItem","position":2,"name":"As\u00ed es Pylos"}]},{"@type":"WebSite","@id":"https:\/\/www.dattamagazine.com\/#website","url":"https:\/\/www.dattamagazine.com\/","name":"Marketing Agency","description":"","publisher":{"@id":"https:\/\/www.dattamagazine.com\/#organization"},"potentialAction":[{"@type":"SearchAction","target":{"@type":"EntryPoint","urlTemplate":"https:\/\/www.dattamagazine.com\/?s={search_term_string}"},"query-input":{"@type":"PropertyValueSpecification","valueRequired":true,"valueName":"search_term_string"}}],"inLanguage":"en-US"},{"@type":"Organization","@id":"https:\/\/www.dattamagazine.com\/#organization","name":"Marketing Agency","url":"https:\/\/www.dattamagazine.com\/","logo":{"@type":"ImageObject","inLanguage":"en-US","@id":"https:\/\/www.dattamagazine.com\/#\/schema\/logo\/image\/","url":"https:\/\/www.dattamagazine.com\/wp-content\/uploads\/2025\/05\/logo-agency.png","contentUrl":"https:\/\/www.dattamagazine.com\/wp-content\/uploads\/2025\/05\/logo-agency.png","width":200,"height":200,"caption":"Marketing Agency"},"image":{"@id":"https:\/\/www.dattamagazine.com\/#\/schema\/logo\/image\/"}}]}},"_links":{"self":[{"href":"https:\/\/www.dattamagazine.com\/index.php\/wp-json\/wp\/v2\/pages\/78","targetHints":{"allow":["GET"]}}],"collection":[{"href":"https:\/\/www.dattamagazine.com\/index.php\/wp-json\/wp\/v2\/pages"}],"about":[{"href":"https:\/\/www.dattamagazine.com\/index.php\/wp-json\/wp\/v2\/types\/page"}],"author":[{"embeddable":true,"href":"https:\/\/www.dattamagazine.com\/index.php\/wp-json\/wp\/v2\/users\/1"}],"replies":[{"embeddable":true,"href":"https:\/\/www.dattamagazine.com\/index.php\/wp-json\/wp\/v2\/comments?post=78"}],"version-history":[{"count":2,"href":"https:\/\/www.dattamagazine.com\/index.php\/wp-json\/wp\/v2\/pages\/78\/revisions"}],"predecessor-version":[{"id":116,"href":"https:\/\/www.dattamagazine.com\/index.php\/wp-json\/wp\/v2\/pages\/78\/revisions\/116"}],"wp:attachment":[{"href":"https:\/\/www.dattamagazine.com\/index.php\/wp-json\/wp\/v2\/media?parent=78"}],"curies":[{"name":"wp","href":"https:\/\/api.w.org\/{rel}","templated":true}]}}