{"id":77,"date":"2025-05-07T23:38:56","date_gmt":"2025-05-07T23:38:56","guid":{"rendered":"https:\/\/www.dattamagazine.com\/?page_id=77"},"modified":"2025-05-19T19:12:09","modified_gmt":"2025-05-19T19:12:09","slug":"newsjacking","status":"publish","type":"page","link":"https:\/\/www.dattamagazine.com\/newsjacking-el-contenido-que-se-sube-a-los-temas-de-actualidad\/","title":{"rendered":"Newsjacking"},"content":{"rendered":"\n<div class=\"wp-block-cover alignfull is-light\" style=\"min-height:600px;aspect-ratio:unset;\"><span aria-hidden=\"true\" class=\"wp-block-cover__background has-nv-light-bg-background-color has-background-dim-0 has-background-dim\"><\/span><div class=\"wp-block-cover__inner-container is-layout-flow wp-block-cover-is-layout-flow\">\n<div class=\"wp-block-group\"><div class=\"wp-block-group__inner-container is-layout-flow wp-block-group-is-layout-flow\">\n<div style=\"height:80px\" aria-hidden=\"true\" class=\"wp-block-spacer\"><\/div>\n\n\n\n<div class=\"wp-block-columns is-layout-flex wp-container-core-columns-is-layout-9d6595d7 wp-block-columns-is-layout-flex\">\n<div class=\"wp-block-column is-vertically-aligned-top has-neve-text-color-color has-text-color has-link-color wp-elements-b1da697a6c6458f20b9b52270ca30c6a is-layout-flow wp-block-column-is-layout-flow\" style=\"padding-right:var(--wp--preset--spacing--30);padding-left:var(--wp--preset--spacing--30);flex-basis:100%\">\n<div class=\"wp-block-cover has-custom-content-position is-position-bottom-left has-border-color\" style=\"border-color:#333333;border-width:15px;min-height:430px;aspect-ratio:unset;\"><img loading=\"lazy\" decoding=\"async\" width=\"870\" height=\"370\" class=\"wp-block-cover__image-background wp-image-110 size-full\" alt=\"Newsjacking\" src=\"https:\/\/www.dattamagazine.com\/wp-content\/uploads\/2025\/05\/mic-1.jpg\" data-object-fit=\"cover\" srcset=\"https:\/\/www.dattamagazine.com\/wp-content\/uploads\/2025\/05\/mic-1.jpg 870w, https:\/\/www.dattamagazine.com\/wp-content\/uploads\/2025\/05\/mic-1-300x128.jpg 300w, https:\/\/www.dattamagazine.com\/wp-content\/uploads\/2025\/05\/mic-1-768x327.jpg 768w\" sizes=\"auto, (max-width: 870px) 100vw, 870px\" \/><span aria-hidden=\"true\" class=\"wp-block-cover__background has-background-dim-0 has-background-dim\" style=\"background-color:#32281a\"><\/span><div class=\"wp-block-cover__inner-container is-layout-flow wp-block-cover-is-layout-flow\">\n<p class=\"has-text-align-center has-large-font-size\"><\/p>\n<\/div><\/div>\n\n\n\n<p><\/p>\n\n\n\n<h1 class=\"wp-block-heading has-neve-link-color-color has-text-color has-link-color has-large-font-size wp-elements-3344d6b20e8587a5d7bc3a92b8407e78\" style=\"font-style:normal;font-weight:100\">Newsjacking: El contenido que se sube a los temas de actualidad<\/h1>\n\n\n\n<p>Con la era de contenido digital se abren nuevas opciones de redacci\u00f3n destinadas a participar de campa\u00f1as de marketing. El newsjacking es una de ellas y se basa en el aprovechamiento de un acontecimiento noticioso para resaltar la importancia de una marca. \u00bfC\u00f3mo hacerlo y c\u00f3mo asegurar el \u00e9xito de este tipo de campa\u00f1as?<br>El contenido para el marketing digital es fundamental, s\u00f3lo que hay que saber qu\u00e9 decir, en qu\u00e9 momento y c\u00f3mo difundirlo. Por este camino es que se transita la modalidad del mercado online que desde el boom de las redes sociales ha ganado protagonismo, el Newsjacking.<\/p>\n\n\n\n<p>El t\u00e9rmino lo indica: \u201csecuestrar noticias\u201d, esto es que, con un poco de arte y conocimiento en el tema, realizar una campa\u00f1a de newsjacking implica estar atento a los acontecimientos noticiables y aprovecharlos a favor de una marca. Esto no significa que la marca en s\u00ed misma sea noticia, sino que, se enlazar\u00e1 a un hecho noticiable del que todos hablan para involucrarse y lograr reconocimiento.<\/p>\n\n\n\n<p>En concreto, es el arte de crear contenido a partir de un acontecimiento de m\u00e1xima importancia y que de alguna manera est\u00e9 relacionado con la marca. Este contenido puede ser una pieza gr\u00e1fica o un texto de 140 caracteres en Twitter, lo que no puede faltar es el nombre de la marca y la relaci\u00f3n directa con el hecho informativo y el flujo de inter\u00e9s que el acontecimiento provoca.<\/p>\n\n\n\n<p>Este tipo de campa\u00f1as requieren de una m\u00e1xima concentraci\u00f3n y dedicaci\u00f3n puesto que la rapidez con la que se capte el momento auspicioso, la presura con la que se dise\u00f1e y concrete el contenido y la inmediatez con la que se comparta, ser\u00e1n fundamentales para su \u00e9xito.<\/p>\n\n\n\n<p>Para este tipo de marketing, las noticias de actualidad se convierten en una oportunidad que sabiendo explotarla con creatividad y tacto pueden ser m\u00e1s efectivas que la instalaci\u00f3n de un anuncio pago por clic. Incluso existen casos que han demostrado que a\u00fan cuando la repercusi\u00f3n no pareciera mayor, la pieza de newsjacking logr\u00f3 un buen n\u00famero de impresiones.<\/p>\n\n\n\n<p>No cualquier noticia puede servir para estos fines, es importante que el newsjacker sepa distinguir qu\u00e9 acontecimientos interesan a la audiencia de la marca, y al mismo tiempo, que pueda generar el contenido necesario como para responder en tiempo real al impacto de esa noticia.<\/p>\n\n\n\n<p>Por consecuencia, es necesario comprender cuando una informaci\u00f3n es importante pero no tiene gran repercusi\u00f3n, de otra que adem\u00e1s tenga repercusi\u00f3n medi\u00e1tica y que sea estrictamente importante para el cliente de la marca. Se suele decir que un newsjacking limpio no desaprovecha eventos como recitales de figuras destacadas o encuentros deportivos definitorios, como noticias en donde no corra riesgos de tocar temas impertinentes o demasiado sensibles para la sociedad.<\/p>\n\n\n\n<h3 class=\"wp-block-heading has-neve-link-color-color has-text-color has-link-color wp-elements-4b5f57abc96cf15e5a5338f4ffa5d693\">La delgada frontera de la rapidez<\/h3>\n\n\n\n<p>Este tipo de tareas son muy arriesgadas y corresponde tener enfrente de estas campa\u00f1as a personas muy capaces de manejar sus emociones en la creaci\u00f3n del contenido. Esta aclaraci\u00f3n es pertinente debido a que de nada sirve una pieza con mucha creatividad, instalada en tiempo real pero cuya relevancia no sea acorde con la audiencia o que hasta sea de mal gusto para tales. En estos casos la estrategia terminar\u00e1 siendo contraproducente para la reputaci\u00f3n de la marca.<\/p>\n\n\n\n<p>Tambi\u00e9n puede causar un efecto negativo la instalaci\u00f3n inapropiada de un mensaje, tanto as\u00ed como generarlo de manera repetida y que esto sature a la audiencia, como instalarlo varias horas despu\u00e9s de que aconteci\u00f3 el hecho noticiable, lo que termina por pasar desapercibido y hasta fuera de tiempo.<\/p>\n\n\n\n<p>En este sentido, es preciso estudiar las tendencias, auditar las interacciones de la audiencia para medir temas como pol\u00edtica, econom\u00eda o religi\u00f3n de manera de generar una postura general y saber c\u00f3mo actuar con tacto al respecto. Por \u00faltimo, manejar ciertos temas relevantes para la audiencia tanto as\u00ed como lo necesario que nos permita adelantarnos a los hechos.<\/p>\n\n\n\n<p>Si bien un newsjacker no puede saber con precisi\u00f3n lo que suceder\u00e1, si puede prever o, al menos, tener analizado c\u00f3mo podr\u00eda reaccionar la audiencia ante un hecho. Esto ayudar\u00e1 mucho a no generar contenido ofensivo o molesto para algunos.<\/p>\n\n\n\n<p>Vale aclarar que no es posible ofrecer a una marca una campa\u00f1a de tal o cual manera y esto es porque no siempre se da una clara oportunidad para este tipo de marketing. Sin embargo, ciertas pautas permiten garantizar que se puede realizar de forma eficiente cuando nos permitimos rapidez, creatividad, humor inteligente, confecci\u00f3n detallista y responsable del contenido.<\/p>\n\n\n\n<h3 class=\"wp-block-heading has-neve-link-color-color has-text-color has-link-color wp-elements-c23d936ae15eff351908edd004df9a73\">Los resultados<\/h3>\n\n\n\n<p>Dada la rapidez y la sincronizaci \u00f3n con la que se deben llevar a cabo las campa\u00f1as de newsjacking no siempre podemos tener un \u00e9xito asegurado, aunque s\u00ed debemos estar seguros de que no se convertir\u00e1 en un retroceso de nuestro trabajo.<\/p>\n\n\n\n<p>A grandes rasgos se reconoce un ciclo natural de los hechos noticiables que es donde se introduce el newsjacker con su versatilidad. En principio, nace la noticia, luego los medios rastrean informaci\u00f3n, crece la curiosidad de la audiencia alcanzando el m\u00e1ximo de repercusi\u00f3n hasta que se diluye con el tiempo, esto puede resultar en d\u00edas o, incluso, horas. Justo cuando nace la noticia, es el momento en que debe actuar el newsjacker.<\/p>\n\n\n\n<p>El caso que se reconoce como de mayor repercusi\u00f3n es un newsjacking de Oreo que public\u00f3 en Twitter una foto negra con una galleta de la marca y la frase \u201cYou can still dunk in the dark\u201d, el tuit dec\u00eda \u201cPower out? No problem\u201d. Esto se subi\u00f3 a la red social segundos despu\u00e9s de que se diera un apag\u00f3n durante el Superbowl en el a\u00f1o 2013.<\/p>\n\n\n\n<p>En contrapartida, la muerte del l\u00edder Nelsol Mandela fue bien manejada como estrategia por Librer\u00edas Gandhi, quien public\u00f3 en Twitter veinte minutos despu\u00e9s de que se diera a conocer la noticia: \u201cLamentamos el fallecimiento del pacifista sudafricano Nelson Mandela gran defensor de la dignidad y la libertad\u201d. Cinco horas despu\u00e9s, la cadena de hoteles City Express tambi\u00e9n public\u00f3 sobre el tema: \u201c10 Frases inspiradoras de #NelsonMandela\u201d y aunque se tom\u00f3 la molestia de usar el hashtag el tiempo transcurrido bast\u00f3 para que el intento fuera fallido.<\/p>\n\n\n\n<p>Como pudimos apreciar no se trata de confeccionar notas extensas, ni de aprovechar todos los recursos online como palabras claves, hashtags, etiquetas y arrobas. Cuando se trata de newsjacking basta con saber manejar el tiempo y conocer al dedillo la audiencia de la marca para generar una impecable pieza que obtenga muy buenas impresiones.<\/p>\n<\/div>\n<\/div>\n<\/div><\/div>\n<\/div><\/div>\n\n\n\n<div class=\"wp-block-cover alignfull\" style=\"min-height:300px;aspect-ratio:unset;\"><span aria-hidden=\"true\" class=\"wp-block-cover__background has-neve-text-color-background-color has-background-dim-100 has-background-dim\"><\/span><div class=\"wp-block-cover__inner-container is-layout-flow wp-block-cover-is-layout-flow\">\n<div style=\"height:40px\" aria-hidden=\"true\" class=\"wp-block-spacer\"><\/div>\n\n\n\n<figure class=\"wp-block-image size-full\"><img loading=\"lazy\" decoding=\"async\" width=\"522\" height=\"38\" src=\"https:\/\/www.dattamagazine.com\/wp-content\/uploads\/2025\/05\/logo-1.png\" alt=\"logo\" class=\"wp-image-70\" srcset=\"https:\/\/www.dattamagazine.com\/wp-content\/uploads\/2025\/05\/logo-1.png 522w, https:\/\/www.dattamagazine.com\/wp-content\/uploads\/2025\/05\/logo-1-300x22.png 300w\" sizes=\"auto, (max-width: 522px) 100vw, 522px\" \/><\/figure>\n\n\n\n<p>HERRAMIENTAS PARA USUARIOS E INSPIRACI\u00d3N PARA CREADORES<\/p>\n\n\n\n<p class=\"has-text-align-center\">Copyright \u00a92025 DattaMagazine.  All Rights Reserved.<\/p>\n\n\n\n<div aria-hidden=\"true\" class=\"wp-block-spacer\"><\/div>\n<\/div><\/div>\n","protected":false},"excerpt":{"rendered":"","protected":false},"author":1,"featured_media":0,"parent":0,"menu_order":0,"comment_status":"closed","ping_status":"closed","template":"","meta":{"neve_meta_sidebar":"","neve_meta_container":"default","neve_meta_enable_content_width":"on","neve_meta_content_width":100,"neve_meta_title_alignment":"","neve_meta_author_avatar":"","neve_post_elements_order":"","neve_meta_disable_header":"","neve_meta_disable_footer":"on","neve_meta_disable_title":"on","footnotes":""},"class_list":["post-77","page","type-page","status-publish","hentry"],"yoast_head":"<!-- This site is optimized with the Yoast SEO plugin v25.0 - https:\/\/yoast.com\/wordpress\/plugins\/seo\/ -->\n<title>Newsjacking: El contenido que se sube a los temas de actualidad | DattaMagazine<\/title>\n<meta name=\"description\" content=\"Con la era de contenido digital se abren nuevas opciones de redacci\u00f3n destinadas a participar de campa\u00f1as de marketing\" \/>\n<meta name=\"robots\" content=\"index, follow, max-snippet:-1, max-image-preview:large, max-video-preview:-1\" \/>\n<link rel=\"canonical\" href=\"https:\/\/www.dattamagazine.com\/newsjacking-el-contenido-que-se-sube-a-los-temas-de-actualidad\/\" \/>\n<meta property=\"og:locale\" content=\"en_US\" \/>\n<meta property=\"og:type\" content=\"article\" \/>\n<meta property=\"og:title\" content=\"Newsjacking: El contenido que se sube a los temas de actualidad | DattaMagazine\" \/>\n<meta property=\"og:description\" content=\"Con la era de contenido digital se abren nuevas opciones de redacci\u00f3n destinadas a participar de campa\u00f1as de marketing\" \/>\n<meta property=\"og:url\" content=\"https:\/\/www.dattamagazine.com\/newsjacking-el-contenido-que-se-sube-a-los-temas-de-actualidad\/\" \/>\n<meta property=\"og:site_name\" content=\"Marketing Agency\" \/>\n<meta property=\"article:modified_time\" content=\"2025-05-19T19:12:09+00:00\" \/>\n<meta property=\"og:image\" content=\"https:\/\/www.dattamagazine.com\/wp-content\/uploads\/2025\/05\/mic-1.jpg\" \/>\n<meta name=\"twitter:card\" content=\"summary_large_image\" \/>\n<meta name=\"twitter:label1\" content=\"Est. reading time\" \/>\n\t<meta name=\"twitter:data1\" content=\"6 minutes\" \/>\n<script type=\"application\/ld+json\" class=\"yoast-schema-graph\">{\"@context\":\"https:\/\/schema.org\",\"@graph\":[{\"@type\":\"WebPage\",\"@id\":\"https:\/\/www.dattamagazine.com\/newsjacking-el-contenido-que-se-sube-a-los-temas-de-actualidad\/\",\"url\":\"https:\/\/www.dattamagazine.com\/newsjacking-el-contenido-que-se-sube-a-los-temas-de-actualidad\/\",\"name\":\"Newsjacking: El contenido que se sube a los temas de actualidad | DattaMagazine\",\"isPartOf\":{\"@id\":\"https:\/\/www.dattamagazine.com\/#website\"},\"primaryImageOfPage\":{\"@id\":\"https:\/\/www.dattamagazine.com\/newsjacking-el-contenido-que-se-sube-a-los-temas-de-actualidad\/#primaryimage\"},\"image\":{\"@id\":\"https:\/\/www.dattamagazine.com\/newsjacking-el-contenido-que-se-sube-a-los-temas-de-actualidad\/#primaryimage\"},\"thumbnailUrl\":\"https:\/\/www.dattamagazine.com\/wp-content\/uploads\/2025\/05\/mic-1.jpg\",\"datePublished\":\"2025-05-07T23:38:56+00:00\",\"dateModified\":\"2025-05-19T19:12:09+00:00\",\"description\":\"Con la era de contenido digital se abren nuevas opciones de redacci\u00f3n destinadas a participar de campa\u00f1as de marketing\",\"breadcrumb\":{\"@id\":\"https:\/\/www.dattamagazine.com\/newsjacking-el-contenido-que-se-sube-a-los-temas-de-actualidad\/#breadcrumb\"},\"inLanguage\":\"en-US\",\"potentialAction\":[{\"@type\":\"ReadAction\",\"target\":[\"https:\/\/www.dattamagazine.com\/newsjacking-el-contenido-que-se-sube-a-los-temas-de-actualidad\/\"]}]},{\"@type\":\"ImageObject\",\"inLanguage\":\"en-US\",\"@id\":\"https:\/\/www.dattamagazine.com\/newsjacking-el-contenido-que-se-sube-a-los-temas-de-actualidad\/#primaryimage\",\"url\":\"https:\/\/www.dattamagazine.com\/wp-content\/uploads\/2025\/05\/mic-1.jpg\",\"contentUrl\":\"https:\/\/www.dattamagazine.com\/wp-content\/uploads\/2025\/05\/mic-1.jpg\",\"width\":870,\"height\":370},{\"@type\":\"BreadcrumbList\",\"@id\":\"https:\/\/www.dattamagazine.com\/newsjacking-el-contenido-que-se-sube-a-los-temas-de-actualidad\/#breadcrumb\",\"itemListElement\":[{\"@type\":\"ListItem\",\"position\":1,\"name\":\"Home\",\"item\":\"https:\/\/www.dattamagazine.com\/\"},{\"@type\":\"ListItem\",\"position\":2,\"name\":\"Newsjacking\"}]},{\"@type\":\"WebSite\",\"@id\":\"https:\/\/www.dattamagazine.com\/#website\",\"url\":\"https:\/\/www.dattamagazine.com\/\",\"name\":\"Marketing Agency\",\"description\":\"\",\"publisher\":{\"@id\":\"https:\/\/www.dattamagazine.com\/#organization\"},\"potentialAction\":[{\"@type\":\"SearchAction\",\"target\":{\"@type\":\"EntryPoint\",\"urlTemplate\":\"https:\/\/www.dattamagazine.com\/?s={search_term_string}\"},\"query-input\":{\"@type\":\"PropertyValueSpecification\",\"valueRequired\":true,\"valueName\":\"search_term_string\"}}],\"inLanguage\":\"en-US\"},{\"@type\":\"Organization\",\"@id\":\"https:\/\/www.dattamagazine.com\/#organization\",\"name\":\"Marketing Agency\",\"url\":\"https:\/\/www.dattamagazine.com\/\",\"logo\":{\"@type\":\"ImageObject\",\"inLanguage\":\"en-US\",\"@id\":\"https:\/\/www.dattamagazine.com\/#\/schema\/logo\/image\/\",\"url\":\"https:\/\/www.dattamagazine.com\/wp-content\/uploads\/2025\/05\/logo-agency.png\",\"contentUrl\":\"https:\/\/www.dattamagazine.com\/wp-content\/uploads\/2025\/05\/logo-agency.png\",\"width\":200,\"height\":200,\"caption\":\"Marketing Agency\"},\"image\":{\"@id\":\"https:\/\/www.dattamagazine.com\/#\/schema\/logo\/image\/\"}}]}<\/script>\n<!-- \/ Yoast SEO plugin. -->","yoast_head_json":{"title":"Newsjacking: El contenido que se sube a los temas de actualidad | DattaMagazine","description":"Con la era de contenido digital se abren nuevas opciones de redacci\u00f3n destinadas a participar de campa\u00f1as de marketing","robots":{"index":"index","follow":"follow","max-snippet":"max-snippet:-1","max-image-preview":"max-image-preview:large","max-video-preview":"max-video-preview:-1"},"canonical":"https:\/\/www.dattamagazine.com\/newsjacking-el-contenido-que-se-sube-a-los-temas-de-actualidad\/","og_locale":"en_US","og_type":"article","og_title":"Newsjacking: El contenido que se sube a los temas de actualidad | DattaMagazine","og_description":"Con la era de contenido digital se abren nuevas opciones de redacci\u00f3n destinadas a participar de campa\u00f1as de marketing","og_url":"https:\/\/www.dattamagazine.com\/newsjacking-el-contenido-que-se-sube-a-los-temas-de-actualidad\/","og_site_name":"Marketing Agency","article_modified_time":"2025-05-19T19:12:09+00:00","og_image":[{"url":"https:\/\/www.dattamagazine.com\/wp-content\/uploads\/2025\/05\/mic-1.jpg","type":"","width":"","height":""}],"twitter_card":"summary_large_image","twitter_misc":{"Est. reading time":"6 minutes"},"schema":{"@context":"https:\/\/schema.org","@graph":[{"@type":"WebPage","@id":"https:\/\/www.dattamagazine.com\/newsjacking-el-contenido-que-se-sube-a-los-temas-de-actualidad\/","url":"https:\/\/www.dattamagazine.com\/newsjacking-el-contenido-que-se-sube-a-los-temas-de-actualidad\/","name":"Newsjacking: El contenido que se sube a los temas de actualidad | DattaMagazine","isPartOf":{"@id":"https:\/\/www.dattamagazine.com\/#website"},"primaryImageOfPage":{"@id":"https:\/\/www.dattamagazine.com\/newsjacking-el-contenido-que-se-sube-a-los-temas-de-actualidad\/#primaryimage"},"image":{"@id":"https:\/\/www.dattamagazine.com\/newsjacking-el-contenido-que-se-sube-a-los-temas-de-actualidad\/#primaryimage"},"thumbnailUrl":"https:\/\/www.dattamagazine.com\/wp-content\/uploads\/2025\/05\/mic-1.jpg","datePublished":"2025-05-07T23:38:56+00:00","dateModified":"2025-05-19T19:12:09+00:00","description":"Con la era de contenido digital se abren nuevas opciones de redacci\u00f3n destinadas a participar de campa\u00f1as de marketing","breadcrumb":{"@id":"https:\/\/www.dattamagazine.com\/newsjacking-el-contenido-que-se-sube-a-los-temas-de-actualidad\/#breadcrumb"},"inLanguage":"en-US","potentialAction":[{"@type":"ReadAction","target":["https:\/\/www.dattamagazine.com\/newsjacking-el-contenido-que-se-sube-a-los-temas-de-actualidad\/"]}]},{"@type":"ImageObject","inLanguage":"en-US","@id":"https:\/\/www.dattamagazine.com\/newsjacking-el-contenido-que-se-sube-a-los-temas-de-actualidad\/#primaryimage","url":"https:\/\/www.dattamagazine.com\/wp-content\/uploads\/2025\/05\/mic-1.jpg","contentUrl":"https:\/\/www.dattamagazine.com\/wp-content\/uploads\/2025\/05\/mic-1.jpg","width":870,"height":370},{"@type":"BreadcrumbList","@id":"https:\/\/www.dattamagazine.com\/newsjacking-el-contenido-que-se-sube-a-los-temas-de-actualidad\/#breadcrumb","itemListElement":[{"@type":"ListItem","position":1,"name":"Home","item":"https:\/\/www.dattamagazine.com\/"},{"@type":"ListItem","position":2,"name":"Newsjacking"}]},{"@type":"WebSite","@id":"https:\/\/www.dattamagazine.com\/#website","url":"https:\/\/www.dattamagazine.com\/","name":"Marketing Agency","description":"","publisher":{"@id":"https:\/\/www.dattamagazine.com\/#organization"},"potentialAction":[{"@type":"SearchAction","target":{"@type":"EntryPoint","urlTemplate":"https:\/\/www.dattamagazine.com\/?s={search_term_string}"},"query-input":{"@type":"PropertyValueSpecification","valueRequired":true,"valueName":"search_term_string"}}],"inLanguage":"en-US"},{"@type":"Organization","@id":"https:\/\/www.dattamagazine.com\/#organization","name":"Marketing Agency","url":"https:\/\/www.dattamagazine.com\/","logo":{"@type":"ImageObject","inLanguage":"en-US","@id":"https:\/\/www.dattamagazine.com\/#\/schema\/logo\/image\/","url":"https:\/\/www.dattamagazine.com\/wp-content\/uploads\/2025\/05\/logo-agency.png","contentUrl":"https:\/\/www.dattamagazine.com\/wp-content\/uploads\/2025\/05\/logo-agency.png","width":200,"height":200,"caption":"Marketing Agency"},"image":{"@id":"https:\/\/www.dattamagazine.com\/#\/schema\/logo\/image\/"}}]}},"_links":{"self":[{"href":"https:\/\/www.dattamagazine.com\/index.php\/wp-json\/wp\/v2\/pages\/77","targetHints":{"allow":["GET"]}}],"collection":[{"href":"https:\/\/www.dattamagazine.com\/index.php\/wp-json\/wp\/v2\/pages"}],"about":[{"href":"https:\/\/www.dattamagazine.com\/index.php\/wp-json\/wp\/v2\/types\/page"}],"author":[{"embeddable":true,"href":"https:\/\/www.dattamagazine.com\/index.php\/wp-json\/wp\/v2\/users\/1"}],"replies":[{"embeddable":true,"href":"https:\/\/www.dattamagazine.com\/index.php\/wp-json\/wp\/v2\/comments?post=77"}],"version-history":[{"count":3,"href":"https:\/\/www.dattamagazine.com\/index.php\/wp-json\/wp\/v2\/pages\/77\/revisions"}],"predecessor-version":[{"id":267,"href":"https:\/\/www.dattamagazine.com\/index.php\/wp-json\/wp\/v2\/pages\/77\/revisions\/267"}],"wp:attachment":[{"href":"https:\/\/www.dattamagazine.com\/index.php\/wp-json\/wp\/v2\/media?parent=77"}],"curies":[{"name":"wp","href":"https:\/\/api.w.org\/{rel}","templated":true}]}}