{"id":76,"date":"2025-05-07T23:29:07","date_gmt":"2025-05-07T23:29:07","guid":{"rendered":"https:\/\/www.dattamagazine.com\/?page_id=76"},"modified":"2025-05-19T19:10:54","modified_gmt":"2025-05-19T19:10:54","slug":"ces-2016","status":"publish","type":"page","link":"https:\/\/www.dattamagazine.com\/ces-2016-las-vegas-se-viste-de-gala-para-anunciar-los-productos-tech-que-revolucionaran-la-industria\/","title":{"rendered":"CES 2016"},"content":{"rendered":"\n<div class=\"wp-block-cover alignfull is-light\" style=\"min-height:600px;aspect-ratio:unset;\"><span aria-hidden=\"true\" class=\"wp-block-cover__background has-nv-light-bg-background-color has-background-dim-0 has-background-dim\"><\/span><div class=\"wp-block-cover__inner-container is-layout-flow wp-block-cover-is-layout-flow\">\n<div class=\"wp-block-group\"><div class=\"wp-block-group__inner-container is-layout-flow wp-block-group-is-layout-flow\">\n<div style=\"height:80px\" aria-hidden=\"true\" class=\"wp-block-spacer\"><\/div>\n\n\n\n<div class=\"wp-block-columns is-layout-flex wp-container-core-columns-is-layout-9d6595d7 wp-block-columns-is-layout-flex\">\n<div class=\"wp-block-column is-vertically-aligned-top has-neve-text-color-color has-text-color has-link-color wp-elements-289f496afc8fe473d0517c5b856ce406 is-layout-flow wp-block-column-is-layout-flow\" style=\"padding-right:var(--wp--preset--spacing--30);padding-left:var(--wp--preset--spacing--30);flex-basis:100%\">\n<div class=\"wp-block-cover has-custom-content-position is-position-bottom-left has-border-color\" style=\"border-color:#333333;border-width:15px;min-height:430px;aspect-ratio:unset;\"><img loading=\"lazy\" decoding=\"async\" width=\"870\" height=\"370\" class=\"wp-block-cover__image-background wp-image-50\" alt=\"CES 2016\" src=\"https:\/\/www.dattamagazine.com\/wp-content\/uploads\/2025\/05\/auto.jpg\" data-object-fit=\"cover\" srcset=\"https:\/\/www.dattamagazine.com\/wp-content\/uploads\/2025\/05\/auto.jpg 870w, https:\/\/www.dattamagazine.com\/wp-content\/uploads\/2025\/05\/auto-300x128.jpg 300w, https:\/\/www.dattamagazine.com\/wp-content\/uploads\/2025\/05\/auto-768x327.jpg 768w\" sizes=\"auto, (max-width: 870px) 100vw, 870px\" \/><span aria-hidden=\"true\" class=\"wp-block-cover__background has-background-dim-0 has-background-dim\"><\/span><div class=\"wp-block-cover__inner-container is-layout-flow wp-block-cover-is-layout-flow\">\n<p class=\"has-text-align-center has-large-font-size\"><\/p>\n<\/div><\/div>\n\n\n\n<p><\/p>\n\n\n\n<h1 class=\"wp-block-heading has-neve-link-color-color has-text-color has-link-color has-large-font-size wp-elements-449108df5b183852456d8cde8eae4436\" style=\"font-style:normal;font-weight:100\">CES 2016, Las Vegas se Viste de Gala para Anunciar los Productos Tech que Revolucionaran la Industria<\/h1>\n\n\n\n<p><strong>Pantallas flexibles que se enrollan, relojes inteligentes de lujo y autos el\u00e9ctricos en una feria en donde se puede tener contacto con el futuro.<\/strong><\/p>\n\n\n\n<p>La feria CES no da respiro. En tan solo cuatro fren\u00e9ticos d\u00edas de exhibici\u00f3n (desde el 6 hasta el 9 de enero), la prensa mundial y el p\u00fablico general se pasean por los amplios booths de las principales firmas de tecnolog\u00eda para entrar en contacto con el futuro. Y es que en el Centro de Convenciones de Las Vegas se puede observar de cerca y experimentar en primera persona muchos de los productos tecnol\u00f3gicos que ser\u00e1n lanzados durante el corriente a\u00f1o.<\/p>\n\n\n\n<p>Un d\u00eda antes de la apertura de la feria se llev\u00f3 a cabo el cl\u00e1sico CES Unveiled, una serie de conferencias donde los periodistas buscan la esperada noticia off the records para publicar su esperada primicia.<\/p>\n\n\n\n<p>En materia de celulares, las compa\u00f1\u00edas suelen ser cautas, principalmente porque se reservan algunos anuncios para el Mobile World Congress que se realiza en Barcelona en el mes de febrero. De cualquier manera muchas firmas se adelantaron y presentaron algunos modelos interesantes. Entre las m\u00e1s destacadas se encuentran Huawei, ZTE, Alcatel One Touch, Asus, LG y Lenovo. El tel\u00e9fono destacado de la feria fue el Mate 8 de Huawei que cuenta con pantalla Full HD de 6\u201d, 3 GB de RAM y 32 GB de almacenamiento.<\/p>\n\n\n\n<p>LG, en esta ocasi\u00f3n, estuvo m\u00e1s abocada a los electrodom\u00e9sticos del futuro presentando una heladera con funci\u00f3n de Auto Cierre la cual autom\u00e1ticamente abre las puertas cuando una persona se aproxima al refrigerador. Tambi\u00e9n se destac\u00f3 el lavarropas LG Signature que posee una puerta con tapa transparente de 24 pulgadas y la posibilidad de hacerlo funcionar directamente desde el celular.<\/p>\n\n\n\n<p>Samsung tambi\u00e9n dijo presente con una heladera con una pantalla t\u00e1ctil en su frente desde la cual se puede revisar los alimentos disponibles sin necesidad de abrir la puerta.<\/p>\n\n\n\n<p>Sony es otra de las empresas que apuesta fuerte por la internet de las cosas (IoT) y aprovech\u00f3 la oportunidad para mostrar su l\u00ednea de productos Life Space UX dentro de la cual se destaca el parlante LED Bulb. Este se enrosca como una lampara regular y permite disfrutar de la m\u00fasica en forma inal\u00e1mbrica.<\/p>\n\n\n\n<p>Los Smartwatches y cascos de realidad virtual tambi\u00e9n fueron de la partida. Los primeros estuvieron representados por el Samsung Gear S2, los Jewel y Elegant fabricados por Huawei y con cristales Swarovski, el Blaze de Fitbit y la Force Band de Star Wars que sirve, adem\u00e1s, como control del robot BB-8.<\/p>\n\n\n\n<p>Entre los cascos y gafas se pudieron probar los nuevos Gear VR de Samsung, los reconocidos Oculus y se presentaron las Radar Pace, unos lentes de realidad aumentada de Intel que proporcionan a entusiastas del ejercicio f\u00edsico retroalimentaci\u00f3n y dados anal\u00edticos instant\u00e1neos, ayudando a perseguir y mejorar el rendimiento en tiempo real.<\/p>\n\n\n\n<p>Entre pantallas y computadoras se pudieron ver los nuevos equipos de Lenovo quien present\u00f3 un nuevo portfolio completo de la l\u00ednea X1, incluyendo la Tablet modular ThinkPad X1, la convertible ThinkPad X1 Yoga con pantalla OLED y la ThinkPad X1 Carbon, la ultrabook para empresas m\u00e1s liviana del mundo. Tambi\u00e9n Samsung present\u00f3 la Galaxy TabPro S 12\u201d que combina Windows 10 y un procesador Intel Core M.<\/p>\n\n\n\n<p>Por otra parte las pantallas estuvieron representadas por los nuevos televisores Ultra HD Premium, un salto cualitativo y una tecnolog\u00eda que ya incluyen productos de las firmas LG, Samsung, Panasonic y Sony.<\/p>\n\n\n\n<p>La que se llev\u00f3 todas las miradas fue LG que mostro su pantalla que se enrolla como un diario con un tama\u00f1o de 18\u201d.<\/p>\n\n\n\n<p>Como si de una feria de autos se tratase, el CES tambi\u00e9n mostr\u00f3 variados modelos de la industria automotor que incluyen tecnolog\u00eda de conectividad incorporada.<\/p>\n\n\n\n<p>Aun en 2016 la dependencia del petr\u00f3leo contin\u00faa siendo abrumadora pero, t\u00edmidamente, comienzan a observarse claros gestos de las grandes firmas. En tal sentido, Chevrolet mostr\u00f3 su nuevo Bolt EV, un auto el\u00e9ctrico de bajo costo que tiene una autonom\u00eda de 320 kil\u00f3metros con una sola carga.<\/p>\n\n\n\n<p>En la misma l\u00ednea Volkswagen present\u00f3 una nueva versi\u00f3n el\u00e9ctrica de su cl\u00e1sica combi. BMW tambi\u00e9n se sum\u00f3 a la propuesta con su coche el\u00e9ctrico i8, mientras que otras automotrices de la talla de Audi, Fiat Chrysler, General Motors, Ford Hyundai, Mercedes y Toyota invitaban a subirse al auto del futuro, muchos de ellos aut\u00f3nomos y con sistemas de entretenimiento a bordo.<\/p>\n<\/div>\n<\/div>\n<\/div><\/div>\n<\/div><\/div>\n\n\n\n<div class=\"wp-block-cover alignfull\" style=\"min-height:300px;aspect-ratio:unset;\"><span aria-hidden=\"true\" class=\"wp-block-cover__background has-neve-text-color-background-color has-background-dim-100 has-background-dim\"><\/span><div class=\"wp-block-cover__inner-container is-layout-flow wp-block-cover-is-layout-flow\">\n<div style=\"height:40px\" aria-hidden=\"true\" class=\"wp-block-spacer\"><\/div>\n\n\n\n<figure class=\"wp-block-image size-full\"><img loading=\"lazy\" decoding=\"async\" width=\"522\" height=\"38\" src=\"https:\/\/www.dattamagazine.com\/wp-content\/uploads\/2025\/05\/logo-1.png\" alt=\"logo\" class=\"wp-image-70\" srcset=\"https:\/\/www.dattamagazine.com\/wp-content\/uploads\/2025\/05\/logo-1.png 522w, https:\/\/www.dattamagazine.com\/wp-content\/uploads\/2025\/05\/logo-1-300x22.png 300w\" sizes=\"auto, (max-width: 522px) 100vw, 522px\" \/><\/figure>\n\n\n\n<p>HERRAMIENTAS PARA USUARIOS E INSPIRACI\u00d3N PARA CREADORES<\/p>\n\n\n\n<p class=\"has-text-align-center\">Copyright \u00a92025 DattaMagazine.  All Rights Reserved.<\/p>\n<\/div><\/div>\n","protected":false},"excerpt":{"rendered":"","protected":false},"author":1,"featured_media":0,"parent":0,"menu_order":0,"comment_status":"closed","ping_status":"closed","template":"","meta":{"neve_meta_sidebar":"","neve_meta_container":"default","neve_meta_enable_content_width":"on","neve_meta_content_width":100,"neve_meta_title_alignment":"","neve_meta_author_avatar":"","neve_post_elements_order":"","neve_meta_disable_header":"","neve_meta_disable_footer":"on","neve_meta_disable_title":"on","footnotes":""},"class_list":["post-76","page","type-page","status-publish","hentry"],"yoast_head":"<!-- This site is optimized with the Yoast SEO plugin v25.0 - https:\/\/yoast.com\/wordpress\/plugins\/seo\/ -->\n<title>CES 2016, Las Vegas se Viste de Gala para Anunciar los Productos Tech que Revolucionaran la Industria | DattaMagazine<\/title>\n<meta name=\"description\" content=\"Y es que en el Centro de Convenciones de Las Vegas se puede observar de cerca y experimentar en primera persona muchos...\" \/>\n<meta name=\"robots\" content=\"index, follow, max-snippet:-1, max-image-preview:large, max-video-preview:-1\" \/>\n<link rel=\"canonical\" href=\"https:\/\/www.dattamagazine.com\/ces-2016-las-vegas-se-viste-de-gala-para-anunciar-los-productos-tech-que-revolucionaran-la-industria\/\" \/>\n<meta property=\"og:locale\" content=\"en_US\" \/>\n<meta property=\"og:type\" content=\"article\" \/>\n<meta property=\"og:title\" content=\"CES 2016, Las Vegas se Viste de Gala para Anunciar los Productos Tech que Revolucionaran la Industria | DattaMagazine\" \/>\n<meta property=\"og:description\" content=\"Y es que en el Centro de Convenciones de Las Vegas se puede observar de cerca y experimentar en primera persona muchos...\" \/>\n<meta property=\"og:url\" content=\"https:\/\/www.dattamagazine.com\/ces-2016-las-vegas-se-viste-de-gala-para-anunciar-los-productos-tech-que-revolucionaran-la-industria\/\" \/>\n<meta property=\"og:site_name\" content=\"Marketing Agency\" \/>\n<meta property=\"article:modified_time\" content=\"2025-05-19T19:10:54+00:00\" \/>\n<meta property=\"og:image\" content=\"https:\/\/www.dattamagazine.com\/wp-content\/uploads\/2025\/05\/auto.jpg\" \/>\n<meta name=\"twitter:card\" content=\"summary_large_image\" \/>\n<meta name=\"twitter:label1\" content=\"Est. reading time\" \/>\n\t<meta name=\"twitter:data1\" content=\"4 minutes\" \/>\n<script type=\"application\/ld+json\" class=\"yoast-schema-graph\">{\"@context\":\"https:\/\/schema.org\",\"@graph\":[{\"@type\":\"WebPage\",\"@id\":\"https:\/\/www.dattamagazine.com\/ces-2016-las-vegas-se-viste-de-gala-para-anunciar-los-productos-tech-que-revolucionaran-la-industria\/\",\"url\":\"https:\/\/www.dattamagazine.com\/ces-2016-las-vegas-se-viste-de-gala-para-anunciar-los-productos-tech-que-revolucionaran-la-industria\/\",\"name\":\"CES 2016, Las Vegas se Viste de Gala para Anunciar los Productos Tech que Revolucionaran la Industria | DattaMagazine\",\"isPartOf\":{\"@id\":\"https:\/\/www.dattamagazine.com\/#website\"},\"primaryImageOfPage\":{\"@id\":\"https:\/\/www.dattamagazine.com\/ces-2016-las-vegas-se-viste-de-gala-para-anunciar-los-productos-tech-que-revolucionaran-la-industria\/#primaryimage\"},\"image\":{\"@id\":\"https:\/\/www.dattamagazine.com\/ces-2016-las-vegas-se-viste-de-gala-para-anunciar-los-productos-tech-que-revolucionaran-la-industria\/#primaryimage\"},\"thumbnailUrl\":\"https:\/\/www.dattamagazine.com\/wp-content\/uploads\/2025\/05\/auto.jpg\",\"datePublished\":\"2025-05-07T23:29:07+00:00\",\"dateModified\":\"2025-05-19T19:10:54+00:00\",\"description\":\"Y es que en el Centro de Convenciones de Las Vegas se puede observar de cerca y experimentar en primera persona muchos...\",\"breadcrumb\":{\"@id\":\"https:\/\/www.dattamagazine.com\/ces-2016-las-vegas-se-viste-de-gala-para-anunciar-los-productos-tech-que-revolucionaran-la-industria\/#breadcrumb\"},\"inLanguage\":\"en-US\",\"potentialAction\":[{\"@type\":\"ReadAction\",\"target\":[\"https:\/\/www.dattamagazine.com\/ces-2016-las-vegas-se-viste-de-gala-para-anunciar-los-productos-tech-que-revolucionaran-la-industria\/\"]}]},{\"@type\":\"ImageObject\",\"inLanguage\":\"en-US\",\"@id\":\"https:\/\/www.dattamagazine.com\/ces-2016-las-vegas-se-viste-de-gala-para-anunciar-los-productos-tech-que-revolucionaran-la-industria\/#primaryimage\",\"url\":\"https:\/\/www.dattamagazine.com\/wp-content\/uploads\/2025\/05\/auto.jpg\",\"contentUrl\":\"https:\/\/www.dattamagazine.com\/wp-content\/uploads\/2025\/05\/auto.jpg\",\"width\":870,\"height\":370},{\"@type\":\"BreadcrumbList\",\"@id\":\"https:\/\/www.dattamagazine.com\/ces-2016-las-vegas-se-viste-de-gala-para-anunciar-los-productos-tech-que-revolucionaran-la-industria\/#breadcrumb\",\"itemListElement\":[{\"@type\":\"ListItem\",\"position\":1,\"name\":\"Home\",\"item\":\"https:\/\/www.dattamagazine.com\/\"},{\"@type\":\"ListItem\",\"position\":2,\"name\":\"CES 2016\"}]},{\"@type\":\"WebSite\",\"@id\":\"https:\/\/www.dattamagazine.com\/#website\",\"url\":\"https:\/\/www.dattamagazine.com\/\",\"name\":\"Marketing Agency\",\"description\":\"\",\"publisher\":{\"@id\":\"https:\/\/www.dattamagazine.com\/#organization\"},\"potentialAction\":[{\"@type\":\"SearchAction\",\"target\":{\"@type\":\"EntryPoint\",\"urlTemplate\":\"https:\/\/www.dattamagazine.com\/?s={search_term_string}\"},\"query-input\":{\"@type\":\"PropertyValueSpecification\",\"valueRequired\":true,\"valueName\":\"search_term_string\"}}],\"inLanguage\":\"en-US\"},{\"@type\":\"Organization\",\"@id\":\"https:\/\/www.dattamagazine.com\/#organization\",\"name\":\"Marketing Agency\",\"url\":\"https:\/\/www.dattamagazine.com\/\",\"logo\":{\"@type\":\"ImageObject\",\"inLanguage\":\"en-US\",\"@id\":\"https:\/\/www.dattamagazine.com\/#\/schema\/logo\/image\/\",\"url\":\"https:\/\/www.dattamagazine.com\/wp-content\/uploads\/2025\/05\/logo-agency.png\",\"contentUrl\":\"https:\/\/www.dattamagazine.com\/wp-content\/uploads\/2025\/05\/logo-agency.png\",\"width\":200,\"height\":200,\"caption\":\"Marketing Agency\"},\"image\":{\"@id\":\"https:\/\/www.dattamagazine.com\/#\/schema\/logo\/image\/\"}}]}<\/script>\n<!-- \/ Yoast SEO plugin. -->","yoast_head_json":{"title":"CES 2016, Las Vegas se Viste de Gala para Anunciar los Productos Tech que Revolucionaran la Industria | DattaMagazine","description":"Y es que en el Centro de Convenciones de Las Vegas se puede observar de cerca y experimentar en primera persona muchos...","robots":{"index":"index","follow":"follow","max-snippet":"max-snippet:-1","max-image-preview":"max-image-preview:large","max-video-preview":"max-video-preview:-1"},"canonical":"https:\/\/www.dattamagazine.com\/ces-2016-las-vegas-se-viste-de-gala-para-anunciar-los-productos-tech-que-revolucionaran-la-industria\/","og_locale":"en_US","og_type":"article","og_title":"CES 2016, Las Vegas se Viste de Gala para Anunciar los Productos Tech que Revolucionaran la Industria | DattaMagazine","og_description":"Y es que en el Centro de Convenciones de Las Vegas se puede observar de cerca y experimentar en primera persona muchos...","og_url":"https:\/\/www.dattamagazine.com\/ces-2016-las-vegas-se-viste-de-gala-para-anunciar-los-productos-tech-que-revolucionaran-la-industria\/","og_site_name":"Marketing Agency","article_modified_time":"2025-05-19T19:10:54+00:00","og_image":[{"url":"https:\/\/www.dattamagazine.com\/wp-content\/uploads\/2025\/05\/auto.jpg","type":"","width":"","height":""}],"twitter_card":"summary_large_image","twitter_misc":{"Est. reading time":"4 minutes"},"schema":{"@context":"https:\/\/schema.org","@graph":[{"@type":"WebPage","@id":"https:\/\/www.dattamagazine.com\/ces-2016-las-vegas-se-viste-de-gala-para-anunciar-los-productos-tech-que-revolucionaran-la-industria\/","url":"https:\/\/www.dattamagazine.com\/ces-2016-las-vegas-se-viste-de-gala-para-anunciar-los-productos-tech-que-revolucionaran-la-industria\/","name":"CES 2016, Las Vegas se Viste de Gala para Anunciar los Productos Tech que Revolucionaran la Industria | DattaMagazine","isPartOf":{"@id":"https:\/\/www.dattamagazine.com\/#website"},"primaryImageOfPage":{"@id":"https:\/\/www.dattamagazine.com\/ces-2016-las-vegas-se-viste-de-gala-para-anunciar-los-productos-tech-que-revolucionaran-la-industria\/#primaryimage"},"image":{"@id":"https:\/\/www.dattamagazine.com\/ces-2016-las-vegas-se-viste-de-gala-para-anunciar-los-productos-tech-que-revolucionaran-la-industria\/#primaryimage"},"thumbnailUrl":"https:\/\/www.dattamagazine.com\/wp-content\/uploads\/2025\/05\/auto.jpg","datePublished":"2025-05-07T23:29:07+00:00","dateModified":"2025-05-19T19:10:54+00:00","description":"Y es que en el Centro de Convenciones de Las Vegas se puede observar de cerca y experimentar en primera persona muchos...","breadcrumb":{"@id":"https:\/\/www.dattamagazine.com\/ces-2016-las-vegas-se-viste-de-gala-para-anunciar-los-productos-tech-que-revolucionaran-la-industria\/#breadcrumb"},"inLanguage":"en-US","potentialAction":[{"@type":"ReadAction","target":["https:\/\/www.dattamagazine.com\/ces-2016-las-vegas-se-viste-de-gala-para-anunciar-los-productos-tech-que-revolucionaran-la-industria\/"]}]},{"@type":"ImageObject","inLanguage":"en-US","@id":"https:\/\/www.dattamagazine.com\/ces-2016-las-vegas-se-viste-de-gala-para-anunciar-los-productos-tech-que-revolucionaran-la-industria\/#primaryimage","url":"https:\/\/www.dattamagazine.com\/wp-content\/uploads\/2025\/05\/auto.jpg","contentUrl":"https:\/\/www.dattamagazine.com\/wp-content\/uploads\/2025\/05\/auto.jpg","width":870,"height":370},{"@type":"BreadcrumbList","@id":"https:\/\/www.dattamagazine.com\/ces-2016-las-vegas-se-viste-de-gala-para-anunciar-los-productos-tech-que-revolucionaran-la-industria\/#breadcrumb","itemListElement":[{"@type":"ListItem","position":1,"name":"Home","item":"https:\/\/www.dattamagazine.com\/"},{"@type":"ListItem","position":2,"name":"CES 2016"}]},{"@type":"WebSite","@id":"https:\/\/www.dattamagazine.com\/#website","url":"https:\/\/www.dattamagazine.com\/","name":"Marketing Agency","description":"","publisher":{"@id":"https:\/\/www.dattamagazine.com\/#organization"},"potentialAction":[{"@type":"SearchAction","target":{"@type":"EntryPoint","urlTemplate":"https:\/\/www.dattamagazine.com\/?s={search_term_string}"},"query-input":{"@type":"PropertyValueSpecification","valueRequired":true,"valueName":"search_term_string"}}],"inLanguage":"en-US"},{"@type":"Organization","@id":"https:\/\/www.dattamagazine.com\/#organization","name":"Marketing Agency","url":"https:\/\/www.dattamagazine.com\/","logo":{"@type":"ImageObject","inLanguage":"en-US","@id":"https:\/\/www.dattamagazine.com\/#\/schema\/logo\/image\/","url":"https:\/\/www.dattamagazine.com\/wp-content\/uploads\/2025\/05\/logo-agency.png","contentUrl":"https:\/\/www.dattamagazine.com\/wp-content\/uploads\/2025\/05\/logo-agency.png","width":200,"height":200,"caption":"Marketing Agency"},"image":{"@id":"https:\/\/www.dattamagazine.com\/#\/schema\/logo\/image\/"}}]}},"_links":{"self":[{"href":"https:\/\/www.dattamagazine.com\/index.php\/wp-json\/wp\/v2\/pages\/76","targetHints":{"allow":["GET"]}}],"collection":[{"href":"https:\/\/www.dattamagazine.com\/index.php\/wp-json\/wp\/v2\/pages"}],"about":[{"href":"https:\/\/www.dattamagazine.com\/index.php\/wp-json\/wp\/v2\/types\/page"}],"author":[{"embeddable":true,"href":"https:\/\/www.dattamagazine.com\/index.php\/wp-json\/wp\/v2\/users\/1"}],"replies":[{"embeddable":true,"href":"https:\/\/www.dattamagazine.com\/index.php\/wp-json\/wp\/v2\/comments?post=76"}],"version-history":[{"count":3,"href":"https:\/\/www.dattamagazine.com\/index.php\/wp-json\/wp\/v2\/pages\/76\/revisions"}],"predecessor-version":[{"id":266,"href":"https:\/\/www.dattamagazine.com\/index.php\/wp-json\/wp\/v2\/pages\/76\/revisions\/266"}],"wp:attachment":[{"href":"https:\/\/www.dattamagazine.com\/index.php\/wp-json\/wp\/v2\/media?parent=76"}],"curies":[{"name":"wp","href":"https:\/\/api.w.org\/{rel}","templated":true}]}}