{"id":66,"date":"2025-05-07T23:27:12","date_gmt":"2025-05-07T23:27:12","guid":{"rendered":"https:\/\/www.dattamagazine.com\/?page_id=66"},"modified":"2025-05-19T19:06:51","modified_gmt":"2025-05-19T19:06:51","slug":"iphone-7","status":"publish","type":"page","link":"https:\/\/www.dattamagazine.com\/iphone-7-las-ideas-mas-descabelladas-para-el-proximo-smartphone-de-apple\/","title":{"rendered":"iPhone 7"},"content":{"rendered":"\n<div class=\"wp-block-cover alignfull is-light\" style=\"min-height:600px;aspect-ratio:unset;\"><span aria-hidden=\"true\" class=\"wp-block-cover__background has-nv-light-bg-background-color has-background-dim-0 has-background-dim\"><\/span><div class=\"wp-block-cover__inner-container is-layout-flow wp-block-cover-is-layout-flow\">\n<div class=\"wp-block-group\"><div class=\"wp-block-group__inner-container is-layout-flow wp-block-group-is-layout-flow\">\n<div style=\"height:80px\" aria-hidden=\"true\" class=\"wp-block-spacer\"><\/div>\n\n\n\n<div class=\"wp-block-columns is-layout-flex wp-container-core-columns-is-layout-9d6595d7 wp-block-columns-is-layout-flex\">\n<div class=\"wp-block-column is-vertically-aligned-top has-neve-text-color-color has-text-color has-link-color wp-elements-35b04592eeb7a397388beaa3061069e9 is-layout-flow wp-block-column-is-layout-flow\" style=\"padding-right:var(--wp--preset--spacing--30);padding-left:var(--wp--preset--spacing--30);flex-basis:100%\">\n<div class=\"wp-block-cover is-light has-custom-content-position is-position-bottom-left has-border-color\" style=\"border-color:#333333;border-width:15px;min-height:430px;aspect-ratio:unset;\"><img loading=\"lazy\" decoding=\"async\" width=\"870\" height=\"370\" class=\"wp-block-cover__image-background wp-image-93 size-full\" alt=\"iPhone 7\" src=\"https:\/\/www.dattamagazine.com\/wp-content\/uploads\/2025\/05\/ipho-1.jpg\" data-object-fit=\"cover\" srcset=\"https:\/\/www.dattamagazine.com\/wp-content\/uploads\/2025\/05\/ipho-1.jpg 870w, https:\/\/www.dattamagazine.com\/wp-content\/uploads\/2025\/05\/ipho-1-300x128.jpg 300w, https:\/\/www.dattamagazine.com\/wp-content\/uploads\/2025\/05\/ipho-1-768x327.jpg 768w\" sizes=\"auto, (max-width: 870px) 100vw, 870px\" \/><span aria-hidden=\"true\" class=\"wp-block-cover__background has-background-dim-0 has-background-dim\" style=\"background-color:#6e888d\"><\/span><div class=\"wp-block-cover__inner-container is-layout-flow wp-block-cover-is-layout-flow\">\n<p class=\"has-text-align-center has-large-font-size\"><\/p>\n<\/div><\/div>\n\n\n\n<p><\/p>\n\n\n\n<h1 class=\"wp-block-heading has-neve-link-color-color has-text-color has-link-color has-large-font-size wp-elements-732f28f97d98121b8c56d8b37d396100\" style=\"font-style:normal;font-weight:100\">iPhone 7: Las ideas m\u00e1s descabelladas para el pr\u00f3ximo smartphone de Apple<\/h1>\n\n\n\n<p><strong>Los modelos conceptuales no son exclusivos de la industria automotriz; el sector de los smartphones tambi\u00e9n tiene los suyos, cortes\u00eda de dise\u00f1adores que ponen su imaginaci\u00f3n al servicio de la Web. En esta ocasi\u00f3n repasamos un par de desarrollos conceptuales en torno a la l\u00ednea iPhone; intersant\u00edsimos, pero que Apple jam\u00e1s desarrollar\u00e1. Al menos eso creemos.<\/strong><\/p>\n\n\n\n<p>Si todo marcha como es costumbre, iPhone 7 ver\u00e1 la luz en septiembre de 2016. Y a pesar de que a\u00fan restan m\u00e1s de nueve meses para la aparici\u00f3n en escena del venidero smartphone de Apple, ya circulan numerosos rumores relativos a este producto. Tambi\u00e9n es costumbre y a nadie extra\u00f1a que los productos de la manzana generen esta expectativa.<\/p>\n\n\n\n<p>Recientemente, el sitio GforGames se hizo eco de un trascendido que apareci\u00f3 en la red social china Weibo, el cual se\u00f1alaba que la firma de Cupertino experimenta cinco versiones diferentes de iPhone para identificar cu\u00e1l ser\u00e1 la variable de innovaci\u00f3n de su l\u00ednea de tel\u00e9fonos para 2016. En rigor, luego de iPhone 6S y iPhone 6S Plus, se espera un salto evolutivo para el cambio de numeraci\u00f3n.<\/p>\n\n\n\n<p>Se habla de la inclusi\u00f3n de un puerto USB-C, de una nueva generaci\u00f3n de la tecnolog\u00eda 3D Touch (antes Force Touch, permitiendo reconocer grados de presi\u00f3n y dar paso a diversas funcionalidades), de un sistema de c\u00e1maras doble similar al que lleg\u00f3 alguna vez en un tel\u00e9fono de HTC, de carga inal\u00e1mbrica, de la inclusi\u00f3n de una pantalla AMOLED en sociedad con Samsung, de la inyecci\u00f3n de un sistema biom\u00e9trico embebido debajo del screen, y tambi\u00e9n de una eventual capacidad waterproof.<\/p>\n\n\n\n<p>En referencia a este \u00faltimo \u00edtem, hace poco cobr\u00f3 difusi\u00f3n una patente presentada por Apple en Estados Unidos, donde se detalla un iPhone con una cobertura pl\u00e1stica capaz de regenerarse y proteger al tel\u00e9fono del ingreso de agua.<\/p>\n\n\n\n<p>Todas aquellas caracter\u00edsticas, incluyendo una versi\u00f3n de iPhone 7 que bajar\u00eda a las 4.7 pulgadas, estar\u00edan siendo testeadas por Apple aunque, vale decir, son puro rumor. Es usual que la compa\u00f1\u00eda que comanda Tim Cook mantenga hermetismo, aunque todos hablamos de sus planes eventuales. Junto con estas especulaciones que presumen veracidad, aparece una serie de desarrollos conceptuales que dejan volar la creatividad e imaginan modelos de iPhone que, nos atrevemos a asegurar, jam\u00e1s llegar\u00e1n al mercado en forma oficial.<\/p>\n\n\n\n<p>Uno de los casos es cortes\u00eda de Curved Labs, un sitio alem\u00e1n que, a trav\u00e9s del dise\u00f1o, se anima a imaginar c\u00f3mo lucir\u00eda un iPhone (en este caso le llaman \u201ciPhone 6K\u201d) que incluya un teclado QWERTY f\u00edsico deslizable. Tal como se advierte en el video que aparece al pie de este p\u00e1rrafo, este particular modelo cuenta con un keyboard que se oculta detr\u00e1s del screen y se despliega a gusto del usuario.<\/p>\n\n\n\n<p>La comparaci\u00f3n con el smartphone BlackBerry Priv salta a primera vista en este modelo conceptual que algunos usuarios aplaudir\u00edan, pero que creemos Apple nunca lanzar\u00e1. Si lo hiciera, ser\u00eda realmente revolucionario, disruptivo.<\/p>\n\n\n\n<p>La imaginaci\u00f3n de Curved Labs se\u00f1ala que aquel teclado f\u00edsico tendr\u00eda el aspecto cl\u00e1sico de los que se incluyen en iOS, que estar\u00eda disponible en colores negro y blanco, y que Touch ID (el sistema biom\u00e9trico de Apple) se integrar\u00eda en el panel frontal. En este \u00faltimo punto, se \u201ccuelgan\u201d de uno de los rumores antes repasados: que se embeber\u00e1 un sistema biom\u00e9trico debajo de la pantalla y que el usuario, colocando en ella su dedo, podr\u00eda desbloquear el tel\u00e9fono o emprender pagos m\u00f3viles.<\/p>\n\n\n\n<p>Otro caso que imagina un alocado iPhone llega desde el canal de YouTube Sonitdac, que divulga un muy particular modelo de iPhone 7. \u00bfCu\u00e1l es su signo caracter\u00edstico? Pues incluye un paraca\u00eddas capaz de amortiguar los golpes que puede sufrir el smartphone ante eventuales ca\u00eddas. \u00a1Cu\u00e1ntos de nosotros agradecer\u00edamos una funci\u00f3n semejante!<\/p>\n\n\n\n<p>Seg\u00fan cont\u00f3 el sitio Phone Arena en su repaso, este concept dispone de un sistema de v\u00e1lvulas que, en conjunci\u00f3n con los sensores del tel\u00e9fono, lanzan CO2 cuando el dispositivo est\u00e1 en plena ca\u00edda, justo antes de dar contra el piso. De este modo, el aceler\u00f3metro y los sensores de proximidad colaboran para anticipar al golpe y llegar con docilidad hasta la superficie en un verdadero aterrizaje de pel\u00edcula. En este caso le llaman, sin sonrojarse, \u201cNew iPhone 7\u201d.<\/p>\n\n\n\n<p>En relaci\u00f3n a este desarrollo, vale recordar que en un lejano a\u00f1o 2011 Amazon hab\u00eda patentado un airbag para smartphones, de funcionamiento similar al de los autom\u00f3viles, en este caso puesto para proteger la buena salud de la tecnolog\u00eda. As\u00ed lo contaba por entonces el sitio espa\u00f1ol 20 minutos.<\/p>\n\n\n\n<p>Ya que hablamos de autos, es bueno tambi\u00e9n recordar que los modelos conceptuales son particularmente populares en la industria automotriz: a nadie extra\u00f1a ver en las ferias m\u00e1s c\u00e9lebres de aquel sector veh\u00edculos que no est\u00e1n pensados para salir prontamente al mercado, aunque anticipan las l\u00ednea de dise\u00f1o y las ideas en las cuales trabajan las compa\u00f1\u00edas con vistas al futuro.<\/p>\n\n\n\n<p>Una digresi\u00f3n personal: ser\u00eda interesante que los fabricantes de productos tecnol\u00f3gicos extiendan esta costumbre. Si bien algunas empresas lo hacen, cu\u00e1ntos quisi\u00e9ramos que eventos como CES, IFA O MWC sean tambi\u00e9n escenario de las proyecciones a futuro, contadas oficialmente, m\u00e1xime en una industria cuya mirada siempre se posa en lo que ocurrir\u00e1 el d\u00eda de ma\u00f1ana.<\/p>\n<\/div>\n<\/div>\n<\/div><\/div>\n<\/div><\/div>\n\n\n\n<div class=\"wp-block-cover alignfull\" style=\"min-height:300px;aspect-ratio:unset;\"><span aria-hidden=\"true\" class=\"wp-block-cover__background has-neve-text-color-background-color has-background-dim-100 has-background-dim\"><\/span><div class=\"wp-block-cover__inner-container is-layout-flow wp-block-cover-is-layout-flow\">\n<div style=\"height:40px\" aria-hidden=\"true\" class=\"wp-block-spacer\"><\/div>\n\n\n\n<figure class=\"wp-block-image size-full\"><img loading=\"lazy\" decoding=\"async\" width=\"522\" height=\"38\" src=\"https:\/\/www.dattamagazine.com\/wp-content\/uploads\/2025\/05\/logo-1.png\" alt=\"logo\" class=\"wp-image-70\" srcset=\"https:\/\/www.dattamagazine.com\/wp-content\/uploads\/2025\/05\/logo-1.png 522w, https:\/\/www.dattamagazine.com\/wp-content\/uploads\/2025\/05\/logo-1-300x22.png 300w\" sizes=\"auto, (max-width: 522px) 100vw, 522px\" \/><\/figure>\n\n\n\n<p>HERRAMIENTAS PARA USUARIOS E INSPIRACI\u00d3N PARA CREADORES<\/p>\n\n\n\n<p class=\"has-text-align-center\">Copyright \u00a92025 DattaMagazine.  All Rights Reserved.<\/p>\n\n\n\n<div aria-hidden=\"true\" class=\"wp-block-spacer\"><\/div>\n<\/div><\/div>\n","protected":false},"excerpt":{"rendered":"","protected":false},"author":1,"featured_media":0,"parent":0,"menu_order":0,"comment_status":"closed","ping_status":"closed","template":"","meta":{"neve_meta_sidebar":"","neve_meta_container":"default","neve_meta_enable_content_width":"on","neve_meta_content_width":100,"neve_meta_title_alignment":"","neve_meta_author_avatar":"","neve_post_elements_order":"","neve_meta_disable_header":"","neve_meta_disable_footer":"on","neve_meta_disable_title":"on","footnotes":""},"class_list":["post-66","page","type-page","status-publish","hentry"],"yoast_head":"<!-- This site is optimized with the Yoast SEO plugin v25.0 - https:\/\/yoast.com\/wordpress\/plugins\/seo\/ -->\n<title>iPhone 7: Las ideas m\u00e1s descabelladas para el pr\u00f3ximo smartphone de Apple | DattaMagazine<\/title>\n<meta name=\"description\" content=\"Los modelos conceptuales no son exclusivos de la industria automotriz; el sector de los smartphones tambi\u00e9n tiene los suyos\" \/>\n<meta name=\"robots\" content=\"index, follow, max-snippet:-1, max-image-preview:large, max-video-preview:-1\" \/>\n<link rel=\"canonical\" href=\"https:\/\/www.dattamagazine.com\/iphone-7-las-ideas-mas-descabelladas-para-el-proximo-smartphone-de-apple\/\" \/>\n<meta property=\"og:locale\" content=\"en_US\" \/>\n<meta property=\"og:type\" content=\"article\" \/>\n<meta property=\"og:title\" content=\"iPhone 7: Las ideas m\u00e1s descabelladas para el pr\u00f3ximo smartphone de Apple | DattaMagazine\" \/>\n<meta property=\"og:description\" content=\"Los modelos conceptuales no son exclusivos de la industria automotriz; el sector de los smartphones tambi\u00e9n tiene los suyos\" \/>\n<meta property=\"og:url\" content=\"https:\/\/www.dattamagazine.com\/iphone-7-las-ideas-mas-descabelladas-para-el-proximo-smartphone-de-apple\/\" \/>\n<meta property=\"og:site_name\" content=\"Marketing Agency\" \/>\n<meta property=\"article:modified_time\" content=\"2025-05-19T19:06:51+00:00\" \/>\n<meta property=\"og:image\" content=\"https:\/\/www.dattamagazine.com\/wp-content\/uploads\/2025\/05\/ipho-1.jpg\" \/>\n<meta name=\"twitter:card\" content=\"summary_large_image\" \/>\n<meta name=\"twitter:label1\" content=\"Est. reading time\" \/>\n\t<meta name=\"twitter:data1\" content=\"5 minutes\" \/>\n<script type=\"application\/ld+json\" class=\"yoast-schema-graph\">{\"@context\":\"https:\/\/schema.org\",\"@graph\":[{\"@type\":\"WebPage\",\"@id\":\"https:\/\/www.dattamagazine.com\/iphone-7-las-ideas-mas-descabelladas-para-el-proximo-smartphone-de-apple\/\",\"url\":\"https:\/\/www.dattamagazine.com\/iphone-7-las-ideas-mas-descabelladas-para-el-proximo-smartphone-de-apple\/\",\"name\":\"iPhone 7: Las ideas m\u00e1s descabelladas para el pr\u00f3ximo smartphone de Apple | DattaMagazine\",\"isPartOf\":{\"@id\":\"https:\/\/www.dattamagazine.com\/#website\"},\"primaryImageOfPage\":{\"@id\":\"https:\/\/www.dattamagazine.com\/iphone-7-las-ideas-mas-descabelladas-para-el-proximo-smartphone-de-apple\/#primaryimage\"},\"image\":{\"@id\":\"https:\/\/www.dattamagazine.com\/iphone-7-las-ideas-mas-descabelladas-para-el-proximo-smartphone-de-apple\/#primaryimage\"},\"thumbnailUrl\":\"https:\/\/www.dattamagazine.com\/wp-content\/uploads\/2025\/05\/ipho-1.jpg\",\"datePublished\":\"2025-05-07T23:27:12+00:00\",\"dateModified\":\"2025-05-19T19:06:51+00:00\",\"description\":\"Los modelos conceptuales no son exclusivos de la industria automotriz; el sector de los smartphones tambi\u00e9n tiene los suyos\",\"breadcrumb\":{\"@id\":\"https:\/\/www.dattamagazine.com\/iphone-7-las-ideas-mas-descabelladas-para-el-proximo-smartphone-de-apple\/#breadcrumb\"},\"inLanguage\":\"en-US\",\"potentialAction\":[{\"@type\":\"ReadAction\",\"target\":[\"https:\/\/www.dattamagazine.com\/iphone-7-las-ideas-mas-descabelladas-para-el-proximo-smartphone-de-apple\/\"]}]},{\"@type\":\"ImageObject\",\"inLanguage\":\"en-US\",\"@id\":\"https:\/\/www.dattamagazine.com\/iphone-7-las-ideas-mas-descabelladas-para-el-proximo-smartphone-de-apple\/#primaryimage\",\"url\":\"https:\/\/www.dattamagazine.com\/wp-content\/uploads\/2025\/05\/ipho-1.jpg\",\"contentUrl\":\"https:\/\/www.dattamagazine.com\/wp-content\/uploads\/2025\/05\/ipho-1.jpg\",\"width\":870,\"height\":370},{\"@type\":\"BreadcrumbList\",\"@id\":\"https:\/\/www.dattamagazine.com\/iphone-7-las-ideas-mas-descabelladas-para-el-proximo-smartphone-de-apple\/#breadcrumb\",\"itemListElement\":[{\"@type\":\"ListItem\",\"position\":1,\"name\":\"Home\",\"item\":\"https:\/\/www.dattamagazine.com\/\"},{\"@type\":\"ListItem\",\"position\":2,\"name\":\"iPhone 7\"}]},{\"@type\":\"WebSite\",\"@id\":\"https:\/\/www.dattamagazine.com\/#website\",\"url\":\"https:\/\/www.dattamagazine.com\/\",\"name\":\"Marketing Agency\",\"description\":\"\",\"publisher\":{\"@id\":\"https:\/\/www.dattamagazine.com\/#organization\"},\"potentialAction\":[{\"@type\":\"SearchAction\",\"target\":{\"@type\":\"EntryPoint\",\"urlTemplate\":\"https:\/\/www.dattamagazine.com\/?s={search_term_string}\"},\"query-input\":{\"@type\":\"PropertyValueSpecification\",\"valueRequired\":true,\"valueName\":\"search_term_string\"}}],\"inLanguage\":\"en-US\"},{\"@type\":\"Organization\",\"@id\":\"https:\/\/www.dattamagazine.com\/#organization\",\"name\":\"Marketing Agency\",\"url\":\"https:\/\/www.dattamagazine.com\/\",\"logo\":{\"@type\":\"ImageObject\",\"inLanguage\":\"en-US\",\"@id\":\"https:\/\/www.dattamagazine.com\/#\/schema\/logo\/image\/\",\"url\":\"https:\/\/www.dattamagazine.com\/wp-content\/uploads\/2025\/05\/logo-agency.png\",\"contentUrl\":\"https:\/\/www.dattamagazine.com\/wp-content\/uploads\/2025\/05\/logo-agency.png\",\"width\":200,\"height\":200,\"caption\":\"Marketing Agency\"},\"image\":{\"@id\":\"https:\/\/www.dattamagazine.com\/#\/schema\/logo\/image\/\"}}]}<\/script>\n<!-- \/ Yoast SEO plugin. -->","yoast_head_json":{"title":"iPhone 7: Las ideas m\u00e1s descabelladas para el pr\u00f3ximo smartphone de Apple | DattaMagazine","description":"Los modelos conceptuales no son exclusivos de la industria automotriz; el sector de los smartphones tambi\u00e9n tiene los suyos","robots":{"index":"index","follow":"follow","max-snippet":"max-snippet:-1","max-image-preview":"max-image-preview:large","max-video-preview":"max-video-preview:-1"},"canonical":"https:\/\/www.dattamagazine.com\/iphone-7-las-ideas-mas-descabelladas-para-el-proximo-smartphone-de-apple\/","og_locale":"en_US","og_type":"article","og_title":"iPhone 7: Las ideas m\u00e1s descabelladas para el pr\u00f3ximo smartphone de Apple | DattaMagazine","og_description":"Los modelos conceptuales no son exclusivos de la industria automotriz; el sector de los smartphones tambi\u00e9n tiene los suyos","og_url":"https:\/\/www.dattamagazine.com\/iphone-7-las-ideas-mas-descabelladas-para-el-proximo-smartphone-de-apple\/","og_site_name":"Marketing Agency","article_modified_time":"2025-05-19T19:06:51+00:00","og_image":[{"url":"https:\/\/www.dattamagazine.com\/wp-content\/uploads\/2025\/05\/ipho-1.jpg","type":"","width":"","height":""}],"twitter_card":"summary_large_image","twitter_misc":{"Est. reading time":"5 minutes"},"schema":{"@context":"https:\/\/schema.org","@graph":[{"@type":"WebPage","@id":"https:\/\/www.dattamagazine.com\/iphone-7-las-ideas-mas-descabelladas-para-el-proximo-smartphone-de-apple\/","url":"https:\/\/www.dattamagazine.com\/iphone-7-las-ideas-mas-descabelladas-para-el-proximo-smartphone-de-apple\/","name":"iPhone 7: Las ideas m\u00e1s descabelladas para el pr\u00f3ximo smartphone de Apple | DattaMagazine","isPartOf":{"@id":"https:\/\/www.dattamagazine.com\/#website"},"primaryImageOfPage":{"@id":"https:\/\/www.dattamagazine.com\/iphone-7-las-ideas-mas-descabelladas-para-el-proximo-smartphone-de-apple\/#primaryimage"},"image":{"@id":"https:\/\/www.dattamagazine.com\/iphone-7-las-ideas-mas-descabelladas-para-el-proximo-smartphone-de-apple\/#primaryimage"},"thumbnailUrl":"https:\/\/www.dattamagazine.com\/wp-content\/uploads\/2025\/05\/ipho-1.jpg","datePublished":"2025-05-07T23:27:12+00:00","dateModified":"2025-05-19T19:06:51+00:00","description":"Los modelos conceptuales no son exclusivos de la industria automotriz; el sector de los smartphones tambi\u00e9n tiene los suyos","breadcrumb":{"@id":"https:\/\/www.dattamagazine.com\/iphone-7-las-ideas-mas-descabelladas-para-el-proximo-smartphone-de-apple\/#breadcrumb"},"inLanguage":"en-US","potentialAction":[{"@type":"ReadAction","target":["https:\/\/www.dattamagazine.com\/iphone-7-las-ideas-mas-descabelladas-para-el-proximo-smartphone-de-apple\/"]}]},{"@type":"ImageObject","inLanguage":"en-US","@id":"https:\/\/www.dattamagazine.com\/iphone-7-las-ideas-mas-descabelladas-para-el-proximo-smartphone-de-apple\/#primaryimage","url":"https:\/\/www.dattamagazine.com\/wp-content\/uploads\/2025\/05\/ipho-1.jpg","contentUrl":"https:\/\/www.dattamagazine.com\/wp-content\/uploads\/2025\/05\/ipho-1.jpg","width":870,"height":370},{"@type":"BreadcrumbList","@id":"https:\/\/www.dattamagazine.com\/iphone-7-las-ideas-mas-descabelladas-para-el-proximo-smartphone-de-apple\/#breadcrumb","itemListElement":[{"@type":"ListItem","position":1,"name":"Home","item":"https:\/\/www.dattamagazine.com\/"},{"@type":"ListItem","position":2,"name":"iPhone 7"}]},{"@type":"WebSite","@id":"https:\/\/www.dattamagazine.com\/#website","url":"https:\/\/www.dattamagazine.com\/","name":"Marketing Agency","description":"","publisher":{"@id":"https:\/\/www.dattamagazine.com\/#organization"},"potentialAction":[{"@type":"SearchAction","target":{"@type":"EntryPoint","urlTemplate":"https:\/\/www.dattamagazine.com\/?s={search_term_string}"},"query-input":{"@type":"PropertyValueSpecification","valueRequired":true,"valueName":"search_term_string"}}],"inLanguage":"en-US"},{"@type":"Organization","@id":"https:\/\/www.dattamagazine.com\/#organization","name":"Marketing Agency","url":"https:\/\/www.dattamagazine.com\/","logo":{"@type":"ImageObject","inLanguage":"en-US","@id":"https:\/\/www.dattamagazine.com\/#\/schema\/logo\/image\/","url":"https:\/\/www.dattamagazine.com\/wp-content\/uploads\/2025\/05\/logo-agency.png","contentUrl":"https:\/\/www.dattamagazine.com\/wp-content\/uploads\/2025\/05\/logo-agency.png","width":200,"height":200,"caption":"Marketing Agency"},"image":{"@id":"https:\/\/www.dattamagazine.com\/#\/schema\/logo\/image\/"}}]}},"_links":{"self":[{"href":"https:\/\/www.dattamagazine.com\/index.php\/wp-json\/wp\/v2\/pages\/66","targetHints":{"allow":["GET"]}}],"collection":[{"href":"https:\/\/www.dattamagazine.com\/index.php\/wp-json\/wp\/v2\/pages"}],"about":[{"href":"https:\/\/www.dattamagazine.com\/index.php\/wp-json\/wp\/v2\/types\/page"}],"author":[{"embeddable":true,"href":"https:\/\/www.dattamagazine.com\/index.php\/wp-json\/wp\/v2\/users\/1"}],"replies":[{"embeddable":true,"href":"https:\/\/www.dattamagazine.com\/index.php\/wp-json\/wp\/v2\/comments?post=66"}],"version-history":[{"count":7,"href":"https:\/\/www.dattamagazine.com\/index.php\/wp-json\/wp\/v2\/pages\/66\/revisions"}],"predecessor-version":[{"id":96,"href":"https:\/\/www.dattamagazine.com\/index.php\/wp-json\/wp\/v2\/pages\/66\/revisions\/96"}],"wp:attachment":[{"href":"https:\/\/www.dattamagazine.com\/index.php\/wp-json\/wp\/v2\/media?parent=66"}],"curies":[{"name":"wp","href":"https:\/\/api.w.org\/{rel}","templated":true}]}}