{"id":239,"date":"2025-05-08T00:54:03","date_gmt":"2025-05-08T00:54:03","guid":{"rendered":"https:\/\/www.dattamagazine.com\/?page_id=239"},"modified":"2025-05-19T19:06:01","modified_gmt":"2025-05-19T19:06:01","slug":"cuanto-pagarias-por-una-aplicacion","status":"publish","type":"page","link":"https:\/\/www.dattamagazine.com\/cuanto-pagarias-por-una-aplicacion\/","title":{"rendered":"\u00bfCu\u00e1nto pagar\u00edas por una aplicaci\u00f3n?"},"content":{"rendered":"\n<div class=\"wp-block-cover alignfull is-light\" style=\"min-height:600px;aspect-ratio:unset;\"><span aria-hidden=\"true\" class=\"wp-block-cover__background has-nv-light-bg-background-color has-background-dim-0 has-background-dim\"><\/span><div class=\"wp-block-cover__inner-container is-layout-flow wp-block-cover-is-layout-flow\">\n<div class=\"wp-block-group\"><div class=\"wp-block-group__inner-container is-layout-flow wp-block-group-is-layout-flow\">\n<div style=\"height:80px\" aria-hidden=\"true\" class=\"wp-block-spacer\"><\/div>\n\n\n\n<div class=\"wp-block-columns is-layout-flex wp-container-core-columns-is-layout-9d6595d7 wp-block-columns-is-layout-flex\">\n<div class=\"wp-block-column is-vertically-aligned-top has-neve-text-color-color has-text-color has-link-color wp-elements-bfa515ec92eaac142d852bc4e434325a is-layout-flow wp-block-column-is-layout-flow\" style=\"padding-right:var(--wp--preset--spacing--30);padding-left:var(--wp--preset--spacing--30);flex-basis:100%\">\n<div class=\"wp-block-cover has-custom-content-position is-position-bottom-left has-border-color\" style=\"border-color:#333333;border-width:15px;min-height:430px;aspect-ratio:unset;\"><img loading=\"lazy\" decoding=\"async\" width=\"870\" height=\"370\" class=\"wp-block-cover__image-background wp-image-243 size-full\" alt=\"\u00bfCu\u00e1nto pagar\u00edas por una aplicaci\u00f3n?\" src=\"https:\/\/www.dattamagazine.com\/wp-content\/uploads\/2025\/05\/aplicaciones-1.jpg\" data-object-fit=\"cover\" srcset=\"https:\/\/www.dattamagazine.com\/wp-content\/uploads\/2025\/05\/aplicaciones-1.jpg 870w, https:\/\/www.dattamagazine.com\/wp-content\/uploads\/2025\/05\/aplicaciones-1-300x128.jpg 300w, https:\/\/www.dattamagazine.com\/wp-content\/uploads\/2025\/05\/aplicaciones-1-768x327.jpg 768w\" sizes=\"auto, (max-width: 870px) 100vw, 870px\" \/><span aria-hidden=\"true\" class=\"wp-block-cover__background has-background-dim-0 has-background-dim\" style=\"background-color:#717478\"><\/span><div class=\"wp-block-cover__inner-container is-layout-flow wp-block-cover-is-layout-flow\">\n<p class=\"has-text-align-center has-large-font-size\"><\/p>\n<\/div><\/div>\n\n\n\n<p><\/p>\n\n\n\n<h1 class=\"wp-block-heading has-neve-link-color-color has-text-color has-link-color has-large-font-size wp-elements-0c50b81d1c433460b0d9c82d786ca3b5\" style=\"font-style:normal;font-weight:100\">\u00bfCu\u00e1nto pagar\u00edas por una aplicaci\u00f3n?<\/h1>\n\n\n\n<p><strong>Adem\u00e1s del mundo de las aplicaciones con descarga gratuita existe un sinf\u00edn de herramientas pagas muy \u00fatiles, y tambi\u00e9n una cantidad de ellas extremadamente costosas. Conozcamos las apps m\u00e1s caras del mercado, cu\u00e1nto valen y cu\u00e1nta utilidad podr\u00edas darle.<\/strong><\/p>\n\n\n\n<p>Mientras que muchas personas nos valemos del mundo de las aplicaciones que las principales tiendas virtuales nos ofrecen, otras tantas requieren herramientas hechas m\u00e1s a la medida por lo que en ese caso tenemos dos opciones: convertirnos en desarrolladores o pagar por una de ellas.<\/p>\n\n\n\n<p>El encargo de desarrollo de aplicaciones m\u00f3viles es en la actualidad uno de los trabajos m\u00e1s rentables, y dar con un desarrollador y un programador h\u00e1bil que sepa interpretar las necesidades de una compa\u00f1\u00eda y que cumpla con los plazos de trabajo es una tarea que puede ser m\u00e1s costosa que la aplicaci\u00f3n en s\u00ed misma.<\/p>\n\n\n\n<p>Esta es la principal raz\u00f3n por la que tras una versi\u00f3n gratuita de una herramienta que hallamos en Google Play, en iTunes o en Windows Phone, luego encontraremos la versi\u00f3n Premium con m\u00e1s permisos, mejores condiciones de software, m\u00e1s rendimiento y, por supuesto, m\u00e1s valor. Estas apps premium son pagas y sus precios pueden llevar varias cifras.<\/p>\n\n\n\n<p>Se dice que el costal de aplicaciones que hoy conviven en las tiendas es infinito y por tanto es muy dif\u00edcil contabilizar cu\u00e1ntas existen en cada lado debido a lo r\u00e1pido que se van subiendo nuevas apuestas a la nube. Mientras que los desarrolladores tienen m\u00e1s limites en el costado de la Apple Store, por su parte Google da m\u00e1s permisos y libertades poniendo la responsabilidad sobre ellos en caso de inconvenientes.<\/p>\n\n\n\n<p>Con este panorama, dentro del mundo del marketing de las aplicaciones m\u00f3viles, es v\u00e1lido lanzar una versi\u00f3n gratuita de pocos recursos para tentar a los miles de usuarios con algo novedoso y original para luego intentar vender una opci\u00f3n m\u00e1s sofisticada, integrada y con mayores oportunidades. El caso es cu\u00e1nto est\u00e1 animado a pagar un usuario que elige una versi\u00f3n gratuita y es tentado a mejorar la experiencia.<\/p>\n\n\n\n<p><strong>De lo necesario a lo esnob<\/strong><\/p>\n\n\n\n<p>Tanto en la tienda de Apple como en la de Android podemos encontrarnos con aplicaciones cuyos valores rondan entre los 300 y los 1000 d\u00f3lares, incluso algunas lo superan (dejando de lado que algunas de estas pocas apps se revalorizan con el tiempo para actualizar sus costos). Si nos preguntamos por qu\u00e9 cuestan tanto, pues nos podemos encontrar con herramientas excepcionales muy concentradas en una funci\u00f3n profesional y otras que, mires por donde la mires, no se puede entender qui\u00e9n paga por ello.<\/p>\n\n\n\n<p>El diario BBC Mundo difundi\u00f3 recientemente un estudio llevado a cabo por la consultora Dadaviz que precis\u00f3 la utilidad de al menos veinte aplicaciones cuyos valores superan los 300 d\u00f3lares y que logran a\u00fan as\u00ed un buen n\u00famero de descargas como para sobrevivir en el escaparate virtual.<\/p>\n\n\n\n<p>Entre las mismas nos podremos encontrar con aplicaciones de uso profesional como <strong>Harrison\u2019s Principles of Internal Medicine&nbsp;<\/strong>en iTunes que es en verdad un material referente para doctores, profesionales sanitarios y estudiantes de medicina y que vale 221,33 d\u00f3lares, unos 40 d\u00f3lares m\u00e1s que en su versi\u00f3n papel aproximadamente.<\/p>\n\n\n\n<p>En contraposici\u00f3n, algunos pagan 339,37 d\u00f3lares por <strong>Water Globe<\/strong> en iTunes y s\u00f3lo se trata de un juego que nos ofrece la posibilidad de ver la nieve cuando movemos la pantalla. Seg\u00fan la misma tienda, es \u201cel juego m\u00e1s caro\u201d. Desde el lado l\u00fadico, esta tienda tambi\u00e9n ofrece <strong>QSFFStats <\/strong>cuya descarga cuesta unos 999 d\u00f3lares y sirve para que los amantes del f\u00fatbol americano puedan seguir las estad\u00edsticas de todas las ligas, s\u00f3lo eso.<\/p>\n\n\n\n<p>Decir que estas aplicaciones son m\u00e1s esnob que necesarias es catalogarlas sin conocer en detalle toda la utilidad que un millonario (capaz de pagar tanto por una herramienta m\u00f3vil) puede darle. Algunas de estas apps son bien recibidas por este escueto sector social y para ese caso hablamos de <strong>app.Cash <\/strong>que convierte el celular en un cajero por 999 d\u00f3lares en el cual se pueden hacer transacciones y hasta imprimirlas de forma segura.<\/p>\n\n\n\n<p>Pero si de usuarios acaudalados hablamos, iTune atesora la denominada \u201capp de los millonarios\u201d: <strong>iVIP Black <\/strong>que est\u00e1 desarrollada para ofrecer diferentes servicios para usuarios de buenos recursos. El filtro para usar esta aplicaci\u00f3n no es s\u00f3lo su costo de 999 d\u00f3lares sino adem\u00e1s que hay que calificar con un nivel de ingresos superior al mill\u00f3n de d\u00f3lares para poder utilizarla.<\/p>\n\n\n\n<p>Por su parte, Android tambi\u00e9n recolecta este tipo de aplicaciones de alta gama, ejemplo de lo \u00fatil y lo in\u00fatil son <strong>Nursing Central <\/strong>y <strong>Vuvuzela World Cup Horn Plus<\/strong>. En el primer caso, se trata de una aplicaci\u00f3n que contiene un registro de enfermedades y medicamentos, adem\u00e1s de una completa base de datos de MEDLINE y PubMed, cuesta menos de mil d\u00f3lares y tiene m\u00e1s de mil descargas. La segunda app de Google Play cuesta 1902 pesos y las solas tres descargas que tienen justifican su estad\u00eda a cambio de proporcionar un reproductor de vuvuzelas como las que sonaron en el Mundial de Sud\u00e1frica.<\/p>\n\n\n\n<p>No es para nada extra\u00f1o encontrarnos con todo tipo de propuestas gratuitas en las tiendas m\u00f3viles, sin embargo, hemos visto que tambi\u00e9n sucede lo mismo cuando se trata de las versiones pagas. Cualquier idea es digna de convertirla en un negocio y lograr que alg\u00fan usuario la descargue y hasta pague por ella. \u00bfPor qu\u00e9 tipo de aplicaci\u00f3n estas dispuesto a pagar?<\/p>\n<\/div>\n<\/div>\n<\/div><\/div>\n<\/div><\/div>\n\n\n\n<div class=\"wp-block-cover alignfull\" style=\"min-height:300px;aspect-ratio:unset;\"><span aria-hidden=\"true\" class=\"wp-block-cover__background has-neve-text-color-background-color has-background-dim-100 has-background-dim\"><\/span><div class=\"wp-block-cover__inner-container is-layout-flow wp-block-cover-is-layout-flow\">\n<div style=\"height:40px\" aria-hidden=\"true\" class=\"wp-block-spacer\"><\/div>\n\n\n\n<figure class=\"wp-block-image size-full\"><img loading=\"lazy\" decoding=\"async\" width=\"522\" height=\"38\" src=\"https:\/\/www.dattamagazine.com\/wp-content\/uploads\/2025\/05\/logo-1.png\" alt=\"logo\" class=\"wp-image-70\" srcset=\"https:\/\/www.dattamagazine.com\/wp-content\/uploads\/2025\/05\/logo-1.png 522w, https:\/\/www.dattamagazine.com\/wp-content\/uploads\/2025\/05\/logo-1-300x22.png 300w\" sizes=\"auto, (max-width: 522px) 100vw, 522px\" \/><\/figure>\n\n\n\n<p>HERRAMIENTAS PARA USUARIOS E INSPIRACI\u00d3N PARA CREADORES<\/p>\n\n\n\n<p class=\"has-text-align-center\">Copyright \u00a92025 DattaMagazine.  All Rights Reserved.<\/p>\n<\/div><\/div>\n","protected":false},"excerpt":{"rendered":"","protected":false},"author":1,"featured_media":0,"parent":0,"menu_order":0,"comment_status":"closed","ping_status":"closed","template":"","meta":{"neve_meta_sidebar":"","neve_meta_container":"default","neve_meta_enable_content_width":"on","neve_meta_content_width":100,"neve_meta_title_alignment":"","neve_meta_author_avatar":"","neve_post_elements_order":"","neve_meta_disable_header":"","neve_meta_disable_footer":"on","neve_meta_disable_title":"on","footnotes":""},"class_list":["post-239","page","type-page","status-publish","hentry"],"yoast_head":"<!-- This site is optimized with the Yoast SEO plugin v25.0 - https:\/\/yoast.com\/wordpress\/plugins\/seo\/ -->\n<title>\u00bfCu\u00e1nto pagar\u00edas por una aplicaci\u00f3n? | DattaMagazine<\/title>\n<meta name=\"description\" content=\"Adem\u00e1s del mundo de las aplicaciones con descarga gratuita existe un sinf\u00edn de herramientas pagas muy \u00fatiles\" \/>\n<meta name=\"robots\" content=\"index, follow, max-snippet:-1, max-image-preview:large, max-video-preview:-1\" \/>\n<link rel=\"canonical\" href=\"https:\/\/www.dattamagazine.com\/cuanto-pagarias-por-una-aplicacion\/\" \/>\n<meta property=\"og:locale\" content=\"en_US\" \/>\n<meta property=\"og:type\" content=\"article\" \/>\n<meta property=\"og:title\" content=\"\u00bfCu\u00e1nto pagar\u00edas por una aplicaci\u00f3n? | DattaMagazine\" \/>\n<meta property=\"og:description\" content=\"Adem\u00e1s del mundo de las aplicaciones con descarga gratuita existe un sinf\u00edn de herramientas pagas muy \u00fatiles\" \/>\n<meta property=\"og:url\" content=\"https:\/\/www.dattamagazine.com\/cuanto-pagarias-por-una-aplicacion\/\" \/>\n<meta property=\"og:site_name\" content=\"Marketing Agency\" \/>\n<meta property=\"article:modified_time\" content=\"2025-05-19T19:06:01+00:00\" \/>\n<meta property=\"og:image\" content=\"https:\/\/www.dattamagazine.com\/wp-content\/uploads\/2025\/05\/aplicaciones-1.jpg\" \/>\n<meta name=\"twitter:card\" content=\"summary_large_image\" \/>\n<meta name=\"twitter:label1\" content=\"Est. reading time\" \/>\n\t<meta name=\"twitter:data1\" content=\"5 minutes\" \/>\n<script type=\"application\/ld+json\" class=\"yoast-schema-graph\">{\"@context\":\"https:\/\/schema.org\",\"@graph\":[{\"@type\":\"WebPage\",\"@id\":\"https:\/\/www.dattamagazine.com\/cuanto-pagarias-por-una-aplicacion\/\",\"url\":\"https:\/\/www.dattamagazine.com\/cuanto-pagarias-por-una-aplicacion\/\",\"name\":\"\u00bfCu\u00e1nto pagar\u00edas por una aplicaci\u00f3n? | DattaMagazine\",\"isPartOf\":{\"@id\":\"https:\/\/www.dattamagazine.com\/#website\"},\"primaryImageOfPage\":{\"@id\":\"https:\/\/www.dattamagazine.com\/cuanto-pagarias-por-una-aplicacion\/#primaryimage\"},\"image\":{\"@id\":\"https:\/\/www.dattamagazine.com\/cuanto-pagarias-por-una-aplicacion\/#primaryimage\"},\"thumbnailUrl\":\"https:\/\/www.dattamagazine.com\/wp-content\/uploads\/2025\/05\/aplicaciones-1.jpg\",\"datePublished\":\"2025-05-08T00:54:03+00:00\",\"dateModified\":\"2025-05-19T19:06:01+00:00\",\"description\":\"Adem\u00e1s del mundo de las aplicaciones con descarga gratuita existe un sinf\u00edn de herramientas pagas muy \u00fatiles\",\"breadcrumb\":{\"@id\":\"https:\/\/www.dattamagazine.com\/cuanto-pagarias-por-una-aplicacion\/#breadcrumb\"},\"inLanguage\":\"en-US\",\"potentialAction\":[{\"@type\":\"ReadAction\",\"target\":[\"https:\/\/www.dattamagazine.com\/cuanto-pagarias-por-una-aplicacion\/\"]}]},{\"@type\":\"ImageObject\",\"inLanguage\":\"en-US\",\"@id\":\"https:\/\/www.dattamagazine.com\/cuanto-pagarias-por-una-aplicacion\/#primaryimage\",\"url\":\"https:\/\/www.dattamagazine.com\/wp-content\/uploads\/2025\/05\/aplicaciones-1.jpg\",\"contentUrl\":\"https:\/\/www.dattamagazine.com\/wp-content\/uploads\/2025\/05\/aplicaciones-1.jpg\",\"width\":870,\"height\":370},{\"@type\":\"BreadcrumbList\",\"@id\":\"https:\/\/www.dattamagazine.com\/cuanto-pagarias-por-una-aplicacion\/#breadcrumb\",\"itemListElement\":[{\"@type\":\"ListItem\",\"position\":1,\"name\":\"Home\",\"item\":\"https:\/\/www.dattamagazine.com\/\"},{\"@type\":\"ListItem\",\"position\":2,\"name\":\"\u00bfCu\u00e1nto pagar\u00edas por una aplicaci\u00f3n?\"}]},{\"@type\":\"WebSite\",\"@id\":\"https:\/\/www.dattamagazine.com\/#website\",\"url\":\"https:\/\/www.dattamagazine.com\/\",\"name\":\"Marketing Agency\",\"description\":\"\",\"publisher\":{\"@id\":\"https:\/\/www.dattamagazine.com\/#organization\"},\"potentialAction\":[{\"@type\":\"SearchAction\",\"target\":{\"@type\":\"EntryPoint\",\"urlTemplate\":\"https:\/\/www.dattamagazine.com\/?s={search_term_string}\"},\"query-input\":{\"@type\":\"PropertyValueSpecification\",\"valueRequired\":true,\"valueName\":\"search_term_string\"}}],\"inLanguage\":\"en-US\"},{\"@type\":\"Organization\",\"@id\":\"https:\/\/www.dattamagazine.com\/#organization\",\"name\":\"Marketing Agency\",\"url\":\"https:\/\/www.dattamagazine.com\/\",\"logo\":{\"@type\":\"ImageObject\",\"inLanguage\":\"en-US\",\"@id\":\"https:\/\/www.dattamagazine.com\/#\/schema\/logo\/image\/\",\"url\":\"https:\/\/www.dattamagazine.com\/wp-content\/uploads\/2025\/05\/logo-agency.png\",\"contentUrl\":\"https:\/\/www.dattamagazine.com\/wp-content\/uploads\/2025\/05\/logo-agency.png\",\"width\":200,\"height\":200,\"caption\":\"Marketing Agency\"},\"image\":{\"@id\":\"https:\/\/www.dattamagazine.com\/#\/schema\/logo\/image\/\"}}]}<\/script>\n<!-- \/ Yoast SEO plugin. -->","yoast_head_json":{"title":"\u00bfCu\u00e1nto pagar\u00edas por una aplicaci\u00f3n? | DattaMagazine","description":"Adem\u00e1s del mundo de las aplicaciones con descarga gratuita existe un sinf\u00edn de herramientas pagas muy \u00fatiles","robots":{"index":"index","follow":"follow","max-snippet":"max-snippet:-1","max-image-preview":"max-image-preview:large","max-video-preview":"max-video-preview:-1"},"canonical":"https:\/\/www.dattamagazine.com\/cuanto-pagarias-por-una-aplicacion\/","og_locale":"en_US","og_type":"article","og_title":"\u00bfCu\u00e1nto pagar\u00edas por una aplicaci\u00f3n? | DattaMagazine","og_description":"Adem\u00e1s del mundo de las aplicaciones con descarga gratuita existe un sinf\u00edn de herramientas pagas muy \u00fatiles","og_url":"https:\/\/www.dattamagazine.com\/cuanto-pagarias-por-una-aplicacion\/","og_site_name":"Marketing Agency","article_modified_time":"2025-05-19T19:06:01+00:00","og_image":[{"url":"https:\/\/www.dattamagazine.com\/wp-content\/uploads\/2025\/05\/aplicaciones-1.jpg","type":"","width":"","height":""}],"twitter_card":"summary_large_image","twitter_misc":{"Est. reading time":"5 minutes"},"schema":{"@context":"https:\/\/schema.org","@graph":[{"@type":"WebPage","@id":"https:\/\/www.dattamagazine.com\/cuanto-pagarias-por-una-aplicacion\/","url":"https:\/\/www.dattamagazine.com\/cuanto-pagarias-por-una-aplicacion\/","name":"\u00bfCu\u00e1nto pagar\u00edas por una aplicaci\u00f3n? | DattaMagazine","isPartOf":{"@id":"https:\/\/www.dattamagazine.com\/#website"},"primaryImageOfPage":{"@id":"https:\/\/www.dattamagazine.com\/cuanto-pagarias-por-una-aplicacion\/#primaryimage"},"image":{"@id":"https:\/\/www.dattamagazine.com\/cuanto-pagarias-por-una-aplicacion\/#primaryimage"},"thumbnailUrl":"https:\/\/www.dattamagazine.com\/wp-content\/uploads\/2025\/05\/aplicaciones-1.jpg","datePublished":"2025-05-08T00:54:03+00:00","dateModified":"2025-05-19T19:06:01+00:00","description":"Adem\u00e1s del mundo de las aplicaciones con descarga gratuita existe un sinf\u00edn de herramientas pagas muy \u00fatiles","breadcrumb":{"@id":"https:\/\/www.dattamagazine.com\/cuanto-pagarias-por-una-aplicacion\/#breadcrumb"},"inLanguage":"en-US","potentialAction":[{"@type":"ReadAction","target":["https:\/\/www.dattamagazine.com\/cuanto-pagarias-por-una-aplicacion\/"]}]},{"@type":"ImageObject","inLanguage":"en-US","@id":"https:\/\/www.dattamagazine.com\/cuanto-pagarias-por-una-aplicacion\/#primaryimage","url":"https:\/\/www.dattamagazine.com\/wp-content\/uploads\/2025\/05\/aplicaciones-1.jpg","contentUrl":"https:\/\/www.dattamagazine.com\/wp-content\/uploads\/2025\/05\/aplicaciones-1.jpg","width":870,"height":370},{"@type":"BreadcrumbList","@id":"https:\/\/www.dattamagazine.com\/cuanto-pagarias-por-una-aplicacion\/#breadcrumb","itemListElement":[{"@type":"ListItem","position":1,"name":"Home","item":"https:\/\/www.dattamagazine.com\/"},{"@type":"ListItem","position":2,"name":"\u00bfCu\u00e1nto pagar\u00edas por una aplicaci\u00f3n?"}]},{"@type":"WebSite","@id":"https:\/\/www.dattamagazine.com\/#website","url":"https:\/\/www.dattamagazine.com\/","name":"Marketing Agency","description":"","publisher":{"@id":"https:\/\/www.dattamagazine.com\/#organization"},"potentialAction":[{"@type":"SearchAction","target":{"@type":"EntryPoint","urlTemplate":"https:\/\/www.dattamagazine.com\/?s={search_term_string}"},"query-input":{"@type":"PropertyValueSpecification","valueRequired":true,"valueName":"search_term_string"}}],"inLanguage":"en-US"},{"@type":"Organization","@id":"https:\/\/www.dattamagazine.com\/#organization","name":"Marketing Agency","url":"https:\/\/www.dattamagazine.com\/","logo":{"@type":"ImageObject","inLanguage":"en-US","@id":"https:\/\/www.dattamagazine.com\/#\/schema\/logo\/image\/","url":"https:\/\/www.dattamagazine.com\/wp-content\/uploads\/2025\/05\/logo-agency.png","contentUrl":"https:\/\/www.dattamagazine.com\/wp-content\/uploads\/2025\/05\/logo-agency.png","width":200,"height":200,"caption":"Marketing Agency"},"image":{"@id":"https:\/\/www.dattamagazine.com\/#\/schema\/logo\/image\/"}}]}},"_links":{"self":[{"href":"https:\/\/www.dattamagazine.com\/index.php\/wp-json\/wp\/v2\/pages\/239","targetHints":{"allow":["GET"]}}],"collection":[{"href":"https:\/\/www.dattamagazine.com\/index.php\/wp-json\/wp\/v2\/pages"}],"about":[{"href":"https:\/\/www.dattamagazine.com\/index.php\/wp-json\/wp\/v2\/types\/page"}],"author":[{"embeddable":true,"href":"https:\/\/www.dattamagazine.com\/index.php\/wp-json\/wp\/v2\/users\/1"}],"replies":[{"embeddable":true,"href":"https:\/\/www.dattamagazine.com\/index.php\/wp-json\/wp\/v2\/comments?post=239"}],"version-history":[{"count":2,"href":"https:\/\/www.dattamagazine.com\/index.php\/wp-json\/wp\/v2\/pages\/239\/revisions"}],"predecessor-version":[{"id":244,"href":"https:\/\/www.dattamagazine.com\/index.php\/wp-json\/wp\/v2\/pages\/239\/revisions\/244"}],"wp:attachment":[{"href":"https:\/\/www.dattamagazine.com\/index.php\/wp-json\/wp\/v2\/media?parent=239"}],"curies":[{"name":"wp","href":"https:\/\/api.w.org\/{rel}","templated":true}]}}