{"id":238,"date":"2025-05-08T00:59:32","date_gmt":"2025-05-08T00:59:32","guid":{"rendered":"https:\/\/www.dattamagazine.com\/?page_id=238"},"modified":"2025-05-19T19:06:11","modified_gmt":"2025-05-19T19:06:11","slug":"reviven-los-celulares-con-tapita","status":"publish","type":"page","link":"https:\/\/www.dattamagazine.com\/reviven-los-celulares-con-tapita\/","title":{"rendered":"\u00bfReviven los celulares con tapita?"},"content":{"rendered":"\n<div class=\"wp-block-cover alignfull is-light\" style=\"min-height:600px;aspect-ratio:unset;\"><span aria-hidden=\"true\" class=\"wp-block-cover__background has-nv-light-bg-background-color has-background-dim-0 has-background-dim\"><\/span><div class=\"wp-block-cover__inner-container is-layout-flow wp-block-cover-is-layout-flow\">\n<div class=\"wp-block-group\"><div class=\"wp-block-group__inner-container is-layout-flow wp-block-group-is-layout-flow\">\n<div style=\"height:80px\" aria-hidden=\"true\" class=\"wp-block-spacer\"><\/div>\n\n\n\n<div class=\"wp-block-columns is-layout-flex wp-container-core-columns-is-layout-9d6595d7 wp-block-columns-is-layout-flex\">\n<div class=\"wp-block-column is-vertically-aligned-top has-neve-text-color-color has-text-color has-link-color wp-elements-ad69920ede05b63b5a5331a2424fa681 is-layout-flow wp-block-column-is-layout-flow\" style=\"padding-right:var(--wp--preset--spacing--30);padding-left:var(--wp--preset--spacing--30);flex-basis:100%\">\n<div class=\"wp-block-cover is-light has-custom-content-position is-position-bottom-left has-border-color\" style=\"border-color:#333333;border-width:15px;min-height:430px;aspect-ratio:unset;\"><img loading=\"lazy\" decoding=\"async\" width=\"870\" height=\"370\" class=\"wp-block-cover__image-background wp-image-255 size-full\" alt=\" \u00bfReviven los celulares con tapita? \" src=\"https:\/\/www.dattamagazine.com\/wp-content\/uploads\/2025\/05\/celular-1.jpg\" data-object-fit=\"cover\" srcset=\"https:\/\/www.dattamagazine.com\/wp-content\/uploads\/2025\/05\/celular-1.jpg 870w, https:\/\/www.dattamagazine.com\/wp-content\/uploads\/2025\/05\/celular-1-300x128.jpg 300w, https:\/\/www.dattamagazine.com\/wp-content\/uploads\/2025\/05\/celular-1-768x327.jpg 768w\" sizes=\"auto, (max-width: 870px) 100vw, 870px\" \/><span aria-hidden=\"true\" class=\"wp-block-cover__background has-background-dim-0 has-background-dim\" style=\"background-color:#968f8d\"><\/span><div class=\"wp-block-cover__inner-container is-layout-flow wp-block-cover-is-layout-flow\">\n<p class=\"has-text-align-center has-large-font-size\"><\/p>\n<\/div><\/div>\n\n\n\n<p><\/p>\n\n\n\n<h1 class=\"wp-block-heading has-neve-link-color-color has-text-color has-link-color has-large-font-size wp-elements-5fa41d3db7e7ef03368170e6da904a1c\" style=\"font-style:normal;font-weight:100\">\u00bfReviven los celulares con tapita?<\/h1>\n\n\n\n<p><strong>Los clamshell o flip phones, vulgarmente denominados \u201ccon tapita\u201d, supieron reinar en el sector m\u00f3vil aunque luego fueron eclipsados por smartphones con pantallas enteramente t\u00e1ctiles. Sin embargo, en pleno 2015 estos particulares modelos siguen teniendo seguidores en mercados de Asia, y frescas presentaciones de fabricantes como Samsung y LG. \u00bfPodr\u00e1n los celulares con tapita renacer de sus cenizas y hacerlo m\u00e1s all\u00e1 del continente asi\u00e1tico?<\/strong><\/p>\n\n\n\n<p>Quien para esta fiestas tenga en mente regalar un celular \u201ccon tapita\u201d no deber\u00e1 emprender un imposible viaje al pasado: bastar\u00e1 subirse a un avi\u00f3n con destino a China o Jap\u00f3n e ir hasta alguna de las tiendas que venden tel\u00e9fonos m\u00f3viles. Ocurre que aquel dise\u00f1o pasado de moda sigue teniendo compradores en pa\u00edses de Asia y, naturalmente, fabricantes que ofrecen productos para los interesados.<\/p>\n\n\n\n<p>No es mera especulaci\u00f3n. En febrero de este a\u00f1o, MM Research dio cuenta de un dato alentador para aquellos que gustan de este tipo de tel\u00e9fonos que caben incluso en los bolsillos m\u00e1s estrechos. Seg\u00fan se\u00f1al\u00f3 la consultora, la venta de tel\u00e9fonos clamshell (\u00e9sta es una de las denominaciones posibles para estos modelos) creci\u00f3 en Jap\u00f3n por primera vez en siete a\u00f1os, alcanzando en 2014 las 10.58 millones de unidades despachadas.<\/p>\n\n\n\n<p>La agencia Reuters anot\u00f3 entonces una de las razones que abonan este crecimiento e impulso: el mercado japon\u00e9s impone altas tarifas para el uso de smartphones, siendo \u00e9stas m\u00e1s econ\u00f3micas para los usuarios de flip phones. Sin embargo, no todo se agota en el factor bolsillo: \u00bfpor qu\u00e9 no pensar que algunos usuarios prefieren aquel dise\u00f1o que hoy parece caduco? En tal sentido, \u00bftodos estamos c\u00f3modos y simplemente aceptamos los tel\u00e9fonos que nos ofrecen las compa\u00f1\u00edas, cada vez m\u00e1s extensos, cada d\u00eda m\u00e1s parecidos a una tablet y en tanto menos portables?<\/p>\n\n\n\n<h3 class=\"wp-block-heading has-neve-link-color-color has-text-color has-link-color wp-elements-65e58327086da4229cdbe1d791adb4e9\">De Asia al mundo<\/h3>\n\n\n\n<p>Mediando el a\u00f1o en curso LG present\u00f3 el modelo Wine Smart, un smartphone con tapita que corre con Android Lollipop. El producto comenz\u00f3 a circular en Corea del Sur bajo la denominaci\u00f3n \u201cGentle\u201d, aunque luego LG dijo que planea llevarlo a varios mercados del mundo con el nuevo nombre, incluyendo en la lista plazas como Francia, Italia, Espa\u00f1a y el Reino Unido. As\u00ed lo contaba Phone Arena. La propia compa\u00f1\u00eda dijo que revivir esta tendencia responde al pedido de usuarios nost\u00e1lgicos acostumbrados a sentir y utilizar este tipo de celulares.<\/p>\n\n\n\n<p>En este caso, se trata de un equipo con una ficha t\u00e9cnica no muy potente. Cuenta con un procesador Qualcomm Snapdragon 210 a 1.1GHz, 1GB de RAM, 4GB para almacenamiento interno expandible v\u00eda microSD, bater\u00eda de 1700mAh, c\u00e1mara principal de 3 megap\u00edxeles y una frontal VGA. Este equipo que agrega conectividad LTE, lleg\u00f3 al mercado con la fisonom\u00eda cl\u00e1sica de los flip phones: un teclado num\u00e9rico en una de sus caras internas y una pantalla en la cara enfrentada, en este caso de 3.2 pulgadas y con una resoluci\u00f3n de 420 x 320 p\u00edxeles.<\/p>\n\n\n\n<p>El l\u00edder del sector tambi\u00e9n entrega esperanza de sobrevida a los celulares con tapita. Samsung, que en el tercer trimestre del a\u00f1o en curso fue el mayor vendedor de smartphones a nivel mundial, acaba de presentar en en el mercado chino un nuevo integrante en su cat\u00e1logo m\u00f3vil, el modelo W2016. Se trata de un tel\u00e9fono con tapita, aunque a diferencia del Wine Smart de LG ostenta con una ficha t\u00e9cnica robusta y un signo distintivo que repasaremos a continuaci\u00f3n.<\/p>\n\n\n\n<p>W2016 cuenta con dos pantallas, una en una de las caras exteriores y otra en una de las caras interiores, ambas de 3.9 pulgadas y resoluci\u00f3n de 1280 x 768 p\u00edxeles. Por sus especificaciones, muchos dijeron que se trata de un \u201cGalaxy S6 metido en el cuerpo de un flip phone\u201d. Su procesador es un Exynos 7240 a 2.1GHz, cuenta con 3GB de RAM, 64GB para almacenamiento interno el cual puede ser expandido v\u00eda microSD, su c\u00e1mara principal es de 16 megap\u00edxeles y su c\u00e1mara frontal es de 5 megap\u00edxeles, incluye una bater\u00eda de 2000mAh, y corre con Android 5.1.1.<\/p>\n\n\n\n<p>Gionee, otro que lanza productos desde Oriente, tambi\u00e9n es part\u00edcipe de este movimiento, tal como contaba Phone Arena en ocasi\u00f3n del pronto arribo de un nuevo clamshell con el sello de aquella compa\u00f1\u00eda.<\/p>\n\n\n\n<p>La pregunta es si la tendencia que se respira en Asia extender\u00e1 su alcance para llegar a m\u00e1s mercado del mundo, tal como plane\u00f3 LG con Wine Smart. En este punto, vale subrayar que los flip phones son particularmente exitosos en China, adem\u00e1s del repasado caso japon\u00e9s. Y siendo que aquella plaza marca el ritmo del sector en forma creciente y sostenida (compa\u00f1\u00edas chinas como Huawei y Xiaomi ocupan el top five de los mayores vendedores de smartphones en el mundo) no es descabellado pensar que el impulso de los celulares con tapita ir\u00e1 m\u00e1s all\u00e1 de Asia, en particular llegando a los mercados emergentes.<\/p>\n\n\n\n<p>Es de esperar que no vuelvan a ser reyes aunque, por qu\u00e9 no, vuelvan a ser ofrecidos en las tiendas como una opci\u00f3n m\u00e1s sin apelar a la nostalgia, sino a la conveniencia actual. \u00bfAlg\u00fan interesado en revivir el alcance de estos equipos menos vistosos aunque tanto m\u00e1s portables que las ahora exitosas phablets?<\/p>\n<\/div>\n<\/div>\n<\/div><\/div>\n<\/div><\/div>\n\n\n\n<div class=\"wp-block-cover alignfull\" style=\"min-height:300px;aspect-ratio:unset;\"><span aria-hidden=\"true\" class=\"wp-block-cover__background has-neve-text-color-background-color has-background-dim-100 has-background-dim\"><\/span><div class=\"wp-block-cover__inner-container is-layout-flow wp-block-cover-is-layout-flow\">\n<div style=\"height:40px\" aria-hidden=\"true\" class=\"wp-block-spacer\"><\/div>\n\n\n\n<figure class=\"wp-block-image size-full\"><img loading=\"lazy\" decoding=\"async\" width=\"522\" height=\"38\" src=\"https:\/\/www.dattamagazine.com\/wp-content\/uploads\/2025\/05\/logo-1.png\" alt=\"logo\" class=\"wp-image-70\" srcset=\"https:\/\/www.dattamagazine.com\/wp-content\/uploads\/2025\/05\/logo-1.png 522w, https:\/\/www.dattamagazine.com\/wp-content\/uploads\/2025\/05\/logo-1-300x22.png 300w\" sizes=\"auto, (max-width: 522px) 100vw, 522px\" \/><\/figure>\n\n\n\n<p>HERRAMIENTAS PARA USUARIOS E INSPIRACI\u00d3N PARA CREADORES<\/p>\n\n\n\n<p class=\"has-text-align-center\">Copyright \u00a92025 DattaMagazine.  All Rights Reserved.<\/p>\n<\/div><\/div>\n","protected":false},"excerpt":{"rendered":"","protected":false},"author":1,"featured_media":0,"parent":0,"menu_order":0,"comment_status":"closed","ping_status":"closed","template":"","meta":{"neve_meta_sidebar":"","neve_meta_container":"default","neve_meta_enable_content_width":"on","neve_meta_content_width":100,"neve_meta_title_alignment":"","neve_meta_author_avatar":"","neve_post_elements_order":"","neve_meta_disable_header":"","neve_meta_disable_footer":"on","neve_meta_disable_title":"on","footnotes":""},"class_list":["post-238","page","type-page","status-publish","hentry"],"yoast_head":"<!-- This site is optimized with the Yoast SEO plugin v25.0 - https:\/\/yoast.com\/wordpress\/plugins\/seo\/ -->\n<title>\u00bfReviven los celulares con tapita? | DattaMagazine<\/title>\n<meta name=\"description\" content=\"Quien para esta fiestas tenga en mente regalar un celular \u201ccon tapita\u201d no deber\u00e1 emprender un imposible viaje al pasado\" \/>\n<meta name=\"robots\" content=\"index, follow, max-snippet:-1, max-image-preview:large, max-video-preview:-1\" \/>\n<link rel=\"canonical\" href=\"https:\/\/www.dattamagazine.com\/reviven-los-celulares-con-tapita\/\" \/>\n<meta property=\"og:locale\" content=\"en_US\" \/>\n<meta property=\"og:type\" content=\"article\" \/>\n<meta property=\"og:title\" content=\"\u00bfReviven los celulares con tapita? | DattaMagazine\" \/>\n<meta property=\"og:description\" content=\"Quien para esta fiestas tenga en mente regalar un celular \u201ccon tapita\u201d no deber\u00e1 emprender un imposible viaje al pasado\" \/>\n<meta property=\"og:url\" content=\"https:\/\/www.dattamagazine.com\/reviven-los-celulares-con-tapita\/\" \/>\n<meta property=\"og:site_name\" content=\"Marketing Agency\" \/>\n<meta property=\"article:modified_time\" content=\"2025-05-19T19:06:11+00:00\" \/>\n<meta property=\"og:image\" content=\"https:\/\/www.dattamagazine.com\/wp-content\/uploads\/2025\/05\/celular-1.jpg\" \/>\n<meta name=\"twitter:card\" content=\"summary_large_image\" \/>\n<meta name=\"twitter:label1\" content=\"Est. reading time\" \/>\n\t<meta name=\"twitter:data1\" content=\"5 minutes\" \/>\n<script type=\"application\/ld+json\" class=\"yoast-schema-graph\">{\"@context\":\"https:\/\/schema.org\",\"@graph\":[{\"@type\":\"WebPage\",\"@id\":\"https:\/\/www.dattamagazine.com\/reviven-los-celulares-con-tapita\/\",\"url\":\"https:\/\/www.dattamagazine.com\/reviven-los-celulares-con-tapita\/\",\"name\":\"\u00bfReviven los celulares con tapita? | DattaMagazine\",\"isPartOf\":{\"@id\":\"https:\/\/www.dattamagazine.com\/#website\"},\"primaryImageOfPage\":{\"@id\":\"https:\/\/www.dattamagazine.com\/reviven-los-celulares-con-tapita\/#primaryimage\"},\"image\":{\"@id\":\"https:\/\/www.dattamagazine.com\/reviven-los-celulares-con-tapita\/#primaryimage\"},\"thumbnailUrl\":\"https:\/\/www.dattamagazine.com\/wp-content\/uploads\/2025\/05\/celular-1.jpg\",\"datePublished\":\"2025-05-08T00:59:32+00:00\",\"dateModified\":\"2025-05-19T19:06:11+00:00\",\"description\":\"Quien para esta fiestas tenga en mente regalar un celular \u201ccon tapita\u201d no deber\u00e1 emprender un imposible viaje al pasado\",\"breadcrumb\":{\"@id\":\"https:\/\/www.dattamagazine.com\/reviven-los-celulares-con-tapita\/#breadcrumb\"},\"inLanguage\":\"en-US\",\"potentialAction\":[{\"@type\":\"ReadAction\",\"target\":[\"https:\/\/www.dattamagazine.com\/reviven-los-celulares-con-tapita\/\"]}]},{\"@type\":\"ImageObject\",\"inLanguage\":\"en-US\",\"@id\":\"https:\/\/www.dattamagazine.com\/reviven-los-celulares-con-tapita\/#primaryimage\",\"url\":\"https:\/\/www.dattamagazine.com\/wp-content\/uploads\/2025\/05\/celular-1.jpg\",\"contentUrl\":\"https:\/\/www.dattamagazine.com\/wp-content\/uploads\/2025\/05\/celular-1.jpg\",\"width\":870,\"height\":370},{\"@type\":\"BreadcrumbList\",\"@id\":\"https:\/\/www.dattamagazine.com\/reviven-los-celulares-con-tapita\/#breadcrumb\",\"itemListElement\":[{\"@type\":\"ListItem\",\"position\":1,\"name\":\"Home\",\"item\":\"https:\/\/www.dattamagazine.com\/\"},{\"@type\":\"ListItem\",\"position\":2,\"name\":\"\u00bfReviven los celulares con tapita?\"}]},{\"@type\":\"WebSite\",\"@id\":\"https:\/\/www.dattamagazine.com\/#website\",\"url\":\"https:\/\/www.dattamagazine.com\/\",\"name\":\"Marketing Agency\",\"description\":\"\",\"publisher\":{\"@id\":\"https:\/\/www.dattamagazine.com\/#organization\"},\"potentialAction\":[{\"@type\":\"SearchAction\",\"target\":{\"@type\":\"EntryPoint\",\"urlTemplate\":\"https:\/\/www.dattamagazine.com\/?s={search_term_string}\"},\"query-input\":{\"@type\":\"PropertyValueSpecification\",\"valueRequired\":true,\"valueName\":\"search_term_string\"}}],\"inLanguage\":\"en-US\"},{\"@type\":\"Organization\",\"@id\":\"https:\/\/www.dattamagazine.com\/#organization\",\"name\":\"Marketing Agency\",\"url\":\"https:\/\/www.dattamagazine.com\/\",\"logo\":{\"@type\":\"ImageObject\",\"inLanguage\":\"en-US\",\"@id\":\"https:\/\/www.dattamagazine.com\/#\/schema\/logo\/image\/\",\"url\":\"https:\/\/www.dattamagazine.com\/wp-content\/uploads\/2025\/05\/logo-agency.png\",\"contentUrl\":\"https:\/\/www.dattamagazine.com\/wp-content\/uploads\/2025\/05\/logo-agency.png\",\"width\":200,\"height\":200,\"caption\":\"Marketing Agency\"},\"image\":{\"@id\":\"https:\/\/www.dattamagazine.com\/#\/schema\/logo\/image\/\"}}]}<\/script>\n<!-- \/ Yoast SEO plugin. -->","yoast_head_json":{"title":"\u00bfReviven los celulares con tapita? | DattaMagazine","description":"Quien para esta fiestas tenga en mente regalar un celular \u201ccon tapita\u201d no deber\u00e1 emprender un imposible viaje al pasado","robots":{"index":"index","follow":"follow","max-snippet":"max-snippet:-1","max-image-preview":"max-image-preview:large","max-video-preview":"max-video-preview:-1"},"canonical":"https:\/\/www.dattamagazine.com\/reviven-los-celulares-con-tapita\/","og_locale":"en_US","og_type":"article","og_title":"\u00bfReviven los celulares con tapita? | DattaMagazine","og_description":"Quien para esta fiestas tenga en mente regalar un celular \u201ccon tapita\u201d no deber\u00e1 emprender un imposible viaje al pasado","og_url":"https:\/\/www.dattamagazine.com\/reviven-los-celulares-con-tapita\/","og_site_name":"Marketing Agency","article_modified_time":"2025-05-19T19:06:11+00:00","og_image":[{"url":"https:\/\/www.dattamagazine.com\/wp-content\/uploads\/2025\/05\/celular-1.jpg","type":"","width":"","height":""}],"twitter_card":"summary_large_image","twitter_misc":{"Est. reading time":"5 minutes"},"schema":{"@context":"https:\/\/schema.org","@graph":[{"@type":"WebPage","@id":"https:\/\/www.dattamagazine.com\/reviven-los-celulares-con-tapita\/","url":"https:\/\/www.dattamagazine.com\/reviven-los-celulares-con-tapita\/","name":"\u00bfReviven los celulares con tapita? | DattaMagazine","isPartOf":{"@id":"https:\/\/www.dattamagazine.com\/#website"},"primaryImageOfPage":{"@id":"https:\/\/www.dattamagazine.com\/reviven-los-celulares-con-tapita\/#primaryimage"},"image":{"@id":"https:\/\/www.dattamagazine.com\/reviven-los-celulares-con-tapita\/#primaryimage"},"thumbnailUrl":"https:\/\/www.dattamagazine.com\/wp-content\/uploads\/2025\/05\/celular-1.jpg","datePublished":"2025-05-08T00:59:32+00:00","dateModified":"2025-05-19T19:06:11+00:00","description":"Quien para esta fiestas tenga en mente regalar un celular \u201ccon tapita\u201d no deber\u00e1 emprender un imposible viaje al pasado","breadcrumb":{"@id":"https:\/\/www.dattamagazine.com\/reviven-los-celulares-con-tapita\/#breadcrumb"},"inLanguage":"en-US","potentialAction":[{"@type":"ReadAction","target":["https:\/\/www.dattamagazine.com\/reviven-los-celulares-con-tapita\/"]}]},{"@type":"ImageObject","inLanguage":"en-US","@id":"https:\/\/www.dattamagazine.com\/reviven-los-celulares-con-tapita\/#primaryimage","url":"https:\/\/www.dattamagazine.com\/wp-content\/uploads\/2025\/05\/celular-1.jpg","contentUrl":"https:\/\/www.dattamagazine.com\/wp-content\/uploads\/2025\/05\/celular-1.jpg","width":870,"height":370},{"@type":"BreadcrumbList","@id":"https:\/\/www.dattamagazine.com\/reviven-los-celulares-con-tapita\/#breadcrumb","itemListElement":[{"@type":"ListItem","position":1,"name":"Home","item":"https:\/\/www.dattamagazine.com\/"},{"@type":"ListItem","position":2,"name":"\u00bfReviven los celulares con tapita?"}]},{"@type":"WebSite","@id":"https:\/\/www.dattamagazine.com\/#website","url":"https:\/\/www.dattamagazine.com\/","name":"Marketing Agency","description":"","publisher":{"@id":"https:\/\/www.dattamagazine.com\/#organization"},"potentialAction":[{"@type":"SearchAction","target":{"@type":"EntryPoint","urlTemplate":"https:\/\/www.dattamagazine.com\/?s={search_term_string}"},"query-input":{"@type":"PropertyValueSpecification","valueRequired":true,"valueName":"search_term_string"}}],"inLanguage":"en-US"},{"@type":"Organization","@id":"https:\/\/www.dattamagazine.com\/#organization","name":"Marketing Agency","url":"https:\/\/www.dattamagazine.com\/","logo":{"@type":"ImageObject","inLanguage":"en-US","@id":"https:\/\/www.dattamagazine.com\/#\/schema\/logo\/image\/","url":"https:\/\/www.dattamagazine.com\/wp-content\/uploads\/2025\/05\/logo-agency.png","contentUrl":"https:\/\/www.dattamagazine.com\/wp-content\/uploads\/2025\/05\/logo-agency.png","width":200,"height":200,"caption":"Marketing Agency"},"image":{"@id":"https:\/\/www.dattamagazine.com\/#\/schema\/logo\/image\/"}}]}},"_links":{"self":[{"href":"https:\/\/www.dattamagazine.com\/index.php\/wp-json\/wp\/v2\/pages\/238","targetHints":{"allow":["GET"]}}],"collection":[{"href":"https:\/\/www.dattamagazine.com\/index.php\/wp-json\/wp\/v2\/pages"}],"about":[{"href":"https:\/\/www.dattamagazine.com\/index.php\/wp-json\/wp\/v2\/types\/page"}],"author":[{"embeddable":true,"href":"https:\/\/www.dattamagazine.com\/index.php\/wp-json\/wp\/v2\/users\/1"}],"replies":[{"embeddable":true,"href":"https:\/\/www.dattamagazine.com\/index.php\/wp-json\/wp\/v2\/comments?post=238"}],"version-history":[{"count":2,"href":"https:\/\/www.dattamagazine.com\/index.php\/wp-json\/wp\/v2\/pages\/238\/revisions"}],"predecessor-version":[{"id":256,"href":"https:\/\/www.dattamagazine.com\/index.php\/wp-json\/wp\/v2\/pages\/238\/revisions\/256"}],"wp:attachment":[{"href":"https:\/\/www.dattamagazine.com\/index.php\/wp-json\/wp\/v2\/media?parent=238"}],"curies":[{"name":"wp","href":"https:\/\/api.w.org\/{rel}","templated":true}]}}