{"id":143,"date":"2025-05-08T00:57:57","date_gmt":"2025-05-08T00:57:57","guid":{"rendered":"https:\/\/www.dattamagazine.com\/?page_id=143"},"modified":"2025-05-19T19:06:46","modified_gmt":"2025-05-19T19:06:46","slug":"el-smartphone-companero-de-viaje","status":"publish","type":"page","link":"https:\/\/www.dattamagazine.com\/el-smartphone-companero-de-viaje\/","title":{"rendered":"El Smartphone, compa\u00f1ero de viaje"},"content":{"rendered":"\n<div class=\"wp-block-cover alignfull is-light\" style=\"min-height:600px;aspect-ratio:unset;\"><span aria-hidden=\"true\" class=\"wp-block-cover__background has-nv-light-bg-background-color has-background-dim-0 has-background-dim\"><\/span><div class=\"wp-block-cover__inner-container is-layout-flow wp-block-cover-is-layout-flow\">\n<div class=\"wp-block-group\"><div class=\"wp-block-group__inner-container is-layout-flow wp-block-group-is-layout-flow\">\n<div style=\"height:80px\" aria-hidden=\"true\" class=\"wp-block-spacer\"><\/div>\n\n\n\n<div class=\"wp-block-columns is-layout-flex wp-container-core-columns-is-layout-9d6595d7 wp-block-columns-is-layout-flex\">\n<div class=\"wp-block-column is-vertically-aligned-top has-neve-text-color-color has-text-color has-link-color wp-elements-a97c0a73c0226e088baf5c63dd3751b3 is-layout-flow wp-block-column-is-layout-flow\" style=\"padding-right:var(--wp--preset--spacing--30);padding-left:var(--wp--preset--spacing--30);flex-basis:100%\">\n<div class=\"wp-block-cover is-light has-custom-content-position is-position-bottom-left has-border-color\" style=\"border-color:#333333;border-width:15px;min-height:430px;aspect-ratio:unset;\"><img loading=\"lazy\" decoding=\"async\" width=\"870\" height=\"370\" class=\"wp-block-cover__image-background wp-image-252 size-full\" alt=\" El Smartphone, compa\u00f1ero de viaje \" src=\"https:\/\/www.dattamagazine.com\/wp-content\/uploads\/2025\/05\/smart-1.jpg\" data-object-fit=\"cover\" srcset=\"https:\/\/www.dattamagazine.com\/wp-content\/uploads\/2025\/05\/smart-1.jpg 870w, https:\/\/www.dattamagazine.com\/wp-content\/uploads\/2025\/05\/smart-1-300x128.jpg 300w, https:\/\/www.dattamagazine.com\/wp-content\/uploads\/2025\/05\/smart-1-768x327.jpg 768w\" sizes=\"auto, (max-width: 870px) 100vw, 870px\" \/><span aria-hidden=\"true\" class=\"wp-block-cover__background has-background-dim-0 has-background-dim\" style=\"background-color:#bab7b4\"><\/span><div class=\"wp-block-cover__inner-container is-layout-flow wp-block-cover-is-layout-flow\">\n<p class=\"has-text-align-center has-large-font-size\"><\/p>\n<\/div><\/div>\n\n\n\n<p><\/p>\n\n\n\n<h1 class=\"wp-block-heading has-neve-link-color-color has-text-color has-link-color has-large-font-size wp-elements-79e933e2c059042dd6666c7190bbfea7\" style=\"font-style:normal;font-weight:100\">El Smartphone, compa\u00f1ero de viaje<\/h1>\n\n\n\n<h4 class=\"wp-block-heading\">Al aventurarse a la calle y recorrer las ciudades utilizando el transporte p\u00fablico o veh\u00edculo propio, es conveniente salir bien informado con respecto al estado del tr\u00e1nsito y los servicios que se utilizar\u00e1n. Aqu\u00ed algunas apps para tener en cuenta.<\/h4>\n\n\n\n<p>Las grandes ciudades se han plagado de veh\u00edculos y servicios, por lo que ya no es c\u00f3modo transitar por ellas sin toparse con alg\u00fan problema a diario: cortes, piquetes, paros y cientos de dramas que solo aquel que lo vive a diario lo entiende. Pero no todo est\u00e1 perdido; la propuesta aqu\u00ed es utilizar el celular para instalar algunas apps que nos brinden informaci\u00f3n extra sobre los servicios que se van a utilizar y el estado de las calles por las que se va a circular.<\/p>\n\n\n\n<h3 class=\"wp-block-heading\">Con veh\u00edculo propio<\/h3>\n\n\n\n<p>Si la opci\u00f3n es trasladarse en auto, una de las primeras apps que se deber\u00eda instalar es Waze, una especie de comunidad global de automovilistas que brindan mucha informaci\u00f3n por donde se est\u00e9 circulando. Los usuarios de Waze informan minuto a minuto de cuestiones claves como accidentes, embotellamientos y controles policiales marc\u00e1ndolos en el mapa del programa. A medida que el auto se traslada, el mapa se ir\u00e1 actualizando y \u201crefrescando\u201d la informaci\u00f3n.<\/p>\n\n\n\n<p>Waze tambi\u00e9n brinda mucha informaci\u00f3n de utilidad informando, por ejemplo, el precio del combustible en las estaciones de servicio de la zona mientras que, desde all\u00ed, se pueden reportar precios para que los dem\u00e1s usuarios lo tengan en cuenta. Como toda herramienta social nuestro aporte har\u00e1 que el programa crezca y otros conductores puedan nutrirse de la informaci\u00f3n que hemos brindado.<\/p>\n\n\n\n<p>Otro infalible es Google Maps, el servicio de mapas de Google. Lo interesante aqu\u00ed es que se pueden consultar direcciones y acceder a la vista Street View con solo tener Earth instalado para observar la zona de cerca.<\/p>\n\n\n\n<p>Tambi\u00e9n se puede optar por BA M\u00f3vil, un programa desarrollado por el Gobierno de la Ciudad de Buenos Aires que permite consultar el estado del tr\u00e1nsito en tiempo real como tambi\u00e9n observar los servicios de transporte p\u00fablico que est\u00e1n funcionando.<\/p>\n\n\n\n<p>Otra opci\u00f3n es utilizar Twitter como central de informaci\u00f3n para el estado del tr\u00e1nsito. En Argentina se pueden seguir algunas cuentas interesantes que se actualizan minuto a minuto reportando problemas e incidentes como: @AlertasTransito, @batransito y @ernestoarriaga.<\/p>\n\n\n\n<p>Para terminar con este apartado, y si bien no es una aplicaci\u00f3n m\u00f3vil, recomendaremos un servicio para consultar el lugar m\u00e1s cercano en donde puede realizarse la revisi\u00f3n t\u00e9cnica obligatoria para el veh\u00edculo (Chile). Lo indicado para el caso es acceder a un mapa interactivo de MapCity que destaca mediante iconos los lugares y direcciones exactas donde pueden realizarse las revisiones en lugares autorizados.<\/p>\n\n\n\n<h3 class=\"wp-block-heading\">Servicios<\/h3>\n\n\n\n<p>Si al salir a la calle el transporte elegido son los colectivos, trenes, taxis y subtes, tambi\u00e9n se podr\u00e1 equiparse con una buena selecci\u00f3n de programas m\u00f3viles para estar mejor informado. El primero de la lista es Safer Taxi (disponible en Argentina, Uruguay, Chile y Brasil), una App que permite pedir un taxi directamente utilizando el programa.<\/p>\n\n\n\n<p>Adem\u00e1s, Safer Taxi, permitir\u00e1 ver el puntaje de los conductores y luego calificar el viaje para que otros usuarios est\u00e9n atentos a la hora de realizar la reserva. Un beneficio de Safer Taxi es que nos enviara el taxi m\u00e1s cercano a la posici\u00f3n desde donde se realiz\u00f3 el pedido ahorrando as\u00ed valioso tiempo.<\/p>\n\n\n\n<p>Tambi\u00e9n vale la pena destacar algunas que permiten moverse c\u00f3modamente en tren como por ejemplo Trenes en Vivo (Argentina) que muestra todos los ramales disponibles y su estado. En la misma l\u00ednea se puede probar con Moovit que funciona en Chile, Argentina, Espa\u00f1a, M\u00e9xico y algunas ciudades de Colombia. Con dicha App es posible ver informaci\u00f3n actualizada de los servicios de trenes y colectivos minuto a minuto.<\/p>\n\n\n\n<p>En cambio s\u00ed somos amigos del medioambiente y la bicicleta es el veh\u00edculo elegido, se podr\u00e1n informar sobre el proyecto de bicicletas del Gobierno de la Ciudad de Buenos Aires. La App lleva el nombre de BA EcoBici y con ella se podr\u00e1 observar la cantidad de bicicletas disponibles en cada estaci\u00f3n, consultar el historial de viajes realizados en bici, consultar el mapa de la red de ciclov\u00edas, y hasta hacer reportes sobre el estado de las bicicletas y de las estaciones propiamente dichas.<\/p>\n<\/div>\n<\/div>\n<\/div><\/div>\n<\/div><\/div>\n\n\n\n<div class=\"wp-block-cover alignfull\" style=\"min-height:300px;aspect-ratio:unset;\"><span aria-hidden=\"true\" class=\"wp-block-cover__background has-neve-text-color-background-color has-background-dim-100 has-background-dim\"><\/span><div class=\"wp-block-cover__inner-container is-layout-flow wp-block-cover-is-layout-flow\">\n<div style=\"height:40px\" aria-hidden=\"true\" class=\"wp-block-spacer\"><\/div>\n\n\n\n<figure class=\"wp-block-image size-full\"><img loading=\"lazy\" decoding=\"async\" width=\"522\" height=\"38\" src=\"https:\/\/www.dattamagazine.com\/wp-content\/uploads\/2025\/05\/logo-1.png\" alt=\"logo\" class=\"wp-image-70\" srcset=\"https:\/\/www.dattamagazine.com\/wp-content\/uploads\/2025\/05\/logo-1.png 522w, https:\/\/www.dattamagazine.com\/wp-content\/uploads\/2025\/05\/logo-1-300x22.png 300w\" sizes=\"auto, (max-width: 522px) 100vw, 522px\" \/><\/figure>\n\n\n\n<p>HERRAMIENTAS PARA USUARIOS E INSPIRACI\u00d3N PARA CREADORES<\/p>\n\n\n\n<p class=\"has-text-align-center\">Copyright \u00a92025 DattaMagazine.  All Rights Reserved.<\/p>\n<\/div><\/div>\n","protected":false},"excerpt":{"rendered":"","protected":false},"author":1,"featured_media":0,"parent":0,"menu_order":0,"comment_status":"closed","ping_status":"closed","template":"","meta":{"neve_meta_sidebar":"","neve_meta_container":"default","neve_meta_enable_content_width":"on","neve_meta_content_width":100,"neve_meta_title_alignment":"","neve_meta_author_avatar":"","neve_post_elements_order":"","neve_meta_disable_header":"","neve_meta_disable_footer":"on","neve_meta_disable_title":"on","footnotes":""},"class_list":["post-143","page","type-page","status-publish","hentry"],"yoast_head":"<!-- This site is optimized with the Yoast SEO plugin v25.0 - https:\/\/yoast.com\/wordpress\/plugins\/seo\/ -->\n<title>El Smartphone, compa\u00f1ero de viaje | DattaMagazine<\/title>\n<meta name=\"description\" content=\"Las grandes ciudades se han plagado de veh\u00edculos y servicios, por lo que ya no es c\u00f3modo transitar por ellas sin toparse con alg\u00fan problema a diario\" \/>\n<meta name=\"robots\" content=\"index, follow, max-snippet:-1, max-image-preview:large, max-video-preview:-1\" \/>\n<link rel=\"canonical\" href=\"https:\/\/www.dattamagazine.com\/el-smartphone-companero-de-viaje\/\" \/>\n<meta property=\"og:locale\" content=\"en_US\" \/>\n<meta property=\"og:type\" content=\"article\" \/>\n<meta property=\"og:title\" content=\"El Smartphone, compa\u00f1ero de viaje | DattaMagazine\" \/>\n<meta property=\"og:description\" content=\"Las grandes ciudades se han plagado de veh\u00edculos y servicios, por lo que ya no es c\u00f3modo transitar por ellas sin toparse con alg\u00fan problema a diario\" \/>\n<meta property=\"og:url\" content=\"https:\/\/www.dattamagazine.com\/el-smartphone-companero-de-viaje\/\" \/>\n<meta property=\"og:site_name\" content=\"Marketing Agency\" \/>\n<meta property=\"article:modified_time\" content=\"2025-05-19T19:06:46+00:00\" \/>\n<meta property=\"og:image\" content=\"https:\/\/www.dattamagazine.com\/wp-content\/uploads\/2025\/05\/smart-1.jpg\" \/>\n<meta name=\"twitter:card\" content=\"summary_large_image\" \/>\n<meta name=\"twitter:label1\" content=\"Est. reading time\" \/>\n\t<meta name=\"twitter:data1\" content=\"4 minutes\" \/>\n<script type=\"application\/ld+json\" class=\"yoast-schema-graph\">{\"@context\":\"https:\/\/schema.org\",\"@graph\":[{\"@type\":\"WebPage\",\"@id\":\"https:\/\/www.dattamagazine.com\/el-smartphone-companero-de-viaje\/\",\"url\":\"https:\/\/www.dattamagazine.com\/el-smartphone-companero-de-viaje\/\",\"name\":\"El Smartphone, compa\u00f1ero de viaje | DattaMagazine\",\"isPartOf\":{\"@id\":\"https:\/\/www.dattamagazine.com\/#website\"},\"primaryImageOfPage\":{\"@id\":\"https:\/\/www.dattamagazine.com\/el-smartphone-companero-de-viaje\/#primaryimage\"},\"image\":{\"@id\":\"https:\/\/www.dattamagazine.com\/el-smartphone-companero-de-viaje\/#primaryimage\"},\"thumbnailUrl\":\"https:\/\/www.dattamagazine.com\/wp-content\/uploads\/2025\/05\/smart-1.jpg\",\"datePublished\":\"2025-05-08T00:57:57+00:00\",\"dateModified\":\"2025-05-19T19:06:46+00:00\",\"description\":\"Las grandes ciudades se han plagado de veh\u00edculos y servicios, por lo que ya no es c\u00f3modo transitar por ellas sin toparse con alg\u00fan problema a diario\",\"breadcrumb\":{\"@id\":\"https:\/\/www.dattamagazine.com\/el-smartphone-companero-de-viaje\/#breadcrumb\"},\"inLanguage\":\"en-US\",\"potentialAction\":[{\"@type\":\"ReadAction\",\"target\":[\"https:\/\/www.dattamagazine.com\/el-smartphone-companero-de-viaje\/\"]}]},{\"@type\":\"ImageObject\",\"inLanguage\":\"en-US\",\"@id\":\"https:\/\/www.dattamagazine.com\/el-smartphone-companero-de-viaje\/#primaryimage\",\"url\":\"https:\/\/www.dattamagazine.com\/wp-content\/uploads\/2025\/05\/smart-1.jpg\",\"contentUrl\":\"https:\/\/www.dattamagazine.com\/wp-content\/uploads\/2025\/05\/smart-1.jpg\",\"width\":870,\"height\":370},{\"@type\":\"BreadcrumbList\",\"@id\":\"https:\/\/www.dattamagazine.com\/el-smartphone-companero-de-viaje\/#breadcrumb\",\"itemListElement\":[{\"@type\":\"ListItem\",\"position\":1,\"name\":\"Home\",\"item\":\"https:\/\/www.dattamagazine.com\/\"},{\"@type\":\"ListItem\",\"position\":2,\"name\":\"El Smartphone, compa\u00f1ero de viaje\"}]},{\"@type\":\"WebSite\",\"@id\":\"https:\/\/www.dattamagazine.com\/#website\",\"url\":\"https:\/\/www.dattamagazine.com\/\",\"name\":\"Marketing Agency\",\"description\":\"\",\"publisher\":{\"@id\":\"https:\/\/www.dattamagazine.com\/#organization\"},\"potentialAction\":[{\"@type\":\"SearchAction\",\"target\":{\"@type\":\"EntryPoint\",\"urlTemplate\":\"https:\/\/www.dattamagazine.com\/?s={search_term_string}\"},\"query-input\":{\"@type\":\"PropertyValueSpecification\",\"valueRequired\":true,\"valueName\":\"search_term_string\"}}],\"inLanguage\":\"en-US\"},{\"@type\":\"Organization\",\"@id\":\"https:\/\/www.dattamagazine.com\/#organization\",\"name\":\"Marketing Agency\",\"url\":\"https:\/\/www.dattamagazine.com\/\",\"logo\":{\"@type\":\"ImageObject\",\"inLanguage\":\"en-US\",\"@id\":\"https:\/\/www.dattamagazine.com\/#\/schema\/logo\/image\/\",\"url\":\"https:\/\/www.dattamagazine.com\/wp-content\/uploads\/2025\/05\/logo-agency.png\",\"contentUrl\":\"https:\/\/www.dattamagazine.com\/wp-content\/uploads\/2025\/05\/logo-agency.png\",\"width\":200,\"height\":200,\"caption\":\"Marketing Agency\"},\"image\":{\"@id\":\"https:\/\/www.dattamagazine.com\/#\/schema\/logo\/image\/\"}}]}<\/script>\n<!-- \/ Yoast SEO plugin. -->","yoast_head_json":{"title":"El Smartphone, compa\u00f1ero de viaje | DattaMagazine","description":"Las grandes ciudades se han plagado de veh\u00edculos y servicios, por lo que ya no es c\u00f3modo transitar por ellas sin toparse con alg\u00fan problema a diario","robots":{"index":"index","follow":"follow","max-snippet":"max-snippet:-1","max-image-preview":"max-image-preview:large","max-video-preview":"max-video-preview:-1"},"canonical":"https:\/\/www.dattamagazine.com\/el-smartphone-companero-de-viaje\/","og_locale":"en_US","og_type":"article","og_title":"El Smartphone, compa\u00f1ero de viaje | DattaMagazine","og_description":"Las grandes ciudades se han plagado de veh\u00edculos y servicios, por lo que ya no es c\u00f3modo transitar por ellas sin toparse con alg\u00fan problema a diario","og_url":"https:\/\/www.dattamagazine.com\/el-smartphone-companero-de-viaje\/","og_site_name":"Marketing Agency","article_modified_time":"2025-05-19T19:06:46+00:00","og_image":[{"url":"https:\/\/www.dattamagazine.com\/wp-content\/uploads\/2025\/05\/smart-1.jpg","type":"","width":"","height":""}],"twitter_card":"summary_large_image","twitter_misc":{"Est. reading time":"4 minutes"},"schema":{"@context":"https:\/\/schema.org","@graph":[{"@type":"WebPage","@id":"https:\/\/www.dattamagazine.com\/el-smartphone-companero-de-viaje\/","url":"https:\/\/www.dattamagazine.com\/el-smartphone-companero-de-viaje\/","name":"El Smartphone, compa\u00f1ero de viaje | DattaMagazine","isPartOf":{"@id":"https:\/\/www.dattamagazine.com\/#website"},"primaryImageOfPage":{"@id":"https:\/\/www.dattamagazine.com\/el-smartphone-companero-de-viaje\/#primaryimage"},"image":{"@id":"https:\/\/www.dattamagazine.com\/el-smartphone-companero-de-viaje\/#primaryimage"},"thumbnailUrl":"https:\/\/www.dattamagazine.com\/wp-content\/uploads\/2025\/05\/smart-1.jpg","datePublished":"2025-05-08T00:57:57+00:00","dateModified":"2025-05-19T19:06:46+00:00","description":"Las grandes ciudades se han plagado de veh\u00edculos y servicios, por lo que ya no es c\u00f3modo transitar por ellas sin toparse con alg\u00fan problema a diario","breadcrumb":{"@id":"https:\/\/www.dattamagazine.com\/el-smartphone-companero-de-viaje\/#breadcrumb"},"inLanguage":"en-US","potentialAction":[{"@type":"ReadAction","target":["https:\/\/www.dattamagazine.com\/el-smartphone-companero-de-viaje\/"]}]},{"@type":"ImageObject","inLanguage":"en-US","@id":"https:\/\/www.dattamagazine.com\/el-smartphone-companero-de-viaje\/#primaryimage","url":"https:\/\/www.dattamagazine.com\/wp-content\/uploads\/2025\/05\/smart-1.jpg","contentUrl":"https:\/\/www.dattamagazine.com\/wp-content\/uploads\/2025\/05\/smart-1.jpg","width":870,"height":370},{"@type":"BreadcrumbList","@id":"https:\/\/www.dattamagazine.com\/el-smartphone-companero-de-viaje\/#breadcrumb","itemListElement":[{"@type":"ListItem","position":1,"name":"Home","item":"https:\/\/www.dattamagazine.com\/"},{"@type":"ListItem","position":2,"name":"El Smartphone, compa\u00f1ero de viaje"}]},{"@type":"WebSite","@id":"https:\/\/www.dattamagazine.com\/#website","url":"https:\/\/www.dattamagazine.com\/","name":"Marketing Agency","description":"","publisher":{"@id":"https:\/\/www.dattamagazine.com\/#organization"},"potentialAction":[{"@type":"SearchAction","target":{"@type":"EntryPoint","urlTemplate":"https:\/\/www.dattamagazine.com\/?s={search_term_string}"},"query-input":{"@type":"PropertyValueSpecification","valueRequired":true,"valueName":"search_term_string"}}],"inLanguage":"en-US"},{"@type":"Organization","@id":"https:\/\/www.dattamagazine.com\/#organization","name":"Marketing Agency","url":"https:\/\/www.dattamagazine.com\/","logo":{"@type":"ImageObject","inLanguage":"en-US","@id":"https:\/\/www.dattamagazine.com\/#\/schema\/logo\/image\/","url":"https:\/\/www.dattamagazine.com\/wp-content\/uploads\/2025\/05\/logo-agency.png","contentUrl":"https:\/\/www.dattamagazine.com\/wp-content\/uploads\/2025\/05\/logo-agency.png","width":200,"height":200,"caption":"Marketing Agency"},"image":{"@id":"https:\/\/www.dattamagazine.com\/#\/schema\/logo\/image\/"}}]}},"_links":{"self":[{"href":"https:\/\/www.dattamagazine.com\/index.php\/wp-json\/wp\/v2\/pages\/143","targetHints":{"allow":["GET"]}}],"collection":[{"href":"https:\/\/www.dattamagazine.com\/index.php\/wp-json\/wp\/v2\/pages"}],"about":[{"href":"https:\/\/www.dattamagazine.com\/index.php\/wp-json\/wp\/v2\/types\/page"}],"author":[{"embeddable":true,"href":"https:\/\/www.dattamagazine.com\/index.php\/wp-json\/wp\/v2\/users\/1"}],"replies":[{"embeddable":true,"href":"https:\/\/www.dattamagazine.com\/index.php\/wp-json\/wp\/v2\/comments?post=143"}],"version-history":[{"count":2,"href":"https:\/\/www.dattamagazine.com\/index.php\/wp-json\/wp\/v2\/pages\/143\/revisions"}],"predecessor-version":[{"id":253,"href":"https:\/\/www.dattamagazine.com\/index.php\/wp-json\/wp\/v2\/pages\/143\/revisions\/253"}],"wp:attachment":[{"href":"https:\/\/www.dattamagazine.com\/index.php\/wp-json\/wp\/v2\/media?parent=143"}],"curies":[{"name":"wp","href":"https:\/\/api.w.org\/{rel}","templated":true}]}}