{"id":142,"date":"2025-05-08T00:56:41","date_gmt":"2025-05-08T00:56:41","guid":{"rendered":"https:\/\/www.dattamagazine.com\/?page_id=142"},"modified":"2025-05-19T19:07:21","modified_gmt":"2025-05-19T19:07:21","slug":"renovacion-movil","status":"publish","type":"page","link":"https:\/\/www.dattamagazine.com\/renovacion-movil-como-seran-los-esperados-samsung-galaxy-s7-y-lg-g5\/","title":{"rendered":"Renovaci\u00f3n M\u00f3vil"},"content":{"rendered":"\n<div class=\"wp-block-cover alignfull is-light\" style=\"min-height:600px;aspect-ratio:unset;\"><span aria-hidden=\"true\" class=\"wp-block-cover__background has-nv-light-bg-background-color has-background-dim-0 has-background-dim\"><\/span><div class=\"wp-block-cover__inner-container is-layout-flow wp-block-cover-is-layout-flow\">\n<div class=\"wp-block-group\"><div class=\"wp-block-group__inner-container is-layout-flow wp-block-group-is-layout-flow\">\n<div style=\"height:80px\" aria-hidden=\"true\" class=\"wp-block-spacer\"><\/div>\n\n\n\n<div class=\"wp-block-columns is-layout-flex wp-container-core-columns-is-layout-9d6595d7 wp-block-columns-is-layout-flex\">\n<div class=\"wp-block-column is-vertically-aligned-top has-neve-text-color-color has-text-color has-link-color wp-elements-e0a70c7f25fa121174c9aabfbb83a9de is-layout-flow wp-block-column-is-layout-flow\" style=\"padding-right:var(--wp--preset--spacing--30);padding-left:var(--wp--preset--spacing--30);flex-basis:100%\">\n<div class=\"wp-block-cover is-light has-custom-content-position is-position-bottom-left has-border-color\" style=\"border-color:#333333;border-width:15px;min-height:430px;aspect-ratio:unset;\"><img loading=\"lazy\" decoding=\"async\" width=\"870\" height=\"370\" class=\"wp-block-cover__image-background wp-image-249 size-full\" alt=\"Renovaci\u00f3n M\u00f3vil\" src=\"https:\/\/www.dattamagazine.com\/wp-content\/uploads\/2025\/05\/cel-1.jpg\" data-object-fit=\"cover\" srcset=\"https:\/\/www.dattamagazine.com\/wp-content\/uploads\/2025\/05\/cel-1.jpg 870w, https:\/\/www.dattamagazine.com\/wp-content\/uploads\/2025\/05\/cel-1-300x128.jpg 300w, https:\/\/www.dattamagazine.com\/wp-content\/uploads\/2025\/05\/cel-1-768x327.jpg 768w\" sizes=\"auto, (max-width: 870px) 100vw, 870px\" \/><span aria-hidden=\"true\" class=\"wp-block-cover__background has-background-dim-0 has-background-dim\" style=\"background-color:#b4b7be\"><\/span><div class=\"wp-block-cover__inner-container is-layout-flow wp-block-cover-is-layout-flow\">\n<p class=\"has-text-align-center has-large-font-size\"><\/p>\n<\/div><\/div>\n\n\n\n<p><\/p>\n\n\n\n<h1 class=\"wp-block-heading has-neve-link-color-color has-text-color has-link-color has-large-font-size wp-elements-cfa9523042e5d770e6f448e18eaf77ef\" style=\"font-style:normal;font-weight:100\">Renovaci\u00f3n M\u00f3vil: Como Ser\u00e1n los Esperados Samsung Galaxy S7 y LG G5<\/h1>\n\n\n\n<p><em><strong>Las dos empresas Surcoreanas renovaran sus buques insignia de cara a un 2016 s\u00faper competitivo en materia de tecnolog\u00eda m\u00f3vil.<\/strong><\/em><\/p>\n\n\n\n<p>Samsung y LG son dos de las empresas l\u00edderes en materia de tecnolog\u00eda m\u00f3vil. En cada lado del ring, ambas compa\u00f1\u00edas han sabido evolucionar a conciencia, trayendo a\u00f1o a a\u00f1o interesantes novedades para reconquistar a los usuarios. Hay que destacar que ambas tienen presencia en todas las gamas de tel\u00e9fonos, pero es en la alta gama donde las compa\u00f1\u00edas se afilan las u\u00f1as con el objetivo de captar todas las miradas.<\/p>\n\n\n\n<p>Hablando puntualmente de tel\u00e9fonos caros y poderosos, hay que decir que Samsung se coloca al frente ofreciendo un abanico m\u00e1s grande de posibilidades, aunque LG no se queda atr\u00e1s dado que en 2015 supo diversificar su oferta de celulares con grandes prestaciones. En una interesante movida, en los \u00faltimos meses del a\u00f1o pasado, LG present\u00f3 su Smartphone V10 con interesantes tributos que, como veremos m\u00e1s adelante, heredar\u00e1 naturalmente el nuevo G5.<\/p>\n\n\n\n<p>Las herencias son de suma importancia y es que, antes de lanzarse de lleno con una tecnolog\u00eda que no ha sido testeada en el mercado, las compa\u00f1\u00edas prueban suerte con \u201clanzamientos term\u00f3metros\u201d que sirven para ver la reacci\u00f3n del p\u00fablico. Si luego la tecnolog\u00eda recoge el visto bueno, aquellas caracter\u00edsticas se incluyen en los nuevos topes de gama. Dichas pr\u00e1cticas las hemos visto con el Galaxy Round de pantalla curva hacia los lados que sirvi\u00f3 de antesala a lo que ofrece el Galaxy S6 Edge, mientras que el LG Flex fue el precursor con pantalla curva del G4. Aventurarse suena interesante pero mejor pisar sobre suelo firme.<\/p>\n\n\n\n<p>El evento en el que todos los usuarios y la prensa especializada tienen entre ojos es el Mobile World Congress. El escenario de Barcelona ofrece un buen momento para presentar los nuevos tel\u00e9fonos y dispositivos m\u00f3viles de los que hablaremos durante meses. Es aqu\u00ed donde Samsung y LG presentaran sendos m\u00f3viles pero, como siempre, a pocos d\u00edas del comienzo del show ya hay rumores muy firmes de c\u00f3mo ser\u00e1n estos equipos que nos quitan el sue\u00f1o.<\/p>\n\n\n\n<p><strong>LG G5<\/strong><\/p>\n\n\n\n<p>LG viene haciendo un excelente trabajo con su gama alta. Desde el LG G2 lanzado hace algunos a\u00f1os atr\u00e1s, los usuarios consideran a LG un jugador de peso siempre hablando de topes de gama.<\/p>\n\n\n\n<p>El G2 fue un tel\u00e9fono que sent\u00f3 las bases y la plataforma sobre las que luego se apoyaron todos sus sucesores. Quiz\u00e1s el aspecto m\u00e1s relevante del tel\u00e9fono fue por la apuesta de los botones ubicados en su parte trasera que, si bien al principio costaba acostumbrarse a dicha disposici\u00f3n, la misma terminaba siendo una soluci\u00f3n c\u00f3moda al utilizar naturalmente el dedo \u00edndice para subir, bajar el volumen y tomar selfies con la c\u00e1mara secundaria.<\/p>\n\n\n\n<p>Luego el G3 incluy\u00f3 una c\u00e1mara principal con un l\u00e1ser que pod\u00eda captar la distancia del objeto para hacer foco, mientras que el G4 sorprendi\u00f3 con sus espaldas de cuero cosido que denotaba gran calidad.<\/p>\n\n\n\n<p>El G5, por su parte, ser\u00e1 presentado justo un d\u00eda antes (el 21 de febrero) del comienzo del MWC 2016.<\/p>\n\n\n\n<p>Seg\u00fan algunos rumores que ya se consideran un hecho, el nuevo buque insignia de LG perder\u00eda sus caracter\u00edsticos botones en su parte trasera (una verdadera pena) ubic\u00e1ndose en su reemplazo un lector de huellas dactilares para desbloquear el tel\u00e9fono con la lectura del dedo \u00edndice. Adem\u00e1s la c\u00e1mara principal tendr\u00eda un doble sensor con un flash entre medio de ambos.<\/p>\n\n\n\n<p>Lejos de desaparecer, los botones de volumen migrar\u00edan hacia el lomo izquierdo del tel\u00e9fono, mientras que la construcci\u00f3n total del mismo seria realizado en metal y en un solo cuerpo pero manteniendo la bater\u00eda extra\u00edble.<\/p>\n\n\n\n<p>Los rumores se completan con una pantalla QHD de 5,5 pulgadas que puede permanecer encendida para notificar mensajes en su frente; una c\u00e1lida herencia del V10.<\/p>\n\n\n\n<p><strong>Samsung Galaxy S7<\/strong><\/p>\n\n\n\n<p>Con una larga trayectoria en la alta gama, Samsung ha sabido leer a la perfecci\u00f3n los vaivenes del mercado m\u00f3vil. Hoy la compa\u00f1\u00eda ofrece una alta gama desdoblada y para todos los gustos: Desde el Galaxy S6, pasando por la versi\u00f3n Edge con pantalla curva hacia los laterales y los Note para quienes deseen un Phablet de altas prestaciones.<\/p>\n\n\n\n<p>Las buenas \u00e9pocas nunca se detuvieron y los Galaxy S tienen m\u00e1s victorias que derrotas. Hablando de las ca\u00eddas, Samsung tiene en su haber solo una: el Galaxy S4, un tel\u00e9fono que paso con m\u00e1s penas que glorias sobre todo por la falta de innovaci\u00f3n que este modelo tiene con respecto al Galaxy S3.<\/p>\n\n\n\n<p>La peque\u00f1a grieta se cerr\u00f3 con creces con el Galaxy S5: el primer celular de Samsung con lector de huellas y resistente al agua.<\/p>\n\n\n\n<p>Ya con una gama alta desdoblada, la familia Galaxy se renovar\u00e1 de cara al MWC con dos celulares de grandes prestaciones que, en rigor, tienen las mismas caracter\u00edsticas t\u00e9cnicas solo que el Edge repetir\u00e1 exhibiendo sus curvas laterales.<\/p>\n\n\n\n<p>Seg\u00fan los rumores, las nuevas versiones vendr\u00e1n con Android 6, el nuevo sistema operativo de Google de manera nativa. Tambi\u00e9n se supo que el Galaxy S7 seria m\u00e1s chato, gracias a la reducci\u00f3n de tama\u00f1o del sensor de la c\u00e1mara principal del dispositivo.<\/p>\n\n\n\n<p>Algunas filtraciones hablan de dos versiones, una con procesador Snapdragon 820 y otra con el CPU Exynos SoC que ofrecer\u00eda un 15% de incremento en la velocidad.<\/p>\n\n\n\n<p>Por otra parte las pantallas serian de 5.5\u201d para el Edge mientras que el S7 se conformar\u00eda con una de 5.1\u201d. Ambos modelos vendr\u00edan con bater\u00edas de alta duraci\u00f3n que asegurar\u00eda prolongadas horas de uso intensivo.<\/p>\n<\/div>\n<\/div>\n<\/div><\/div>\n<\/div><\/div>\n\n\n\n<div class=\"wp-block-cover alignfull\" style=\"min-height:300px;aspect-ratio:unset;\"><span aria-hidden=\"true\" class=\"wp-block-cover__background has-neve-text-color-background-color has-background-dim-100 has-background-dim\"><\/span><div class=\"wp-block-cover__inner-container is-layout-flow wp-block-cover-is-layout-flow\">\n<div style=\"height:40px\" aria-hidden=\"true\" class=\"wp-block-spacer\"><\/div>\n\n\n\n<figure class=\"wp-block-image size-full\"><img loading=\"lazy\" decoding=\"async\" width=\"522\" height=\"38\" src=\"https:\/\/www.dattamagazine.com\/wp-content\/uploads\/2025\/05\/logo-1.png\" alt=\"logo\" class=\"wp-image-70\" srcset=\"https:\/\/www.dattamagazine.com\/wp-content\/uploads\/2025\/05\/logo-1.png 522w, https:\/\/www.dattamagazine.com\/wp-content\/uploads\/2025\/05\/logo-1-300x22.png 300w\" sizes=\"auto, (max-width: 522px) 100vw, 522px\" \/><\/figure>\n\n\n\n<p>HERRAMIENTAS PARA USUARIOS E INSPIRACI\u00d3N PARA CREADORES<\/p>\n\n\n\n<p class=\"has-text-align-center\">Copyright \u00a92025 DattaMagazine.  All Rights Reserved.<\/p>\n<\/div><\/div>\n","protected":false},"excerpt":{"rendered":"","protected":false},"author":1,"featured_media":0,"parent":0,"menu_order":0,"comment_status":"closed","ping_status":"closed","template":"","meta":{"neve_meta_sidebar":"","neve_meta_container":"default","neve_meta_enable_content_width":"on","neve_meta_content_width":100,"neve_meta_title_alignment":"","neve_meta_author_avatar":"","neve_post_elements_order":"","neve_meta_disable_header":"","neve_meta_disable_footer":"on","neve_meta_disable_title":"on","footnotes":""},"class_list":["post-142","page","type-page","status-publish","hentry"],"yoast_head":"<!-- This site is optimized with the Yoast SEO plugin v25.0 - https:\/\/yoast.com\/wordpress\/plugins\/seo\/ -->\n<title>Renovaci\u00f3n M\u00f3vil: Como Ser\u00e1n los Esperados Samsung Galaxy S7 y LG G5 | DattaMagazine<\/title>\n<meta name=\"description\" content=\"Samsung y LG son dos de las empresas l\u00edderes en materia de tecnolog\u00eda m\u00f3vil. En cada lado del ring\" \/>\n<meta name=\"robots\" content=\"index, follow, max-snippet:-1, max-image-preview:large, max-video-preview:-1\" \/>\n<link rel=\"canonical\" href=\"https:\/\/www.dattamagazine.com\/renovacion-movil-como-seran-los-esperados-samsung-galaxy-s7-y-lg-g5\/\" \/>\n<meta property=\"og:locale\" content=\"en_US\" \/>\n<meta property=\"og:type\" content=\"article\" \/>\n<meta property=\"og:title\" content=\"Renovaci\u00f3n M\u00f3vil: Como Ser\u00e1n los Esperados Samsung Galaxy S7 y LG G5 | DattaMagazine\" \/>\n<meta property=\"og:description\" content=\"Samsung y LG son dos de las empresas l\u00edderes en materia de tecnolog\u00eda m\u00f3vil. En cada lado del ring\" \/>\n<meta property=\"og:url\" content=\"https:\/\/www.dattamagazine.com\/renovacion-movil-como-seran-los-esperados-samsung-galaxy-s7-y-lg-g5\/\" \/>\n<meta property=\"og:site_name\" content=\"Marketing Agency\" \/>\n<meta property=\"article:modified_time\" content=\"2025-05-19T19:07:21+00:00\" \/>\n<meta property=\"og:image\" content=\"https:\/\/www.dattamagazine.com\/wp-content\/uploads\/2025\/05\/cel-1.jpg\" \/>\n<meta name=\"twitter:card\" content=\"summary_large_image\" \/>\n<meta name=\"twitter:label1\" content=\"Est. reading time\" \/>\n\t<meta name=\"twitter:data1\" content=\"5 minutes\" \/>\n<script type=\"application\/ld+json\" class=\"yoast-schema-graph\">{\"@context\":\"https:\/\/schema.org\",\"@graph\":[{\"@type\":\"WebPage\",\"@id\":\"https:\/\/www.dattamagazine.com\/renovacion-movil-como-seran-los-esperados-samsung-galaxy-s7-y-lg-g5\/\",\"url\":\"https:\/\/www.dattamagazine.com\/renovacion-movil-como-seran-los-esperados-samsung-galaxy-s7-y-lg-g5\/\",\"name\":\"Renovaci\u00f3n M\u00f3vil: Como Ser\u00e1n los Esperados Samsung Galaxy S7 y LG G5 | DattaMagazine\",\"isPartOf\":{\"@id\":\"https:\/\/www.dattamagazine.com\/#website\"},\"primaryImageOfPage\":{\"@id\":\"https:\/\/www.dattamagazine.com\/renovacion-movil-como-seran-los-esperados-samsung-galaxy-s7-y-lg-g5\/#primaryimage\"},\"image\":{\"@id\":\"https:\/\/www.dattamagazine.com\/renovacion-movil-como-seran-los-esperados-samsung-galaxy-s7-y-lg-g5\/#primaryimage\"},\"thumbnailUrl\":\"https:\/\/www.dattamagazine.com\/wp-content\/uploads\/2025\/05\/cel-1.jpg\",\"datePublished\":\"2025-05-08T00:56:41+00:00\",\"dateModified\":\"2025-05-19T19:07:21+00:00\",\"description\":\"Samsung y LG son dos de las empresas l\u00edderes en materia de tecnolog\u00eda m\u00f3vil. En cada lado del ring\",\"breadcrumb\":{\"@id\":\"https:\/\/www.dattamagazine.com\/renovacion-movil-como-seran-los-esperados-samsung-galaxy-s7-y-lg-g5\/#breadcrumb\"},\"inLanguage\":\"en-US\",\"potentialAction\":[{\"@type\":\"ReadAction\",\"target\":[\"https:\/\/www.dattamagazine.com\/renovacion-movil-como-seran-los-esperados-samsung-galaxy-s7-y-lg-g5\/\"]}]},{\"@type\":\"ImageObject\",\"inLanguage\":\"en-US\",\"@id\":\"https:\/\/www.dattamagazine.com\/renovacion-movil-como-seran-los-esperados-samsung-galaxy-s7-y-lg-g5\/#primaryimage\",\"url\":\"https:\/\/www.dattamagazine.com\/wp-content\/uploads\/2025\/05\/cel-1.jpg\",\"contentUrl\":\"https:\/\/www.dattamagazine.com\/wp-content\/uploads\/2025\/05\/cel-1.jpg\",\"width\":870,\"height\":370},{\"@type\":\"BreadcrumbList\",\"@id\":\"https:\/\/www.dattamagazine.com\/renovacion-movil-como-seran-los-esperados-samsung-galaxy-s7-y-lg-g5\/#breadcrumb\",\"itemListElement\":[{\"@type\":\"ListItem\",\"position\":1,\"name\":\"Home\",\"item\":\"https:\/\/www.dattamagazine.com\/\"},{\"@type\":\"ListItem\",\"position\":2,\"name\":\"Renovaci\u00f3n M\u00f3vil\"}]},{\"@type\":\"WebSite\",\"@id\":\"https:\/\/www.dattamagazine.com\/#website\",\"url\":\"https:\/\/www.dattamagazine.com\/\",\"name\":\"Marketing Agency\",\"description\":\"\",\"publisher\":{\"@id\":\"https:\/\/www.dattamagazine.com\/#organization\"},\"potentialAction\":[{\"@type\":\"SearchAction\",\"target\":{\"@type\":\"EntryPoint\",\"urlTemplate\":\"https:\/\/www.dattamagazine.com\/?s={search_term_string}\"},\"query-input\":{\"@type\":\"PropertyValueSpecification\",\"valueRequired\":true,\"valueName\":\"search_term_string\"}}],\"inLanguage\":\"en-US\"},{\"@type\":\"Organization\",\"@id\":\"https:\/\/www.dattamagazine.com\/#organization\",\"name\":\"Marketing Agency\",\"url\":\"https:\/\/www.dattamagazine.com\/\",\"logo\":{\"@type\":\"ImageObject\",\"inLanguage\":\"en-US\",\"@id\":\"https:\/\/www.dattamagazine.com\/#\/schema\/logo\/image\/\",\"url\":\"https:\/\/www.dattamagazine.com\/wp-content\/uploads\/2025\/05\/logo-agency.png\",\"contentUrl\":\"https:\/\/www.dattamagazine.com\/wp-content\/uploads\/2025\/05\/logo-agency.png\",\"width\":200,\"height\":200,\"caption\":\"Marketing Agency\"},\"image\":{\"@id\":\"https:\/\/www.dattamagazine.com\/#\/schema\/logo\/image\/\"}}]}<\/script>\n<!-- \/ Yoast SEO plugin. -->","yoast_head_json":{"title":"Renovaci\u00f3n M\u00f3vil: Como Ser\u00e1n los Esperados Samsung Galaxy S7 y LG G5 | DattaMagazine","description":"Samsung y LG son dos de las empresas l\u00edderes en materia de tecnolog\u00eda m\u00f3vil. En cada lado del ring","robots":{"index":"index","follow":"follow","max-snippet":"max-snippet:-1","max-image-preview":"max-image-preview:large","max-video-preview":"max-video-preview:-1"},"canonical":"https:\/\/www.dattamagazine.com\/renovacion-movil-como-seran-los-esperados-samsung-galaxy-s7-y-lg-g5\/","og_locale":"en_US","og_type":"article","og_title":"Renovaci\u00f3n M\u00f3vil: Como Ser\u00e1n los Esperados Samsung Galaxy S7 y LG G5 | DattaMagazine","og_description":"Samsung y LG son dos de las empresas l\u00edderes en materia de tecnolog\u00eda m\u00f3vil. En cada lado del ring","og_url":"https:\/\/www.dattamagazine.com\/renovacion-movil-como-seran-los-esperados-samsung-galaxy-s7-y-lg-g5\/","og_site_name":"Marketing Agency","article_modified_time":"2025-05-19T19:07:21+00:00","og_image":[{"url":"https:\/\/www.dattamagazine.com\/wp-content\/uploads\/2025\/05\/cel-1.jpg","type":"","width":"","height":""}],"twitter_card":"summary_large_image","twitter_misc":{"Est. reading time":"5 minutes"},"schema":{"@context":"https:\/\/schema.org","@graph":[{"@type":"WebPage","@id":"https:\/\/www.dattamagazine.com\/renovacion-movil-como-seran-los-esperados-samsung-galaxy-s7-y-lg-g5\/","url":"https:\/\/www.dattamagazine.com\/renovacion-movil-como-seran-los-esperados-samsung-galaxy-s7-y-lg-g5\/","name":"Renovaci\u00f3n M\u00f3vil: Como Ser\u00e1n los Esperados Samsung Galaxy S7 y LG G5 | DattaMagazine","isPartOf":{"@id":"https:\/\/www.dattamagazine.com\/#website"},"primaryImageOfPage":{"@id":"https:\/\/www.dattamagazine.com\/renovacion-movil-como-seran-los-esperados-samsung-galaxy-s7-y-lg-g5\/#primaryimage"},"image":{"@id":"https:\/\/www.dattamagazine.com\/renovacion-movil-como-seran-los-esperados-samsung-galaxy-s7-y-lg-g5\/#primaryimage"},"thumbnailUrl":"https:\/\/www.dattamagazine.com\/wp-content\/uploads\/2025\/05\/cel-1.jpg","datePublished":"2025-05-08T00:56:41+00:00","dateModified":"2025-05-19T19:07:21+00:00","description":"Samsung y LG son dos de las empresas l\u00edderes en materia de tecnolog\u00eda m\u00f3vil. En cada lado del ring","breadcrumb":{"@id":"https:\/\/www.dattamagazine.com\/renovacion-movil-como-seran-los-esperados-samsung-galaxy-s7-y-lg-g5\/#breadcrumb"},"inLanguage":"en-US","potentialAction":[{"@type":"ReadAction","target":["https:\/\/www.dattamagazine.com\/renovacion-movil-como-seran-los-esperados-samsung-galaxy-s7-y-lg-g5\/"]}]},{"@type":"ImageObject","inLanguage":"en-US","@id":"https:\/\/www.dattamagazine.com\/renovacion-movil-como-seran-los-esperados-samsung-galaxy-s7-y-lg-g5\/#primaryimage","url":"https:\/\/www.dattamagazine.com\/wp-content\/uploads\/2025\/05\/cel-1.jpg","contentUrl":"https:\/\/www.dattamagazine.com\/wp-content\/uploads\/2025\/05\/cel-1.jpg","width":870,"height":370},{"@type":"BreadcrumbList","@id":"https:\/\/www.dattamagazine.com\/renovacion-movil-como-seran-los-esperados-samsung-galaxy-s7-y-lg-g5\/#breadcrumb","itemListElement":[{"@type":"ListItem","position":1,"name":"Home","item":"https:\/\/www.dattamagazine.com\/"},{"@type":"ListItem","position":2,"name":"Renovaci\u00f3n M\u00f3vil"}]},{"@type":"WebSite","@id":"https:\/\/www.dattamagazine.com\/#website","url":"https:\/\/www.dattamagazine.com\/","name":"Marketing Agency","description":"","publisher":{"@id":"https:\/\/www.dattamagazine.com\/#organization"},"potentialAction":[{"@type":"SearchAction","target":{"@type":"EntryPoint","urlTemplate":"https:\/\/www.dattamagazine.com\/?s={search_term_string}"},"query-input":{"@type":"PropertyValueSpecification","valueRequired":true,"valueName":"search_term_string"}}],"inLanguage":"en-US"},{"@type":"Organization","@id":"https:\/\/www.dattamagazine.com\/#organization","name":"Marketing Agency","url":"https:\/\/www.dattamagazine.com\/","logo":{"@type":"ImageObject","inLanguage":"en-US","@id":"https:\/\/www.dattamagazine.com\/#\/schema\/logo\/image\/","url":"https:\/\/www.dattamagazine.com\/wp-content\/uploads\/2025\/05\/logo-agency.png","contentUrl":"https:\/\/www.dattamagazine.com\/wp-content\/uploads\/2025\/05\/logo-agency.png","width":200,"height":200,"caption":"Marketing Agency"},"image":{"@id":"https:\/\/www.dattamagazine.com\/#\/schema\/logo\/image\/"}}]}},"_links":{"self":[{"href":"https:\/\/www.dattamagazine.com\/index.php\/wp-json\/wp\/v2\/pages\/142","targetHints":{"allow":["GET"]}}],"collection":[{"href":"https:\/\/www.dattamagazine.com\/index.php\/wp-json\/wp\/v2\/pages"}],"about":[{"href":"https:\/\/www.dattamagazine.com\/index.php\/wp-json\/wp\/v2\/types\/page"}],"author":[{"embeddable":true,"href":"https:\/\/www.dattamagazine.com\/index.php\/wp-json\/wp\/v2\/users\/1"}],"replies":[{"embeddable":true,"href":"https:\/\/www.dattamagazine.com\/index.php\/wp-json\/wp\/v2\/comments?post=142"}],"version-history":[{"count":2,"href":"https:\/\/www.dattamagazine.com\/index.php\/wp-json\/wp\/v2\/pages\/142\/revisions"}],"predecessor-version":[{"id":250,"href":"https:\/\/www.dattamagazine.com\/index.php\/wp-json\/wp\/v2\/pages\/142\/revisions\/250"}],"wp:attachment":[{"href":"https:\/\/www.dattamagazine.com\/index.php\/wp-json\/wp\/v2\/media?parent=142"}],"curies":[{"name":"wp","href":"https:\/\/api.w.org\/{rel}","templated":true}]}}