{"id":141,"date":"2025-05-08T00:55:25","date_gmt":"2025-05-08T00:55:25","guid":{"rendered":"https:\/\/www.dattamagazine.com\/?page_id=141"},"modified":"2025-05-19T19:06:57","modified_gmt":"2025-05-19T19:06:57","slug":"las-tablets-buscan","status":"publish","type":"page","link":"https:\/\/www.dattamagazine.com\/las-tablets-buscan-un-salvavidas-mientras-se-hunden-en-las-aguas-de-la-industria\/","title":{"rendered":"Las tablets buscan"},"content":{"rendered":"\n<div class=\"wp-block-cover alignfull is-light\" style=\"min-height:600px;aspect-ratio:unset;\"><span aria-hidden=\"true\" class=\"wp-block-cover__background has-nv-light-bg-background-color has-background-dim-0 has-background-dim\"><\/span><div class=\"wp-block-cover__inner-container is-layout-flow wp-block-cover-is-layout-flow\">\n<div class=\"wp-block-group\"><div class=\"wp-block-group__inner-container is-layout-flow wp-block-group-is-layout-flow\">\n<div style=\"height:80px\" aria-hidden=\"true\" class=\"wp-block-spacer\"><\/div>\n\n\n\n<div class=\"wp-block-columns is-layout-flex wp-container-core-columns-is-layout-9d6595d7 wp-block-columns-is-layout-flex\">\n<div class=\"wp-block-column is-vertically-aligned-top has-neve-text-color-color has-text-color has-link-color wp-elements-31b083970b93615ce42eb6c57b38d048 is-layout-flow wp-block-column-is-layout-flow\" style=\"padding-right:var(--wp--preset--spacing--30);padding-left:var(--wp--preset--spacing--30);flex-basis:100%\">\n<div class=\"wp-block-cover has-custom-content-position is-position-bottom-left has-border-color\" style=\"border-color:#333333;border-width:15px;min-height:430px;aspect-ratio:unset;\"><img loading=\"lazy\" decoding=\"async\" width=\"870\" height=\"370\" class=\"wp-block-cover__image-background wp-image-246 size-full\" alt=\"Las tablets buscan\" src=\"https:\/\/www.dattamagazine.com\/wp-content\/uploads\/2025\/05\/tablets-1.jpg\" data-object-fit=\"cover\" srcset=\"https:\/\/www.dattamagazine.com\/wp-content\/uploads\/2025\/05\/tablets-1.jpg 870w, https:\/\/www.dattamagazine.com\/wp-content\/uploads\/2025\/05\/tablets-1-300x128.jpg 300w, https:\/\/www.dattamagazine.com\/wp-content\/uploads\/2025\/05\/tablets-1-768x327.jpg 768w\" sizes=\"auto, (max-width: 870px) 100vw, 870px\" \/><span aria-hidden=\"true\" class=\"wp-block-cover__background has-background-dim-0 has-background-dim\" style=\"background-color:#496240\"><\/span><div class=\"wp-block-cover__inner-container is-layout-flow wp-block-cover-is-layout-flow\">\n<p class=\"has-text-align-center has-large-font-size\"><\/p>\n<\/div><\/div>\n\n\n\n<p><\/p>\n\n\n\n<h1 class=\"wp-block-heading has-neve-link-color-color has-text-color has-link-color has-large-font-size wp-elements-509270f4a6fd695ff5af7b75ceaf3138\" style=\"font-style:normal;font-weight:100\">Las tablets buscan un salvavidas mientras se hunden en las aguas de la industria<\/h1>\n\n\n\n<p>Durante el tercer trimestre del a\u00f1o en curso la venta de estos dispositivos volvi\u00f3 a reflejar una merma, en este caso de m\u00e1s del 12 por ciento en relaci\u00f3n al mismo per\u00edodo de 2014. En tal contexto, los fabricantes m\u00e1s reconocidos apuestan por \u201cmodelos gigantes\u201d para sobrevivir en un segmento canibalizado por los smartphones y las phablets. iPad Pro de Apple (12.9 pulgadas) y Galaxy View de Samsung (18.4 pulgadas) aparecen como los paradigmas de esta b\u00fasqueda.<\/p>\n\n\n\n<p>Una serie de datos estad\u00edsticos ayudan a dimensionar cu\u00e1n necesitadas est\u00e1n las tablets de un salvavidas que les ayude a ponerse a flote. Eso, o desaparecer de la escena m\u00f3vil aunque sea gradualmente. IDC, una de las consultoras m\u00e1s reconocidas en este sector, public\u00f3 un informe que hace foco en el desempe\u00f1o de esta categor\u00eda de dispositivos durante el tercer trimestre de 2015 (desde el primer d\u00eda de julio hasta el \u00faltimo de septiembre). Se indica que en el per\u00edodo se vendieron 48.7 millones de tablets, lo cual se traduce en una ca\u00edda del 12.6 por ciento respecto al mismo trimestre de 2014, cuando se hab\u00edan vendido 55.7 millones de unidades. En Q2, el sector hab\u00eda sufrido una ca\u00edda del 7 por ciento.<\/p>\n\n\n\n<p>El reporte (as\u00ed lo repaso The Register) detalla que casi todas las compa\u00f1\u00edas que integran el top 5 de los mayores vendedores de tablets en en el mundo han percibido ca\u00eddas o t\u00edmido crecimiento: las ventas de Apple se desplomaron casi 20 por ciento, las de Samsung m\u00e1s del 17 por ciento, y las de Asus cerca del 45 por ciento, mientras que las de Lenovo apenas se incrementaron en 0.9 puntos porcentuales. La \u00fanica que sonr\u00ede es la pujante empresa china Huawei, cuyas ventas de tablets subieron casi 150 por ciento en Q3 2015 respecto a Q3 2014.<\/p>\n\n\n\n<p>Atr\u00e1s quedaron los tiempos en que las tablets eran el fetiche de la industria, el chiche por todos preciado. \u00bfC\u00f3mo se explican las consecutivas ca\u00eddas de este producto?, \u00bfpor qu\u00e9 han dejado de crecer? Sin una respuesta un\u00edvoca, hay una particular que explica en gran medida el sostenido hundimiento de las tablets en el gran oc\u00e9ano m\u00f3vil: los smartphones (en especial aquellos que se ajustan a la categor\u00eda de las phablets) canibalizan sin pausa a las tablets, ofreciendo las t\u00edpicas funciones de un tel\u00e9fono y agregando interesantes dimensiones, casi empatando a las tablets m\u00e1s peque\u00f1as. Para desprevenidos, ya son pocos los nuevos smartphones que se ubican por debajo de las 5 pulgadas.<\/p>\n\n\n\n<p>Veamos un ejemplo \u00fatil para graficar la escena: en septiembre de 2014 Apple emprendi\u00f3 un salto significativo en la l\u00ednea de smartphones iPhone. Los modelos 6 y 6 Plus crecieron como nunca antes lo hab\u00edan hecho, alcanzando en el segundo caso las 5.5 pulgadas. Voluntaria o involuntariamente, Apple releg\u00f3 el alcance de sus tablets m\u00e1s peque\u00f1as. \u00bfPara qu\u00e9 comprar un iPad de 7 pulgadas, si un iPhone casi ofrece las mismas capacidades visuales, agregando los encantos de un tel\u00e9fono?<\/p>\n\n\n\n<p>Seg\u00fan cont\u00f3 Tech Crunch, Forrester not\u00f3 que la merma en la venta de las tablets tambi\u00e9n se explica por la poca actualizaci\u00f3n de las mismas en relaci\u00f3n a los smartphones. Esta firma de an\u00e1lisis explic\u00f3 que mientras los tel\u00e9fonos inteligentes reciben constantes mejoras en sus funcionalidades y en sus fichas t\u00e9cnicas, el ritmo de innovaci\u00f3n es mucho m\u00e1s lento entre las tablets. En su informe, Forrester hizo referencia a un nicho al cual podr\u00edan aferrarse las tablets con la esperanza de sobrevivir: el sector corporativo. Una encuesta arroj\u00f3 los siguientes datos: casi la mitad de los usuarios emplea una tablet al menos una vez por semana en su \u00e1mbito de trabajo, y cerca del 30 por ciento de las compa\u00f1\u00edas provee a sus empleados de estos dispositivos.<\/p>\n\n\n\n<h3 class=\"wp-block-heading has-neve-link-color-color has-text-color has-link-color wp-elements-1a9ef0763983925f42578674d59dddeb\">A recoger el guante<\/h3>\n\n\n\n<p>Las dos compa\u00f1\u00edas que lideran el sector no desoyeron esta realidad, animadas por mantener encendida la llama de las tablets. El crecimiento en pulgadas y el foco puesto en los usuarios corporativos, son los dos bastiones a los cuales se aferran sus tablets m\u00e1s flamantes.<\/p>\n\n\n\n<p>Apple, que seg\u00fan IDC cont\u00f3 en el tercer trimestre de 2015 con una cuota del 20.3 por ciento, en septiembre mostr\u00f3 al mundo la muy rumoreada iPad Pro. Se trata de la tablet m\u00e1s extensa en la historia de esta compa\u00f1\u00eda, alcanzando las 12.9 pulgadas. En la presentaci\u00f3n, Phill Schiller, ejecutivo de la compa\u00f1\u00eda de la manzana, dijo que este modelo de iPad \u201cpuede hacer cosas que un smartphone no puede\u201d y que tambi\u00e9n \u201ces capaz de hacer cosas que no puede hacer una laptop, ya que su autonom\u00eda se estira hasta una jornada completa\u201d. En rigor, su bater\u00eda dura hasta 10 horas. Adem\u00e1s, Apple ostent\u00f3 que iPad Pro es m\u00e1s potente que el 80 por ciento de las PCs que se vendieron durante este a\u00f1o.<\/p>\n\n\n\n<p>Antes de abandonar las referencias a la tablet m\u00e1s extensa de Apple, vale decir que la misma fue presentada como una herramienta ideal para el trabajo (los de Cupertino la mostraron junto a un nuevo teclado y un l\u00e1piz stylus); en tanto, postul\u00e1ndose como un competidor de la l\u00ednea Surface de Microsoft.<\/p>\n\n\n\n<p>Con una cuota del 16.5 por ciento en Q3 2015, Samsung aparece como el segundo mayor vendedor de tablets a nivel global, seg\u00fan se\u00f1ala IDC. La surcoreana tambi\u00e9n se subi\u00f3 a la ola de las tablets gigantes, con una apuesta a\u00fan m\u00e1s dr\u00e1stica que la de Apple. La cuna del S6 present\u00f3 recientemente el modelo Galaxy View, una tablet que asciende a las 18.4 pulgadas con resoluci\u00f3n Full HD. Tal como se puede advertir en este video llega con un cuerpo que imita una cl\u00e1sica maleta. \u00bfAlguna reminiscencia al mundo laboral?<\/p>\n<\/div>\n<\/div>\n<\/div><\/div>\n<\/div><\/div>\n\n\n\n<div class=\"wp-block-cover alignfull\" style=\"min-height:300px;aspect-ratio:unset;\"><span aria-hidden=\"true\" class=\"wp-block-cover__background has-neve-text-color-background-color has-background-dim-100 has-background-dim\"><\/span><div class=\"wp-block-cover__inner-container is-layout-flow wp-block-cover-is-layout-flow\">\n<div style=\"height:40px\" aria-hidden=\"true\" class=\"wp-block-spacer\"><\/div>\n\n\n\n<figure class=\"wp-block-image size-full\"><img loading=\"lazy\" decoding=\"async\" width=\"522\" height=\"38\" src=\"https:\/\/www.dattamagazine.com\/wp-content\/uploads\/2025\/05\/logo-1.png\" alt=\"logo\" class=\"wp-image-70\" srcset=\"https:\/\/www.dattamagazine.com\/wp-content\/uploads\/2025\/05\/logo-1.png 522w, https:\/\/www.dattamagazine.com\/wp-content\/uploads\/2025\/05\/logo-1-300x22.png 300w\" sizes=\"auto, (max-width: 522px) 100vw, 522px\" \/><\/figure>\n\n\n\n<p>HERRAMIENTAS PARA USUARIOS E INSPIRACI\u00d3N PARA CREADORES<\/p>\n\n\n\n<p class=\"has-text-align-center\">Copyright \u00a92025 DattaMagazine.  All Rights Reserved.<\/p>\n<\/div><\/div>\n","protected":false},"excerpt":{"rendered":"","protected":false},"author":1,"featured_media":0,"parent":0,"menu_order":0,"comment_status":"closed","ping_status":"closed","template":"","meta":{"neve_meta_sidebar":"","neve_meta_container":"default","neve_meta_enable_content_width":"on","neve_meta_content_width":100,"neve_meta_title_alignment":"","neve_meta_author_avatar":"","neve_post_elements_order":"","neve_meta_disable_header":"","neve_meta_disable_footer":"on","neve_meta_disable_title":"on","footnotes":""},"class_list":["post-141","page","type-page","status-publish","hentry"],"yoast_head":"<!-- This site is optimized with the Yoast SEO plugin v25.0 - https:\/\/yoast.com\/wordpress\/plugins\/seo\/ -->\n<title>Las tablets buscan un salvavidas mientras se hunden en las aguas de la industria | DattaMagazine<\/title>\n<meta name=\"description\" content=\"Durante el tercer trimestre del a\u00f1o en curso la venta de estos dispositivos volvi\u00f3 a reflejar una merma, en este caso de m\u00e1s...\" \/>\n<meta name=\"robots\" content=\"index, follow, max-snippet:-1, max-image-preview:large, max-video-preview:-1\" \/>\n<link rel=\"canonical\" href=\"https:\/\/www.dattamagazine.com\/las-tablets-buscan-un-salvavidas-mientras-se-hunden-en-las-aguas-de-la-industria\/\" \/>\n<meta property=\"og:locale\" content=\"en_US\" \/>\n<meta property=\"og:type\" content=\"article\" \/>\n<meta property=\"og:title\" content=\"Las tablets buscan un salvavidas mientras se hunden en las aguas de la industria | DattaMagazine\" \/>\n<meta property=\"og:description\" content=\"Durante el tercer trimestre del a\u00f1o en curso la venta de estos dispositivos volvi\u00f3 a reflejar una merma, en este caso de m\u00e1s...\" \/>\n<meta property=\"og:url\" content=\"https:\/\/www.dattamagazine.com\/las-tablets-buscan-un-salvavidas-mientras-se-hunden-en-las-aguas-de-la-industria\/\" \/>\n<meta property=\"og:site_name\" content=\"Marketing Agency\" \/>\n<meta property=\"article:modified_time\" content=\"2025-05-19T19:06:57+00:00\" \/>\n<meta property=\"og:image\" content=\"https:\/\/www.dattamagazine.com\/wp-content\/uploads\/2025\/05\/tablets-1.jpg\" \/>\n<meta name=\"twitter:card\" content=\"summary_large_image\" \/>\n<meta name=\"twitter:label1\" content=\"Est. reading time\" \/>\n\t<meta name=\"twitter:data1\" content=\"5 minutes\" \/>\n<script type=\"application\/ld+json\" class=\"yoast-schema-graph\">{\"@context\":\"https:\/\/schema.org\",\"@graph\":[{\"@type\":\"WebPage\",\"@id\":\"https:\/\/www.dattamagazine.com\/las-tablets-buscan-un-salvavidas-mientras-se-hunden-en-las-aguas-de-la-industria\/\",\"url\":\"https:\/\/www.dattamagazine.com\/las-tablets-buscan-un-salvavidas-mientras-se-hunden-en-las-aguas-de-la-industria\/\",\"name\":\"Las tablets buscan un salvavidas mientras se hunden en las aguas de la industria | DattaMagazine\",\"isPartOf\":{\"@id\":\"https:\/\/www.dattamagazine.com\/#website\"},\"primaryImageOfPage\":{\"@id\":\"https:\/\/www.dattamagazine.com\/las-tablets-buscan-un-salvavidas-mientras-se-hunden-en-las-aguas-de-la-industria\/#primaryimage\"},\"image\":{\"@id\":\"https:\/\/www.dattamagazine.com\/las-tablets-buscan-un-salvavidas-mientras-se-hunden-en-las-aguas-de-la-industria\/#primaryimage\"},\"thumbnailUrl\":\"https:\/\/www.dattamagazine.com\/wp-content\/uploads\/2025\/05\/tablets-1.jpg\",\"datePublished\":\"2025-05-08T00:55:25+00:00\",\"dateModified\":\"2025-05-19T19:06:57+00:00\",\"description\":\"Durante el tercer trimestre del a\u00f1o en curso la venta de estos dispositivos volvi\u00f3 a reflejar una merma, en este caso de m\u00e1s...\",\"breadcrumb\":{\"@id\":\"https:\/\/www.dattamagazine.com\/las-tablets-buscan-un-salvavidas-mientras-se-hunden-en-las-aguas-de-la-industria\/#breadcrumb\"},\"inLanguage\":\"en-US\",\"potentialAction\":[{\"@type\":\"ReadAction\",\"target\":[\"https:\/\/www.dattamagazine.com\/las-tablets-buscan-un-salvavidas-mientras-se-hunden-en-las-aguas-de-la-industria\/\"]}]},{\"@type\":\"ImageObject\",\"inLanguage\":\"en-US\",\"@id\":\"https:\/\/www.dattamagazine.com\/las-tablets-buscan-un-salvavidas-mientras-se-hunden-en-las-aguas-de-la-industria\/#primaryimage\",\"url\":\"https:\/\/www.dattamagazine.com\/wp-content\/uploads\/2025\/05\/tablets-1.jpg\",\"contentUrl\":\"https:\/\/www.dattamagazine.com\/wp-content\/uploads\/2025\/05\/tablets-1.jpg\",\"width\":870,\"height\":370},{\"@type\":\"BreadcrumbList\",\"@id\":\"https:\/\/www.dattamagazine.com\/las-tablets-buscan-un-salvavidas-mientras-se-hunden-en-las-aguas-de-la-industria\/#breadcrumb\",\"itemListElement\":[{\"@type\":\"ListItem\",\"position\":1,\"name\":\"Home\",\"item\":\"https:\/\/www.dattamagazine.com\/\"},{\"@type\":\"ListItem\",\"position\":2,\"name\":\"Las tablets buscan\"}]},{\"@type\":\"WebSite\",\"@id\":\"https:\/\/www.dattamagazine.com\/#website\",\"url\":\"https:\/\/www.dattamagazine.com\/\",\"name\":\"Marketing Agency\",\"description\":\"\",\"publisher\":{\"@id\":\"https:\/\/www.dattamagazine.com\/#organization\"},\"potentialAction\":[{\"@type\":\"SearchAction\",\"target\":{\"@type\":\"EntryPoint\",\"urlTemplate\":\"https:\/\/www.dattamagazine.com\/?s={search_term_string}\"},\"query-input\":{\"@type\":\"PropertyValueSpecification\",\"valueRequired\":true,\"valueName\":\"search_term_string\"}}],\"inLanguage\":\"en-US\"},{\"@type\":\"Organization\",\"@id\":\"https:\/\/www.dattamagazine.com\/#organization\",\"name\":\"Marketing Agency\",\"url\":\"https:\/\/www.dattamagazine.com\/\",\"logo\":{\"@type\":\"ImageObject\",\"inLanguage\":\"en-US\",\"@id\":\"https:\/\/www.dattamagazine.com\/#\/schema\/logo\/image\/\",\"url\":\"https:\/\/www.dattamagazine.com\/wp-content\/uploads\/2025\/05\/logo-agency.png\",\"contentUrl\":\"https:\/\/www.dattamagazine.com\/wp-content\/uploads\/2025\/05\/logo-agency.png\",\"width\":200,\"height\":200,\"caption\":\"Marketing Agency\"},\"image\":{\"@id\":\"https:\/\/www.dattamagazine.com\/#\/schema\/logo\/image\/\"}}]}<\/script>\n<!-- \/ Yoast SEO plugin. -->","yoast_head_json":{"title":"Las tablets buscan un salvavidas mientras se hunden en las aguas de la industria | DattaMagazine","description":"Durante el tercer trimestre del a\u00f1o en curso la venta de estos dispositivos volvi\u00f3 a reflejar una merma, en este caso de m\u00e1s...","robots":{"index":"index","follow":"follow","max-snippet":"max-snippet:-1","max-image-preview":"max-image-preview:large","max-video-preview":"max-video-preview:-1"},"canonical":"https:\/\/www.dattamagazine.com\/las-tablets-buscan-un-salvavidas-mientras-se-hunden-en-las-aguas-de-la-industria\/","og_locale":"en_US","og_type":"article","og_title":"Las tablets buscan un salvavidas mientras se hunden en las aguas de la industria | DattaMagazine","og_description":"Durante el tercer trimestre del a\u00f1o en curso la venta de estos dispositivos volvi\u00f3 a reflejar una merma, en este caso de m\u00e1s...","og_url":"https:\/\/www.dattamagazine.com\/las-tablets-buscan-un-salvavidas-mientras-se-hunden-en-las-aguas-de-la-industria\/","og_site_name":"Marketing Agency","article_modified_time":"2025-05-19T19:06:57+00:00","og_image":[{"url":"https:\/\/www.dattamagazine.com\/wp-content\/uploads\/2025\/05\/tablets-1.jpg","type":"","width":"","height":""}],"twitter_card":"summary_large_image","twitter_misc":{"Est. reading time":"5 minutes"},"schema":{"@context":"https:\/\/schema.org","@graph":[{"@type":"WebPage","@id":"https:\/\/www.dattamagazine.com\/las-tablets-buscan-un-salvavidas-mientras-se-hunden-en-las-aguas-de-la-industria\/","url":"https:\/\/www.dattamagazine.com\/las-tablets-buscan-un-salvavidas-mientras-se-hunden-en-las-aguas-de-la-industria\/","name":"Las tablets buscan un salvavidas mientras se hunden en las aguas de la industria | DattaMagazine","isPartOf":{"@id":"https:\/\/www.dattamagazine.com\/#website"},"primaryImageOfPage":{"@id":"https:\/\/www.dattamagazine.com\/las-tablets-buscan-un-salvavidas-mientras-se-hunden-en-las-aguas-de-la-industria\/#primaryimage"},"image":{"@id":"https:\/\/www.dattamagazine.com\/las-tablets-buscan-un-salvavidas-mientras-se-hunden-en-las-aguas-de-la-industria\/#primaryimage"},"thumbnailUrl":"https:\/\/www.dattamagazine.com\/wp-content\/uploads\/2025\/05\/tablets-1.jpg","datePublished":"2025-05-08T00:55:25+00:00","dateModified":"2025-05-19T19:06:57+00:00","description":"Durante el tercer trimestre del a\u00f1o en curso la venta de estos dispositivos volvi\u00f3 a reflejar una merma, en este caso de m\u00e1s...","breadcrumb":{"@id":"https:\/\/www.dattamagazine.com\/las-tablets-buscan-un-salvavidas-mientras-se-hunden-en-las-aguas-de-la-industria\/#breadcrumb"},"inLanguage":"en-US","potentialAction":[{"@type":"ReadAction","target":["https:\/\/www.dattamagazine.com\/las-tablets-buscan-un-salvavidas-mientras-se-hunden-en-las-aguas-de-la-industria\/"]}]},{"@type":"ImageObject","inLanguage":"en-US","@id":"https:\/\/www.dattamagazine.com\/las-tablets-buscan-un-salvavidas-mientras-se-hunden-en-las-aguas-de-la-industria\/#primaryimage","url":"https:\/\/www.dattamagazine.com\/wp-content\/uploads\/2025\/05\/tablets-1.jpg","contentUrl":"https:\/\/www.dattamagazine.com\/wp-content\/uploads\/2025\/05\/tablets-1.jpg","width":870,"height":370},{"@type":"BreadcrumbList","@id":"https:\/\/www.dattamagazine.com\/las-tablets-buscan-un-salvavidas-mientras-se-hunden-en-las-aguas-de-la-industria\/#breadcrumb","itemListElement":[{"@type":"ListItem","position":1,"name":"Home","item":"https:\/\/www.dattamagazine.com\/"},{"@type":"ListItem","position":2,"name":"Las tablets buscan"}]},{"@type":"WebSite","@id":"https:\/\/www.dattamagazine.com\/#website","url":"https:\/\/www.dattamagazine.com\/","name":"Marketing Agency","description":"","publisher":{"@id":"https:\/\/www.dattamagazine.com\/#organization"},"potentialAction":[{"@type":"SearchAction","target":{"@type":"EntryPoint","urlTemplate":"https:\/\/www.dattamagazine.com\/?s={search_term_string}"},"query-input":{"@type":"PropertyValueSpecification","valueRequired":true,"valueName":"search_term_string"}}],"inLanguage":"en-US"},{"@type":"Organization","@id":"https:\/\/www.dattamagazine.com\/#organization","name":"Marketing Agency","url":"https:\/\/www.dattamagazine.com\/","logo":{"@type":"ImageObject","inLanguage":"en-US","@id":"https:\/\/www.dattamagazine.com\/#\/schema\/logo\/image\/","url":"https:\/\/www.dattamagazine.com\/wp-content\/uploads\/2025\/05\/logo-agency.png","contentUrl":"https:\/\/www.dattamagazine.com\/wp-content\/uploads\/2025\/05\/logo-agency.png","width":200,"height":200,"caption":"Marketing Agency"},"image":{"@id":"https:\/\/www.dattamagazine.com\/#\/schema\/logo\/image\/"}}]}},"_links":{"self":[{"href":"https:\/\/www.dattamagazine.com\/index.php\/wp-json\/wp\/v2\/pages\/141","targetHints":{"allow":["GET"]}}],"collection":[{"href":"https:\/\/www.dattamagazine.com\/index.php\/wp-json\/wp\/v2\/pages"}],"about":[{"href":"https:\/\/www.dattamagazine.com\/index.php\/wp-json\/wp\/v2\/types\/page"}],"author":[{"embeddable":true,"href":"https:\/\/www.dattamagazine.com\/index.php\/wp-json\/wp\/v2\/users\/1"}],"replies":[{"embeddable":true,"href":"https:\/\/www.dattamagazine.com\/index.php\/wp-json\/wp\/v2\/comments?post=141"}],"version-history":[{"count":2,"href":"https:\/\/www.dattamagazine.com\/index.php\/wp-json\/wp\/v2\/pages\/141\/revisions"}],"predecessor-version":[{"id":247,"href":"https:\/\/www.dattamagazine.com\/index.php\/wp-json\/wp\/v2\/pages\/141\/revisions\/247"}],"wp:attachment":[{"href":"https:\/\/www.dattamagazine.com\/index.php\/wp-json\/wp\/v2\/media?parent=141"}],"curies":[{"name":"wp","href":"https:\/\/api.w.org\/{rel}","templated":true}]}}