{"id":139,"date":"2025-05-08T00:31:40","date_gmt":"2025-05-08T00:31:40","guid":{"rendered":"https:\/\/www.dattamagazine.com\/?page_id=139"},"modified":"2025-05-19T19:06:28","modified_gmt":"2025-05-19T19:06:28","slug":"celulares-a-todo-motor","status":"publish","type":"page","link":"https:\/\/www.dattamagazine.com\/celulares-a-todo-motor\/","title":{"rendered":"Celulares a Todo Motor"},"content":{"rendered":"\n<div class=\"wp-block-cover alignfull is-light\" style=\"min-height:600px;aspect-ratio:unset;\"><span aria-hidden=\"true\" class=\"wp-block-cover__background has-nv-light-bg-background-color has-background-dim-0 has-background-dim\"><\/span><div class=\"wp-block-cover__inner-container is-layout-flow wp-block-cover-is-layout-flow\">\n<div class=\"wp-block-group\"><div class=\"wp-block-group__inner-container is-layout-flow wp-block-group-is-layout-flow\">\n<div style=\"height:80px\" aria-hidden=\"true\" class=\"wp-block-spacer\"><\/div>\n\n\n\n<div class=\"wp-block-columns is-layout-flex wp-container-core-columns-is-layout-9d6595d7 wp-block-columns-is-layout-flex\">\n<div class=\"wp-block-column is-vertically-aligned-top has-neve-text-color-color has-text-color has-link-color wp-elements-c9cf81a5d84508438b71cccd874e221f is-layout-flow wp-block-column-is-layout-flow\" style=\"padding-right:var(--wp--preset--spacing--30);padding-left:var(--wp--preset--spacing--30);flex-basis:100%\">\n<div class=\"wp-block-cover is-light has-custom-content-position is-position-bottom-left has-border-color\" style=\"border-color:#333333;border-width:15px;min-height:430px;aspect-ratio:unset;\"><img loading=\"lazy\" decoding=\"async\" width=\"870\" height=\"370\" class=\"wp-block-cover__image-background wp-image-214 size-full\" alt=\" Celulares a Todo Motor \" src=\"https:\/\/www.dattamagazine.com\/wp-content\/uploads\/2025\/05\/Untitled-1-1-1.jpg\" data-object-fit=\"cover\" srcset=\"https:\/\/www.dattamagazine.com\/wp-content\/uploads\/2025\/05\/Untitled-1-1-1.jpg 870w, https:\/\/www.dattamagazine.com\/wp-content\/uploads\/2025\/05\/Untitled-1-1-1-300x128.jpg 300w, https:\/\/www.dattamagazine.com\/wp-content\/uploads\/2025\/05\/Untitled-1-1-1-768x327.jpg 768w\" sizes=\"auto, (max-width: 870px) 100vw, 870px\" \/><span aria-hidden=\"true\" class=\"wp-block-cover__background has-background-dim-0 has-background-dim\" style=\"background-color:#8c8b8b\"><\/span><div class=\"wp-block-cover__inner-container is-layout-flow wp-block-cover-is-layout-flow\">\n<p class=\"has-text-align-center has-large-font-size\"><\/p>\n<\/div><\/div>\n\n\n\n<p><\/p>\n\n\n\n<h1 class=\"wp-block-heading has-neve-link-color-color has-text-color has-link-color has-large-font-size wp-elements-86601b455c07d9a7c449adb6743ba442\" style=\"font-style:normal;font-weight:100\">Celulares a Todo Motor<\/h1>\n\n\n\n<p><strong>Las automotrices se meten de lleno en la industria m\u00f3vil sorprendiendo al p\u00fablico con celulares de alta gama.<\/strong><\/p>\n\n\n\n<p>Lejos de las propuestas de los famosos celulares de las compa\u00f1\u00edas de la industria m\u00f3vil como el Moto X, la serie Galaxy de Samsung y los Xperia de Sony, vienen marchando a paso firme una nueva tendencia que llego para quedarse: Grandes empresas famosas y exitosas en otros sectores licencian sus marcas para que terceros fabriquen celulares con detalles de la firma que puedan ser f\u00e1cilmente reconocidos por el gran p\u00fablico.<\/p>\n\n\n\n<p>Esta movida tiene un claro objetivo, acrecentar las ventas de equipos utilizando marcas ya instauradas y con una larga historia en el mercado de consumo, una estrategia mucho m\u00e1s efectiva que trabajar desde cero en la construcci\u00f3n de una marca desconocida.<\/p>\n\n\n\n<h2 class=\"wp-block-heading has-neve-link-color-color has-text-color has-link-color wp-elements-515347dd020c685279baea6c828e06a5\">Ponemos primera<\/h2>\n\n\n\n<p>Seguramente que al leer el nombre de Solnik no nos remitir\u00e1 a ninguna firma conocida. Sin embargo son los encargados de desarrollar los celulares que llevan la marca de la reconocida automotriz Hyundai.<\/p>\n\n\n\n<p>La empresa acaba de presentar un modelo de gama media que ya est\u00e1 disponible en Argentina. El tel\u00e9fono lleva por nombre Ultra Air haciendo referencia a dise\u00f1o ultradelgado. Dicho Smartphone cuenta con una pantalla de 4.8\u2033 HD AMOLED, Procesador Octa Core de 1.7 Ghz, Memoria Interna de 16 GB, memoria RAM de 1 GB y una c\u00e1mara principal de 8MP.<\/p>\n\n\n\n<p>En los \u00faltimos a\u00f1os esta tendencia de construir celulares de marcas reconocidas se ha vuelto moneda corriente. Hace alg\u00fan tiempo Acer firm\u00f3 un convenio con Ferrari para lanzar una versi\u00f3n especial del Liquid E, un tel\u00e9fono con carcasa roja Ferrari, el cavallino rampante en sus espaldas y ringtones y fondos de pantallas especialmente dise\u00f1ados para establecer un v\u00ednculo directo con la firma italiana.<\/p>\n\n\n\n<p>Otra firma que se meti\u00f3 de lleno en la carrera fue Balckberry quien lanz\u00f3 este a\u00f1o su modelo P\u20199983 Porsche Design. Durante el primer contacto visual ya se deja ver el estilo Porsche del m\u00f3vil presente en su dise\u00f1o general, la carcasa y hasta en el teclado f\u00edsico caracter\u00edstico de Blackberry.<\/p>\n\n\n\n<p>El m\u00f3vil incluye una pantalla de 3\u201d e incorpora 2 GB de RAM. Adem\u00e1s, cabe destacar, que todo el packaging y accesorio remite a la famosa automotriz. La \u00fanica contra es que se trata de un Smartphone de alta alcurnia y para tenerlo habr\u00e1 que desembolsar U$S 2.000.<\/p>\n\n\n\n<p>Tambi\u00e9n Nissan tuvo su paso por la industria m\u00f3vil. Aunque lanzado en 2008, el celular de Nissan ten\u00eda una particular caracter\u00edstica: inclu\u00eda una app que funcionaba como una \u201cllave virtual\u201d con la que se pod\u00eda abrir y cerrar los autos como tambi\u00e9n ponerlos en marcha o apagarlos.<\/p>\n\n\n\n<p>Lamborghini no quiso quedarse fuera de esta selecci\u00f3n, es por eso que dedicaremos algunas l\u00edneas al modeloTL700. Lanzado en 2012, este celular remite a la firma de autos de deportivos en cada uno de sus detalles pero quiz\u00e1s lo que m\u00e1s llama la atenci\u00f3n son los colores elegidos para su carcasa en donde se destaca el dorado y negro. De dise\u00f1o agresivo, el tel\u00e9fono brinda la posibilidad de llevar un Lamborghini Murci\u00e9lago en el bolsillo.<\/p>\n\n\n\n<h2 class=\"wp-block-heading has-neve-link-color-color has-text-color has-link-color wp-elements-dd8801f9ee3ea3d9961e4c53cd09c29e\">Otros proyectos<\/h2>\n\n\n\n<p>Las automotrices no son las \u00fanicas que se han subido a la industria m\u00f3vil. Otras firmas tambi\u00e9n les dan su propia impronta a modelos de celulares que ya se encuentran en el mercado de consumo.<\/p>\n\n\n\n<p>Pepsi es una famosa marca de bebidas gaseosas, pero tambi\u00e9n cuenta con un modelo de celular disponible en el mercado. Se trata del Pepsi P, un celular Android que, por lo pronto, ser\u00e1 comercializado solo en China. Cuenta con una pantalla de 5.5\u201d y todas las caracter\u00edsticas acorde a los tiempos que corren.<\/p>\n\n\n\n<p>Al ritmo de la m\u00fasica Marshall es una empresa reconocida por m\u00fasicos y compositores, pero tambi\u00e9n tiene un celular para quienes llevan los auriculares puestos la mayor parte del tiempo. El m\u00f3vil de Marshall incluye dos entradas para auriculares y tambi\u00e9n un bot\u00f3n especial que abre la app de m\u00fasica del dispositivo.<\/p>\n\n\n\n<p>Al hablar de relojes de alt\u00edsima gama una de las firmas que no pasa desapercibida es Tag Heuer. Adem\u00e1s de fabricar exquisitos accesorios de mu\u00f1eca, Tag tiene m\u00f3vil propio llamado Meridiist Infinite.<\/p>\n\n\n\n<p>El tel\u00e9fono tiene un panel solar que permite cargar la bater\u00eda del dispositivo sin necesidad de conectarlo a una toma en la pared. Al tratarse de una pieza de dise\u00f1o que incluye una pantalla de cristal de zafiro, el precio del Smartphone de Tag se dispara trepando hasta los 3.900 euros, un precio elevado para llevar moda tambi\u00e9n en nuestros bolsillos y carteras.<\/p>\n<\/div>\n<\/div>\n<\/div><\/div>\n<\/div><\/div>\n\n\n\n<div class=\"wp-block-cover alignfull\" style=\"min-height:300px;aspect-ratio:unset;\"><span aria-hidden=\"true\" class=\"wp-block-cover__background has-neve-text-color-background-color has-background-dim-100 has-background-dim\"><\/span><div class=\"wp-block-cover__inner-container is-layout-flow wp-block-cover-is-layout-flow\">\n<div style=\"height:40px\" aria-hidden=\"true\" class=\"wp-block-spacer\"><\/div>\n\n\n\n<figure class=\"wp-block-image size-full\"><img loading=\"lazy\" decoding=\"async\" width=\"522\" height=\"38\" src=\"https:\/\/www.dattamagazine.com\/wp-content\/uploads\/2025\/05\/logo-1.png\" alt=\"logo\" class=\"wp-image-70\" srcset=\"https:\/\/www.dattamagazine.com\/wp-content\/uploads\/2025\/05\/logo-1.png 522w, https:\/\/www.dattamagazine.com\/wp-content\/uploads\/2025\/05\/logo-1-300x22.png 300w\" sizes=\"auto, (max-width: 522px) 100vw, 522px\" \/><\/figure>\n\n\n\n<p>HERRAMIENTAS PARA USUARIOS E INSPIRACI\u00d3N PARA CREADORES<\/p>\n\n\n\n<p class=\"has-text-align-center\">Copyright \u00a92025 DattaMagazine.  All Rights Reserved.<\/p>\n<\/div><\/div>\n","protected":false},"excerpt":{"rendered":"","protected":false},"author":1,"featured_media":0,"parent":0,"menu_order":0,"comment_status":"closed","ping_status":"closed","template":"","meta":{"neve_meta_sidebar":"","neve_meta_container":"default","neve_meta_enable_content_width":"on","neve_meta_content_width":100,"neve_meta_title_alignment":"","neve_meta_author_avatar":"","neve_post_elements_order":"","neve_meta_disable_header":"","neve_meta_disable_footer":"on","neve_meta_disable_title":"on","footnotes":""},"class_list":["post-139","page","type-page","status-publish","hentry"],"yoast_head":"<!-- This site is optimized with the Yoast SEO plugin v25.0 - https:\/\/yoast.com\/wordpress\/plugins\/seo\/ -->\n<title>Celulares a Todo Motor | DattaMagazine<\/title>\n<meta name=\"description\" content=\"Lejos de las propuestas de los famosos celulares de las compa\u00f1\u00edas de la industria m\u00f3vil como el Moto X, la serie Galaxy\" \/>\n<meta name=\"robots\" content=\"index, follow, max-snippet:-1, max-image-preview:large, max-video-preview:-1\" \/>\n<link rel=\"canonical\" href=\"https:\/\/www.dattamagazine.com\/celulares-a-todo-motor\/\" \/>\n<meta property=\"og:locale\" content=\"en_US\" \/>\n<meta property=\"og:type\" content=\"article\" \/>\n<meta property=\"og:title\" content=\"Celulares a Todo Motor | DattaMagazine\" \/>\n<meta property=\"og:description\" content=\"Lejos de las propuestas de los famosos celulares de las compa\u00f1\u00edas de la industria m\u00f3vil como el Moto X, la serie Galaxy\" \/>\n<meta property=\"og:url\" content=\"https:\/\/www.dattamagazine.com\/celulares-a-todo-motor\/\" \/>\n<meta property=\"og:site_name\" content=\"Marketing Agency\" \/>\n<meta property=\"article:modified_time\" content=\"2025-05-19T19:06:28+00:00\" \/>\n<meta property=\"og:image\" content=\"https:\/\/www.dattamagazine.com\/wp-content\/uploads\/2025\/05\/Untitled-1-1-1.jpg\" \/>\n<meta name=\"twitter:card\" content=\"summary_large_image\" \/>\n<meta name=\"twitter:label1\" content=\"Est. reading time\" \/>\n\t<meta name=\"twitter:data1\" content=\"4 minutes\" \/>\n<script type=\"application\/ld+json\" class=\"yoast-schema-graph\">{\"@context\":\"https:\/\/schema.org\",\"@graph\":[{\"@type\":\"WebPage\",\"@id\":\"https:\/\/www.dattamagazine.com\/celulares-a-todo-motor\/\",\"url\":\"https:\/\/www.dattamagazine.com\/celulares-a-todo-motor\/\",\"name\":\"Celulares a Todo Motor | DattaMagazine\",\"isPartOf\":{\"@id\":\"https:\/\/www.dattamagazine.com\/#website\"},\"primaryImageOfPage\":{\"@id\":\"https:\/\/www.dattamagazine.com\/celulares-a-todo-motor\/#primaryimage\"},\"image\":{\"@id\":\"https:\/\/www.dattamagazine.com\/celulares-a-todo-motor\/#primaryimage\"},\"thumbnailUrl\":\"https:\/\/www.dattamagazine.com\/wp-content\/uploads\/2025\/05\/Untitled-1-1-1.jpg\",\"datePublished\":\"2025-05-08T00:31:40+00:00\",\"dateModified\":\"2025-05-19T19:06:28+00:00\",\"description\":\"Lejos de las propuestas de los famosos celulares de las compa\u00f1\u00edas de la industria m\u00f3vil como el Moto X, la serie Galaxy\",\"breadcrumb\":{\"@id\":\"https:\/\/www.dattamagazine.com\/celulares-a-todo-motor\/#breadcrumb\"},\"inLanguage\":\"en-US\",\"potentialAction\":[{\"@type\":\"ReadAction\",\"target\":[\"https:\/\/www.dattamagazine.com\/celulares-a-todo-motor\/\"]}]},{\"@type\":\"ImageObject\",\"inLanguage\":\"en-US\",\"@id\":\"https:\/\/www.dattamagazine.com\/celulares-a-todo-motor\/#primaryimage\",\"url\":\"https:\/\/www.dattamagazine.com\/wp-content\/uploads\/2025\/05\/Untitled-1-1-1.jpg\",\"contentUrl\":\"https:\/\/www.dattamagazine.com\/wp-content\/uploads\/2025\/05\/Untitled-1-1-1.jpg\",\"width\":870,\"height\":370},{\"@type\":\"BreadcrumbList\",\"@id\":\"https:\/\/www.dattamagazine.com\/celulares-a-todo-motor\/#breadcrumb\",\"itemListElement\":[{\"@type\":\"ListItem\",\"position\":1,\"name\":\"Home\",\"item\":\"https:\/\/www.dattamagazine.com\/\"},{\"@type\":\"ListItem\",\"position\":2,\"name\":\"Celulares a Todo Motor\"}]},{\"@type\":\"WebSite\",\"@id\":\"https:\/\/www.dattamagazine.com\/#website\",\"url\":\"https:\/\/www.dattamagazine.com\/\",\"name\":\"Marketing Agency\",\"description\":\"\",\"publisher\":{\"@id\":\"https:\/\/www.dattamagazine.com\/#organization\"},\"potentialAction\":[{\"@type\":\"SearchAction\",\"target\":{\"@type\":\"EntryPoint\",\"urlTemplate\":\"https:\/\/www.dattamagazine.com\/?s={search_term_string}\"},\"query-input\":{\"@type\":\"PropertyValueSpecification\",\"valueRequired\":true,\"valueName\":\"search_term_string\"}}],\"inLanguage\":\"en-US\"},{\"@type\":\"Organization\",\"@id\":\"https:\/\/www.dattamagazine.com\/#organization\",\"name\":\"Marketing Agency\",\"url\":\"https:\/\/www.dattamagazine.com\/\",\"logo\":{\"@type\":\"ImageObject\",\"inLanguage\":\"en-US\",\"@id\":\"https:\/\/www.dattamagazine.com\/#\/schema\/logo\/image\/\",\"url\":\"https:\/\/www.dattamagazine.com\/wp-content\/uploads\/2025\/05\/logo-agency.png\",\"contentUrl\":\"https:\/\/www.dattamagazine.com\/wp-content\/uploads\/2025\/05\/logo-agency.png\",\"width\":200,\"height\":200,\"caption\":\"Marketing Agency\"},\"image\":{\"@id\":\"https:\/\/www.dattamagazine.com\/#\/schema\/logo\/image\/\"}}]}<\/script>\n<!-- \/ Yoast SEO plugin. -->","yoast_head_json":{"title":"Celulares a Todo Motor | DattaMagazine","description":"Lejos de las propuestas de los famosos celulares de las compa\u00f1\u00edas de la industria m\u00f3vil como el Moto X, la serie Galaxy","robots":{"index":"index","follow":"follow","max-snippet":"max-snippet:-1","max-image-preview":"max-image-preview:large","max-video-preview":"max-video-preview:-1"},"canonical":"https:\/\/www.dattamagazine.com\/celulares-a-todo-motor\/","og_locale":"en_US","og_type":"article","og_title":"Celulares a Todo Motor | DattaMagazine","og_description":"Lejos de las propuestas de los famosos celulares de las compa\u00f1\u00edas de la industria m\u00f3vil como el Moto X, la serie Galaxy","og_url":"https:\/\/www.dattamagazine.com\/celulares-a-todo-motor\/","og_site_name":"Marketing Agency","article_modified_time":"2025-05-19T19:06:28+00:00","og_image":[{"url":"https:\/\/www.dattamagazine.com\/wp-content\/uploads\/2025\/05\/Untitled-1-1-1.jpg","type":"","width":"","height":""}],"twitter_card":"summary_large_image","twitter_misc":{"Est. reading time":"4 minutes"},"schema":{"@context":"https:\/\/schema.org","@graph":[{"@type":"WebPage","@id":"https:\/\/www.dattamagazine.com\/celulares-a-todo-motor\/","url":"https:\/\/www.dattamagazine.com\/celulares-a-todo-motor\/","name":"Celulares a Todo Motor | DattaMagazine","isPartOf":{"@id":"https:\/\/www.dattamagazine.com\/#website"},"primaryImageOfPage":{"@id":"https:\/\/www.dattamagazine.com\/celulares-a-todo-motor\/#primaryimage"},"image":{"@id":"https:\/\/www.dattamagazine.com\/celulares-a-todo-motor\/#primaryimage"},"thumbnailUrl":"https:\/\/www.dattamagazine.com\/wp-content\/uploads\/2025\/05\/Untitled-1-1-1.jpg","datePublished":"2025-05-08T00:31:40+00:00","dateModified":"2025-05-19T19:06:28+00:00","description":"Lejos de las propuestas de los famosos celulares de las compa\u00f1\u00edas de la industria m\u00f3vil como el Moto X, la serie Galaxy","breadcrumb":{"@id":"https:\/\/www.dattamagazine.com\/celulares-a-todo-motor\/#breadcrumb"},"inLanguage":"en-US","potentialAction":[{"@type":"ReadAction","target":["https:\/\/www.dattamagazine.com\/celulares-a-todo-motor\/"]}]},{"@type":"ImageObject","inLanguage":"en-US","@id":"https:\/\/www.dattamagazine.com\/celulares-a-todo-motor\/#primaryimage","url":"https:\/\/www.dattamagazine.com\/wp-content\/uploads\/2025\/05\/Untitled-1-1-1.jpg","contentUrl":"https:\/\/www.dattamagazine.com\/wp-content\/uploads\/2025\/05\/Untitled-1-1-1.jpg","width":870,"height":370},{"@type":"BreadcrumbList","@id":"https:\/\/www.dattamagazine.com\/celulares-a-todo-motor\/#breadcrumb","itemListElement":[{"@type":"ListItem","position":1,"name":"Home","item":"https:\/\/www.dattamagazine.com\/"},{"@type":"ListItem","position":2,"name":"Celulares a Todo Motor"}]},{"@type":"WebSite","@id":"https:\/\/www.dattamagazine.com\/#website","url":"https:\/\/www.dattamagazine.com\/","name":"Marketing Agency","description":"","publisher":{"@id":"https:\/\/www.dattamagazine.com\/#organization"},"potentialAction":[{"@type":"SearchAction","target":{"@type":"EntryPoint","urlTemplate":"https:\/\/www.dattamagazine.com\/?s={search_term_string}"},"query-input":{"@type":"PropertyValueSpecification","valueRequired":true,"valueName":"search_term_string"}}],"inLanguage":"en-US"},{"@type":"Organization","@id":"https:\/\/www.dattamagazine.com\/#organization","name":"Marketing Agency","url":"https:\/\/www.dattamagazine.com\/","logo":{"@type":"ImageObject","inLanguage":"en-US","@id":"https:\/\/www.dattamagazine.com\/#\/schema\/logo\/image\/","url":"https:\/\/www.dattamagazine.com\/wp-content\/uploads\/2025\/05\/logo-agency.png","contentUrl":"https:\/\/www.dattamagazine.com\/wp-content\/uploads\/2025\/05\/logo-agency.png","width":200,"height":200,"caption":"Marketing Agency"},"image":{"@id":"https:\/\/www.dattamagazine.com\/#\/schema\/logo\/image\/"}}]}},"_links":{"self":[{"href":"https:\/\/www.dattamagazine.com\/index.php\/wp-json\/wp\/v2\/pages\/139","targetHints":{"allow":["GET"]}}],"collection":[{"href":"https:\/\/www.dattamagazine.com\/index.php\/wp-json\/wp\/v2\/pages"}],"about":[{"href":"https:\/\/www.dattamagazine.com\/index.php\/wp-json\/wp\/v2\/types\/page"}],"author":[{"embeddable":true,"href":"https:\/\/www.dattamagazine.com\/index.php\/wp-json\/wp\/v2\/users\/1"}],"replies":[{"embeddable":true,"href":"https:\/\/www.dattamagazine.com\/index.php\/wp-json\/wp\/v2\/comments?post=139"}],"version-history":[{"count":2,"href":"https:\/\/www.dattamagazine.com\/index.php\/wp-json\/wp\/v2\/pages\/139\/revisions"}],"predecessor-version":[{"id":216,"href":"https:\/\/www.dattamagazine.com\/index.php\/wp-json\/wp\/v2\/pages\/139\/revisions\/216"}],"wp:attachment":[{"href":"https:\/\/www.dattamagazine.com\/index.php\/wp-json\/wp\/v2\/media?parent=139"}],"curies":[{"name":"wp","href":"https:\/\/api.w.org\/{rel}","templated":true}]}}