{"id":138,"date":"2025-05-08T00:13:38","date_gmt":"2025-05-08T00:13:38","guid":{"rendered":"https:\/\/www.dattamagazine.com\/?page_id=138"},"modified":"2025-05-19T19:07:42","modified_gmt":"2025-05-19T19:07:42","slug":"smartphone-y-no-morir-en-el-intento","status":"publish","type":"page","link":"https:\/\/www.dattamagazine.com\/como-limpiar-la-pantalla-del-smartphone-y-no-morir-en-el-intento\/","title":{"rendered":"Smartphone y no morir en el intento"},"content":{"rendered":"\n<div class=\"wp-block-cover alignfull is-light\" style=\"min-height:600px;aspect-ratio:unset;\"><span aria-hidden=\"true\" class=\"wp-block-cover__background has-nv-light-bg-background-color has-background-dim-0 has-background-dim\"><\/span><div class=\"wp-block-cover__inner-container is-layout-flow wp-block-cover-is-layout-flow\">\n<div class=\"wp-block-group\"><div class=\"wp-block-group__inner-container is-layout-flow wp-block-group-is-layout-flow\">\n<div style=\"height:80px\" aria-hidden=\"true\" class=\"wp-block-spacer\"><\/div>\n\n\n\n<div class=\"wp-block-columns is-layout-flex wp-container-core-columns-is-layout-9d6595d7 wp-block-columns-is-layout-flex\">\n<div class=\"wp-block-column is-vertically-aligned-top has-neve-text-color-color has-text-color has-link-color wp-elements-821d4374160e7218dfe0bca434957c9d is-layout-flow wp-block-column-is-layout-flow\" style=\"padding-right:var(--wp--preset--spacing--30);padding-left:var(--wp--preset--spacing--30);flex-basis:100%\">\n<div class=\"wp-block-cover is-light has-custom-content-position is-position-bottom-left has-border-color\" style=\"border-color:#333333;border-width:15px;min-height:430px;aspect-ratio:unset;\"><img loading=\"lazy\" decoding=\"async\" width=\"870\" height=\"370\" class=\"wp-block-cover__image-background wp-image-178 size-full\" alt=\"smartphone\" src=\"https:\/\/www.dattamagazine.com\/wp-content\/uploads\/2025\/05\/limpiar-1.jpg\" data-object-fit=\"cover\" srcset=\"https:\/\/www.dattamagazine.com\/wp-content\/uploads\/2025\/05\/limpiar-1.jpg 870w, https:\/\/www.dattamagazine.com\/wp-content\/uploads\/2025\/05\/limpiar-1-300x128.jpg 300w, https:\/\/www.dattamagazine.com\/wp-content\/uploads\/2025\/05\/limpiar-1-768x327.jpg 768w\" sizes=\"auto, (max-width: 870px) 100vw, 870px\" \/><span aria-hidden=\"true\" class=\"wp-block-cover__background has-background-dim-0 has-background-dim\" style=\"background-color:#bab2b4\"><\/span><div class=\"wp-block-cover__inner-container is-layout-flow wp-block-cover-is-layout-flow\">\n<p class=\"has-text-align-center has-large-font-size\"><\/p>\n<\/div><\/div>\n\n\n\n<p><\/p>\n\n\n\n<h1 class=\"wp-block-heading has-neve-link-color-color has-text-color has-link-color has-large-font-size wp-elements-75282c08fe62c19b5969c39425e65c92\" style=\"font-style:normal;font-weight:100\">C\u00f3mo limpiar la pantalla del smartphone y no morir en el intento<\/h1>\n\n\n\n<p><strong>Compartimos una serie de consejos para mantener la higiene de tu dispositivo m\u00f3vil sin da\u00f1ar su salud general. \u00bfQu\u00e9 pa\u00f1o usar? \u00bfHay que usar alg\u00fan tipo de l\u00edquido? Las respuestas a \u00e9stas y otras preguntas, en este repaso.<\/strong><\/p>\n\n\n\n<p>Diversos estudios acad\u00e9micos coinciden en se\u00f1alar que las pantallas de los smartphones son dep\u00f3sito de cientos de bacterias, poniendo en jaque no solamente el buen gusto, sino tambi\u00e9n la salud de los usuarios. Desde el Departamento de Microbiolog\u00eda de la Universidad de Barcelona afirmaron que un screen t\u00e1ctil puede contener unos 600 g\u00e9rmenes, 30 veces m\u00e1s en relaci\u00f3n a los que contiene un inodoro. Seg\u00fan indicaron, las bacterias halladas en smartphones y tablets son an\u00e1logas a las que se encuentran en trapos y esponjas.<\/p>\n\n\n\n<p>Un informe de la Universidad de Stanford avanz\u00f3 en esta misma direcci\u00f3n, afirmando que las pantallas de estos dispositivos exhiben mayores niveles de contaminaci\u00f3n en relaci\u00f3n a los registros obtenidos en un ba\u00f1o p\u00fablico de hombres, misma analog\u00eda. \u201cSi compartes el dispositivo, entonces compartes tu gripe con otra persona que lo toque\u201d, dijeron los responsables de aquel informe.<\/p>\n\n\n\n<p>Lejos de provocar p\u00e1nico o estampidas de usuarios abandonando su smartphone para evitar cualquier tipo de contagio, este tipo de informes alertan acerca de la necesidad de mantener la higiene, tambi\u00e9n en nuestros dispositivos m\u00f3viles. Ahora bien, \u00bfc\u00f3mo hacerlo en forma correcta, para que la limpieza no vaya en desmedro de la buena salud de un dispositivo que (con excepci\u00f3n de algunos modelos waterproof) no soportan la acci\u00f3n del agua?<\/p>\n\n\n\n<p>A continuaci\u00f3n repasamos algunos consejos para mantener la limpieza de smartphones y tablets, y no morir en el intento.<\/p>\n\n\n\n<p><strong>Los s\u00ed y los no:<\/strong> El primer paso es saber cu\u00e1les son los elementos necesarios para la limpieza y de cu\u00e1les es preciso apartarse, eso para no da\u00f1ar el producto. Lo ideal es limpiar la pantalla con un pa\u00f1o de microfibra, son apropiados aquellos con los cuales usualmente se pasan en los cristales de las gafas. En este sentido, se aconseja evitar algunos implementos como servilletas, que muchos utilizan para este fin pero que pueden resultar abrasivos y as\u00ed rayar la superficie del display. Incluso empleando la delicadeza de la mencionada tela sint\u00e9tica, es siempre recomendable limpiar con movimientos suaves y circulares.<\/p>\n\n\n\n<p>En caso que la suciedad sea intensa o rebelde, se puede humedecer el pa\u00f1o con agua (destilada es ideal; tambi\u00e9n puede diluirse agua con una parte de vinagre). Para ello, es bueno contar con un pa\u00f1o de microfibra adicional, para secar a continuaci\u00f3n y sin dejar que el agua llegue al interior del dispositivo. En este punto, nunca hay que utilizar limpiadores comerciales de uso en el hogar, los cuales pueden da\u00f1ar la salud de la pantalla. Tampoco hay que utilizar alcohol et\u00edlico, el cual desti\u00f1e diversos elementos del dispositivo. El alcohol que s\u00ed puede utilizarse es el denominado \u201cisoprop\u00edlico\u201d en un partes iguales con agua.<\/p>\n\n\n\n<p>Para una limpieza m\u00e1s profunda, m\u00e1xime en tel\u00e9fonos que cuentan con teclas f\u00edsicas, es posible utilizar un spray de aire comprimido, el cual puede adquirirse en casas de electr\u00f3nica. Tambi\u00e9n es \u00fatil para limpiar los puertos del dispositivo y sus partes internas, en caso que el usuario se anime a desplegar la carcasa.<\/p>\n\n\n\n<p><strong>Un tip interesante:<\/strong> en caso que el dispositivo se moje m\u00e1s de lo conveniente durante la limpieza, colocarlo dentro de un recipiente que contiene arroz crudo ayudar\u00e1 a la absorci\u00f3n del l\u00edquido. Este consejo tambi\u00e9n aplica a los desgraciados accidentes -m\u00e1s usuales de lo que podr\u00edamos creer- cuando un smartphone cae al agua.<\/p>\n\n\n\n<p><strong>A la hora de limpiar:<\/strong> Se recomienda hacerlo con el tel\u00e9fono apagado y, si fuera posible, quitando la bater\u00eda. Adem\u00e1s de as\u00ed evitar eventuales problemas durante la limpieza, hacerlo con la pantalla apagada ayudar\u00e1 a vislumbrar mejor los sectores con huellas rebeldes.<\/p>\n\n\n\n<p><strong>La frecuencia:<\/strong> La asiduidad de la limpieza ser\u00e1 naturalmente determinada por cada usuario. Sin embargo, en vista de las conclusiones de los informes que inauguran este repaso, es bueno para tanto para el dispositivo como para los usuarios mantener una correcta higiene del m\u00f3vil. Una buena idea es limpiarlo justo antes de ponerlo a cargar, cuesti\u00f3n de automatizar el h\u00e1bito.<\/p>\n\n\n\n<p><strong>Materiales especiales:<\/strong> En b\u00fasqueda de la elegancia, algunos dispositivos han a\u00f1adido a su oferta materiales como el cuero. Un caso emblem\u00e1tico es el G4 de LG. Para ello, tambi\u00e9n hay que tener en cuenta algunas medidas de limpieza para mantener la higiene y a su vez no da\u00f1ar aquellos materiales. En estos casos, es importante seguir las recomendaciones del fabricante y emprender una tarea que no muchos emprenden: leer con atenci\u00f3n el manual de instrucciones que llega con el producto.<\/p>\n<\/div>\n<\/div>\n<\/div><\/div>\n<\/div><\/div>\n\n\n\n<div class=\"wp-block-cover alignfull\" style=\"min-height:300px;aspect-ratio:unset;\"><span aria-hidden=\"true\" class=\"wp-block-cover__background has-neve-text-color-background-color has-background-dim-100 has-background-dim\"><\/span><div class=\"wp-block-cover__inner-container is-layout-flow wp-block-cover-is-layout-flow\">\n<div style=\"height:40px\" aria-hidden=\"true\" class=\"wp-block-spacer\"><\/div>\n\n\n\n<figure class=\"wp-block-image size-full\"><img loading=\"lazy\" decoding=\"async\" width=\"522\" height=\"38\" src=\"https:\/\/www.dattamagazine.com\/wp-content\/uploads\/2025\/05\/logo-1.png\" alt=\"logo\" class=\"wp-image-70\" srcset=\"https:\/\/www.dattamagazine.com\/wp-content\/uploads\/2025\/05\/logo-1.png 522w, https:\/\/www.dattamagazine.com\/wp-content\/uploads\/2025\/05\/logo-1-300x22.png 300w\" sizes=\"auto, (max-width: 522px) 100vw, 522px\" \/><\/figure>\n\n\n\n<p>HERRAMIENTAS PARA USUARIOS E INSPIRACI\u00d3N PARA CREADORES<\/p>\n\n\n\n<p class=\"has-text-align-center\">Copyright \u00a92025 DattaMagazine.  All Rights Reserved.<\/p>\n<\/div><\/div>\n","protected":false},"excerpt":{"rendered":"","protected":false},"author":1,"featured_media":0,"parent":0,"menu_order":0,"comment_status":"closed","ping_status":"closed","template":"","meta":{"neve_meta_sidebar":"","neve_meta_container":"default","neve_meta_enable_content_width":"on","neve_meta_content_width":100,"neve_meta_title_alignment":"","neve_meta_author_avatar":"","neve_post_elements_order":"","neve_meta_disable_header":"","neve_meta_disable_footer":"on","neve_meta_disable_title":"on","footnotes":""},"class_list":["post-138","page","type-page","status-publish","hentry"],"yoast_head":"<!-- This site is optimized with the Yoast SEO plugin v25.0 - https:\/\/yoast.com\/wordpress\/plugins\/seo\/ -->\n<title>C\u00f3mo limpiar la pantalla del smartphone y no morir en el intento | DattaMagazine<\/title>\n<meta name=\"description\" content=\"Diversos estudios acad\u00e9micos coinciden en se\u00f1alar que las pantallas de los smartphones son dep\u00f3sito de cientos de bacterias\" \/>\n<meta name=\"robots\" content=\"index, follow, max-snippet:-1, max-image-preview:large, max-video-preview:-1\" \/>\n<link rel=\"canonical\" href=\"https:\/\/www.dattamagazine.com\/como-limpiar-la-pantalla-del-smartphone-y-no-morir-en-el-intento\/\" \/>\n<meta property=\"og:locale\" content=\"en_US\" \/>\n<meta property=\"og:type\" content=\"article\" \/>\n<meta property=\"og:title\" content=\"C\u00f3mo limpiar la pantalla del smartphone y no morir en el intento | DattaMagazine\" \/>\n<meta property=\"og:description\" content=\"Diversos estudios acad\u00e9micos coinciden en se\u00f1alar que las pantallas de los smartphones son dep\u00f3sito de cientos de bacterias\" \/>\n<meta property=\"og:url\" content=\"https:\/\/www.dattamagazine.com\/como-limpiar-la-pantalla-del-smartphone-y-no-morir-en-el-intento\/\" \/>\n<meta property=\"og:site_name\" content=\"Marketing Agency\" \/>\n<meta property=\"article:modified_time\" content=\"2025-05-19T19:07:42+00:00\" \/>\n<meta property=\"og:image\" content=\"https:\/\/www.dattamagazine.com\/wp-content\/uploads\/2025\/05\/limpiar-1.jpg\" \/>\n<meta name=\"twitter:card\" content=\"summary_large_image\" \/>\n<meta name=\"twitter:label1\" content=\"Est. reading time\" \/>\n\t<meta name=\"twitter:data1\" content=\"4 minutes\" \/>\n<script type=\"application\/ld+json\" class=\"yoast-schema-graph\">{\"@context\":\"https:\/\/schema.org\",\"@graph\":[{\"@type\":\"WebPage\",\"@id\":\"https:\/\/www.dattamagazine.com\/como-limpiar-la-pantalla-del-smartphone-y-no-morir-en-el-intento\/\",\"url\":\"https:\/\/www.dattamagazine.com\/como-limpiar-la-pantalla-del-smartphone-y-no-morir-en-el-intento\/\",\"name\":\"C\u00f3mo limpiar la pantalla del smartphone y no morir en el intento | DattaMagazine\",\"isPartOf\":{\"@id\":\"https:\/\/www.dattamagazine.com\/#website\"},\"primaryImageOfPage\":{\"@id\":\"https:\/\/www.dattamagazine.com\/como-limpiar-la-pantalla-del-smartphone-y-no-morir-en-el-intento\/#primaryimage\"},\"image\":{\"@id\":\"https:\/\/www.dattamagazine.com\/como-limpiar-la-pantalla-del-smartphone-y-no-morir-en-el-intento\/#primaryimage\"},\"thumbnailUrl\":\"https:\/\/www.dattamagazine.com\/wp-content\/uploads\/2025\/05\/limpiar-1.jpg\",\"datePublished\":\"2025-05-08T00:13:38+00:00\",\"dateModified\":\"2025-05-19T19:07:42+00:00\",\"description\":\"Diversos estudios acad\u00e9micos coinciden en se\u00f1alar que las pantallas de los smartphones son dep\u00f3sito de cientos de bacterias\",\"breadcrumb\":{\"@id\":\"https:\/\/www.dattamagazine.com\/como-limpiar-la-pantalla-del-smartphone-y-no-morir-en-el-intento\/#breadcrumb\"},\"inLanguage\":\"en-US\",\"potentialAction\":[{\"@type\":\"ReadAction\",\"target\":[\"https:\/\/www.dattamagazine.com\/como-limpiar-la-pantalla-del-smartphone-y-no-morir-en-el-intento\/\"]}]},{\"@type\":\"ImageObject\",\"inLanguage\":\"en-US\",\"@id\":\"https:\/\/www.dattamagazine.com\/como-limpiar-la-pantalla-del-smartphone-y-no-morir-en-el-intento\/#primaryimage\",\"url\":\"https:\/\/www.dattamagazine.com\/wp-content\/uploads\/2025\/05\/limpiar-1.jpg\",\"contentUrl\":\"https:\/\/www.dattamagazine.com\/wp-content\/uploads\/2025\/05\/limpiar-1.jpg\",\"width\":870,\"height\":370},{\"@type\":\"BreadcrumbList\",\"@id\":\"https:\/\/www.dattamagazine.com\/como-limpiar-la-pantalla-del-smartphone-y-no-morir-en-el-intento\/#breadcrumb\",\"itemListElement\":[{\"@type\":\"ListItem\",\"position\":1,\"name\":\"Home\",\"item\":\"https:\/\/www.dattamagazine.com\/\"},{\"@type\":\"ListItem\",\"position\":2,\"name\":\"Smartphone y no morir en el intento\"}]},{\"@type\":\"WebSite\",\"@id\":\"https:\/\/www.dattamagazine.com\/#website\",\"url\":\"https:\/\/www.dattamagazine.com\/\",\"name\":\"Marketing Agency\",\"description\":\"\",\"publisher\":{\"@id\":\"https:\/\/www.dattamagazine.com\/#organization\"},\"potentialAction\":[{\"@type\":\"SearchAction\",\"target\":{\"@type\":\"EntryPoint\",\"urlTemplate\":\"https:\/\/www.dattamagazine.com\/?s={search_term_string}\"},\"query-input\":{\"@type\":\"PropertyValueSpecification\",\"valueRequired\":true,\"valueName\":\"search_term_string\"}}],\"inLanguage\":\"en-US\"},{\"@type\":\"Organization\",\"@id\":\"https:\/\/www.dattamagazine.com\/#organization\",\"name\":\"Marketing Agency\",\"url\":\"https:\/\/www.dattamagazine.com\/\",\"logo\":{\"@type\":\"ImageObject\",\"inLanguage\":\"en-US\",\"@id\":\"https:\/\/www.dattamagazine.com\/#\/schema\/logo\/image\/\",\"url\":\"https:\/\/www.dattamagazine.com\/wp-content\/uploads\/2025\/05\/logo-agency.png\",\"contentUrl\":\"https:\/\/www.dattamagazine.com\/wp-content\/uploads\/2025\/05\/logo-agency.png\",\"width\":200,\"height\":200,\"caption\":\"Marketing Agency\"},\"image\":{\"@id\":\"https:\/\/www.dattamagazine.com\/#\/schema\/logo\/image\/\"}}]}<\/script>\n<!-- \/ Yoast SEO plugin. -->","yoast_head_json":{"title":"C\u00f3mo limpiar la pantalla del smartphone y no morir en el intento | DattaMagazine","description":"Diversos estudios acad\u00e9micos coinciden en se\u00f1alar que las pantallas de los smartphones son dep\u00f3sito de cientos de bacterias","robots":{"index":"index","follow":"follow","max-snippet":"max-snippet:-1","max-image-preview":"max-image-preview:large","max-video-preview":"max-video-preview:-1"},"canonical":"https:\/\/www.dattamagazine.com\/como-limpiar-la-pantalla-del-smartphone-y-no-morir-en-el-intento\/","og_locale":"en_US","og_type":"article","og_title":"C\u00f3mo limpiar la pantalla del smartphone y no morir en el intento | DattaMagazine","og_description":"Diversos estudios acad\u00e9micos coinciden en se\u00f1alar que las pantallas de los smartphones son dep\u00f3sito de cientos de bacterias","og_url":"https:\/\/www.dattamagazine.com\/como-limpiar-la-pantalla-del-smartphone-y-no-morir-en-el-intento\/","og_site_name":"Marketing Agency","article_modified_time":"2025-05-19T19:07:42+00:00","og_image":[{"url":"https:\/\/www.dattamagazine.com\/wp-content\/uploads\/2025\/05\/limpiar-1.jpg","type":"","width":"","height":""}],"twitter_card":"summary_large_image","twitter_misc":{"Est. reading time":"4 minutes"},"schema":{"@context":"https:\/\/schema.org","@graph":[{"@type":"WebPage","@id":"https:\/\/www.dattamagazine.com\/como-limpiar-la-pantalla-del-smartphone-y-no-morir-en-el-intento\/","url":"https:\/\/www.dattamagazine.com\/como-limpiar-la-pantalla-del-smartphone-y-no-morir-en-el-intento\/","name":"C\u00f3mo limpiar la pantalla del smartphone y no morir en el intento | DattaMagazine","isPartOf":{"@id":"https:\/\/www.dattamagazine.com\/#website"},"primaryImageOfPage":{"@id":"https:\/\/www.dattamagazine.com\/como-limpiar-la-pantalla-del-smartphone-y-no-morir-en-el-intento\/#primaryimage"},"image":{"@id":"https:\/\/www.dattamagazine.com\/como-limpiar-la-pantalla-del-smartphone-y-no-morir-en-el-intento\/#primaryimage"},"thumbnailUrl":"https:\/\/www.dattamagazine.com\/wp-content\/uploads\/2025\/05\/limpiar-1.jpg","datePublished":"2025-05-08T00:13:38+00:00","dateModified":"2025-05-19T19:07:42+00:00","description":"Diversos estudios acad\u00e9micos coinciden en se\u00f1alar que las pantallas de los smartphones son dep\u00f3sito de cientos de bacterias","breadcrumb":{"@id":"https:\/\/www.dattamagazine.com\/como-limpiar-la-pantalla-del-smartphone-y-no-morir-en-el-intento\/#breadcrumb"},"inLanguage":"en-US","potentialAction":[{"@type":"ReadAction","target":["https:\/\/www.dattamagazine.com\/como-limpiar-la-pantalla-del-smartphone-y-no-morir-en-el-intento\/"]}]},{"@type":"ImageObject","inLanguage":"en-US","@id":"https:\/\/www.dattamagazine.com\/como-limpiar-la-pantalla-del-smartphone-y-no-morir-en-el-intento\/#primaryimage","url":"https:\/\/www.dattamagazine.com\/wp-content\/uploads\/2025\/05\/limpiar-1.jpg","contentUrl":"https:\/\/www.dattamagazine.com\/wp-content\/uploads\/2025\/05\/limpiar-1.jpg","width":870,"height":370},{"@type":"BreadcrumbList","@id":"https:\/\/www.dattamagazine.com\/como-limpiar-la-pantalla-del-smartphone-y-no-morir-en-el-intento\/#breadcrumb","itemListElement":[{"@type":"ListItem","position":1,"name":"Home","item":"https:\/\/www.dattamagazine.com\/"},{"@type":"ListItem","position":2,"name":"Smartphone y no morir en el intento"}]},{"@type":"WebSite","@id":"https:\/\/www.dattamagazine.com\/#website","url":"https:\/\/www.dattamagazine.com\/","name":"Marketing Agency","description":"","publisher":{"@id":"https:\/\/www.dattamagazine.com\/#organization"},"potentialAction":[{"@type":"SearchAction","target":{"@type":"EntryPoint","urlTemplate":"https:\/\/www.dattamagazine.com\/?s={search_term_string}"},"query-input":{"@type":"PropertyValueSpecification","valueRequired":true,"valueName":"search_term_string"}}],"inLanguage":"en-US"},{"@type":"Organization","@id":"https:\/\/www.dattamagazine.com\/#organization","name":"Marketing Agency","url":"https:\/\/www.dattamagazine.com\/","logo":{"@type":"ImageObject","inLanguage":"en-US","@id":"https:\/\/www.dattamagazine.com\/#\/schema\/logo\/image\/","url":"https:\/\/www.dattamagazine.com\/wp-content\/uploads\/2025\/05\/logo-agency.png","contentUrl":"https:\/\/www.dattamagazine.com\/wp-content\/uploads\/2025\/05\/logo-agency.png","width":200,"height":200,"caption":"Marketing Agency"},"image":{"@id":"https:\/\/www.dattamagazine.com\/#\/schema\/logo\/image\/"}}]}},"_links":{"self":[{"href":"https:\/\/www.dattamagazine.com\/index.php\/wp-json\/wp\/v2\/pages\/138","targetHints":{"allow":["GET"]}}],"collection":[{"href":"https:\/\/www.dattamagazine.com\/index.php\/wp-json\/wp\/v2\/pages"}],"about":[{"href":"https:\/\/www.dattamagazine.com\/index.php\/wp-json\/wp\/v2\/types\/page"}],"author":[{"embeddable":true,"href":"https:\/\/www.dattamagazine.com\/index.php\/wp-json\/wp\/v2\/users\/1"}],"replies":[{"embeddable":true,"href":"https:\/\/www.dattamagazine.com\/index.php\/wp-json\/wp\/v2\/comments?post=138"}],"version-history":[{"count":3,"href":"https:\/\/www.dattamagazine.com\/index.php\/wp-json\/wp\/v2\/pages\/138\/revisions"}],"predecessor-version":[{"id":180,"href":"https:\/\/www.dattamagazine.com\/index.php\/wp-json\/wp\/v2\/pages\/138\/revisions\/180"}],"wp:attachment":[{"href":"https:\/\/www.dattamagazine.com\/index.php\/wp-json\/wp\/v2\/media?parent=138"}],"curies":[{"name":"wp","href":"https:\/\/api.w.org\/{rel}","templated":true}]}}