{"id":137,"date":"2025-05-08T00:11:47","date_gmt":"2025-05-08T00:11:47","guid":{"rendered":"https:\/\/www.dattamagazine.com\/?page_id=137"},"modified":"2025-05-19T19:07:55","modified_gmt":"2025-05-19T19:07:55","slug":"windows-10","status":"publish","type":"page","link":"https:\/\/www.dattamagazine.com\/los-nuevos-terminos-que-instala-el-windows-10\/","title":{"rendered":"Windows 10"},"content":{"rendered":"\n<div class=\"wp-block-cover alignfull is-light\" style=\"min-height:600px;aspect-ratio:unset;\"><span aria-hidden=\"true\" class=\"wp-block-cover__background has-nv-light-bg-background-color has-background-dim-0 has-background-dim\"><\/span><div class=\"wp-block-cover__inner-container is-layout-flow wp-block-cover-is-layout-flow\">\n<div class=\"wp-block-group\"><div class=\"wp-block-group__inner-container is-layout-flow wp-block-group-is-layout-flow\">\n<div style=\"height:80px\" aria-hidden=\"true\" class=\"wp-block-spacer\"><\/div>\n\n\n\n<div class=\"wp-block-columns is-layout-flex wp-container-core-columns-is-layout-9d6595d7 wp-block-columns-is-layout-flex\">\n<div class=\"wp-block-column is-vertically-aligned-top has-neve-text-color-color has-text-color has-link-color wp-elements-94d7b56a27b488b1342b621188ae2823 is-layout-flow wp-block-column-is-layout-flow\" style=\"padding-right:var(--wp--preset--spacing--30);padding-left:var(--wp--preset--spacing--30);flex-basis:100%\">\n<div class=\"wp-block-cover has-custom-content-position is-position-bottom-left has-border-color\" style=\"border-color:#333333;border-width:15px;min-height:430px;aspect-ratio:unset;\"><img loading=\"lazy\" decoding=\"async\" width=\"870\" height=\"370\" class=\"wp-block-cover__image-background wp-image-173 size-full\" alt=\"Windows 10\" src=\"https:\/\/www.dattamagazine.com\/wp-content\/uploads\/2025\/05\/w-1.jpg\" data-object-fit=\"cover\" srcset=\"https:\/\/www.dattamagazine.com\/wp-content\/uploads\/2025\/05\/w-1.jpg 870w, https:\/\/www.dattamagazine.com\/wp-content\/uploads\/2025\/05\/w-1-300x128.jpg 300w, https:\/\/www.dattamagazine.com\/wp-content\/uploads\/2025\/05\/w-1-768x327.jpg 768w\" sizes=\"auto, (max-width: 870px) 100vw, 870px\" \/><span aria-hidden=\"true\" class=\"wp-block-cover__background has-background-dim-0 has-background-dim\" style=\"background-color:#406b9b\"><\/span><div class=\"wp-block-cover__inner-container is-layout-flow wp-block-cover-is-layout-flow\">\n<p class=\"has-text-align-center has-large-font-size\"><\/p>\n<\/div><\/div>\n\n\n\n<p><\/p>\n\n\n\n<h1 class=\"wp-block-heading has-neve-link-color-color has-text-color has-link-color has-large-font-size wp-elements-d8b0bc4e7d94ca96aacfb3bea2b0d743\" style=\"font-style:normal;font-weight:100\">Los nuevos t\u00e9rminos que instala el Windows 10<\/h1>\n\n\n\n<p>Con la llegada del renovado sistema operativo se instalan flamantes conceptos en el segmento del software. Aprender el significado de Hiberboot, Action Center o Game DVR nos ayudar\u00e1 a explotar m\u00e1s y mejorar la experiencia de uso del OS.<\/p>\n\n\n\n<p>Muchas veces usamos un dispositivo o un software sabiendo a medias para lo que sirve realmente y por esta raz\u00f3n es que la mayor\u00eda de los productos tecnol\u00f3gicos con los que convivimos a diario est\u00e1n desaprovechados respecto a todo el potencial que podemos explotarles.<\/p>\n\n\n\n<p>Algo as\u00ed sucede con el Windows 10 que recientemente hizo su aparici\u00f3n en la mayor\u00eda de las computadoras que solicitaron la versi\u00f3n. Se corri\u00f3 la voz de que la instalaci\u00f3n se har\u00eda de forma automatizada y gratuita para algunos usuarios que lo soliciten dentro de un plazo establecido y por tanto al hacerse realidad el sue\u00f1o moderno de Windows, muchos usuarios quedaron boquiabiertos con todo lo que el nuevo sistema operativo ofrece y que desconocen.<\/p>\n\n\n\n<p>Digamos que esta interfaz pas\u00f3 de ser la m\u00e1s usada con el antiguo Windows XP, a perder varios adeptos cuando la misma quiso modernizarse e incluir los formatos en bloque, quitar el bot\u00f3n de inicio y modificar el esquema general de un escritorio. Pero aqu\u00ed no pondremos mayor atenci\u00f3n a las cr\u00edticas de lo que ya sucedi\u00f3 durante la gesti\u00f3n del Windows 8 y Windows 8.1, sino que nos introduciremos en el lavado de cara del Windows 10 desde lo conceptual.<\/p>\n\n\n\n<h2 class=\"wp-block-heading has-neve-link-color-color has-text-color has-link-color wp-elements-b72d7002de8d7324471943af4dad16dd\">Las cosas por su nombre<\/h2>\n\n\n\n<p>Si algo sucede con la d\u00e9cima versi\u00f3n es que as\u00ed como da un salto sobre el 9, tambi\u00e9n lo hace sobre las cr\u00edticas poniendo en mano de los usuarios una versi\u00f3n soberbia por donde se la mire. Ofrece muchas funciones para trabajar desde la Pc y hasta sincronizarlas con otros dispositivos port\u00e1tiles como tablets u smartphones, incluso algunas terminales Smart dentro del conjunto Internet de las cosas.<\/p>\n\n\n\n<p>Aunque el site oficial de Windows ya fij\u00f3 la fecha tope de la reciente actualizaci\u00f3n (el 14 de octubre de 2025) antes de esto suponen que la gente se familiarizar\u00e1 con todos los t\u00e9rminos nuevos que incorpora el sistema operativo a la cotidianidad. A no asustarse, porque todav\u00eda falta bastante y no hay que especular con ninguna teor\u00eda apocal\u00edptica. Mientras que eso pase aqu\u00ed te ofreceremos un glosario que te ayudar\u00e1 a llamar a las cosas por su nombre y por tanto a descubrir el m\u00e1gico mundo del Windows 10.<\/p>\n\n\n\n<h2 class=\"wp-block-heading has-neve-link-color-color has-text-color has-link-color wp-elements-52b7e0be1466faf2fc9b78d613f7bb18\">\u00bfQu\u00e9 es qu\u00e9?<\/h2>\n\n\n\n<p>Mucho de lo que aqu\u00ed leer\u00e1s probablemente no haya aparecido frente a tus ojos apenas se actualiz\u00f3 la versi\u00f3n. Tomate un tiempo para descubrir si tu equipo cuenta con el hardware necesario como para correr ciertas opciones y de ser as\u00ed, \u00a1a descubrirlas!<\/p>\n\n\n\n<p>La funci\u00f3n Microsoft Continuum est\u00e1 dise\u00f1ada para que los usuarios aprovechen que este sistema operativo ser\u00e1 funcional tanto para una Pc como para otros dispositivos, por lo que podr\u00e1s disfrutar de una misma interfaz adaptada a diferentes tama\u00f1os de pantalla, incluso podr\u00e1s conectar un mouse o teclado al smartphone para usarlo de la misma forma que la Pc.<\/p>\n\n\n\n<p>Otro t\u00e9rmino que se sumar\u00e1 requerir\u00e1 de algunos recursos. Se trata de Windows Hello que destierra las contrase\u00f1as para identificarte mediante tu rostro o tus dedos, eso s\u00ed, necesitar\u00e1s una webcam instalada y una pantalla t\u00e1ctil, adem\u00e1s de un lector de huellas y un buen sistema infrarrojo o lector de iris.<\/p>\n\n\n\n<p>Si de contrase\u00f1as hablamos, con WiFi Sense podr\u00e1s compartir WiFi sin dar a conocer tu contrase\u00f1a, lo que te ser\u00e1 muy \u00fatil si organiz\u00e1s una reuni\u00f3n de trabajo y necesit\u00e1s que las personas ajenas a tu oficina utilicen tu red, tambi\u00e9n podr\u00e1s compartirla por medio de Facebook, Outlook y Skype para conectarte con aquellos usuarios cercanos al rango de WiFi, eso s\u00ed, deber\u00e1n tener WiFi Sense tambi\u00e9n.<\/p>\n\n\n\n<p>Pero si hay algo que muchos preciamos es que podamos encender la compu y el arranque sea r\u00e1pido, esto en Windows 10 lo llamaron Hiberboot y seg\u00fan revelan desde Microsoft se trata de un tipo de tecnolog\u00eda que modifica de ra\u00edz la experiencia del Windows 7 y el 8. Otra de las tecnolog\u00edas aplicadas a la nueva versi\u00f3n es InstantGo que permite hacer descargas y actualizaciones con la Pc en modo reposo.<\/p>\n\n\n\n<p>Action Center te servir\u00e1 para dar un vistazo a tus emails y mensajes sin necesidad de abrir la aplicaci\u00f3n, mientras que tambi\u00e9n ver\u00e1s que el escritorio de este flamante OS agreg\u00f3 un \u00edcono de Multitarea para que puedas mirar todo lo que ten\u00e9s abierto o en uso y navegar r\u00e1pidamente por estos programas.<\/p>\n\n\n\n<p>Los t\u00e9rminos que no son muy desconocidos y que est\u00e1n ahora en uso son Cortana, el asistente de voz con el que se puede abrir programas, realizar b\u00fasquedas, programar agenda y mucho m\u00e1s, tambi\u00e9n podr\u00e1s crear Escritorios virtuales, para destinar diferentes configuraciones seg\u00fan sea para el trabajo, el entretenimiento o el uso diario.<\/p>\n\n\n\n<p>La interacci\u00f3n es un beneficio m\u00e1s en Windows 10, es as\u00ed como te encontrar\u00e1s con Apps universales, es decir, aplicaciones que son funcionales tanto en tu computadora como en tus dispositivos port\u00e1tiles y a las que acceder\u00e1s desde la tienda de Windows sin necesidad de reprogramar nada.<\/p>\n\n\n\n<p>Por otro lado, suma Microsoft Edge, un nuevo navegador con el que se puede anotar sobre las webs, compartir links o b\u00fasquedas y guardarlas para continuar la lectura m\u00e1s tarde, y Direct X12, la API por medio de la cual los desarrolladores pueden crear gr\u00e1ficos, sonidos o programas y la funci\u00f3n acomoda estos aplicativos al hardware de cada Pc seg\u00fan el tipo de sistema que contenga.<\/p>\n\n\n\n<p>En cuanto a todo lo relacionado con las opciones l\u00fadicas de Microsoft, vale decir que este Windows permite mayor acceso y comunicaci\u00f3n a la galer\u00eda de Xbox con funciones como Game DVR que sirve para grabar partidas y subirlas a YouTube, Xbox app que centraliza todas las funciones de juego y Cross-Device que sincroniza tu Pc con tu consola para jugar o continuar partidas.<\/p>\n\n\n\n<p>Seguramente, al encender tu m\u00e1quina luego de que Windows 10 se haya actualizado no te has dado cuenta de que todo este mar de conceptos y funciones est\u00e1n dando vueltas en los engranajes del nuevo sistema operativo. Los de Microsoft apuestan porque en un tiempo m\u00e1s estos t\u00e9rminos sean tan usados como lo fue en su momento famoso \u201cbot\u00f3n de inicio\u201d.<\/p>\n<\/div>\n<\/div>\n<\/div><\/div>\n<\/div><\/div>\n\n\n\n<div class=\"wp-block-cover alignfull\" style=\"min-height:300px;aspect-ratio:unset;\"><span aria-hidden=\"true\" class=\"wp-block-cover__background has-neve-text-color-background-color has-background-dim-100 has-background-dim\"><\/span><div class=\"wp-block-cover__inner-container is-layout-flow wp-block-cover-is-layout-flow\">\n<div style=\"height:40px\" aria-hidden=\"true\" class=\"wp-block-spacer\"><\/div>\n\n\n\n<figure class=\"wp-block-image size-full\"><img loading=\"lazy\" decoding=\"async\" width=\"522\" height=\"38\" src=\"https:\/\/www.dattamagazine.com\/wp-content\/uploads\/2025\/05\/logo-1.png\" alt=\"logo\" class=\"wp-image-70\" srcset=\"https:\/\/www.dattamagazine.com\/wp-content\/uploads\/2025\/05\/logo-1.png 522w, https:\/\/www.dattamagazine.com\/wp-content\/uploads\/2025\/05\/logo-1-300x22.png 300w\" sizes=\"auto, (max-width: 522px) 100vw, 522px\" \/><\/figure>\n\n\n\n<p>HERRAMIENTAS PARA USUARIOS E INSPIRACI\u00d3N PARA CREADORES<\/p>\n\n\n\n<p class=\"has-text-align-center\">Copyright \u00a92025 DattaMagazine.  All Rights Reserved.<\/p>\n<\/div><\/div>\n","protected":false},"excerpt":{"rendered":"","protected":false},"author":1,"featured_media":0,"parent":0,"menu_order":0,"comment_status":"closed","ping_status":"closed","template":"","meta":{"neve_meta_sidebar":"","neve_meta_container":"default","neve_meta_enable_content_width":"on","neve_meta_content_width":100,"neve_meta_title_alignment":"","neve_meta_author_avatar":"","neve_post_elements_order":"","neve_meta_disable_header":"","neve_meta_disable_footer":"on","neve_meta_disable_title":"on","footnotes":""},"class_list":["post-137","page","type-page","status-publish","hentry"],"yoast_head":"<!-- This site is optimized with the Yoast SEO plugin v25.0 - https:\/\/yoast.com\/wordpress\/plugins\/seo\/ -->\n<title>Los nuevos t\u00e9rminos que instala el Windows 10 | DattaMagazine<\/title>\n<meta name=\"description\" content=\"Con la llegada del renovado sistema operativo se instalan flamantes conceptos en el segmento del software\" \/>\n<meta name=\"robots\" content=\"index, follow, max-snippet:-1, max-image-preview:large, max-video-preview:-1\" \/>\n<link rel=\"canonical\" href=\"https:\/\/www.dattamagazine.com\/los-nuevos-terminos-que-instala-el-windows-10\/\" \/>\n<meta property=\"og:locale\" content=\"en_US\" \/>\n<meta property=\"og:type\" content=\"article\" \/>\n<meta property=\"og:title\" content=\"Los nuevos t\u00e9rminos que instala el Windows 10 | DattaMagazine\" \/>\n<meta property=\"og:description\" content=\"Con la llegada del renovado sistema operativo se instalan flamantes conceptos en el segmento del software\" \/>\n<meta property=\"og:url\" content=\"https:\/\/www.dattamagazine.com\/los-nuevos-terminos-que-instala-el-windows-10\/\" \/>\n<meta property=\"og:site_name\" content=\"Marketing Agency\" \/>\n<meta property=\"article:modified_time\" content=\"2025-05-19T19:07:55+00:00\" \/>\n<meta property=\"og:image\" content=\"https:\/\/www.dattamagazine.com\/wp-content\/uploads\/2025\/05\/w-1.jpg\" \/>\n<meta name=\"twitter:card\" content=\"summary_large_image\" \/>\n<meta name=\"twitter:label1\" content=\"Est. reading time\" \/>\n\t<meta name=\"twitter:data1\" content=\"6 minutes\" \/>\n<script type=\"application\/ld+json\" class=\"yoast-schema-graph\">{\"@context\":\"https:\/\/schema.org\",\"@graph\":[{\"@type\":\"WebPage\",\"@id\":\"https:\/\/www.dattamagazine.com\/los-nuevos-terminos-que-instala-el-windows-10\/\",\"url\":\"https:\/\/www.dattamagazine.com\/los-nuevos-terminos-que-instala-el-windows-10\/\",\"name\":\"Los nuevos t\u00e9rminos que instala el Windows 10 | DattaMagazine\",\"isPartOf\":{\"@id\":\"https:\/\/www.dattamagazine.com\/#website\"},\"primaryImageOfPage\":{\"@id\":\"https:\/\/www.dattamagazine.com\/los-nuevos-terminos-que-instala-el-windows-10\/#primaryimage\"},\"image\":{\"@id\":\"https:\/\/www.dattamagazine.com\/los-nuevos-terminos-que-instala-el-windows-10\/#primaryimage\"},\"thumbnailUrl\":\"https:\/\/www.dattamagazine.com\/wp-content\/uploads\/2025\/05\/w-1.jpg\",\"datePublished\":\"2025-05-08T00:11:47+00:00\",\"dateModified\":\"2025-05-19T19:07:55+00:00\",\"description\":\"Con la llegada del renovado sistema operativo se instalan flamantes conceptos en el segmento del software\",\"breadcrumb\":{\"@id\":\"https:\/\/www.dattamagazine.com\/los-nuevos-terminos-que-instala-el-windows-10\/#breadcrumb\"},\"inLanguage\":\"en-US\",\"potentialAction\":[{\"@type\":\"ReadAction\",\"target\":[\"https:\/\/www.dattamagazine.com\/los-nuevos-terminos-que-instala-el-windows-10\/\"]}]},{\"@type\":\"ImageObject\",\"inLanguage\":\"en-US\",\"@id\":\"https:\/\/www.dattamagazine.com\/los-nuevos-terminos-que-instala-el-windows-10\/#primaryimage\",\"url\":\"https:\/\/www.dattamagazine.com\/wp-content\/uploads\/2025\/05\/w-1.jpg\",\"contentUrl\":\"https:\/\/www.dattamagazine.com\/wp-content\/uploads\/2025\/05\/w-1.jpg\",\"width\":870,\"height\":370},{\"@type\":\"BreadcrumbList\",\"@id\":\"https:\/\/www.dattamagazine.com\/los-nuevos-terminos-que-instala-el-windows-10\/#breadcrumb\",\"itemListElement\":[{\"@type\":\"ListItem\",\"position\":1,\"name\":\"Home\",\"item\":\"https:\/\/www.dattamagazine.com\/\"},{\"@type\":\"ListItem\",\"position\":2,\"name\":\"Windows 10\"}]},{\"@type\":\"WebSite\",\"@id\":\"https:\/\/www.dattamagazine.com\/#website\",\"url\":\"https:\/\/www.dattamagazine.com\/\",\"name\":\"Marketing Agency\",\"description\":\"\",\"publisher\":{\"@id\":\"https:\/\/www.dattamagazine.com\/#organization\"},\"potentialAction\":[{\"@type\":\"SearchAction\",\"target\":{\"@type\":\"EntryPoint\",\"urlTemplate\":\"https:\/\/www.dattamagazine.com\/?s={search_term_string}\"},\"query-input\":{\"@type\":\"PropertyValueSpecification\",\"valueRequired\":true,\"valueName\":\"search_term_string\"}}],\"inLanguage\":\"en-US\"},{\"@type\":\"Organization\",\"@id\":\"https:\/\/www.dattamagazine.com\/#organization\",\"name\":\"Marketing Agency\",\"url\":\"https:\/\/www.dattamagazine.com\/\",\"logo\":{\"@type\":\"ImageObject\",\"inLanguage\":\"en-US\",\"@id\":\"https:\/\/www.dattamagazine.com\/#\/schema\/logo\/image\/\",\"url\":\"https:\/\/www.dattamagazine.com\/wp-content\/uploads\/2025\/05\/logo-agency.png\",\"contentUrl\":\"https:\/\/www.dattamagazine.com\/wp-content\/uploads\/2025\/05\/logo-agency.png\",\"width\":200,\"height\":200,\"caption\":\"Marketing Agency\"},\"image\":{\"@id\":\"https:\/\/www.dattamagazine.com\/#\/schema\/logo\/image\/\"}}]}<\/script>\n<!-- \/ Yoast SEO plugin. -->","yoast_head_json":{"title":"Los nuevos t\u00e9rminos que instala el Windows 10 | DattaMagazine","description":"Con la llegada del renovado sistema operativo se instalan flamantes conceptos en el segmento del software","robots":{"index":"index","follow":"follow","max-snippet":"max-snippet:-1","max-image-preview":"max-image-preview:large","max-video-preview":"max-video-preview:-1"},"canonical":"https:\/\/www.dattamagazine.com\/los-nuevos-terminos-que-instala-el-windows-10\/","og_locale":"en_US","og_type":"article","og_title":"Los nuevos t\u00e9rminos que instala el Windows 10 | DattaMagazine","og_description":"Con la llegada del renovado sistema operativo se instalan flamantes conceptos en el segmento del software","og_url":"https:\/\/www.dattamagazine.com\/los-nuevos-terminos-que-instala-el-windows-10\/","og_site_name":"Marketing Agency","article_modified_time":"2025-05-19T19:07:55+00:00","og_image":[{"url":"https:\/\/www.dattamagazine.com\/wp-content\/uploads\/2025\/05\/w-1.jpg","type":"","width":"","height":""}],"twitter_card":"summary_large_image","twitter_misc":{"Est. reading time":"6 minutes"},"schema":{"@context":"https:\/\/schema.org","@graph":[{"@type":"WebPage","@id":"https:\/\/www.dattamagazine.com\/los-nuevos-terminos-que-instala-el-windows-10\/","url":"https:\/\/www.dattamagazine.com\/los-nuevos-terminos-que-instala-el-windows-10\/","name":"Los nuevos t\u00e9rminos que instala el Windows 10 | DattaMagazine","isPartOf":{"@id":"https:\/\/www.dattamagazine.com\/#website"},"primaryImageOfPage":{"@id":"https:\/\/www.dattamagazine.com\/los-nuevos-terminos-que-instala-el-windows-10\/#primaryimage"},"image":{"@id":"https:\/\/www.dattamagazine.com\/los-nuevos-terminos-que-instala-el-windows-10\/#primaryimage"},"thumbnailUrl":"https:\/\/www.dattamagazine.com\/wp-content\/uploads\/2025\/05\/w-1.jpg","datePublished":"2025-05-08T00:11:47+00:00","dateModified":"2025-05-19T19:07:55+00:00","description":"Con la llegada del renovado sistema operativo se instalan flamantes conceptos en el segmento del software","breadcrumb":{"@id":"https:\/\/www.dattamagazine.com\/los-nuevos-terminos-que-instala-el-windows-10\/#breadcrumb"},"inLanguage":"en-US","potentialAction":[{"@type":"ReadAction","target":["https:\/\/www.dattamagazine.com\/los-nuevos-terminos-que-instala-el-windows-10\/"]}]},{"@type":"ImageObject","inLanguage":"en-US","@id":"https:\/\/www.dattamagazine.com\/los-nuevos-terminos-que-instala-el-windows-10\/#primaryimage","url":"https:\/\/www.dattamagazine.com\/wp-content\/uploads\/2025\/05\/w-1.jpg","contentUrl":"https:\/\/www.dattamagazine.com\/wp-content\/uploads\/2025\/05\/w-1.jpg","width":870,"height":370},{"@type":"BreadcrumbList","@id":"https:\/\/www.dattamagazine.com\/los-nuevos-terminos-que-instala-el-windows-10\/#breadcrumb","itemListElement":[{"@type":"ListItem","position":1,"name":"Home","item":"https:\/\/www.dattamagazine.com\/"},{"@type":"ListItem","position":2,"name":"Windows 10"}]},{"@type":"WebSite","@id":"https:\/\/www.dattamagazine.com\/#website","url":"https:\/\/www.dattamagazine.com\/","name":"Marketing Agency","description":"","publisher":{"@id":"https:\/\/www.dattamagazine.com\/#organization"},"potentialAction":[{"@type":"SearchAction","target":{"@type":"EntryPoint","urlTemplate":"https:\/\/www.dattamagazine.com\/?s={search_term_string}"},"query-input":{"@type":"PropertyValueSpecification","valueRequired":true,"valueName":"search_term_string"}}],"inLanguage":"en-US"},{"@type":"Organization","@id":"https:\/\/www.dattamagazine.com\/#organization","name":"Marketing Agency","url":"https:\/\/www.dattamagazine.com\/","logo":{"@type":"ImageObject","inLanguage":"en-US","@id":"https:\/\/www.dattamagazine.com\/#\/schema\/logo\/image\/","url":"https:\/\/www.dattamagazine.com\/wp-content\/uploads\/2025\/05\/logo-agency.png","contentUrl":"https:\/\/www.dattamagazine.com\/wp-content\/uploads\/2025\/05\/logo-agency.png","width":200,"height":200,"caption":"Marketing Agency"},"image":{"@id":"https:\/\/www.dattamagazine.com\/#\/schema\/logo\/image\/"}}]}},"_links":{"self":[{"href":"https:\/\/www.dattamagazine.com\/index.php\/wp-json\/wp\/v2\/pages\/137","targetHints":{"allow":["GET"]}}],"collection":[{"href":"https:\/\/www.dattamagazine.com\/index.php\/wp-json\/wp\/v2\/pages"}],"about":[{"href":"https:\/\/www.dattamagazine.com\/index.php\/wp-json\/wp\/v2\/types\/page"}],"author":[{"embeddable":true,"href":"https:\/\/www.dattamagazine.com\/index.php\/wp-json\/wp\/v2\/users\/1"}],"replies":[{"embeddable":true,"href":"https:\/\/www.dattamagazine.com\/index.php\/wp-json\/wp\/v2\/comments?post=137"}],"version-history":[{"count":2,"href":"https:\/\/www.dattamagazine.com\/index.php\/wp-json\/wp\/v2\/pages\/137\/revisions"}],"predecessor-version":[{"id":175,"href":"https:\/\/www.dattamagazine.com\/index.php\/wp-json\/wp\/v2\/pages\/137\/revisions\/175"}],"wp:attachment":[{"href":"https:\/\/www.dattamagazine.com\/index.php\/wp-json\/wp\/v2\/media?parent=137"}],"curies":[{"name":"wp","href":"https:\/\/api.w.org\/{rel}","templated":true}]}}