{"id":136,"date":"2025-05-08T00:03:09","date_gmt":"2025-05-08T00:03:09","guid":{"rendered":"https:\/\/www.dattamagazine.com\/?page_id=136"},"modified":"2025-05-19T19:07:32","modified_gmt":"2025-05-19T19:07:32","slug":"se-viene-la-quinta-generacion-de-redes","status":"publish","type":"page","link":"https:\/\/www.dattamagazine.com\/se-viene-la-quinta-generacion-de-redes\/","title":{"rendered":"Se viene la quinta generaci\u00f3n de redes"},"content":{"rendered":"\n<div class=\"wp-block-cover alignfull is-light\" style=\"min-height:600px;aspect-ratio:unset;\"><span aria-hidden=\"true\" class=\"wp-block-cover__background has-nv-light-bg-background-color has-background-dim-0 has-background-dim\"><\/span><div class=\"wp-block-cover__inner-container is-layout-flow wp-block-cover-is-layout-flow\">\n<div class=\"wp-block-group\"><div class=\"wp-block-group__inner-container is-layout-flow wp-block-group-is-layout-flow\">\n<div style=\"height:80px\" aria-hidden=\"true\" class=\"wp-block-spacer\"><\/div>\n\n\n\n<div class=\"wp-block-columns is-layout-flex wp-container-core-columns-is-layout-9d6595d7 wp-block-columns-is-layout-flex\">\n<div class=\"wp-block-column is-vertically-aligned-top has-neve-text-color-color has-text-color has-link-color wp-elements-8e620dc7b0c88b3b5c133cf6c2812686 is-layout-flow wp-block-column-is-layout-flow\" style=\"padding-right:var(--wp--preset--spacing--30);padding-left:var(--wp--preset--spacing--30);flex-basis:100%\">\n<div class=\"wp-block-cover is-light has-custom-content-position is-position-bottom-left has-border-color\" style=\"border-color:#333333;border-width:15px;min-height:430px;aspect-ratio:unset;\"><img loading=\"lazy\" decoding=\"async\" width=\"870\" height=\"370\" class=\"wp-block-cover__image-background wp-image-154 size-full\" alt=\"Se viene la quinta generaci\u00f3n de redes\" src=\"https:\/\/www.dattamagazine.com\/wp-content\/uploads\/2025\/05\/antena-1-1.jpg\" data-object-fit=\"cover\" srcset=\"https:\/\/www.dattamagazine.com\/wp-content\/uploads\/2025\/05\/antena-1-1.jpg 870w, https:\/\/www.dattamagazine.com\/wp-content\/uploads\/2025\/05\/antena-1-1-300x128.jpg 300w, https:\/\/www.dattamagazine.com\/wp-content\/uploads\/2025\/05\/antena-1-1-768x327.jpg 768w\" sizes=\"auto, (max-width: 870px) 100vw, 870px\" \/><span aria-hidden=\"true\" class=\"wp-block-cover__background has-background-dim-0 has-background-dim\" style=\"background-color:#618dc0\"><\/span><div class=\"wp-block-cover__inner-container is-layout-flow wp-block-cover-is-layout-flow\">\n<p class=\"has-text-align-center has-large-font-size\"><\/p>\n<\/div><\/div>\n\n\n\n<p><\/p>\n\n\n\n<h1 class=\"wp-block-heading has-neve-link-color-color has-text-color has-link-color has-large-font-size wp-elements-29774c990d474419e9e07b775de3f98d\" style=\"font-style:normal;font-weight:100\">Se viene la quinta generaci\u00f3n de redes<\/h1>\n\n\n\n<p><em><strong>Mientras que en muchos pa\u00edses reci\u00e9n se incorpora la red 4G para comunicaciones m\u00f3viles, en otras partes del mundo ya se habla de la venidera generaci\u00f3n, la 5G. Por el momento, especulan que estar\u00e1 a prueba una versi\u00f3n 4,5G \u00bfDe qu\u00e9 se trata?<\/strong><\/em><\/p>\n\n\n\n<p>A poco de cumplirse un a\u00f1o de que la red 4G LTE haya desembarcado en la Argentina y que con ello se cumpla el sue\u00f1o de conectar por este medio a casi toda latinoamerica, en el mundo ya se est\u00e1 hablando de una nueva red con otras particularidades.<\/p>\n\n\n\n<p>3G, 4G y 5G, mucho se est\u00e1 diciendo al respecto por todos lados. Las operadoras instalan torres para poner en funcionamiento esta red, los gobiernos hacen convenios para que se pueda utilizar esta conexi\u00f3n diez veces m\u00e1s veloz en la v\u00eda p\u00fablica y los consumidores van tras los dispositivos que prometen la vor\u00e1gine de la nueva era. Pero sin que cierre acaso un ciclo, se habla de algo m\u00e1s novedoso a\u00fan y con mayores beneficios. \u00bfPueden convivir todas estas redes?<\/p>\n\n\n\n<p>Dando por sentado que ya varias personas se est\u00e1n interiorizando en cu\u00e1les son las mejores que ofrece el 4G LTE, adem\u00e1s de la velocidad y qu\u00e9 tipo de telecomunicaciones optimiza, se puede entender que tanto el 3G, como 4G y 5G pueden convivir satisfactoriamente, y que si llega al mercado una nueva generaci\u00f3n es que se est\u00e1 descongestionando a la anterior y as\u00ed sucesivamente. Sin embargo, hemos dejado de hablar de las generaciones primeras (1G y 2G) y es porque las tecnolog\u00edas cambiaron rotundamente y los est\u00e1ndares ahora son otros. Si te pregunt\u00e1s si pasar\u00e1 eso con las actuales redes, pues la respuesta la encontraremos con el tiempo y no ahora justamente.<\/p>\n\n\n\n<h2 class=\"wp-block-heading has-neve-link-color-color has-text-color has-link-color wp-elements-606788f93ce616cb61fc7b2b3eb26822\">Del 4G al 5G, el 4,5<\/h2>\n\n\n\n<p>Argentina es uno de los \u00faltimos pa\u00edses latinoamericanos en incorporar la tecnolog\u00eda 4G m\u00f3vil y seg\u00fan el informe elevado por OpenSignal su despliegue es suficiente para el tiempo de vida que tiene (s\u00f3lo once meses) pero la prestaci\u00f3n del servicio est\u00e1 por debajo de la que brindan pa\u00edses vecinos como Brasil, Uruguay, Chile, Colombia y Per\u00fa.<\/p>\n\n\n\n<p>Al respecto, la gerente de Publicidad y Marca de Movistar, Raquel Haymes, dijo al diario Los Andes que hay que \u201cdestacar que OpenSignal compara el estado actual de la red en Argentina con el estado actual de redes en pa\u00edses que llevan mayor tiempo (algunos arrancaron en 2011). Ser\u00eda bueno saber c\u00f3mo era el servicio de 4G en esos lugares durante los primeros 10 u 11 meses\u201d.<\/p>\n\n\n\n<p>A\u00fan as\u00ed, ya son tres millones de usuarios los que utilizan la actual red 4G y los que al darse por enterados de que una nueva conectividad est\u00e1 en puerta se alarman pensando que hay que cambiar el chip del tel\u00e9fono, que el plan ser\u00e1 otro o que se validar\u00e1n aumentos indebidos en las cuotas mensuales. Pues no.<\/p>\n\n\n\n<p>Las numeraciones acompa\u00f1adas de la letra G son, en definitiva, nombres fantas\u00eda que reciben las distintas versiones de tecnolog\u00eda de banda ancha m\u00f3vil, ninguna reemplaza a la otra pero s\u00ed presenta mejoras distintas una de otra y se presenta en diferentes canales.<\/p>\n\n\n\n<p>En esta ocasi\u00f3n, Brasil estar\u00e1 estrenando la novedad en lo que va de diciembre y har\u00e1 las primeras comparaciones en el mercado latino con el funcionamiento de la anterior. Aseguran que hacia el 2020 un nuevo est\u00e1ndar llamado 5G estar\u00e1 listo como para dar conexi\u00f3n a Internet a los diferentes dispositivos m\u00f3viles.<\/p>\n\n\n\n<p>Pero como falta mucho para esa fecha, se est\u00e1 elaborando un nuevo e impensado est\u00e1ndar y es el 4,5G LTE Advanced Pro que permitir\u00e1 conexi\u00f3n de 20 megabytes por segundo, bastante por encima de los 12 megabytes de promedio que actualmente se manejan en el mundo para la cantidad de informaci\u00f3n que se carga y descarga en el uso de internet m\u00f3vil.<\/p>\n\n\n\n<p>Seg\u00fan se pudo saber, la tecnolog\u00eda 5G que se est\u00e1 gestando estar\u00eda destinada a mejorar la convivencia de las m\u00e1quinas inteligentes agrupadas en la Internet de las cosas, es decir, brindarles buena conectividad a todos aquellos dispositivos que ofrecen autonom\u00eda, de alguna manera, por medio de la conexi\u00f3n a internet.<\/p>\n\n\n\n<p>De cara a recibir cada vez m\u00e1s accesorios, terminales y equipos conectados, probablemente en menos de un a\u00f1o estemos plagados de millones y millones de datos dando vueltas por las nubes. Es necesario que, si acaso empiecen a funcionar las ciudades inteligentes, tambi\u00e9n estas tengan una red que les garantice la velocidad de transmisi\u00f3n de datos necesaria.<\/p>\n\n\n\n<p>Mientras tanto, la generaci\u00f3n 4,5 brindar\u00e1 una latencia menor de 10 milisegundos, un 30% m\u00e1s de ancho de banda y m\u00e1s interacci\u00f3n con WiFi. Lo positivo es que se piensa en que la infraestrucura que actualmente se utiliza para la conectividad 4G sea potable para instalar la nueva 5G.<\/p>\n\n\n\n<h2 class=\"wp-block-heading has-neve-link-color-color has-text-color has-link-color wp-elements-57a265ed4c307027f33e060ae6ff79bf\">\u00bfPara cu\u00e1ndo el 5G?<\/h2>\n\n\n\n<p>Las versiones auguran que hacia el 2020 estaremos conectados con la quinta generaci\u00f3n, sin medias tintas, y hasta se espera que sean los Juegos Ol\u00edmpicos de Tokio, el gran evento que inaugure todas las facultades de transmisi\u00f3n.<\/p>\n\n\n\n<p>Entre los beneficios que ser\u00e1n m\u00e1s visibles, los usuarios de la nueva tecnolog\u00eda podr\u00e1n apreciar pel\u00edculas por streaming de alta definici\u00f3n y se hasta se podr\u00e1n garantizar la realizaci\u00f3n de pr\u00e1cticas por telemedicina, algo as\u00ed como la realizaci\u00f3n de cirug\u00edas a distancia sin inconvenientes de latencia que pongan en riesgo una vida.<\/p>\n\n\n\n<p>El tr\u00e1fico de datos es un problema que suma cada vez m\u00e1s preocupaciones y que con la gestaci\u00f3n de un nuevo canal de conectividad se busca resolver. Ante un mundo en donde convivir\u00e1n unos 25 mil millones de dispositivos conectados, seg\u00fan informa la Uni\u00f3n Internacional de Telecomunicaciones, hay que construir lo necesario como para que tanta maquinaria siga siendo \u00fatil para la humanidad.<\/p>\n<\/div>\n<\/div>\n<\/div><\/div>\n<\/div><\/div>\n\n\n\n<div class=\"wp-block-cover alignfull\" style=\"min-height:300px;aspect-ratio:unset;\"><span aria-hidden=\"true\" class=\"wp-block-cover__background has-neve-text-color-background-color has-background-dim-100 has-background-dim\"><\/span><div class=\"wp-block-cover__inner-container is-layout-flow wp-block-cover-is-layout-flow\">\n<div style=\"height:40px\" aria-hidden=\"true\" class=\"wp-block-spacer\"><\/div>\n\n\n\n<figure class=\"wp-block-image size-full\"><img loading=\"lazy\" decoding=\"async\" width=\"522\" height=\"38\" src=\"https:\/\/www.dattamagazine.com\/wp-content\/uploads\/2025\/05\/logo-1.png\" alt=\"logo\" class=\"wp-image-70\" srcset=\"https:\/\/www.dattamagazine.com\/wp-content\/uploads\/2025\/05\/logo-1.png 522w, https:\/\/www.dattamagazine.com\/wp-content\/uploads\/2025\/05\/logo-1-300x22.png 300w\" sizes=\"auto, (max-width: 522px) 100vw, 522px\" \/><\/figure>\n\n\n\n<p>HERRAMIENTAS PARA USUARIOS E INSPIRACI\u00d3N PARA CREADORES<\/p>\n\n\n\n<p class=\"has-text-align-center\">Copyright \u00a92025 DattaMagazine.  All Rights Reserved.<\/p>\n<\/div><\/div>\n","protected":false},"excerpt":{"rendered":"","protected":false},"author":1,"featured_media":0,"parent":0,"menu_order":0,"comment_status":"closed","ping_status":"closed","template":"","meta":{"neve_meta_sidebar":"","neve_meta_container":"default","neve_meta_enable_content_width":"on","neve_meta_content_width":100,"neve_meta_title_alignment":"","neve_meta_author_avatar":"","neve_post_elements_order":"","neve_meta_disable_header":"","neve_meta_disable_footer":"on","neve_meta_disable_title":"on","footnotes":""},"class_list":["post-136","page","type-page","status-publish","hentry"],"yoast_head":"<!-- This site is optimized with the Yoast SEO plugin v25.0 - https:\/\/yoast.com\/wordpress\/plugins\/seo\/ -->\n<title>Se viene la quinta generaci\u00f3n de redes | DattaMagazine<\/title>\n<meta name=\"description\" content=\"Mientras que en muchos pa\u00edses reci\u00e9n se incorpora la red 4G para comunicaciones m\u00f3viles, en otras partes del mundo ya se habla de la venidera generaci\u00f3n\" \/>\n<meta name=\"robots\" content=\"index, follow, max-snippet:-1, max-image-preview:large, max-video-preview:-1\" \/>\n<link rel=\"canonical\" href=\"https:\/\/www.dattamagazine.com\/se-viene-la-quinta-generacion-de-redes\/\" \/>\n<meta property=\"og:locale\" content=\"en_US\" \/>\n<meta property=\"og:type\" content=\"article\" \/>\n<meta property=\"og:title\" content=\"Se viene la quinta generaci\u00f3n de redes | DattaMagazine\" \/>\n<meta property=\"og:description\" content=\"Mientras que en muchos pa\u00edses reci\u00e9n se incorpora la red 4G para comunicaciones m\u00f3viles, en otras partes del mundo ya se habla de la venidera generaci\u00f3n\" \/>\n<meta property=\"og:url\" content=\"https:\/\/www.dattamagazine.com\/se-viene-la-quinta-generacion-de-redes\/\" \/>\n<meta property=\"og:site_name\" content=\"Marketing Agency\" \/>\n<meta property=\"article:modified_time\" content=\"2025-05-19T19:07:32+00:00\" \/>\n<meta property=\"og:image\" content=\"https:\/\/www.dattamagazine.com\/wp-content\/uploads\/2025\/05\/antena-1-1.jpg\" \/>\n<meta name=\"twitter:card\" content=\"summary_large_image\" \/>\n<meta name=\"twitter:label1\" content=\"Est. reading time\" \/>\n\t<meta name=\"twitter:data1\" content=\"5 minutes\" \/>\n<script type=\"application\/ld+json\" class=\"yoast-schema-graph\">{\"@context\":\"https:\/\/schema.org\",\"@graph\":[{\"@type\":\"WebPage\",\"@id\":\"https:\/\/www.dattamagazine.com\/se-viene-la-quinta-generacion-de-redes\/\",\"url\":\"https:\/\/www.dattamagazine.com\/se-viene-la-quinta-generacion-de-redes\/\",\"name\":\"Se viene la quinta generaci\u00f3n de redes | DattaMagazine\",\"isPartOf\":{\"@id\":\"https:\/\/www.dattamagazine.com\/#website\"},\"primaryImageOfPage\":{\"@id\":\"https:\/\/www.dattamagazine.com\/se-viene-la-quinta-generacion-de-redes\/#primaryimage\"},\"image\":{\"@id\":\"https:\/\/www.dattamagazine.com\/se-viene-la-quinta-generacion-de-redes\/#primaryimage\"},\"thumbnailUrl\":\"https:\/\/www.dattamagazine.com\/wp-content\/uploads\/2025\/05\/antena-1-1.jpg\",\"datePublished\":\"2025-05-08T00:03:09+00:00\",\"dateModified\":\"2025-05-19T19:07:32+00:00\",\"description\":\"Mientras que en muchos pa\u00edses reci\u00e9n se incorpora la red 4G para comunicaciones m\u00f3viles, en otras partes del mundo ya se habla de la venidera generaci\u00f3n\",\"breadcrumb\":{\"@id\":\"https:\/\/www.dattamagazine.com\/se-viene-la-quinta-generacion-de-redes\/#breadcrumb\"},\"inLanguage\":\"en-US\",\"potentialAction\":[{\"@type\":\"ReadAction\",\"target\":[\"https:\/\/www.dattamagazine.com\/se-viene-la-quinta-generacion-de-redes\/\"]}]},{\"@type\":\"ImageObject\",\"inLanguage\":\"en-US\",\"@id\":\"https:\/\/www.dattamagazine.com\/se-viene-la-quinta-generacion-de-redes\/#primaryimage\",\"url\":\"https:\/\/www.dattamagazine.com\/wp-content\/uploads\/2025\/05\/antena-1-1.jpg\",\"contentUrl\":\"https:\/\/www.dattamagazine.com\/wp-content\/uploads\/2025\/05\/antena-1-1.jpg\",\"width\":870,\"height\":370},{\"@type\":\"BreadcrumbList\",\"@id\":\"https:\/\/www.dattamagazine.com\/se-viene-la-quinta-generacion-de-redes\/#breadcrumb\",\"itemListElement\":[{\"@type\":\"ListItem\",\"position\":1,\"name\":\"Home\",\"item\":\"https:\/\/www.dattamagazine.com\/\"},{\"@type\":\"ListItem\",\"position\":2,\"name\":\"Se viene la quinta generaci\u00f3n de redes\"}]},{\"@type\":\"WebSite\",\"@id\":\"https:\/\/www.dattamagazine.com\/#website\",\"url\":\"https:\/\/www.dattamagazine.com\/\",\"name\":\"Marketing Agency\",\"description\":\"\",\"publisher\":{\"@id\":\"https:\/\/www.dattamagazine.com\/#organization\"},\"potentialAction\":[{\"@type\":\"SearchAction\",\"target\":{\"@type\":\"EntryPoint\",\"urlTemplate\":\"https:\/\/www.dattamagazine.com\/?s={search_term_string}\"},\"query-input\":{\"@type\":\"PropertyValueSpecification\",\"valueRequired\":true,\"valueName\":\"search_term_string\"}}],\"inLanguage\":\"en-US\"},{\"@type\":\"Organization\",\"@id\":\"https:\/\/www.dattamagazine.com\/#organization\",\"name\":\"Marketing Agency\",\"url\":\"https:\/\/www.dattamagazine.com\/\",\"logo\":{\"@type\":\"ImageObject\",\"inLanguage\":\"en-US\",\"@id\":\"https:\/\/www.dattamagazine.com\/#\/schema\/logo\/image\/\",\"url\":\"https:\/\/www.dattamagazine.com\/wp-content\/uploads\/2025\/05\/logo-agency.png\",\"contentUrl\":\"https:\/\/www.dattamagazine.com\/wp-content\/uploads\/2025\/05\/logo-agency.png\",\"width\":200,\"height\":200,\"caption\":\"Marketing Agency\"},\"image\":{\"@id\":\"https:\/\/www.dattamagazine.com\/#\/schema\/logo\/image\/\"}}]}<\/script>\n<!-- \/ Yoast SEO plugin. -->","yoast_head_json":{"title":"Se viene la quinta generaci\u00f3n de redes | DattaMagazine","description":"Mientras que en muchos pa\u00edses reci\u00e9n se incorpora la red 4G para comunicaciones m\u00f3viles, en otras partes del mundo ya se habla de la venidera generaci\u00f3n","robots":{"index":"index","follow":"follow","max-snippet":"max-snippet:-1","max-image-preview":"max-image-preview:large","max-video-preview":"max-video-preview:-1"},"canonical":"https:\/\/www.dattamagazine.com\/se-viene-la-quinta-generacion-de-redes\/","og_locale":"en_US","og_type":"article","og_title":"Se viene la quinta generaci\u00f3n de redes | DattaMagazine","og_description":"Mientras que en muchos pa\u00edses reci\u00e9n se incorpora la red 4G para comunicaciones m\u00f3viles, en otras partes del mundo ya se habla de la venidera generaci\u00f3n","og_url":"https:\/\/www.dattamagazine.com\/se-viene-la-quinta-generacion-de-redes\/","og_site_name":"Marketing Agency","article_modified_time":"2025-05-19T19:07:32+00:00","og_image":[{"url":"https:\/\/www.dattamagazine.com\/wp-content\/uploads\/2025\/05\/antena-1-1.jpg","type":"","width":"","height":""}],"twitter_card":"summary_large_image","twitter_misc":{"Est. reading time":"5 minutes"},"schema":{"@context":"https:\/\/schema.org","@graph":[{"@type":"WebPage","@id":"https:\/\/www.dattamagazine.com\/se-viene-la-quinta-generacion-de-redes\/","url":"https:\/\/www.dattamagazine.com\/se-viene-la-quinta-generacion-de-redes\/","name":"Se viene la quinta generaci\u00f3n de redes | DattaMagazine","isPartOf":{"@id":"https:\/\/www.dattamagazine.com\/#website"},"primaryImageOfPage":{"@id":"https:\/\/www.dattamagazine.com\/se-viene-la-quinta-generacion-de-redes\/#primaryimage"},"image":{"@id":"https:\/\/www.dattamagazine.com\/se-viene-la-quinta-generacion-de-redes\/#primaryimage"},"thumbnailUrl":"https:\/\/www.dattamagazine.com\/wp-content\/uploads\/2025\/05\/antena-1-1.jpg","datePublished":"2025-05-08T00:03:09+00:00","dateModified":"2025-05-19T19:07:32+00:00","description":"Mientras que en muchos pa\u00edses reci\u00e9n se incorpora la red 4G para comunicaciones m\u00f3viles, en otras partes del mundo ya se habla de la venidera generaci\u00f3n","breadcrumb":{"@id":"https:\/\/www.dattamagazine.com\/se-viene-la-quinta-generacion-de-redes\/#breadcrumb"},"inLanguage":"en-US","potentialAction":[{"@type":"ReadAction","target":["https:\/\/www.dattamagazine.com\/se-viene-la-quinta-generacion-de-redes\/"]}]},{"@type":"ImageObject","inLanguage":"en-US","@id":"https:\/\/www.dattamagazine.com\/se-viene-la-quinta-generacion-de-redes\/#primaryimage","url":"https:\/\/www.dattamagazine.com\/wp-content\/uploads\/2025\/05\/antena-1-1.jpg","contentUrl":"https:\/\/www.dattamagazine.com\/wp-content\/uploads\/2025\/05\/antena-1-1.jpg","width":870,"height":370},{"@type":"BreadcrumbList","@id":"https:\/\/www.dattamagazine.com\/se-viene-la-quinta-generacion-de-redes\/#breadcrumb","itemListElement":[{"@type":"ListItem","position":1,"name":"Home","item":"https:\/\/www.dattamagazine.com\/"},{"@type":"ListItem","position":2,"name":"Se viene la quinta generaci\u00f3n de redes"}]},{"@type":"WebSite","@id":"https:\/\/www.dattamagazine.com\/#website","url":"https:\/\/www.dattamagazine.com\/","name":"Marketing Agency","description":"","publisher":{"@id":"https:\/\/www.dattamagazine.com\/#organization"},"potentialAction":[{"@type":"SearchAction","target":{"@type":"EntryPoint","urlTemplate":"https:\/\/www.dattamagazine.com\/?s={search_term_string}"},"query-input":{"@type":"PropertyValueSpecification","valueRequired":true,"valueName":"search_term_string"}}],"inLanguage":"en-US"},{"@type":"Organization","@id":"https:\/\/www.dattamagazine.com\/#organization","name":"Marketing Agency","url":"https:\/\/www.dattamagazine.com\/","logo":{"@type":"ImageObject","inLanguage":"en-US","@id":"https:\/\/www.dattamagazine.com\/#\/schema\/logo\/image\/","url":"https:\/\/www.dattamagazine.com\/wp-content\/uploads\/2025\/05\/logo-agency.png","contentUrl":"https:\/\/www.dattamagazine.com\/wp-content\/uploads\/2025\/05\/logo-agency.png","width":200,"height":200,"caption":"Marketing Agency"},"image":{"@id":"https:\/\/www.dattamagazine.com\/#\/schema\/logo\/image\/"}}]}},"_links":{"self":[{"href":"https:\/\/www.dattamagazine.com\/index.php\/wp-json\/wp\/v2\/pages\/136","targetHints":{"allow":["GET"]}}],"collection":[{"href":"https:\/\/www.dattamagazine.com\/index.php\/wp-json\/wp\/v2\/pages"}],"about":[{"href":"https:\/\/www.dattamagazine.com\/index.php\/wp-json\/wp\/v2\/types\/page"}],"author":[{"embeddable":true,"href":"https:\/\/www.dattamagazine.com\/index.php\/wp-json\/wp\/v2\/users\/1"}],"replies":[{"embeddable":true,"href":"https:\/\/www.dattamagazine.com\/index.php\/wp-json\/wp\/v2\/comments?post=136"}],"version-history":[{"count":3,"href":"https:\/\/www.dattamagazine.com\/index.php\/wp-json\/wp\/v2\/pages\/136\/revisions"}],"predecessor-version":[{"id":157,"href":"https:\/\/www.dattamagazine.com\/index.php\/wp-json\/wp\/v2\/pages\/136\/revisions\/157"}],"wp:attachment":[{"href":"https:\/\/www.dattamagazine.com\/index.php\/wp-json\/wp\/v2\/media?parent=136"}],"curies":[{"name":"wp","href":"https:\/\/api.w.org\/{rel}","templated":true}]}}