{"id":135,"date":"2025-05-08T00:01:40","date_gmt":"2025-05-08T00:01:40","guid":{"rendered":"https:\/\/www.dattamagazine.com\/?page_id=135"},"modified":"2025-05-19T19:07:50","modified_gmt":"2025-05-19T19:07:50","slug":"tecnicas-para-hablar","status":"publish","type":"page","link":"https:\/\/www.dattamagazine.com\/tecnicas-para-hablar-en-publico-de-manera-locuaz-y-exitosa\/","title":{"rendered":"T\u00e9cnicas para hablar"},"content":{"rendered":"\n<div class=\"wp-block-cover alignfull is-light\" style=\"min-height:600px;aspect-ratio:unset;\"><span aria-hidden=\"true\" class=\"wp-block-cover__background has-nv-light-bg-background-color has-background-dim-0 has-background-dim\"><\/span><div class=\"wp-block-cover__inner-container is-layout-flow wp-block-cover-is-layout-flow\">\n<div class=\"wp-block-group\"><div class=\"wp-block-group__inner-container is-layout-flow wp-block-group-is-layout-flow\">\n<div style=\"height:80px\" aria-hidden=\"true\" class=\"wp-block-spacer\"><\/div>\n\n\n\n<div class=\"wp-block-columns is-layout-flex wp-container-core-columns-is-layout-9d6595d7 wp-block-columns-is-layout-flex\">\n<div class=\"wp-block-column is-vertically-aligned-top has-neve-text-color-color has-text-color has-link-color wp-elements-5005208363655528db823d2c10fdaee5 is-layout-flow wp-block-column-is-layout-flow\" style=\"padding-right:var(--wp--preset--spacing--30);padding-left:var(--wp--preset--spacing--30);flex-basis:100%\">\n<div class=\"wp-block-cover has-custom-content-position is-position-bottom-left has-border-color\" style=\"border-color:#333333;border-width:15px;min-height:430px;aspect-ratio:unset;\"><img loading=\"lazy\" decoding=\"async\" width=\"870\" height=\"370\" class=\"wp-block-cover__image-background wp-image-150 size-full\" alt=\"T\u00e9cnicas para hablar\" src=\"https:\/\/www.dattamagazine.com\/wp-content\/uploads\/2025\/05\/publico-1.jpg\" data-object-fit=\"cover\" srcset=\"https:\/\/www.dattamagazine.com\/wp-content\/uploads\/2025\/05\/publico-1.jpg 870w, https:\/\/www.dattamagazine.com\/wp-content\/uploads\/2025\/05\/publico-1-300x128.jpg 300w, https:\/\/www.dattamagazine.com\/wp-content\/uploads\/2025\/05\/publico-1-768x327.jpg 768w\" sizes=\"auto, (max-width: 870px) 100vw, 870px\" \/><span aria-hidden=\"true\" class=\"wp-block-cover__background has-background-dim-0 has-background-dim\" style=\"background-color:#856965\"><\/span><div class=\"wp-block-cover__inner-container is-layout-flow wp-block-cover-is-layout-flow\">\n<p class=\"has-text-align-center has-large-font-size\"><\/p>\n<\/div><\/div>\n\n\n\n<p><\/p>\n\n\n\n<h1 class=\"wp-block-heading has-neve-link-color-color has-text-color has-link-color has-large-font-size wp-elements-cbc811f05d4220a3a126777c803bcfe6\" style=\"font-style:normal;font-weight:100\">T\u00e9cnicas para hablar en p\u00fablico de manera locuaz y exitosa<\/h1>\n\n\n\n<p>En los tiempos que corren, muchos contactos interpersonales y empresariales se estilan hacer por escrito debido a la rapidez e instantaneidad que generan los nuevos medios de comunicaci\u00f3n sumados a los ya existentes como email comerciales o sesiones de chat breves por skype .<\/p>\n\n\n\n<p>De hecho, no s\u00f3lo las relaciones laborales se est\u00e1n volcando cada vez m\u00e1s a una reducci\u00f3n de caracteres y una conversaci\u00f3n m\u00ednima pero efectiva y muchas veces simult\u00e1nea con diferentes contactos, sino que tambi\u00e9n ocurre a nivel personal cuando se entablan charlas con los amigos, pareja o hasta familiares. El lenguaje escrito est\u00e1 liderando los diversos canales comunicacionales con todos los pros y contras que consigo traen aparejado.<\/p>\n\n\n\n<p>Pero por m\u00e1s uso o abuso que se le pueda dar a la palabra escrita, hay ocasiones en que es indispensable un encuentro presencial frente a una audiencia determinada, y es precisamente ah\u00ed mismo donde todo el tiempo invertido en pos de un objetivo puede jugarnos a favor o completamente en contra.<\/p>\n\n\n\n<p>Una entrevista laboral, la presentaci\u00f3n de una idea ante una junta directiva o miembros de un equipo de trabajo, un encuentro con futuros inversores o dictar una conferencia en donde puedas exponer toda tu capacidad y conocimiento requieren de ciertas t\u00e9cnicas claves que impulsen y den sentido a tu speach en el rumbo que quieras direccionarlo.<\/p>\n\n\n\n<p>Los antiguos griegos denominaban ret\u00f3rica al arte de utilizar las palabras de forma correcta con el fin de persuadir a los destinatarios de una idea determinada mediante las diferentes habilidades discursivas.<\/p>\n\n\n\n<p>Un discurso bien elaborado requiere de un riguroso proceso para su construcci\u00f3n y de la capacidad del emisor de poder transmitir y plasmar a los destinatarios el objetivo a cumplir con un lenguaje corporal adecuado, un ritmo ameno y la credibilidad en las fundamentaciones de la exposici\u00f3n.<\/p>\n\n\n\n<h2 class=\"wp-block-heading has-neve-link-color-color has-text-color has-link-color wp-elements-4d960c3857202e47ca18f0e5dc35d62a\">T\u00e9cnicas claves para exponer en p\u00fablico .<\/h2>\n\n\n\n<h3 class=\"wp-block-heading\">Elaboraci\u00f3n de la estructura del discurso<\/h3>\n\n\n\n<p>Pongamos un ejemplo simple. Supongamos que tu jefe te ha enviado de viaje a dar una conferencia frente a una audiencia de 200 \u00f3 300 personas donde tienes que disertar sobre un tema que manejas a la perfecci\u00f3n. Pero como es sabido, conocer sobre un tema y saber comunic\u00e1rselo a otros es completamente diferente.<\/p>\n\n\n\n<p>Es por ello que antes de entrar en p\u00e1nico o pensar que un colega est\u00e1 en mejores condiciones para hacerlo es momento de plantearse la posibilidad de adquirir y cultivar la pr\u00e1ctica de hablar en p\u00fablico de manera exitosa.<\/p>\n\n\n\n<p>En cualquier tipo de \u00e1mbito en el que necesites desenvolverte oralmente es fundamental que armes previamente una estructura de lo que tienes para contar, y el porqu\u00e9 es importante lo que tienes para decir para el receptor de tu mensaje.<\/p>\n\n\n\n<p>Confeccionar mentalmente un orden, y establecer el inicio, desarrollo y cierre de la exposici\u00f3n ser\u00e1n tus pilares de apoyo en donde podr\u00e1s cimentar tu discurso y llevarlo a cabo de la mejor manera.<\/p>\n\n\n\n<p>En la introducci\u00f3n, m\u00e1s all\u00e1 de presentarte y relatar brevemente tus conocimientos, es importante que plant\u00e9es en forma de sinopsis o logline el prop\u00f3sito de tu exposici\u00f3n y el valor que le dar\u00e1s a tu audiencia con la misma.<\/p>\n\n\n\n<p>Sin muchos pre\u00e1mbulos, las primeras palabras de apertura deben llamar la atenci\u00f3n, y atraer e interesar a personas que no parar\u00e1n de revisar sus smartphones, relojear los movimientos circundantes y charlar m\u00ednimamente entre ellas. Por lo tanto comienza con frases en\u00e9rgicas y que inviten a una escucha atenta.<\/p>\n\n\n\n<p>Es en el desarrollo donde se encuentra el quid de la cuesti\u00f3n. Aqu\u00ed lo que se debe hacer es dar argumentos y fundamentaciones reales de la primera idea expuesta en la introducci\u00f3n. Casos de \u00e9xito, estad\u00edsticas positivas, o aval de los clientes son algunos de los datos que pueden generar credibilidad y que apoyar\u00e1n la veracidad de tu discurso .<\/p>\n\n\n\n<p>Ya en el cierre, y habiendo trascurrido un buen tiempo de interlocutor con la audiencia, es importante dar por terminada la exposici\u00f3n con frases convincentes y evocando planes futuros o nuevas propuestas.<\/p>\n\n\n\n<h2 class=\"wp-block-heading has-neve-link-color-color has-text-color has-link-color wp-elements-12d99fec10745a29e49a8583e9affe5d\">Manejar la expresi\u00f3n corporal, dicci\u00f3n y seguridad<\/h2>\n\n\n\n<p>Con un discurso bien estructurado tenemos el 40% de nuestro cometido en acci\u00f3n, pero de nada servir\u00e1 si la actitud del emisor frente al p\u00fablico expresa emociones y sensaciones negativas. Es por ello que para que una exposici\u00f3n sea exitosa hay que acompa\u00f1ar las palabras con una pose corporal adecuada, es decir bien plantados, gesticulando lo necesario y haciendo contacto visual con los diferentes miembros de la audiencia.&nbsp;El torso relajado y el andar tranquilo dan \u00e9nfasis y poder al discurso.<\/p>\n\n\n\n<p>El tono de voz es de suma importancia, ya que tiene la misi\u00f3n de atraer y complacer a los interlocutores. Una voz clara, c\u00e1lida y firme contribuye a crear una sinergia positiva y empat\u00eda con la platea.<\/p>\n\n\n\n<p>En el plano psicol\u00f3gico, la confianza y determinaci\u00f3n con que se hable sin lugar a dudas ser\u00e1 la estocada que realmente har\u00e1 que un discurso se convierta en un \u00e9xito y por ende. que el objetivo sea cumplido con creces.<\/p>\n\n\n\n<p>Para IEX Argentina , la primera escuela de inteligencia emocional en el pa\u00eds , explican que todos los seres humanos, a\u00fan aquellos que presentan p\u00e1nico esc\u00e9nico o miedo a hablar en p\u00fablico, tienen la capacidad de educar sus emociones para expresar lo que realmente se quiere trasmitir de la mejor manera posible.<\/p>\n\n\n\n<h2 class=\"wp-block-heading has-neve-link-color-color has-text-color has-link-color wp-elements-a3731ed2b13474877c68d94dcc08037e\">Crear un clima y ritmo din\u00e1mico y agradable<\/h2>\n\n\n\n<p>Ni muy r\u00e1pido, ni tan lento que invite a una siesta.&nbsp;As\u00ed debe ser el ritmo de cualquier tipo de conversaci\u00f3n o exposici\u00f3n oral.&nbsp;Un chiste, una pregunta ret\u00f3rica, o una pausa usada con inteligencia le otorgar\u00e1n al discurso los matices que crear\u00e1n un clima din\u00e1mico, \u00e1gil y ameno.<\/p>\n<\/div>\n<\/div>\n<\/div><\/div>\n<\/div><\/div>\n\n\n\n<div class=\"wp-block-cover alignfull\" style=\"min-height:300px;aspect-ratio:unset;\"><span aria-hidden=\"true\" class=\"wp-block-cover__background has-neve-text-color-background-color has-background-dim-100 has-background-dim\"><\/span><div class=\"wp-block-cover__inner-container is-layout-flow wp-block-cover-is-layout-flow\">\n<div style=\"height:40px\" aria-hidden=\"true\" class=\"wp-block-spacer\"><\/div>\n\n\n\n<figure class=\"wp-block-image size-full\"><img loading=\"lazy\" decoding=\"async\" width=\"522\" height=\"38\" src=\"https:\/\/www.dattamagazine.com\/wp-content\/uploads\/2025\/05\/logo-1.png\" alt=\"logo\" class=\"wp-image-70\" srcset=\"https:\/\/www.dattamagazine.com\/wp-content\/uploads\/2025\/05\/logo-1.png 522w, https:\/\/www.dattamagazine.com\/wp-content\/uploads\/2025\/05\/logo-1-300x22.png 300w\" sizes=\"auto, (max-width: 522px) 100vw, 522px\" \/><\/figure>\n\n\n\n<p>HERRAMIENTAS PARA USUARIOS E INSPIRACI\u00d3N PARA CREADORES<\/p>\n\n\n\n<p class=\"has-text-align-center\">Copyright \u00a92025 DattaMagazine.  All Rights Reserved.<\/p>\n<\/div><\/div>\n","protected":false},"excerpt":{"rendered":"","protected":false},"author":1,"featured_media":0,"parent":0,"menu_order":0,"comment_status":"closed","ping_status":"closed","template":"","meta":{"neve_meta_sidebar":"","neve_meta_container":"default","neve_meta_enable_content_width":"on","neve_meta_content_width":100,"neve_meta_title_alignment":"","neve_meta_author_avatar":"","neve_post_elements_order":"","neve_meta_disable_header":"","neve_meta_disable_footer":"on","neve_meta_disable_title":"on","footnotes":""},"class_list":["post-135","page","type-page","status-publish","hentry"],"yoast_head":"<!-- This site is optimized with the Yoast SEO plugin v25.0 - https:\/\/yoast.com\/wordpress\/plugins\/seo\/ -->\n<title>T\u00e9cnicas para hablar en p\u00fablico de manera locuaz y exitosa | DattaMagazine<\/title>\n<meta name=\"description\" content=\"En los tiempos que corren, muchos contactos interpersonales y empresariales se estilan hacer por escrito debido a la rapidez e instantaneidad\" \/>\n<meta name=\"robots\" content=\"index, follow, max-snippet:-1, max-image-preview:large, max-video-preview:-1\" \/>\n<link rel=\"canonical\" href=\"https:\/\/www.dattamagazine.com\/tecnicas-para-hablar-en-publico-de-manera-locuaz-y-exitosa\/\" \/>\n<meta property=\"og:locale\" content=\"en_US\" \/>\n<meta property=\"og:type\" content=\"article\" \/>\n<meta property=\"og:title\" content=\"T\u00e9cnicas para hablar en p\u00fablico de manera locuaz y exitosa | DattaMagazine\" \/>\n<meta property=\"og:description\" content=\"En los tiempos que corren, muchos contactos interpersonales y empresariales se estilan hacer por escrito debido a la rapidez e instantaneidad\" \/>\n<meta property=\"og:url\" content=\"https:\/\/www.dattamagazine.com\/tecnicas-para-hablar-en-publico-de-manera-locuaz-y-exitosa\/\" \/>\n<meta property=\"og:site_name\" content=\"Marketing Agency\" \/>\n<meta property=\"article:modified_time\" content=\"2025-05-19T19:07:50+00:00\" \/>\n<meta property=\"og:image\" content=\"https:\/\/www.dattamagazine.com\/wp-content\/uploads\/2025\/05\/publico-1.jpg\" \/>\n<meta name=\"twitter:card\" content=\"summary_large_image\" \/>\n<meta name=\"twitter:label1\" content=\"Est. reading time\" \/>\n\t<meta name=\"twitter:data1\" content=\"5 minutes\" \/>\n<script type=\"application\/ld+json\" class=\"yoast-schema-graph\">{\"@context\":\"https:\/\/schema.org\",\"@graph\":[{\"@type\":\"WebPage\",\"@id\":\"https:\/\/www.dattamagazine.com\/tecnicas-para-hablar-en-publico-de-manera-locuaz-y-exitosa\/\",\"url\":\"https:\/\/www.dattamagazine.com\/tecnicas-para-hablar-en-publico-de-manera-locuaz-y-exitosa\/\",\"name\":\"T\u00e9cnicas para hablar en p\u00fablico de manera locuaz y exitosa | DattaMagazine\",\"isPartOf\":{\"@id\":\"https:\/\/www.dattamagazine.com\/#website\"},\"primaryImageOfPage\":{\"@id\":\"https:\/\/www.dattamagazine.com\/tecnicas-para-hablar-en-publico-de-manera-locuaz-y-exitosa\/#primaryimage\"},\"image\":{\"@id\":\"https:\/\/www.dattamagazine.com\/tecnicas-para-hablar-en-publico-de-manera-locuaz-y-exitosa\/#primaryimage\"},\"thumbnailUrl\":\"https:\/\/www.dattamagazine.com\/wp-content\/uploads\/2025\/05\/publico-1.jpg\",\"datePublished\":\"2025-05-08T00:01:40+00:00\",\"dateModified\":\"2025-05-19T19:07:50+00:00\",\"description\":\"En los tiempos que corren, muchos contactos interpersonales y empresariales se estilan hacer por escrito debido a la rapidez e instantaneidad\",\"breadcrumb\":{\"@id\":\"https:\/\/www.dattamagazine.com\/tecnicas-para-hablar-en-publico-de-manera-locuaz-y-exitosa\/#breadcrumb\"},\"inLanguage\":\"en-US\",\"potentialAction\":[{\"@type\":\"ReadAction\",\"target\":[\"https:\/\/www.dattamagazine.com\/tecnicas-para-hablar-en-publico-de-manera-locuaz-y-exitosa\/\"]}]},{\"@type\":\"ImageObject\",\"inLanguage\":\"en-US\",\"@id\":\"https:\/\/www.dattamagazine.com\/tecnicas-para-hablar-en-publico-de-manera-locuaz-y-exitosa\/#primaryimage\",\"url\":\"https:\/\/www.dattamagazine.com\/wp-content\/uploads\/2025\/05\/publico-1.jpg\",\"contentUrl\":\"https:\/\/www.dattamagazine.com\/wp-content\/uploads\/2025\/05\/publico-1.jpg\",\"width\":870,\"height\":370},{\"@type\":\"BreadcrumbList\",\"@id\":\"https:\/\/www.dattamagazine.com\/tecnicas-para-hablar-en-publico-de-manera-locuaz-y-exitosa\/#breadcrumb\",\"itemListElement\":[{\"@type\":\"ListItem\",\"position\":1,\"name\":\"Home\",\"item\":\"https:\/\/www.dattamagazine.com\/\"},{\"@type\":\"ListItem\",\"position\":2,\"name\":\"T\u00e9cnicas para hablar\"}]},{\"@type\":\"WebSite\",\"@id\":\"https:\/\/www.dattamagazine.com\/#website\",\"url\":\"https:\/\/www.dattamagazine.com\/\",\"name\":\"Marketing Agency\",\"description\":\"\",\"publisher\":{\"@id\":\"https:\/\/www.dattamagazine.com\/#organization\"},\"potentialAction\":[{\"@type\":\"SearchAction\",\"target\":{\"@type\":\"EntryPoint\",\"urlTemplate\":\"https:\/\/www.dattamagazine.com\/?s={search_term_string}\"},\"query-input\":{\"@type\":\"PropertyValueSpecification\",\"valueRequired\":true,\"valueName\":\"search_term_string\"}}],\"inLanguage\":\"en-US\"},{\"@type\":\"Organization\",\"@id\":\"https:\/\/www.dattamagazine.com\/#organization\",\"name\":\"Marketing Agency\",\"url\":\"https:\/\/www.dattamagazine.com\/\",\"logo\":{\"@type\":\"ImageObject\",\"inLanguage\":\"en-US\",\"@id\":\"https:\/\/www.dattamagazine.com\/#\/schema\/logo\/image\/\",\"url\":\"https:\/\/www.dattamagazine.com\/wp-content\/uploads\/2025\/05\/logo-agency.png\",\"contentUrl\":\"https:\/\/www.dattamagazine.com\/wp-content\/uploads\/2025\/05\/logo-agency.png\",\"width\":200,\"height\":200,\"caption\":\"Marketing Agency\"},\"image\":{\"@id\":\"https:\/\/www.dattamagazine.com\/#\/schema\/logo\/image\/\"}}]}<\/script>\n<!-- \/ Yoast SEO plugin. -->","yoast_head_json":{"title":"T\u00e9cnicas para hablar en p\u00fablico de manera locuaz y exitosa | DattaMagazine","description":"En los tiempos que corren, muchos contactos interpersonales y empresariales se estilan hacer por escrito debido a la rapidez e instantaneidad","robots":{"index":"index","follow":"follow","max-snippet":"max-snippet:-1","max-image-preview":"max-image-preview:large","max-video-preview":"max-video-preview:-1"},"canonical":"https:\/\/www.dattamagazine.com\/tecnicas-para-hablar-en-publico-de-manera-locuaz-y-exitosa\/","og_locale":"en_US","og_type":"article","og_title":"T\u00e9cnicas para hablar en p\u00fablico de manera locuaz y exitosa | DattaMagazine","og_description":"En los tiempos que corren, muchos contactos interpersonales y empresariales se estilan hacer por escrito debido a la rapidez e instantaneidad","og_url":"https:\/\/www.dattamagazine.com\/tecnicas-para-hablar-en-publico-de-manera-locuaz-y-exitosa\/","og_site_name":"Marketing Agency","article_modified_time":"2025-05-19T19:07:50+00:00","og_image":[{"url":"https:\/\/www.dattamagazine.com\/wp-content\/uploads\/2025\/05\/publico-1.jpg","type":"","width":"","height":""}],"twitter_card":"summary_large_image","twitter_misc":{"Est. reading time":"5 minutes"},"schema":{"@context":"https:\/\/schema.org","@graph":[{"@type":"WebPage","@id":"https:\/\/www.dattamagazine.com\/tecnicas-para-hablar-en-publico-de-manera-locuaz-y-exitosa\/","url":"https:\/\/www.dattamagazine.com\/tecnicas-para-hablar-en-publico-de-manera-locuaz-y-exitosa\/","name":"T\u00e9cnicas para hablar en p\u00fablico de manera locuaz y exitosa | DattaMagazine","isPartOf":{"@id":"https:\/\/www.dattamagazine.com\/#website"},"primaryImageOfPage":{"@id":"https:\/\/www.dattamagazine.com\/tecnicas-para-hablar-en-publico-de-manera-locuaz-y-exitosa\/#primaryimage"},"image":{"@id":"https:\/\/www.dattamagazine.com\/tecnicas-para-hablar-en-publico-de-manera-locuaz-y-exitosa\/#primaryimage"},"thumbnailUrl":"https:\/\/www.dattamagazine.com\/wp-content\/uploads\/2025\/05\/publico-1.jpg","datePublished":"2025-05-08T00:01:40+00:00","dateModified":"2025-05-19T19:07:50+00:00","description":"En los tiempos que corren, muchos contactos interpersonales y empresariales se estilan hacer por escrito debido a la rapidez e instantaneidad","breadcrumb":{"@id":"https:\/\/www.dattamagazine.com\/tecnicas-para-hablar-en-publico-de-manera-locuaz-y-exitosa\/#breadcrumb"},"inLanguage":"en-US","potentialAction":[{"@type":"ReadAction","target":["https:\/\/www.dattamagazine.com\/tecnicas-para-hablar-en-publico-de-manera-locuaz-y-exitosa\/"]}]},{"@type":"ImageObject","inLanguage":"en-US","@id":"https:\/\/www.dattamagazine.com\/tecnicas-para-hablar-en-publico-de-manera-locuaz-y-exitosa\/#primaryimage","url":"https:\/\/www.dattamagazine.com\/wp-content\/uploads\/2025\/05\/publico-1.jpg","contentUrl":"https:\/\/www.dattamagazine.com\/wp-content\/uploads\/2025\/05\/publico-1.jpg","width":870,"height":370},{"@type":"BreadcrumbList","@id":"https:\/\/www.dattamagazine.com\/tecnicas-para-hablar-en-publico-de-manera-locuaz-y-exitosa\/#breadcrumb","itemListElement":[{"@type":"ListItem","position":1,"name":"Home","item":"https:\/\/www.dattamagazine.com\/"},{"@type":"ListItem","position":2,"name":"T\u00e9cnicas para hablar"}]},{"@type":"WebSite","@id":"https:\/\/www.dattamagazine.com\/#website","url":"https:\/\/www.dattamagazine.com\/","name":"Marketing Agency","description":"","publisher":{"@id":"https:\/\/www.dattamagazine.com\/#organization"},"potentialAction":[{"@type":"SearchAction","target":{"@type":"EntryPoint","urlTemplate":"https:\/\/www.dattamagazine.com\/?s={search_term_string}"},"query-input":{"@type":"PropertyValueSpecification","valueRequired":true,"valueName":"search_term_string"}}],"inLanguage":"en-US"},{"@type":"Organization","@id":"https:\/\/www.dattamagazine.com\/#organization","name":"Marketing Agency","url":"https:\/\/www.dattamagazine.com\/","logo":{"@type":"ImageObject","inLanguage":"en-US","@id":"https:\/\/www.dattamagazine.com\/#\/schema\/logo\/image\/","url":"https:\/\/www.dattamagazine.com\/wp-content\/uploads\/2025\/05\/logo-agency.png","contentUrl":"https:\/\/www.dattamagazine.com\/wp-content\/uploads\/2025\/05\/logo-agency.png","width":200,"height":200,"caption":"Marketing Agency"},"image":{"@id":"https:\/\/www.dattamagazine.com\/#\/schema\/logo\/image\/"}}]}},"_links":{"self":[{"href":"https:\/\/www.dattamagazine.com\/index.php\/wp-json\/wp\/v2\/pages\/135","targetHints":{"allow":["GET"]}}],"collection":[{"href":"https:\/\/www.dattamagazine.com\/index.php\/wp-json\/wp\/v2\/pages"}],"about":[{"href":"https:\/\/www.dattamagazine.com\/index.php\/wp-json\/wp\/v2\/types\/page"}],"author":[{"embeddable":true,"href":"https:\/\/www.dattamagazine.com\/index.php\/wp-json\/wp\/v2\/users\/1"}],"replies":[{"embeddable":true,"href":"https:\/\/www.dattamagazine.com\/index.php\/wp-json\/wp\/v2\/comments?post=135"}],"version-history":[{"count":2,"href":"https:\/\/www.dattamagazine.com\/index.php\/wp-json\/wp\/v2\/pages\/135\/revisions"}],"predecessor-version":[{"id":152,"href":"https:\/\/www.dattamagazine.com\/index.php\/wp-json\/wp\/v2\/pages\/135\/revisions\/152"}],"wp:attachment":[{"href":"https:\/\/www.dattamagazine.com\/index.php\/wp-json\/wp\/v2\/media?parent=135"}],"curies":[{"name":"wp","href":"https:\/\/api.w.org\/{rel}","templated":true}]}}